{"id":291,"date":"2025-09-09T07:47:20","date_gmt":"2025-09-09T10:47:20","guid":{"rendered":"http:\/\/cobem.com.br\/2020\/?page_id=291"},"modified":"2026-03-27T20:07:53","modified_gmt":"2026-03-27T23:07:53","slug":"eixos-tematicos","status":"publish","type":"page","link":"https:\/\/cobem.com.br\/2026\/o-cobem\/eixos-tematicos\/","title":{"rendered":"Eixos Tem\u00e1ticos"},"content":{"rendered":"\t\t<div data-elementor-type=\"wp-page\" data-elementor-id=\"291\" class=\"elementor elementor-291\" data-elementor-post-type=\"page\">\n\t\t\t\t\t\t<section class=\"elementor-section elementor-top-section elementor-element elementor-element-420c082 elementor-section-height-min-height elementor-section-items-top elementor-section-boxed elementor-section-height-default\" data-id=\"420c082\" data-element_type=\"section\" data-settings=\"{&quot;background_background&quot;:&quot;classic&quot;}\">\n\t\t\t\t\t\t\t<div class=\"elementor-background-overlay\"><\/div>\n\t\t\t\t\t\t\t<div class=\"elementor-container elementor-column-gap-no\">\n\t\t\t\t\t<div class=\"elementor-column elementor-col-100 elementor-top-column elementor-element elementor-element-3365024\" data-id=\"3365024\" data-element_type=\"column\">\n\t\t\t<div class=\"elementor-widget-wrap elementor-element-populated\">\n\t\t\t\t\t\t<div class=\"elementor-element elementor-element-cb49f57 elementor-widget elementor-widget-heading\" data-id=\"cb49f57\" data-element_type=\"widget\" data-widget_type=\"heading.default\">\n\t\t\t\t<div class=\"elementor-widget-container\">\n\t\t\t\t\t<h2 class=\"elementor-heading-title elementor-size-default\">EIXOS TEM\u00c1TICOS<\/h2>\t\t\t\t<\/div>\n\t\t\t\t<\/div>\n\t\t\t\t\t<\/div>\n\t\t<\/div>\n\t\t\t\t\t<\/div>\n\t\t<\/section>\n\t\t\t\t<section class=\"elementor-section elementor-top-section elementor-element elementor-element-f62d6f9 elementor-section-boxed elementor-section-height-default elementor-section-height-default\" data-id=\"f62d6f9\" data-element_type=\"section\" data-settings=\"{&quot;background_background&quot;:&quot;classic&quot;}\">\n\t\t\t\t\t\t<div class=\"elementor-container elementor-column-gap-default\">\n\t\t\t\t\t<div class=\"elementor-column elementor-col-100 elementor-top-column elementor-element elementor-element-f16c5a4\" data-id=\"f16c5a4\" data-element_type=\"column\">\n\t\t\t<div class=\"elementor-widget-wrap elementor-element-populated\">\n\t\t\t\t\t\t<div class=\"elementor-element elementor-element-84a8a97 elementor-widget elementor-widget-text-editor\" data-id=\"84a8a97\" data-element_type=\"widget\" data-widget_type=\"text-editor.default\">\n\t\t\t\t<div class=\"elementor-widget-container\">\n\t\t\t\t\t\t\t\t\t<p style=\"text-align: center;\">EIXOS TEM\u00c1TICOS | 64\u00ba COBEM<\/p>\t\t\t\t\t\t\t\t<\/div>\n\t\t\t\t<\/div>\n\t\t\t\t<div class=\"elementor-element elementor-element-a304a24 elementor-widget elementor-widget-text-editor\" data-id=\"a304a24\" data-element_type=\"widget\" data-widget_type=\"text-editor.default\">\n\t\t\t\t<div class=\"elementor-widget-container\">\n\t\t\t\t\t\t\t\t\t<p style=\"text-align: center;\"><strong>Tema Central:<\/strong><br \/>DIRETRIZES DA EDUCA\u00c7\u00c3O M\u00c9DICA: AVALIA\u00c7\u00c3O E QUALIDADE A SERVI\u00c7O DE TODA A SOCIEDADE<\/p><p style=\"text-align: left;\"><strong>EIXO 1:<br \/>Diretrizes curriculares e responsabilidade social<\/strong><\/p><p>Este eixo busca discutir como as novas Diretrizes Curriculares Nacionais podem orientar a forma\u00e7\u00e3o m\u00e9dica no Brasil em sintonia com as demandas sociais e os princ\u00edpios do Sistema \u00danico de Sa\u00fade. Este debate abranger\u00e1 necessariamente a constru\u00e7\u00e3o da identidade profissional do m\u00e9dico, o enfrentamento das iniquidades em sa\u00fade no pa\u00eds, da mesma forma que a valoriza\u00e7\u00e3o da interprofissionalidade e o papel das escolas m\u00e9dicas na redu\u00e7\u00e3o das desigualdades sociais. Tamb\u00e9m se inserem nesse debate a forma\u00e7\u00e3o para atua\u00e7\u00e3o junto a popula\u00e7\u00f5es negligenciadas, a integra\u00e7\u00e3o ensino-servi\u00e7o-comunidade e os diferentes pap\u00e9is desempenhados por institui\u00e7\u00f5es p\u00fablicas, privadas e comunit\u00e1rias, assim como o papel dos professores neste processo. Quest\u00f5es como a regionaliza\u00e7\u00e3o da forma\u00e7\u00e3o, a inser\u00e7\u00e3o precoce do estudante em cen\u00e1rios reais de pr\u00e1tica e a interioriza\u00e7\u00e3o da gradua\u00e7\u00e3o e da resid\u00eancia m\u00e9dica tamb\u00e9m dever\u00e3o enriquecer a reflex\u00e3o neste eixo.<\/p><p><strong><br \/>EIXO 2: <br \/>Sa\u00fade digital, inova\u00e7\u00e3o e temas emergentes na educa\u00e7\u00e3o m\u00e9dica<\/strong><\/p><p>A r\u00e1pida incorpora\u00e7\u00e3o das tecnologias digitais na sa\u00fade e na educa\u00e7\u00e3o vem trazendo tanto desafios quanto oportunidades para a forma\u00e7\u00e3o m\u00e9dica contempor\u00e2nea. Este eixo contempla temas como intelig\u00eancia artificial, telemedicina, telessa\u00fade, realidade virtual, o uso de simuladores de alta fidelidade e ferramentas digitais como apoio ao processo ensino-aprendizagem. Temas emergentes como a sa\u00fade planet\u00e1ria, as mudan\u00e7as clim\u00e1ticas e a prepara\u00e7\u00e3o para emerg\u00eancias sanit\u00e1rias tamb\u00e9m integram o debate, ao lado de quest\u00f5es relacionadas \u00e0 bio\u00e9tica e \u00e0 seguran\u00e7a digital na forma\u00e7\u00e3o e na pr\u00e1tica m\u00e9dica. Al\u00e9m disso, ser\u00e3o discutidas estrat\u00e9gias para o envolvimento docente para potencializar a utiliza\u00e7\u00e3o dessas ferramentas de modo cr\u00edtico e criativo, bem como as perspectivas de ajustes no ensino diante de um contexto de acelerada transforma\u00e7\u00e3o.<\/p><p><strong><br \/>EIXO 3:<br \/>Avalia\u00e7\u00e3o do estudante e das escolas m\u00e9dicas<\/strong><\/p><p>Este eixo aborda a avalia\u00e7\u00e3o como instrumento essencial para a qualidade da educa\u00e7\u00e3o m\u00e9dica, tanto em n\u00edvel individual quanto institucional. Essa discuss\u00e3o inclui a an\u00e1lise de metodologias j\u00e1 consagradas, como o Teste de Progresso, al\u00e9m da avalia\u00e7\u00e3o de compet\u00eancias cl\u00ednicas e habilidades comunicacionais, a utiliza\u00e7\u00e3o de portf\u00f3lios e feedback. No campo institucional, abrange os sistemas oficiais de acredita\u00e7\u00e3o e regula\u00e7\u00e3o, al\u00e9m dos mecanismos internos de autoavalia\u00e7\u00e3o das escolas m\u00e9dicas. Neste contexto, tamb\u00e9m s\u00e3o centrais as discuss\u00f5es sobre a avalia\u00e7\u00e3o de estudantes com necessidades especiais, a avalia\u00e7\u00e3o da aprendizagem em diferentes cen\u00e1rios de pr\u00e1tica e a forma\u00e7\u00e3o de docentes e preceptores para o fortalecimento de uma cultura de avalia\u00e7\u00e3o, que seja \u00e9tica e comprometida com o desenvolvimento do estudante e com as necessidades sociais.<\/p><p><strong><br \/>EIXO 4:<br \/>Trajet\u00f3rias da forma\u00e7\u00e3o m\u00e9dica: gradua\u00e7\u00e3o, resid\u00eancia m\u00e9dica e p\u00f3s-gradua\u00e7\u00e3o<\/strong><\/p><p>A forma\u00e7\u00e3o m\u00e9dica \u00e9 um processo cont\u00ednuo, que se estende da gradua\u00e7\u00e3o \u00e0s diversas modalidades de p\u00f3s-gradua\u00e7\u00e3o, sem esquecer da exig\u00eancia de uma educa\u00e7\u00e3o permanente s\u00f3lida. Este eixo analisa a integra\u00e7\u00e3o entre esses diferentes n\u00edveis, incluindo os processos seletivos para resid\u00eancia m\u00e9dica, as pol\u00edticas de interioriza\u00e7\u00e3o dos cursos de medicina e de programas de resid\u00eancia, al\u00e9m do papel estrat\u00e9gico da preceptoria e do desenvolvimento docente para uma forma\u00e7\u00e3o de excel\u00eancia. Tamb\u00e9m contempla temas como a interioriza\u00e7\u00e3o da forma\u00e7\u00e3o, o ensino na comunidade e a extens\u00e3o universit\u00e1ria. As transi\u00e7\u00f5es entre etapas formativas e as pol\u00edticas de provimento e de fixa\u00e7\u00e3o de profissionais em regi\u00f5es de maior vulnerabilidade s\u00e3o igualmente centrais neste debate.<\/p><p><strong><br \/>EIXO 5: <br \/>Bem-estar e sa\u00fade mental de docentes e discentes<\/strong><\/p><p>Este eixo aborda um tema cada vez mais relevante necess\u00e1rio: a promo\u00e7\u00e3o do bem-estar e da sa\u00fade mental na forma\u00e7\u00e3o m\u00e9dica. Inclui a an\u00e1lise de programas institucionais de apoio psicol\u00f3gico e pedag\u00f3gico a estudantes, residentes e docentes, estrat\u00e9gias de preven\u00e7\u00e3o do burnout, promo\u00e7\u00e3o da qualidade de vida e a cria\u00e7\u00e3o de ambientes de aprendizagem saud\u00e1veis e inclusivos. Tamb\u00e9m s\u00e3o discutidas quest\u00f5es como ass\u00e9dio, viol\u00eancia psicol\u00f3gica, sobrecarga de estudo e trabalho, estresse acad\u00eamico e o desej\u00e1vel equil\u00edbrio entre vida pessoal e profissional. A valoriza\u00e7\u00e3o da cultura do cuidado, o desenvolvimento de compet\u00eancias emocionais, a implementa\u00e7\u00e3o de pol\u00edticas institucionais de acolhimento e apoio fortalecem este debate e apontam caminhos para uma forma\u00e7\u00e3o que seja mais humana e sustent\u00e1vel.<\/p>\t\t\t\t\t\t\t\t<\/div>\n\t\t\t\t<\/div>\n\t\t\t\t\t<\/div>\n\t\t<\/div>\n\t\t\t\t\t<\/div>\n\t\t<\/section>\n\t\t\t\t<\/div>\n\t\t","protected":false},"excerpt":{"rendered":"<p>EIXOS TEM\u00c1TICOS EIXOS TEM\u00c1TICOS | 64\u00ba COBEM Tema Central:DIRETRIZES DA EDUCA\u00c7\u00c3O M\u00c9DICA: AVALIA\u00c7\u00c3O E QUALIDADE A SERVI\u00c7O DE TODA A SOCIEDADE EIXO 1:Diretrizes curriculares e responsabilidade social Este eixo busca discutir como as novas Diretrizes Curriculares Nacionais podem orientar a forma\u00e7\u00e3o m\u00e9dica no Brasil em sintonia com as demandas sociais e os princ\u00edpios do Sistema [&hellip;]<\/p>\n","protected":false},"author":1,"featured_media":0,"parent":181,"menu_order":3,"comment_status":"closed","ping_status":"closed","template":"elementor_header_footer","meta":{"ocean_post_layout":"","ocean_both_sidebars_style":"","ocean_both_sidebars_content_width":0,"ocean_both_sidebars_sidebars_width":0,"ocean_sidebar":"0","ocean_second_sidebar":"0","ocean_disable_margins":"enable","ocean_add_body_class":"","ocean_shortcode_before_top_bar":"","ocean_shortcode_after_top_bar":"","ocean_shortcode_before_header":"","ocean_shortcode_after_header":"","ocean_has_shortcode":"","ocean_shortcode_after_title":"","ocean_shortcode_before_footer_widgets":"","ocean_shortcode_after_footer_widgets":"","ocean_shortcode_before_footer_bottom":"","ocean_shortcode_after_footer_bottom":"","ocean_display_top_bar":"default","ocean_display_header":"default","ocean_header_style":"","ocean_center_header_left_menu":"0","ocean_custom_header_template":"0","ocean_custom_logo":0,"ocean_custom_retina_logo":0,"ocean_custom_logo_max_width":0,"ocean_custom_logo_tablet_max_width":0,"ocean_custom_logo_mobile_max_width":0,"ocean_custom_logo_max_height":0,"ocean_custom_logo_tablet_max_height":0,"ocean_custom_logo_mobile_max_height":0,"ocean_header_custom_menu":"0","ocean_menu_typo_font_family":"0","ocean_menu_typo_font_subset":"","ocean_menu_typo_font_size":0,"ocean_menu_typo_font_size_tablet":0,"ocean_menu_typo_font_size_mobile":0,"ocean_menu_typo_font_size_unit":"px","ocean_menu_typo_font_weight":"","ocean_menu_typo_font_weight_tablet":"","ocean_menu_typo_font_weight_mobile":"","ocean_menu_typo_transform":"","ocean_menu_typo_transform_tablet":"","ocean_menu_typo_transform_mobile":"","ocean_menu_typo_line_height":0,"ocean_menu_typo_line_height_tablet":0,"ocean_menu_typo_line_height_mobile":0,"ocean_menu_typo_line_height_unit":"","ocean_menu_typo_spacing":0,"ocean_menu_typo_spacing_tablet":0,"ocean_menu_typo_spacing_mobile":0,"ocean_menu_typo_spacing_unit":"","ocean_menu_link_color":"","ocean_menu_link_color_hover":"","ocean_menu_link_color_active":"","ocean_menu_link_background":"","ocean_menu_link_hover_background":"","ocean_menu_link_active_background":"","ocean_menu_social_links_bg":"","ocean_menu_social_hover_links_bg":"","ocean_menu_social_links_color":"","ocean_menu_social_hover_links_color":"","ocean_disable_title":"default","ocean_disable_heading":"default","ocean_post_title":"","ocean_post_subheading":"","ocean_post_title_style":"","ocean_post_title_background_color":"","ocean_post_title_background":0,"ocean_post_title_bg_image_position":"","ocean_post_title_bg_image_attachment":"","ocean_post_title_bg_image_repeat":"","ocean_post_title_bg_image_size":"","ocean_post_title_height":0,"ocean_post_title_bg_overlay":0.5,"ocean_post_title_bg_overlay_color":"","ocean_disable_breadcrumbs":"default","ocean_breadcrumbs_color":"","ocean_breadcrumbs_separator_color":"","ocean_breadcrumbs_links_color":"","ocean_breadcrumbs_links_hover_color":"","ocean_display_footer_widgets":"default","ocean_display_footer_bottom":"default","ocean_custom_footer_template":"0","footnotes":""},"class_list":["post-291","page","type-page","status-publish","hentry","entry"],"_links":{"self":[{"href":"https:\/\/cobem.com.br\/2026\/wp-json\/wp\/v2\/pages\/291","targetHints":{"allow":["GET"]}}],"collection":[{"href":"https:\/\/cobem.com.br\/2026\/wp-json\/wp\/v2\/pages"}],"about":[{"href":"https:\/\/cobem.com.br\/2026\/wp-json\/wp\/v2\/types\/page"}],"author":[{"embeddable":true,"href":"https:\/\/cobem.com.br\/2026\/wp-json\/wp\/v2\/users\/1"}],"replies":[{"embeddable":true,"href":"https:\/\/cobem.com.br\/2026\/wp-json\/wp\/v2\/comments?post=291"}],"version-history":[{"count":79,"href":"https:\/\/cobem.com.br\/2026\/wp-json\/wp\/v2\/pages\/291\/revisions"}],"predecessor-version":[{"id":854,"href":"https:\/\/cobem.com.br\/2026\/wp-json\/wp\/v2\/pages\/291\/revisions\/854"}],"up":[{"embeddable":true,"href":"https:\/\/cobem.com.br\/2026\/wp-json\/wp\/v2\/pages\/181"}],"wp:attachment":[{"href":"https:\/\/cobem.com.br\/2026\/wp-json\/wp\/v2\/media?parent=291"}],"curies":[{"name":"wp","href":"https:\/\/api.w.org\/{rel}","templated":true}]}}