{"id":1623,"date":"2026-03-27T18:21:20","date_gmt":"2026-03-27T21:21:20","guid":{"rendered":"https:\/\/cobem.com.br\/2026\/?page_id=1623"},"modified":"2026-03-27T20:21:02","modified_gmt":"2026-03-27T23:21:02","slug":"viencias","status":"publish","type":"page","link":"https:\/\/cobem.com.br\/2026\/viencias\/","title":{"rendered":"Viv\u00eancias"},"content":{"rendered":"\t\t<div data-elementor-type=\"wp-page\" data-elementor-id=\"1623\" class=\"elementor elementor-1623\" data-elementor-post-type=\"page\">\n\t\t\t\t\t\t<section class=\"elementor-section elementor-top-section elementor-element elementor-element-420c082 elementor-section-height-min-height elementor-section-items-top elementor-section-boxed elementor-section-height-default\" data-id=\"420c082\" data-element_type=\"section\" data-settings=\"{&quot;background_background&quot;:&quot;classic&quot;}\">\n\t\t\t\t\t\t\t<div class=\"elementor-background-overlay\"><\/div>\n\t\t\t\t\t\t\t<div class=\"elementor-container elementor-column-gap-no\">\n\t\t\t\t\t<div class=\"elementor-column elementor-col-100 elementor-top-column elementor-element elementor-element-3365024\" data-id=\"3365024\" data-element_type=\"column\">\n\t\t\t<div class=\"elementor-widget-wrap elementor-element-populated\">\n\t\t\t\t\t\t<div class=\"elementor-element elementor-element-cb49f57 elementor-widget elementor-widget-heading\" data-id=\"cb49f57\" data-element_type=\"widget\" data-widget_type=\"heading.default\">\n\t\t\t\t<div class=\"elementor-widget-container\">\n\t\t\t\t\t<h2 class=\"elementor-heading-title elementor-size-default\">PROPOSI\u00c7\u00c3O DE VIV\u00caNCIAS<\/h2>\t\t\t\t<\/div>\n\t\t\t\t<\/div>\n\t\t\t\t\t<\/div>\n\t\t<\/div>\n\t\t\t\t\t<\/div>\n\t\t<\/section>\n\t\t\t\t<section class=\"elementor-section elementor-top-section elementor-element elementor-element-f62d6f9 elementor-section-boxed elementor-section-height-default elementor-section-height-default\" data-id=\"f62d6f9\" data-element_type=\"section\" data-settings=\"{&quot;background_background&quot;:&quot;classic&quot;}\">\n\t\t\t\t\t\t<div class=\"elementor-container elementor-column-gap-default\">\n\t\t\t\t\t<div class=\"elementor-column elementor-col-100 elementor-top-column elementor-element elementor-element-f16c5a4\" data-id=\"f16c5a4\" data-element_type=\"column\">\n\t\t\t<div class=\"elementor-widget-wrap elementor-element-populated\">\n\t\t\t\t\t\t<div class=\"elementor-element elementor-element-569ca9e elementor-widget elementor-widget-text-editor\" data-id=\"569ca9e\" data-element_type=\"widget\" data-widget_type=\"text-editor.default\">\n\t\t\t\t<div class=\"elementor-widget-container\">\n\t\t\t\t\t\t\t\t\t<p style=\"text-align: center;\">EDITAL PARA A PROPOSI\u00c7\u00c3O DE <span style=\"text-decoration: underline;\">VIV\u00caNCIAS<\/span><br \/>64\u00ba CONGRESSO BRASILEIRO DE EDUCA\u00c7\u00c3O M\u00c9DICA<\/p>\t\t\t\t\t\t\t\t<\/div>\n\t\t\t\t<\/div>\n\t\t\t\t<div class=\"elementor-element elementor-element-285ad9c elementor-widget elementor-widget-text-editor\" data-id=\"285ad9c\" data-element_type=\"widget\" data-widget_type=\"text-editor.default\">\n\t\t\t\t<div class=\"elementor-widget-container\">\n\t\t\t\t\t\t\t\t\t<p style=\"text-align: center;\"><strong>TEMA CENTRAL:<\/strong><br \/><em>&#8220;Diretrizes da Educa\u00e7\u00e3o M\u00e9dica: <\/em><em>avalia\u00e7\u00e3o e qualidade a servi\u00e7o de toda a sociedade&#8221;<\/em><\/p><p><br \/>O 64\u00ba Congresso Brasileiro de Educa\u00e7\u00e3o M\u00e9dica (64\u00ba COBEM), em 2026, ocorrer\u00e1 no per\u00edodo de 17 a 20 de setembro, na cidade de Porto Alegre, RS. Com a finalidade de construirmos a programa\u00e7\u00e3o de forma colaborativa, este convite p\u00fablico oferece um conjunto de diretrizes para orienta\u00e7\u00e3o quanto ao envio de propostas para a atividade de VIV\u00caNCIAS.<\/p><p>A experi\u00eancia em uma determinada VIV\u00caNCIA significa compreendermos os espa\u00e7os de circula\u00e7\u00e3o do 64\u00ba COBEM como cen\u00e1rios fundamentalmente sociais, criados com intencionalidade e afeto, prop\u00edcios ao estabelecimento de rela\u00e7\u00f5es interpessoais, em sintonia com um projeto educativo voltado para a aten\u00e7\u00e3o acolhedora, resolutiva e humana no campo da sa\u00fade.<\/p><p><strong><br \/>1. SOBRE AS VIV\u00caNCIAS<\/strong><\/p><p>Al\u00e9m de conhecimentos t\u00e9cnicos e habilidades cl\u00ednicas, \u00e9 necess\u00e1rio que se desenvolva um conjunto de habilidades socioemocionais ou \u201csoft skills\u201d, ligadas \u00e0 forma como o profissional lida com ele mesmo, com seus pacientes, seus colegas de trabalho e com as atividades que precisa realizar. Entre essas habilidades, podemos ter como exemplos boa comunica\u00e7\u00e3o verbal e n\u00e3o verbal, intelig\u00eancia emocional, gest\u00e3o de tempo, autoconhecimento, proatividade, pensamento cr\u00edtico, lideran\u00e7a e gest\u00e3o de equipe.<\/p><p>Incentivar metodologias que trabalham a constru\u00e7\u00e3o de conhecimentos a partir da viv\u00eancia de experi\u00eancias na comunidade \u00e9 fundamental no processo ensino-aprendizagem.<\/p><p>Uma Viv\u00eancia diz respeito a um aprendizado experiencial, ou seja, por meio de uma situa\u00e7\u00e3o ou atividade concreta, a pessoa reflete sobre o que viveu, gerando um conhecimento, aumentando o autodesenvolvimento e favorecendo a supera\u00e7\u00e3o de lacunas de aprendizagem. Desta forma, os eventos que ocorrem em uma viv\u00eancia podem ser relacionados com as \u00e1reas e compet\u00eancias de um projeto pedag\u00f3gico.<\/p><p><strong><br \/>2. DA INSCRI\u00c7\u00c3O DAS PROPOSTAS:<\/strong><\/p><p><strong>2.1.<\/strong>\u00a0A ficha de inscri\u00e7\u00e3o contempla os seguintes itens:<\/p><p>\u00a0 \u00a0 \u00a02.1.1. Identifica\u00e7\u00e3o completa de AUTORES e COAUTORES: nome; CPF; e-mail; institui\u00e7\u00e3o; categoria de autores e coautores (docente, preceptor, discente, residente ou gestor); telefone com DDD e WhatsApp;<\/p><p>\u00a0 \u00a0 \u00a02.1.2. T\u00edtulo da Viv\u00eancia;<\/p><p>\u00a0 \u00a0 \u00a02.1.3. Tema da Viv\u00eancia;<\/p><p>\u00a0 \u00a0 \u00a02.1.4. Dura\u00e7\u00e3o da atividade (2 ou 4 horas);<\/p><p>\u00a0 \u00a0 \u00a02.1.5. N\u00famero estimado de participantes;<\/p><p>\u00a0 \u00a0 \u00a02.1.6. Objetivos pedag\u00f3gicos;<\/p><p>\u00a0 \u00a0 \u00a02.1.7. Descri\u00e7\u00e3o da metodologia, preferencialmente que possa ser replicada em outras condi\u00e7\u00f5es: fundamenta\u00e7\u00e3o te\u00f3rica, clareza na reda\u00e7\u00e3o da proposta, descri\u00e7\u00e3o do m\u00e9todo com base no planejamento para a execu\u00e7\u00e3o da Viv\u00eancia, \u2013 at\u00e9 500 palavras;<br \/>\u00a0 \u00a0 \u00a02.1.8. Descri\u00e7\u00e3o dos recursos necess\u00e1rios: espa\u00e7o f\u00edsico, materiais, recursos tecnol\u00f3gicos \u2013 at\u00e9 200 palavras.<\/p><p><strong>2.2.<\/strong>\u00a0As propostas dever\u00e3o ser submetidas on-line via documento forms (<a href=\"https:\/\/forms.gle\/XGbnnKDrLhbmKTU87\">https:\/\/forms.gle\/XGbnnKDrLhbmKTU87<\/a>) at\u00e9 a data limite de\u00a0<strong>12\/05\/2026<\/strong>. Em hip\u00f3tese alguma ser\u00e3o aceitas propostas enviadas por qualquer outro meio de comunica\u00e7\u00e3o.<\/p><p><strong>2.3.<\/strong>\u00a0O n\u00famero m\u00e1ximo de autores\/coautores em cada viv\u00eancia \u00e9 de 06 (seis) pessoas.\u00a0Caso seja necess\u00e1rio a participa\u00e7\u00e3o de mais autores\/coautores, suas respectivas fun\u00e7\u00f5es devem ser justificadas.\u00a0<\/p><p><strong><br \/>3. DA SELE\u00c7\u00c3O DAS PROPOSTAS:<\/strong><\/p><p><strong>3.1.<\/strong>\u00a0O presente edital considerar\u00e1 a disponibilidade dos espa\u00e7os f\u00edsicos, podendo estas ocorrerem entre os dias 17, 18,\u00a019 e 20 de setembro de 2026, simultaneamente \u00e0 programa\u00e7\u00e3o cient\u00edfica do COBEM.<\/p><p><strong>3.2<\/strong>. Somente ser\u00e3o aceitas Viv\u00eancias que estiverem inseridas no campo da Educa\u00e7\u00e3o M\u00e9dica e eixos tem\u00e1ticos do COBEM:<\/p><p><strong>Eixo1: Diretrizes curriculares e responsabilidade social<br \/><\/strong>Este eixo busca discutir como as novas Diretrizes Curriculares Nacionais podem orientar a forma\u00e7\u00e3o m\u00e9dica no Brasil em sintonia com as demandas sociais e os princ\u00edpios do Sistema \u00danico de Sa\u00fade. Este debate abranger\u00e1 necessariamente a constru\u00e7\u00e3o da identidade profissional do m\u00e9dico, o enfrentamento das iniquidades em sa\u00fade no pa\u00eds, da mesma forma que a valoriza\u00e7\u00e3o da interprofissionalidade e o papel das escolas m\u00e9dicas na redu\u00e7\u00e3o das desigualdades sociais. Tamb\u00e9m se inserem nesse debate a forma\u00e7\u00e3o para atua\u00e7\u00e3o junto a popula\u00e7\u00f5es negligenciadas, a integra\u00e7\u00e3o ensino-servi\u00e7o-comunidade e os diferentes pap\u00e9is desempenhados por institui\u00e7\u00f5es p\u00fablicas, privadas e comunit\u00e1rias, assim como o papel dos professores neste processo. Quest\u00f5es como a regionaliza\u00e7\u00e3o da forma\u00e7\u00e3o, a inser\u00e7\u00e3o precoce do estudante em cen\u00e1rios reais de pr\u00e1tica e a interioriza\u00e7\u00e3o da gradua\u00e7\u00e3o e da resid\u00eancia m\u00e9dica tamb\u00e9m dever\u00e3o enriquecer a reflex\u00e3o neste eixo.<\/p><p><strong><br \/>Eixo 2: Sa\u00fade digital, inova\u00e7\u00e3o e temas emergentes na educa\u00e7\u00e3o m\u00e9dica<br \/><\/strong>A r\u00e1pida incorpora\u00e7\u00e3o das tecnologias digitais na sa\u00fade e na educa\u00e7\u00e3o vem trazendo tanto desafios quanto oportunidades para a forma\u00e7\u00e3o m\u00e9dica contempor\u00e2nea. Este eixo contempla temas como intelig\u00eancia artificial, telemedicina, telessa\u00fade, realidade virtual, o uso de simuladores de alta fidelidade e ferramentas digitais como apoio ao processo ensino-aprendizagem. Temas emergentes como a sa\u00fade planet\u00e1ria, as mudan\u00e7as clim\u00e1ticas e a prepara\u00e7\u00e3o para emerg\u00eancias sanit\u00e1rias tamb\u00e9m integram o debate, ao lado de quest\u00f5es relacionadas \u00e0 bio\u00e9tica e \u00e0 seguran\u00e7a digital na forma\u00e7\u00e3o e na pr\u00e1tica m\u00e9dica. Al\u00e9m disso, ser\u00e3o discutidas estrat\u00e9gias para o envolvimento docente para potencializar a utiliza\u00e7\u00e3o dessas ferramentas de modo cr\u00edtico e criativo, bem como as perspectivas de ajustes no ensino diante de um contexto de acelerada transforma\u00e7\u00e3o.<\/p><p><strong><br \/>Eixo 3: Avalia\u00e7\u00e3o do estudante e das escolas m\u00e9dicas<br \/><\/strong>Este eixo aborda a avalia\u00e7\u00e3o como instrumento essencial para a qualidade da educa\u00e7\u00e3o m\u00e9dica, tanto em n\u00edvel individual quanto institucional. Essa discuss\u00e3o inclui a an\u00e1lise de metodologias j\u00e1 consagradas, como o Teste de Progresso, al\u00e9m da avalia\u00e7\u00e3o de compet\u00eancias cl\u00ednicas e habilidades comunicacionais, a utiliza\u00e7\u00e3o de portf\u00f3lios e <em>feedback<\/em>. No campo institucional, abrange os sistemas oficiais de acredita\u00e7\u00e3o e regula\u00e7\u00e3o, al\u00e9m dos mecanismos internos de autoavalia\u00e7\u00e3o das escolas m\u00e9dicas. Neste contexto, tamb\u00e9m s\u00e3o centrais as discuss\u00f5es sobre a avalia\u00e7\u00e3o de estudantes com necessidades especiais, a avalia\u00e7\u00e3o da aprendizagem em diferentes cen\u00e1rios de pr\u00e1tica e a forma\u00e7\u00e3o de docentes e preceptores para o fortalecimento de uma cultura de avalia\u00e7\u00e3o, que seja \u00e9tica e comprometida com o desenvolvimento do estudante e com as necessidades sociais.<\/p><p><strong><br \/>Eixo 4: Trajet\u00f3rias da forma\u00e7\u00e3o m\u00e9dica: gradua\u00e7\u00e3o, resid\u00eancia m\u00e9dica e p\u00f3s-gradua\u00e7\u00e3o<br \/><\/strong>A forma\u00e7\u00e3o m\u00e9dica \u00e9 um processo cont\u00ednuo, que se estende da gradua\u00e7\u00e3o \u00e0s diversas modalidades de p\u00f3s-gradua\u00e7\u00e3o, sem esquecer da exig\u00eancia de uma educa\u00e7\u00e3o permanente s\u00f3lida. Este eixo analisa a integra\u00e7\u00e3o entre esses diferentes n\u00edveis, incluindo os processos seletivos para resid\u00eancia m\u00e9dica, as pol\u00edticas de interioriza\u00e7\u00e3o dos cursos de medicina e de programas de resid\u00eancia, al\u00e9m do papel estrat\u00e9gico da preceptoria e do desenvolvimento docente para uma forma\u00e7\u00e3o de excel\u00eancia. Tamb\u00e9m contempla temas como a interioriza\u00e7\u00e3o da forma\u00e7\u00e3o, o ensino na comunidade e a extens\u00e3o universit\u00e1ria. As transi\u00e7\u00f5es entre etapas formativas e as pol\u00edticas de provimento e de fixa\u00e7\u00e3o de profissionais em regi\u00f5es de maior vulnerabilidade s\u00e3o igualmente centrais neste debate.<\/p><p><strong><br \/>Eixo 5: Bem-estar e sa\u00fade mental de docentes e discentes<br \/><\/strong>Este eixo aborda um tema cada vez mais relevante necess\u00e1rio: a promo\u00e7\u00e3o do bem-estar e da sa\u00fade mental na forma\u00e7\u00e3o m\u00e9dica. Inclui a an\u00e1lise de programas institucionais de apoio psicol\u00f3gico e pedag\u00f3gico a estudantes, residentes e docentes, estrat\u00e9gias de preven\u00e7\u00e3o do <em>burnout<\/em>, promo\u00e7\u00e3o da qualidade de vida e a cria\u00e7\u00e3o de ambientes de aprendizagem saud\u00e1veis e inclusivos. Tamb\u00e9m s\u00e3o discutidas quest\u00f5es como ass\u00e9dio, viol\u00eancia psicol\u00f3gica, sobrecarga de estudo e trabalho, estresse acad\u00eamico e o desej\u00e1vel equil\u00edbrio entre vida pessoal e profissional. A valoriza\u00e7\u00e3o da cultura do cuidado, o desenvolvimento de compet\u00eancias emocionais, a implementa\u00e7\u00e3o de pol\u00edticas institucionais de acolhimento e apoio fortalecem este debate e apontam caminhos para uma forma\u00e7\u00e3o que seja mais humana e sustent\u00e1vel.<\/p><p><strong>3.3.<\/strong>\u00a0A Comiss\u00e3o Organizadora do 64\u00ba COBEM priorizar\u00e1 as Viv\u00eancias de acordo com os seguintes crit\u00e9rios:<\/p><ol><li>Originalidade e criatividade;<\/li><li>Coer\u00eancia entre as metodologias descritas e os objetivos propostos;<\/li><li>Clareza na reda\u00e7\u00e3o da proposta.<\/li><li>Participa\u00e7\u00e3o de proponentes de mais de uma institui\u00e7\u00e3o.<\/li><\/ol><p><strong>3.4.<\/strong>\u00a0As Viv\u00eancias selecionadas ser\u00e3o divulgadas no site do congresso at\u00e9 o dia\u00a0<strong>14\/07\/2026<\/strong>.<\/p><p><strong><br \/>4. DAS DISPOSI\u00c7\u00d5ES GERAIS:<\/strong><\/p><p><strong>4.1.<\/strong>\u00a0Os dias\u00a017 e\u00a0 20 de setembro de 2026 ser\u00e3o dedicados \u00e0 montagem e desmontagem do cen\u00e1rio envolvido nas atividades, respectivamente, sobretudo quando a Viv\u00eancia envolver alguma instala\u00e7\u00e3o na infraestrutura.<\/p><p><strong>4.2<\/strong>. As Viv\u00eancias ser\u00e3o concebidas prioritariamente em espa\u00e7os abertos, integrados, previamente determinados pela Comiss\u00e3o Cultural e empresa de cerimonial do COBEM. N\u00e3o ser\u00e1 permitido troca de espa\u00e7o que n\u00e3o seja determinada por tal comiss\u00e3o.<\/p><p><strong>4.3.<\/strong>\u00a0A montagem do cen\u00e1rio da Viv\u00eancia ficar\u00e1 sob responsabilidade dos autores e coautores com o apoio da empresa de cerimonial do COBEM.<\/p><p><strong>4.4.<\/strong>\u00a0A inscri\u00e7\u00e3o de alguma proposta de Oficina n\u00e3o impede que o proponente tamb\u00e9m submeta uma proposta de Viv\u00eancia.<\/p><p><strong>4.5.<\/strong>\u00a0Pelo menos\u00a0<strong>um dos autores<\/strong>\u00a0da proposta de Viv\u00eancia dever\u00e1 estar\u00a0<strong>Associado de modo Adimplente \u00e0 ABEM e inscrito no 64\u00ba COBEM at\u00e9 12 de maio de 2026.<\/strong><\/p><p><strong>4.6.<\/strong>\u00a0Todos os proponentes cujas Viv\u00eancias forem selecionadas, inscritos no Cobem, receber\u00e3o um certificado de participa\u00e7\u00e3o como \u201cautor de Viv\u00eancia\u201d assim como os seus respectivos coautores, indicados no momento da inscri\u00e7\u00e3o da proposta.<\/p><p><strong>4.7.<\/strong>\u00a0As Viv\u00eancias\u00a0<strong>n\u00e3o<\/strong>\u00a0preveem inscri\u00e7\u00f5es pr\u00e9vias aos participantes, acolhendo-os sob demanda espont\u00e2nea. Os participantes das Viv\u00eancias n\u00e3o receber\u00e3o certificados de participa\u00e7\u00e3o.<\/p><p><strong>4.8.<\/strong>\u00a0Cada autor, ao submeter uma proposta de Viv\u00eancia, torna-se inteiramente respons\u00e1vel pelas informa\u00e7\u00f5es submetidas, uma vez que tais informa\u00e7\u00f5es<strong>\u00a0n\u00e3o poder\u00e3o ser alteradas ap\u00f3s o in\u00edcio do processo de avalia\u00e7\u00e3o da proposta<\/strong>, nem mesmo para a corre\u00e7\u00e3o ou inclus\u00e3o de nomes de autores.<\/p><p><strong><br \/>5. DO CRONOGRAMA:<\/strong><\/p><p><strong>5.1.<\/strong>\u00a0Os prazos se encerram \u00e0s 23:59 de cada dia, hor\u00e1rio de Bras\u00edlia (DF). Registre em sua agenda as seguintes datas:<\/p><ul><li><strong>27\/03\/2026:<\/strong> In\u00edcio do prazo para submiss\u00e3o das propostas de viv\u00eancias.<\/li><li><strong>12\/05\/2026:<\/strong> Prazo final para submiss\u00e3o das propostas de viv\u00eancias.<\/li><li><strong>14\/07\/2026:<\/strong>\u00a0Data limite para divulga\u00e7\u00e3o das propostas de viv\u00eancias.<br \/>aprovadas.<\/li><li><strong>27\/07\/2026:<\/strong> Data limite para pagamento da taxa de inscri\u00e7\u00e3o de, pelo menos, um(a) dos(as) autores(as) das propostas de viv\u00eancias aprovadas.<\/li><\/ul><p><strong><br \/>6. CONSIDERA\u00c7\u00d5ES FINAIS:<\/strong><\/p><p><strong>6.1.<\/strong>\u00a0A Comiss\u00e3o Organizadora reserva-se o direito de cancelar, interromper, suspender ou adiar a submiss\u00e3o e\/ou publica\u00e7\u00e3o das Viv\u00eancias no todo ou em parte, em caso fortuito ou de for\u00e7a maior.<\/p><p><strong>6.2.<\/strong>\u00a0Os autores das propostas de Viv\u00eancias reconhecem e declaram, assumindo todas as responsabilidades legais, de forma irrevog\u00e1vel e irretrat\u00e1vel, que as propostas de Viv\u00eancias est\u00e3o coerentes com as informa\u00e7\u00f5es fornecidas e livres de direitos autorais restritivos.<\/p><p><strong>6.3.<\/strong>\u00a0A Comiss\u00e3o Organizadora \u00e9 soberana nas suas decis\u00f5es, inexistindo a possibilidade de recursos neste Edital.<\/p><p><strong>6.4.<\/strong>\u00a0A inclus\u00e3o de qualquer Viv\u00eancia, desde que cumprindo as condi\u00e7\u00f5es aqui apresentadas, j\u00e1 caracteriza a aceita\u00e7\u00e3o irrestrita a todas as regras aqui previstas.<\/p><p><strong>6.5.<\/strong>\u00a0Os dados informados pelos proponentes de toda e qualquer Oficina ser\u00e3o protegidos pela ABEM em conformidade com a vigente Lei Geral de Prote\u00e7\u00e3o de Dados Pessoais \u2013 LGPD (Lei n\u00ba 13.709 de 14\/08\/2018), nos termos da sua Pol\u00edtica de Privacidade e Prote\u00e7\u00e3o de Dados Pessoais.<br \/><br \/><\/p><p style=\"text-align: right;\">Bras\u00edlia, 27 de mar\u00e7o de 2026.<br \/><strong>64\u00ba Congresso Brasileiro de Educa\u00e7\u00e3o M\u00e9dica<\/strong><br \/>Comiss\u00e3o Organizadora<\/p>\t\t\t\t\t\t\t\t<\/div>\n\t\t\t\t<\/div>\n\t\t\t\t<div class=\"elementor-element elementor-element-94bca77 elementor-align-center elementor-widget elementor-widget-button\" data-id=\"94bca77\" data-element_type=\"widget\" data-widget_type=\"button.default\">\n\t\t\t\t<div class=\"elementor-widget-container\">\n\t\t\t\t\t\t\t\t\t<div class=\"elementor-button-wrapper\">\n\t\t\t\t\t<a class=\"elementor-button elementor-button-link elementor-size-sm\" href=\"https:\/\/forms.gle\/XGbnnKDrLhbmKTU87\" target=\"_blank\">\n\t\t\t\t\t\t<span class=\"elementor-button-content-wrapper\">\n\t\t\t\t\t\t<span class=\"elementor-button-icon\">\n\t\t\t\t<i aria-hidden=\"true\" class=\"fas fa-mouse-pointer\"><\/i>\t\t\t<\/span>\n\t\t\t\t\t\t\t\t\t<span class=\"elementor-button-text\">SUBMETER PROPOSTA<\/span>\n\t\t\t\t\t<\/span>\n\t\t\t\t\t<\/a>\n\t\t\t\t<\/div>\n\t\t\t\t\t\t\t\t<\/div>\n\t\t\t\t<\/div>\n\t\t\t\t<div class=\"elementor-element elementor-element-be8132e elementor-widget elementor-widget-spacer\" data-id=\"be8132e\" data-element_type=\"widget\" data-widget_type=\"spacer.default\">\n\t\t\t\t<div class=\"elementor-widget-container\">\n\t\t\t\t\t\t\t<div class=\"elementor-spacer\">\n\t\t\t<div class=\"elementor-spacer-inner\"><\/div>\n\t\t<\/div>\n\t\t\t\t\t\t<\/div>\n\t\t\t\t<\/div>\n\t\t\t\t\t<\/div>\n\t\t<\/div>\n\t\t\t\t\t<\/div>\n\t\t<\/section>\n\t\t\t\t<\/div>\n\t\t","protected":false},"excerpt":{"rendered":"<p>PROPOSI\u00c7\u00c3O DE VIV\u00caNCIAS EDITAL PARA A PROPOSI\u00c7\u00c3O DE VIV\u00caNCIAS64\u00ba CONGRESSO BRASILEIRO DE EDUCA\u00c7\u00c3O M\u00c9DICA TEMA CENTRAL:&#8220;Diretrizes da Educa\u00e7\u00e3o M\u00e9dica: avalia\u00e7\u00e3o e qualidade a servi\u00e7o de toda a sociedade&#8221; O 64\u00ba Congresso Brasileiro de Educa\u00e7\u00e3o M\u00e9dica (64\u00ba COBEM), em 2026, ocorrer\u00e1 no per\u00edodo de 17 a 20 de setembro, na cidade de Porto Alegre, RS. Com [&hellip;]<\/p>\n","protected":false},"author":1,"featured_media":0,"parent":0,"menu_order":4,"comment_status":"closed","ping_status":"closed","template":"elementor_header_footer","meta":{"ocean_post_layout":"","ocean_both_sidebars_style":"","ocean_both_sidebars_content_width":0,"ocean_both_sidebars_sidebars_width":0,"ocean_sidebar":"0","ocean_second_sidebar":"0","ocean_disable_margins":"enable","ocean_add_body_class":"","ocean_shortcode_before_top_bar":"","ocean_shortcode_after_top_bar":"","ocean_shortcode_before_header":"","ocean_shortcode_after_header":"","ocean_has_shortcode":"","ocean_shortcode_after_title":"","ocean_shortcode_before_footer_widgets":"","ocean_shortcode_after_footer_widgets":"","ocean_shortcode_before_footer_bottom":"","ocean_shortcode_after_footer_bottom":"","ocean_display_top_bar":"default","ocean_display_header":"default","ocean_header_style":"","ocean_center_header_left_menu":"0","ocean_custom_header_template":"0","ocean_custom_logo":0,"ocean_custom_retina_logo":0,"ocean_custom_logo_max_width":0,"ocean_custom_logo_tablet_max_width":0,"ocean_custom_logo_mobile_max_width":0,"ocean_custom_logo_max_height":0,"ocean_custom_logo_tablet_max_height":0,"ocean_custom_logo_mobile_max_height":0,"ocean_header_custom_menu":"0","ocean_menu_typo_font_family":"0","ocean_menu_typo_font_subset":"","ocean_menu_typo_font_size":0,"ocean_menu_typo_font_size_tablet":0,"ocean_menu_typo_font_size_mobile":0,"ocean_menu_typo_font_size_unit":"px","ocean_menu_typo_font_weight":"","ocean_menu_typo_font_weight_tablet":"","ocean_menu_typo_font_weight_mobile":"","ocean_menu_typo_transform":"","ocean_menu_typo_transform_tablet":"","ocean_menu_typo_transform_mobile":"","ocean_menu_typo_line_height":0,"ocean_menu_typo_line_height_tablet":0,"ocean_menu_typo_line_height_mobile":0,"ocean_menu_typo_line_height_unit":"","ocean_menu_typo_spacing":0,"ocean_menu_typo_spacing_tablet":0,"ocean_menu_typo_spacing_mobile":0,"ocean_menu_typo_spacing_unit":"","ocean_menu_link_color":"","ocean_menu_link_color_hover":"","ocean_menu_link_color_active":"","ocean_menu_link_background":"","ocean_menu_link_hover_background":"","ocean_menu_link_active_background":"","ocean_menu_social_links_bg":"","ocean_menu_social_hover_links_bg":"","ocean_menu_social_links_color":"","ocean_menu_social_hover_links_color":"","ocean_disable_title":"default","ocean_disable_heading":"default","ocean_post_title":"","ocean_post_subheading":"","ocean_post_title_style":"","ocean_post_title_background_color":"","ocean_post_title_background":0,"ocean_post_title_bg_image_position":"","ocean_post_title_bg_image_attachment":"","ocean_post_title_bg_image_repeat":"","ocean_post_title_bg_image_size":"","ocean_post_title_height":0,"ocean_post_title_bg_overlay":0.5,"ocean_post_title_bg_overlay_color":"","ocean_disable_breadcrumbs":"default","ocean_breadcrumbs_color":"","ocean_breadcrumbs_separator_color":"","ocean_breadcrumbs_links_color":"","ocean_breadcrumbs_links_hover_color":"","ocean_display_footer_widgets":"default","ocean_display_footer_bottom":"default","ocean_custom_footer_template":"0","footnotes":""},"class_list":["post-1623","page","type-page","status-publish","hentry","entry"],"_links":{"self":[{"href":"https:\/\/cobem.com.br\/2026\/wp-json\/wp\/v2\/pages\/1623","targetHints":{"allow":["GET"]}}],"collection":[{"href":"https:\/\/cobem.com.br\/2026\/wp-json\/wp\/v2\/pages"}],"about":[{"href":"https:\/\/cobem.com.br\/2026\/wp-json\/wp\/v2\/types\/page"}],"author":[{"embeddable":true,"href":"https:\/\/cobem.com.br\/2026\/wp-json\/wp\/v2\/users\/1"}],"replies":[{"embeddable":true,"href":"https:\/\/cobem.com.br\/2026\/wp-json\/wp\/v2\/comments?post=1623"}],"version-history":[{"count":7,"href":"https:\/\/cobem.com.br\/2026\/wp-json\/wp\/v2\/pages\/1623\/revisions"}],"predecessor-version":[{"id":1696,"href":"https:\/\/cobem.com.br\/2026\/wp-json\/wp\/v2\/pages\/1623\/revisions\/1696"}],"wp:attachment":[{"href":"https:\/\/cobem.com.br\/2026\/wp-json\/wp\/v2\/media?parent=1623"}],"curies":[{"name":"wp","href":"https:\/\/api.w.org\/{rel}","templated":true}]}}