{"id":1397,"date":"2025-09-10T22:52:38","date_gmt":"2025-09-11T01:52:38","guid":{"rendered":"https:\/\/cobem.com.br\/2026\/?page_id=1397"},"modified":"2026-03-27T20:06:52","modified_gmt":"2026-03-27T23:06:52","slug":"organizacao","status":"publish","type":"page","link":"https:\/\/cobem.com.br\/2026\/o-cobem\/organizacao\/","title":{"rendered":"Organiza\u00e7\u00e3o"},"content":{"rendered":"\t\t<div data-elementor-type=\"wp-page\" data-elementor-id=\"1397\" class=\"elementor elementor-1397\" data-elementor-post-type=\"page\">\n\t\t\t\t\t\t<section class=\"elementor-section elementor-top-section elementor-element elementor-element-420c082 elementor-section-height-min-height elementor-section-items-top elementor-section-boxed elementor-section-height-default\" data-id=\"420c082\" data-element_type=\"section\" data-settings=\"{&quot;background_background&quot;:&quot;classic&quot;}\">\n\t\t\t\t\t\t\t<div class=\"elementor-background-overlay\"><\/div>\n\t\t\t\t\t\t\t<div class=\"elementor-container elementor-column-gap-no\">\n\t\t\t\t\t<div class=\"elementor-column elementor-col-100 elementor-top-column elementor-element elementor-element-3365024\" data-id=\"3365024\" data-element_type=\"column\">\n\t\t\t<div class=\"elementor-widget-wrap elementor-element-populated\">\n\t\t\t\t\t\t<div class=\"elementor-element elementor-element-cb49f57 elementor-widget elementor-widget-heading\" data-id=\"cb49f57\" data-element_type=\"widget\" data-widget_type=\"heading.default\">\n\t\t\t\t<div class=\"elementor-widget-container\">\n\t\t\t\t\t<h2 class=\"elementor-heading-title elementor-size-default\">ORGANIZA\u00c7\u00c3O<\/h2>\t\t\t\t<\/div>\n\t\t\t\t<\/div>\n\t\t\t\t\t<\/div>\n\t\t<\/div>\n\t\t\t\t\t<\/div>\n\t\t<\/section>\n\t\t\t\t<section class=\"elementor-section elementor-top-section elementor-element elementor-element-f62d6f9 elementor-section-boxed elementor-section-height-default elementor-section-height-default\" data-id=\"f62d6f9\" data-element_type=\"section\" data-settings=\"{&quot;background_background&quot;:&quot;classic&quot;}\">\n\t\t\t\t\t\t<div class=\"elementor-container elementor-column-gap-default\">\n\t\t\t\t\t<div class=\"elementor-column elementor-col-100 elementor-top-column elementor-element elementor-element-f16c5a4\" data-id=\"f16c5a4\" data-element_type=\"column\">\n\t\t\t<div class=\"elementor-widget-wrap elementor-element-populated\">\n\t\t\t\t\t\t<div class=\"elementor-element elementor-element-4137f93 elementor-widget elementor-widget-text-editor\" data-id=\"4137f93\" data-element_type=\"widget\" data-widget_type=\"text-editor.default\">\n\t\t\t\t<div class=\"elementor-widget-container\">\n\t\t\t\t\t\t\t\t\t<p style=\"text-align: center;\">COMISS\u00c3O ORGANIZADORA | 64\u00ba COBEM<\/p>\t\t\t\t\t\t\t\t<\/div>\n\t\t\t\t<\/div>\n\t\t\t\t<div class=\"elementor-element elementor-element-a304a24 elementor-widget__width-initial elementor-widget elementor-widget-text-editor\" data-id=\"a304a24\" data-element_type=\"widget\" data-widget_type=\"text-editor.default\">\n\t\t\t\t<div class=\"elementor-widget-container\">\n\t\t\t\t\t\t\t\t\t<p><strong>Presidente Docente<br \/><\/strong>&#8211; Francisco Jorge Arsego de Oliveira (UFRGS)<\/p><p><strong>Presidente Discente<br \/><\/strong>&#8211; Ana Clara Sev\u00e1 (Unipampa)<\/p><p>&#8212;&#8212;&#8212;&#8212;&#8212;&#8211;<\/p><p style=\"text-align: left;\"><strong>COMISS\u00c3O CIENT\u00cdFICA<br \/><\/strong>&#8211; Jo\u00e3o Pedro Paz Takeuchi (Universidade Federal de Ci\u00eancias da Sa\u00fade de Porto Alegre)<br \/>&#8211; Margareth Rodrigues Salerno (PUCRS)<br \/>&#8211; Frederico Ludwig da Octsa (PUCRS)<br \/>&#8211; \u00c2ngelo Fajardo Almeida (ULBRA)<br \/>&#8211; Diego In\u00e1cio Goergen (Univates (Lajeado\/RS))<br \/>&#8211; Tiago Maas (UCPel)<br \/>&#8211; Gabriel Carlesso Espindola (UCPel)<br \/>&#8211; Luciana Corr\u00eaa de Barros Cevenini (UCPel)<br \/>&#8211; Nat\u00e1lia Franco Tissot (UCPel)<br \/>&#8211; Mar\u00edlia Dornelles Bastos (UNISC)<br \/>&#8211; Leticia Oliveira de Menezes (Universit\u00e1rio Cat\u00f3lica de Pelotas)\u00a0<br \/>&#8211; Rafael Mendonca Da Silva Chakr (Universidade Federal do Rio Grande do Sul)<\/p><p style=\"text-align: left;\"><strong><br \/>COMISS\u00c3O DE INFRAESTRUTURA<br \/><\/strong>&#8211; Leonardo Araujo Pinto (PUCRS)<br \/>&#8211; Ivan Carlos Ferreira Antonello (PUCRS)<\/p><p><strong><br \/>COMISS\u00c3O DE TRABALHOS CIENT\u00cdFICOS<br \/><\/strong>&#8211; Jo\u00e3o Felipe Peres Rezer (Universidade Federal do Pampa)<br \/>&#8211; Cristina Kroeff Schmitz Gibk (Unisinos)<br \/>&#8211; Cristiane Barelli (Universidade de Passo Fundo)<br \/>&#8211; Valentina C B Gava Chakr (UFRGS)<br \/>&#8211; Maria Helena Itaqui Lopes (UCS)<br \/>&#8211; Matheus Debona Comin (Universidade de Passo Fundo)<br \/>&#8211; Cristina Rolim Neumann (Universidade Federal do Rio Grande do Sul)<strong><br \/><\/strong><\/p><p><strong><br \/>COMISS\u00c3O DE DIVULGA\u00c7\u00c3O E MARKETING<\/strong><br \/>&#8211; Luciana de Souza Nunes (UNIPAMPA)<br \/>&#8211; Maria Eug\u00eania Bresolin Pinto (UFCSPA)<\/p><p><strong><br \/>COMISS\u00c3O CULTURAL<\/strong><br \/>&#8211; Ana Clara Sev\u00e1 (Unipampa)<br \/>&#8211; Alexandre Paulo Moch Schmidt Teixeira (UCPEL)<br \/>&#8211; Jackson Menezes de Ara\u00fajo (Universidade Federal da Fronteira Sul)<\/p>\t\t\t\t\t\t\t\t<\/div>\n\t\t\t\t<\/div>\n\t\t\t\t\t<\/div>\n\t\t<\/div>\n\t\t\t\t\t<\/div>\n\t\t<\/section>\n\t\t\t\t<\/div>\n\t\t","protected":false},"excerpt":{"rendered":"<p>ORGANIZA\u00c7\u00c3O COMISS\u00c3O ORGANIZADORA | 64\u00ba COBEM Presidente Docente&#8211; Francisco Jorge Arsego de Oliveira (UFRGS) Presidente Discente&#8211; Ana Clara Sev\u00e1 (Unipampa) &#8212;&#8212;&#8212;&#8212;&#8212;&#8211; COMISS\u00c3O CIENT\u00cdFICA&#8211; Jo\u00e3o Pedro Paz Takeuchi (Universidade Federal de Ci\u00eancias da Sa\u00fade de Porto Alegre)&#8211; Margareth Rodrigues Salerno (PUCRS)&#8211; Frederico Ludwig da Octsa (PUCRS)&#8211; \u00c2ngelo Fajardo Almeida (ULBRA)&#8211; Diego In\u00e1cio Goergen (Univates (Lajeado\/RS))&#8211; Tiago [&hellip;]<\/p>\n","protected":false},"author":1,"featured_media":0,"parent":181,"menu_order":3,"comment_status":"closed","ping_status":"closed","template":"elementor_header_footer","meta":{"ocean_post_layout":"","ocean_both_sidebars_style":"","ocean_both_sidebars_content_width":0,"ocean_both_sidebars_sidebars_width":0,"ocean_sidebar":"0","ocean_second_sidebar":"0","ocean_disable_margins":"enable","ocean_add_body_class":"","ocean_shortcode_before_top_bar":"","ocean_shortcode_after_top_bar":"","ocean_shortcode_before_header":"","ocean_shortcode_after_header":"","ocean_has_shortcode":"","ocean_shortcode_after_title":"","ocean_shortcode_before_footer_widgets":"","ocean_shortcode_after_footer_widgets":"","ocean_shortcode_before_footer_bottom":"","ocean_shortcode_after_footer_bottom":"","ocean_display_top_bar":"default","ocean_display_header":"default","ocean_header_style":"","ocean_center_header_left_menu":"0","ocean_custom_header_template":"0","ocean_custom_logo":0,"ocean_custom_retina_logo":0,"ocean_custom_logo_max_width":0,"ocean_custom_logo_tablet_max_width":0,"ocean_custom_logo_mobile_max_width":0,"ocean_custom_logo_max_height":0,"ocean_custom_logo_tablet_max_height":0,"ocean_custom_logo_mobile_max_height":0,"ocean_header_custom_menu":"0","ocean_menu_typo_font_family":"0","ocean_menu_typo_font_subset":"","ocean_menu_typo_font_size":0,"ocean_menu_typo_font_size_tablet":0,"ocean_menu_typo_font_size_mobile":0,"ocean_menu_typo_font_size_unit":"px","ocean_menu_typo_font_weight":"","ocean_menu_typo_font_weight_tablet":"","ocean_menu_typo_font_weight_mobile":"","ocean_menu_typo_transform":"","ocean_menu_typo_transform_tablet":"","ocean_menu_typo_transform_mobile":"","ocean_menu_typo_line_height":0,"ocean_menu_typo_line_height_tablet":0,"ocean_menu_typo_line_height_mobile":0,"ocean_menu_typo_line_height_unit":"","ocean_menu_typo_spacing":0,"ocean_menu_typo_spacing_tablet":0,"ocean_menu_typo_spacing_mobile":0,"ocean_menu_typo_spacing_unit":"","ocean_menu_link_color":"","ocean_menu_link_color_hover":"","ocean_menu_link_color_active":"","ocean_menu_link_background":"","ocean_menu_link_hover_background":"","ocean_menu_link_active_background":"","ocean_menu_social_links_bg":"","ocean_menu_social_hover_links_bg":"","ocean_menu_social_links_color":"","ocean_menu_social_hover_links_color":"","ocean_disable_title":"default","ocean_disable_heading":"default","ocean_post_title":"","ocean_post_subheading":"","ocean_post_title_style":"","ocean_post_title_background_color":"","ocean_post_title_background":0,"ocean_post_title_bg_image_position":"","ocean_post_title_bg_image_attachment":"","ocean_post_title_bg_image_repeat":"","ocean_post_title_bg_image_size":"","ocean_post_title_height":0,"ocean_post_title_bg_overlay":0.5,"ocean_post_title_bg_overlay_color":"","ocean_disable_breadcrumbs":"default","ocean_breadcrumbs_color":"","ocean_breadcrumbs_separator_color":"","ocean_breadcrumbs_links_color":"","ocean_breadcrumbs_links_hover_color":"","ocean_display_footer_widgets":"default","ocean_display_footer_bottom":"default","ocean_custom_footer_template":"0","footnotes":""},"class_list":["post-1397","page","type-page","status-publish","hentry","entry"],"_links":{"self":[{"href":"https:\/\/cobem.com.br\/2026\/wp-json\/wp\/v2\/pages\/1397","targetHints":{"allow":["GET"]}}],"collection":[{"href":"https:\/\/cobem.com.br\/2026\/wp-json\/wp\/v2\/pages"}],"about":[{"href":"https:\/\/cobem.com.br\/2026\/wp-json\/wp\/v2\/types\/page"}],"author":[{"embeddable":true,"href":"https:\/\/cobem.com.br\/2026\/wp-json\/wp\/v2\/users\/1"}],"replies":[{"embeddable":true,"href":"https:\/\/cobem.com.br\/2026\/wp-json\/wp\/v2\/comments?post=1397"}],"version-history":[{"count":31,"href":"https:\/\/cobem.com.br\/2026\/wp-json\/wp\/v2\/pages\/1397\/revisions"}],"predecessor-version":[{"id":1677,"href":"https:\/\/cobem.com.br\/2026\/wp-json\/wp\/v2\/pages\/1397\/revisions\/1677"}],"up":[{"embeddable":true,"href":"https:\/\/cobem.com.br\/2026\/wp-json\/wp\/v2\/pages\/181"}],"wp:attachment":[{"href":"https:\/\/cobem.com.br\/2026\/wp-json\/wp\/v2\/media?parent=1397"}],"curies":[{"name":"wp","href":"https:\/\/api.w.org\/{rel}","templated":true}]}}