{"id":874,"date":"2025-04-29T11:58:34","date_gmt":"2025-04-29T14:58:34","guid":{"rendered":"https:\/\/cobem.com.br\/2025\/?page_id=874"},"modified":"2025-08-13T19:08:43","modified_gmt":"2025-08-13T22:08:43","slug":"oficinas","status":"publish","type":"page","link":"https:\/\/cobem.com.br\/2025\/o-cobem\/oficinas\/","title":{"rendered":"EDITAL OFICINAS"},"content":{"rendered":"\t\t<div data-elementor-type=\"wp-page\" data-elementor-id=\"874\" class=\"elementor elementor-874\" data-elementor-post-type=\"page\">\n\t\t\t\t\t\t<section class=\"elementor-section elementor-top-section elementor-element elementor-element-420c082 elementor-section-height-min-height elementor-section-items-top elementor-section-boxed elementor-section-height-default\" data-id=\"420c082\" data-element_type=\"section\" data-settings=\"{&quot;background_background&quot;:&quot;classic&quot;}\">\n\t\t\t\t\t\t\t<div class=\"elementor-background-overlay\"><\/div>\n\t\t\t\t\t\t\t<div class=\"elementor-container elementor-column-gap-default\">\n\t\t\t\t\t<div class=\"elementor-column elementor-col-100 elementor-top-column elementor-element elementor-element-3365024\" data-id=\"3365024\" data-element_type=\"column\">\n\t\t\t<div class=\"elementor-widget-wrap elementor-element-populated\">\n\t\t\t\t\t\t<div class=\"elementor-element elementor-element-cb49f57 elementor-widget elementor-widget-heading\" data-id=\"cb49f57\" data-element_type=\"widget\" data-widget_type=\"heading.default\">\n\t\t\t\t<div class=\"elementor-widget-container\">\n\t\t\t\t\t<h2 class=\"elementor-heading-title elementor-size-default\">SUBMISS\u00c3O DE OFICINAS<\/h2>\t\t\t\t<\/div>\n\t\t\t\t<\/div>\n\t\t\t\t\t<\/div>\n\t\t<\/div>\n\t\t\t\t\t<\/div>\n\t\t<\/section>\n\t\t\t\t<section class=\"elementor-section elementor-top-section elementor-element elementor-element-f62d6f9 elementor-section-boxed elementor-section-height-default elementor-section-height-default\" data-id=\"f62d6f9\" data-element_type=\"section\" data-settings=\"{&quot;background_background&quot;:&quot;classic&quot;}\">\n\t\t\t\t\t\t<div class=\"elementor-container elementor-column-gap-default\">\n\t\t\t\t\t<div class=\"elementor-column elementor-col-100 elementor-top-column elementor-element elementor-element-f16c5a4\" data-id=\"f16c5a4\" data-element_type=\"column\">\n\t\t\t<div class=\"elementor-widget-wrap elementor-element-populated\">\n\t\t\t\t\t\t<div class=\"elementor-element elementor-element-774fd2e elementor-widget elementor-widget-heading\" data-id=\"774fd2e\" data-element_type=\"widget\" data-widget_type=\"heading.default\">\n\t\t\t\t<div class=\"elementor-widget-container\">\n\t\t\t\t\t<h2 class=\"elementor-heading-title elementor-size-default\">OFICINAS APROVADAS | 63\u00ba COBEM<\/h2>\t\t\t\t<\/div>\n\t\t\t\t<\/div>\n\t\t\t\t<div class=\"elementor-element elementor-element-a304a24 elementor-widget__width-initial elementor-widget elementor-widget-text-editor\" data-id=\"a304a24\" data-element_type=\"widget\" data-widget_type=\"text-editor.default\">\n\t\t\t\t<div class=\"elementor-widget-container\">\n\t\t\t\t\t\t\t\t\t<p><strong>01 |\u00a0 T\u00cdTULO DA OFICINA:<\/strong><br \/>Para educar \u00e9 necess\u00e1rio devolver: o uso de IA e grupos gestores para fortalecer feedbacks entre pares<\/p><p><strong>02 | T\u00cdTULO DA OFICINA:<br \/><\/strong>Tecendo Redes: Interseccionalidade na Forma\u00e7\u00e3o M\u00e9dica<strong><br \/><\/strong><\/p><p><strong>03 | T\u00cdTULO DA OFICINA:<br \/><\/strong>In.spire SUS &#8211; Jogo Cooperativo para Inovar na Sa\u00fade P\u00fablica<strong><br \/><\/strong><\/p><p><strong>04 | T\u00cdTULO DA OFICINA:<br \/><\/strong>Sa\u00fade Planet\u00e1ria pelos Olhos de Quem? Racializando e Descolonizando o Debate na Educa\u00e7\u00e3o M\u00e9dica<strong><br \/><\/strong><\/p><p><strong>05 | T\u00cdTULO DA OFICINA:<br \/><\/strong>Exame de Ordem na Medicina: Debate Pr\u00e1tico <\/p><p><strong>06 | T\u00cdTULO DA OFICINA:<br \/><\/strong>Interioriza\u00e7\u00e3o e Estadualiza\u00e7\u00e3o dos Cursos de Medicina: experi\u00eancias, contradi\u00e7\u00f5es e caminhos para uma educa\u00e7\u00e3o m\u00e9dica popular<\/p><p><strong>07 | T\u00cdTULO DA OFICINA:<br \/><\/strong>Rompendo o ciclo punitivo: construindo uma avalia\u00e7\u00e3o formativa, dial\u00f3gica e processual<\/p><p><strong>08 | T\u00cdTULO DA OFICINA:<br \/><\/strong>Reset: reconectar corpo, mente e prop\u00f3sito na jornada m\u00e9dica<\/p><p><strong>09 | T\u00cdTULO DA OFICINA:<br \/><\/strong>O Uso da Intelig\u00eancia Artificial na Cria\u00e7\u00e3o de Crit\u00e9rios Avaliativos em Simula\u00e7\u00e3o Real\u00edstica<\/p><p><strong>10 | T\u00cdTULO DA OFICINA:<br \/><\/strong>Curriculariza\u00e7\u00e3o da Ci\u00eancia: da elabora\u00e7\u00e3o do projeto cient\u00edfico ao artigo publicado<strong><br \/><\/strong><\/p><p><strong>11 | T\u00cdTULO DA OFICINA:<br \/><\/strong>Oferecer copo d\u2019\u00e1gua \u00e9 importante: inserindo soft skills no OSCE<strong><br \/><\/strong><\/p><p><strong>12 | T\u00cdTULO DA OFICINA:<br \/><\/strong>Como realizar o feedback pedagogicamente efetivo!<strong><br \/><\/strong><\/p><p><strong>13 | T\u00cdTULO DA OFICINA:<br \/><\/strong>Forma\u00e7\u00e3o em Defici\u00eancia no Curso M\u00e9dico: Desafios e Proposi\u00e7\u00f5es para uma Pr\u00e1tica Inclusiva<strong><br \/><\/strong><\/p><p><strong>14 | T\u00cdTULO DA OFICINA:<br \/><\/strong>A\u00e7\u00f5es para mitigar as microagress\u00f5es na educa\u00e7\u00e3o m\u00e9dica.<strong><br \/><\/strong><\/p><p><strong>15 | T\u00cdTULO DA OFICINA:<br \/><\/strong>Estrat\u00e9gias para um \u201cmatch\u201d preceptor-residente (quase) perfeito: metodologias de aloca\u00e7\u00e3o de Residentes de MFC no Est\u00e1gio Longitudinal de APS<strong><br \/><\/strong><\/p><p><strong>16 | T\u00cdTULO DA OFICINA:<br \/><\/strong>O ensino da habilidade de comunica\u00e7\u00e3o de m\u00e1s not\u00edcias na resid\u00eancia m\u00e9dica: uma oficina para preceptores.<strong><br \/><\/strong><\/p><p><strong>17 | T\u00cdTULO DA OFICINA:<br \/><\/strong>Elabora\u00e7\u00e3o Eficaz de Prompts para Chatbots de Intelig\u00eancia Artificial para a Educa\u00e7\u00e3o M\u00e9dica<strong><br \/><\/strong><\/p><p><strong>18 | T\u00cdTULO DA OFICINA:<br \/><\/strong>Palavras que Resistem \u2013 Sa\u00fade, Racismo e Express\u00e3o<strong><br \/><\/strong><\/p><p><strong>19 | T\u00cdTULO DA OFICINA:<br \/><\/strong>Aplica\u00e7\u00f5es pr\u00e1ticas de avalia\u00e7\u00f5es de habilidades procedimentais na forma\u00e7\u00e3o m\u00e9dica: Oficina para Preceptores e Gestores.<strong><br \/><\/strong><\/p><p><strong>20 | T\u00cdTULO DA OFICINA:<br \/><\/strong>Adiar o fim do mundo: cl\u00ednica do clima, ancestralidade e futuros poss\u00edveis na forma\u00e7\u00e3o m\u00e9dica em tempos de colapso<strong><br \/><\/strong><\/p><p><strong>21 | T\u00cdTULO DA OFICINA:<br \/><\/strong>\u201cNavegar \u00e9 preciso\u201d. Planejar n\u00e3o \u00e9 preciso?<strong><br \/><\/strong><\/p><p><strong>22 | T\u00cdTULO DA OFICINA:<br \/><\/strong>Podcast como Ferramenta de Ensino Ativo na Sa\u00fade &#8211; Da Produ\u00e7\u00e3o ao Impacto<strong><br \/><\/strong><\/p><p><strong>23 | T\u00cdTULO DA OFICINA:<br \/><\/strong>Sa\u00fade e Espiritualidade na Forma\u00e7\u00e3o M\u00e9dica: Estrat\u00e9gias de Inser\u00e7\u00e3o Longitudinal por Meio do M\u00e9todo Cl\u00ednico Centrado na Pessoa<strong><br \/><\/strong><\/p><p><strong>24 | T\u00cdTULO DA OFICINA:<br \/><\/strong>Do corpo ao territ\u00f3rio: uma travessia anat\u00f4mico-social da forma\u00e7\u00e3o m\u00e9dica<\/p>\t\t\t\t\t\t\t\t<\/div>\n\t\t\t\t<\/div>\n\t\t\t\t<div class=\"elementor-element elementor-element-495663d elementor-widget-divider--view-line elementor-widget elementor-widget-divider\" data-id=\"495663d\" data-element_type=\"widget\" data-widget_type=\"divider.default\">\n\t\t\t\t<div class=\"elementor-widget-container\">\n\t\t\t\t\t\t\t<div class=\"elementor-divider\">\n\t\t\t<span class=\"elementor-divider-separator\">\n\t\t\t\t\t\t<\/span>\n\t\t<\/div>\n\t\t\t\t\t\t<\/div>\n\t\t\t\t<\/div>\n\t\t\t\t<div class=\"elementor-element elementor-element-42a6039 elementor-widget elementor-widget-heading\" data-id=\"42a6039\" data-element_type=\"widget\" data-widget_type=\"heading.default\">\n\t\t\t\t<div class=\"elementor-widget-container\">\n\t\t\t\t\t<h2 class=\"elementor-heading-title elementor-size-default\">EDITAL PARA A PROPOSI\u00c7\u00c3O DE OFICINAS<br \/>\n63\u00ba CONGRESSO BRASILEIRO DE EDUCA\u00c7\u00c3O M\u00c9DICA<\/h2>\t\t\t\t<\/div>\n\t\t\t\t<\/div>\n\t\t\t\t<div class=\"elementor-element elementor-element-2af4fbf elementor-widget elementor-widget-heading\" data-id=\"2af4fbf\" data-element_type=\"widget\" data-widget_type=\"heading.default\">\n\t\t\t\t<div class=\"elementor-widget-container\">\n\t\t\t\t\t<h2 class=\"elementor-heading-title elementor-size-default\">\"Do mar ao sert\u00e3o: Os novos paradigmas da educa\u00e7\u00e3o M\u00e9dica\"<br \/><br \/>\n11 a 13 de setembro, Natal\/RN\n<\/h2>\t\t\t\t<\/div>\n\t\t\t\t<\/div>\n\t\t\t\t<div class=\"elementor-element elementor-element-9a4c103 elementor-widget__width-initial elementor-widget elementor-widget-text-editor\" data-id=\"9a4c103\" data-element_type=\"widget\" data-widget_type=\"text-editor.default\">\n\t\t\t\t<div class=\"elementor-widget-container\">\n\t\t\t\t\t\t\t\t\t<p>O 63\u00ba Congresso Brasileiro de Educa\u00e7\u00e3o M\u00e9dica (63\u00ba COBEM) em 2025, ocorrer\u00e1 no per\u00edodo de 11 a 13 de setembro, na cidade de Natal &#8211; Rio Grande do Norte. Com a finalidade de construirmos a programa\u00e7\u00e3o de forma colaborativa, este convite p\u00fablico oferece um conjunto de diretrizes para orienta\u00e7\u00e3o quanto ao envio de propostas para a atividade de OFICINAS, que caso aprovadas, ser\u00e3o incorporadas na programa\u00e7\u00e3o cient\u00edfica do congresso.<\/p><p>A realiza\u00e7\u00e3o de oficinas no evento \u00e9 uma oportunidade para docentes e discentes da gradua\u00e7\u00e3o em Medicina e de outras gradua\u00e7\u00f5es da \u00e1rea da sa\u00fade, assim como de programas de Resid\u00eancia M\u00e9dica, compartilharem com os congressistas suas experi\u00eancias locais e produ\u00e7\u00e3o de conhecimento, al\u00e9m de reflex\u00f5es sobre o processo de ensino aprendizagem.<\/p><p><b>1. SOBRE AS OFICINAS:<\/b><\/p><p>As oficinas acontecer\u00e3o durante o 63\u00ba Cobem, em datas e hor\u00e1rios agendados de acordo com a programa\u00e7\u00e3o a ser divulgada por ocasi\u00e3o dos resultados da sele\u00e7\u00e3o deste edital. \u00a0<\/p><p>A proposta de oficina dever\u00e1 estar relacionada com a tem\u00e1tica da Educa\u00e7\u00e3o M\u00e9dica, preferencialmente abordando a tem\u00e1tica central do evento \u2013<i>&#8220;Do mar ao sert\u00e3o: Os novos paradigmas da educa\u00e7\u00e3o M\u00e9dica&#8221;<\/i>. \u00a0Encorajamos a proposi\u00e7\u00e3o de modelos inovadores de oficinas.<\/p><p>As\u00a0<b>OFICINAS<\/b>\u00a0propostas devem\u00a0<b>se distinguir de VIV\u00caNCIAS<\/b>, pois as metodologias adotadas nas Viv\u00eancias t\u00eam como principal objetivo o de promover uma experi\u00eancia vivida e a reflex\u00e3o sobre a sua pr\u00e1xis,\u00a0<b>n\u00e3o\u00a0<\/b>preveem inscri\u00e7\u00f5es pr\u00e9vias aos seus participantes e a constru\u00e7\u00e3o de produtos<b>.<\/b><\/p><p><b>\u00a0<\/b><\/p><p><b>2. COMO AS OFICINAS SER\u00c3O CLASSIFICADAS E SELECIONADAS?<\/b><\/p><p><b>2.1<\/b>. Todas as\u00a0<b>OFICINAS<\/b>\u00a0ser\u00e3o avaliadas e selecionadas pela Comiss\u00e3o Organizadora do 63\u00ba Congresso Brasileiro de Educa\u00e7\u00e3o M\u00e9dica.<\/p><p><b>2.2.<\/b>\u00a0Cada oficina somente poder\u00e1 ser inscrita uma \u00fanica vez no Congresso, mesmo que autores ou institui\u00e7\u00f5es envolvidas sejam diferentes.<\/p><p><b>2.3.<\/b>\u00a0A proposta dever\u00e1 apresentar claramente quais os materiais\/equipamentos necess\u00e1rios \u00e0 atividade que ser\u00e3o de responsabilidade dos proponentes ou da Comiss\u00e3o Organizadora, que buscar\u00e1 atender as demandas.<\/p><p><b>2.4.<\/b>\u00a0Caso a solicita\u00e7\u00e3o de materiais\/equipamentos n\u00e3o seja vi\u00e1vel, do ponto de vista t\u00e9cnico ou or\u00e7ament\u00e1rio, os autores ser\u00e3o informados e poder\u00e3o buscar meios pr\u00f3prios de prover os materiais\/equipamentos ou ajustar-se \u00e0 realidade dispon\u00edvel.<\/p><p><b>2.5.<\/b>\u00a0As oficinas poder\u00e3o ter dura\u00e7\u00e3o de 2 (duas) ou 4 (quatro) horas, podendo ser planejadas em atividades\/ciclos de dura\u00e7\u00e3o menor.<\/p><p><b>2.6.<\/b>\u00a0As oficinas dever\u00e3o incentivar a participa\u00e7\u00e3o e protagonismo dos participantes por meio de metodologias ativas de ensino aprendizagem.<\/p><p><b>2.7.<\/b>\u00a0As propostas dever\u00e3o ser submetidas on-line, atrav\u00e9s do link (<span style=\"color: #0000ff;\"><a style=\"color: #0000ff;\" href=\"https:\/\/forms.gle\/CAKcYiGjVKCGwexDA\" target=\"_blank\" rel=\"noopener\">https:\/\/forms.gle\/CAKcYiGjVKCGwexDA<\/a><\/span>)at\u00e9 a data limite de\u00a0<b>02 de junho de 2025<\/b>.\u00a0<\/p><p><b>2.8.<\/b>\u00a0Em hip\u00f3tese alguma ser\u00e3o aceitas oficinas enviadas por e-mail, correspond\u00eancia, fax ou qualquer outro meio de comunica\u00e7\u00e3o que n\u00e3o o estabelecido pelo item 2.7.<\/p><p><b>2.9.<\/b>\u00a0As\u00a0<b>oficinas selecionadas<\/b>\u00a0ser\u00e3o divulgadas no site do congresso at\u00e9 o dia\u00a0<b>01 de julho de 2025<\/b>.<\/p><p><b>2.10.<\/b>\u00a0Pelo menos\u00a0<b>um dos autores<\/b>\u00a0da proposta de Oficina dever\u00e1 estar\u00a0<b>Associado de modo Adimplente \u00e0 ABEM<\/b>\u00a0<b>e inscrito no 63\u00ba COBEM<\/b>\u00a0at\u00e9<b>\u00a015 de julho de 2025.<\/b><\/p><p><b>2.11.<\/b>\u00a0O n\u00famero\u00a0<b>m\u00e1ximo de Oficineiros\/Autores em cada Oficina \u00e9 de 06 (seis) pessoas<\/b>. Ap\u00f3s a divulga\u00e7\u00e3o da lista de Oficinas selecionadas, n\u00e3o ser\u00e1 poss\u00edvel a inscri\u00e7\u00e3o de outros autores.<\/p><p><b>2.12.<\/b>\u00a0<b>Somente poder\u00e3o participar da oficina os Oficineiros\/Autores inscritos no 63\u00ba Cobem. N\u00e3o haver\u00e1 concess\u00e3o de ajudas de custo para despesas com hospedagem, alimenta\u00e7\u00e3o, deslocamento, isen\u00e7\u00e3o da taxa de inscri\u00e7\u00e3o ou similares aos participantes selecionados para as atividades.<\/b><\/p><p><b>2.13.<\/b> A Comiss\u00e3o Organizadora do 63\u00ba Congresso Brasileiro de Educa\u00e7\u00e3o M\u00e9dica priorizar\u00e1 as oficinas de acordo com os seguintes crit\u00e9rios<\/p><p><b>a)<\/b>relev\u00e2ncia do TEMA para a Educa\u00e7\u00e3o M\u00e9dica, com fundamenta\u00e7\u00e3o nas Diretrizes Curriculares Nacionais (DCNs) do curso de gradua\u00e7\u00e3o em Medicina (CNE\/CES n. 116\/2014) e com os seguintes eixos tem\u00e1ticos:<\/p><p>EIXO I \u2013 A Forma\u00e7\u00e3o no territ\u00f3rio e a responsabilidade social<\/p><p>EIXO II \u2013 INTERIORIZA\u00c7\u00c3O DOS CURSOS M\u00c9DICOS E RESID\u00caNCIAS EM SA\u00daDE: Desafios e oportunidades<\/p><p>EIXO III \u2013 Diversidade de SABERES NA EDUCA\u00c7\u00c3O M\u00c9DICA<\/p><p>EIXO IV \u2013 A FORMA\u00c7\u00c3O M\u00c9DICA PARA O CUIDADO AOS POVOS DO CAMPO, \u00c1GUAS E FLORESTAS<\/p><p>EIXO V \u2013 CUIDADO AO DISCENTE E RESIDENTE: Inova\u00e7\u00e3o e Bem-Estar na Forma\u00e7\u00e3o M\u00e9dica<\/p><p><b>b)<\/b>originalidade, criatividade e inova\u00e7\u00e3o conceitual;<\/p><p><b>c)<\/b>coer\u00eancia entre as metodologias que ser\u00e3o adotadas e os objetivos propostos;<\/p><p><b>d)<\/b> clareza na reda\u00e7\u00e3o da proposta.<\/p><p><b>2.14.<\/b>\u00a0Todas as\u00a0<b>oficinas selecionadas devem ser realizadas<\/b>\u00a0no 63\u00ba Congresso Brasileiro de Educa\u00e7\u00e3o M\u00e9dica\u00a0<b>por seus respectivos autores<\/b>, indicados no momento da inscri\u00e7\u00e3o, em dia e hor\u00e1rio definido pela Comiss\u00e3o Organizadora.<\/p><p><b>2.15.<\/b>\u00a0As oficinas acontecer\u00e3o nos dias\u00a0<b>11\u00a0<\/b>e\u00a0<b>13 de setembro de 2025<\/b>, ao longo da programa\u00e7\u00e3o do Cobem.<\/p><p><b>2.16.<\/b>\u00a0Os dias\u00a0<b>10 e 14 de setembro de 2025<\/b>\u00a0ser\u00e3o dedicados \u00e0 montagem e desmontagem da estrutura envolvida nas atividades.<\/p><p><b>2.17.<\/b>\u00a0Todos os proponentes cujas oficinas forem selecionadas receber\u00e3o um certificado de participa\u00e7\u00e3o como \u201cautor de OFICINA\u201d no 63\u00ba Congresso Brasileiro de Educa\u00e7\u00e3o M\u00e9dica, assim como os seus respectivos coautores, indicados no momento da inscri\u00e7\u00e3o da proposta.<\/p><p><b>2.18.<\/b>\u00a0A condu\u00e7\u00e3o do processo de cada Oficina \u00e9 de total responsabilidade dos seus respectivos autores.<\/p><p><b>2.19.<\/b>\u00a0As especificidades de log\u00edstica, metodologia e infraestrutura de cada Oficina devem estar detalhadamente descritas nas propostas enviadas, via ficha de inscri\u00e7\u00e3o, \u00e0 Comiss\u00e3o Organizadora.<\/p><p><b>2.20.<\/b>\u00a0Somente ser\u00e3o certificados (co)autores associados adimplentes, inscritos no congresso e\u00a0<b>presentes em Natal nos dias da execu\u00e7\u00e3o da Oficina.<\/b><\/p><p><b>2.21.<\/b>\u00a0O n\u00e3o comparecimento de algum autor caracteriza\u00a0<b>abandono da atividade<\/b>, acarretando o n\u00e3o recebimento do certificado como autor da atividade e a impossibilidade de futura proposi\u00e7\u00e3o de uma nova autoria de Oficina na edi\u00e7\u00e3o do Cobem seguinte.<\/p><p><b>2.22. N\u00e3o<\/b>\u00a0ser\u00e1 considerado\u00a0<b>abandono da atividade\u00a0<\/b>caso o impedimento da execu\u00e7\u00e3o da atividade seja avisado, por via do e-mail\u00a0atendimento@abem-educmed.org.br, \u00e0 Comiss\u00e3o Organizadora, com pelo menos 02 dias (48 horas) de anteced\u00eancia ao in\u00edcio do evento.<\/p><p><b>2.23.<\/b>\u00a0Os\/As\/Es autores\/as de cada proposta de Oficina aceitam receber e-mails da Comiss\u00e3o Organizadora com a finalidade metodol\u00f3gica de melhorar a qualidade da comunica\u00e7\u00e3o entre autores\/as e organizadores do evento, visando dirimir as dificuldades de infraestrutura e favorecer a cria\u00e7\u00e3o de um ambiente colaborativo, mediado pelos bons afetos.\u00a0<\/p><p><b><br \/>3. DA INSCRI\u00c7\u00c3O DOS CONGRESSISTAS NAS OFICINAS\u00a0<\/b><\/p><p><b>3.1.<\/b>\u00a0A divulga\u00e7\u00e3o das oficinas selecionadas ser\u00e1 feita no site do Congresso.<\/p><p><b>3.2.<\/b>\u00a0A inscri\u00e7\u00e3o para participa\u00e7\u00e3o nas oficinas, quando for o caso, estar\u00e1\u00a0<b>dispon\u00edvel apenas para os inscritos no congresso atrav\u00e9s do Painel do Congressista<\/b>, a partir de 21\/07\/2025<\/p><p><b>3.3.<\/b> A participa\u00e7\u00e3o na oficina ficar\u00e1 limitada ao n\u00famero m\u00e1ximo e a categoria de participantes definidos pela proposta submetida no Edital. Importante atentar que nossa capacidade de salas \u00e9 de 45, 30 e 20 pessoas.<\/p><p><b><br \/>4. DO CRONOGRAMA:\u00a0<\/b><\/p><p>Os prazos se encerram \u00e0s 23:59 de cada dia, hor\u00e1rio de Bras\u00edlia (DF). Registre em sua agenda as seguintes datas:<\/p><ul><li aria-level=\"1\">IN\u00cdCIO DO PRAZO PARA SUBMISS\u00c3O DAS PROPOSTAS DE OFICINAS: <b>30\/04\/2025<\/b><\/li><li aria-level=\"1\">FIM DO PRAZO PARA SUBMISS\u00c3O DAS PROPOSTAS DE OFICINAS:\u00a0<b>02\/06\/2025<\/b><\/li><li aria-level=\"1\">DIVULGA\u00c7\u00c3O DAS OFICINAS APROVADAS:\u00a0<b>01\/07\/2025<\/b><\/li><li aria-level=\"1\">LIMITE PARA PAGAMENTO DA ANUIDADE DA ABEM E INSCRI\u00c7\u00c3O NO 63\u00ba COBEM DE 1 DOS AUTORES:\u00a0<b>15\/07\/2025<\/b><\/li><li aria-level=\"1\">ABERTURA DA INSCRI\u00c7\u00c3O PARA CONGRESSISTAS:\u00a0<b>21\/07\/2025<\/b><\/li><\/ul><p><b>\u00a0<\/b><\/p><p><b>5. DAS DISPOSI\u00c7\u00d5ES FINAIS:<\/b><\/p><p><b>5.1.<\/b>\u00a0A Comiss\u00e3o Organizadora reserva-se o direito de cancelar, interromper, suspender ou adiar a submiss\u00e3o e\/ou publica\u00e7\u00e3o das Oficinas no todo ou em parte, em caso fortuito ou de for\u00e7a maior.<\/p><p><b>5.2.<\/b>\u00a0Os autores\/as das propostas de Oficinas reconhecem e declaram, assumindo todas as responsabilidades legais, de forma irrevog\u00e1vel e irretrat\u00e1vel, que as Oficinas a serem realizadas est\u00e3o coerentes com as informa\u00e7\u00f5es fornecidas e livres de direitos autorais restritivos.<\/p><p><b>5.3.<\/b>\u00a0A Comiss\u00e3o Organizadora \u00e9 soberana nas suas decis\u00f5es, inexistindo a possibilidade de recursos a este Edital.<\/p><p><b>5.4.<\/b>\u00a0A inclus\u00e3o de qualquer Oficina, desde que cumprindo as condi\u00e7\u00f5es aqui apresentadas, j\u00e1 caracteriza a aceita\u00e7\u00e3o irrestrita a todas as regras aqui previstas.<\/p><p><b>5.5.<\/b>\u00a0Os dados informados pelos proponentes de toda e qualquer Oficina ser\u00e3o protegidos pela ABEM em conformidade com a vigente Lei Geral de Prote\u00e7\u00e3o de Dados Pessoais \u2013 LGPD (Lei n\u00ba 13.709 de 14\/08\/2018), nos termos da sua Pol\u00edtica de Privacidade e Prote\u00e7\u00e3o de Dados Pessoais.<\/p><p style=\"text-align: center;\">Comiss\u00e3o Organizadora do 63\u00ba Congresso Brasileiro de Educa\u00e7\u00e3o M\u00e9dica.<br \/>Bras\u00edlia, 30 de abril de 2025.<\/p>\t\t\t\t\t\t\t\t<\/div>\n\t\t\t\t<\/div>\n\t\t\t\t<div class=\"elementor-element elementor-element-cda17dd elementor-align-center elementor-widget elementor-widget-button\" data-id=\"cda17dd\" data-element_type=\"widget\" data-widget_type=\"button.default\">\n\t\t\t\t<div class=\"elementor-widget-container\">\n\t\t\t\t\t\t\t\t\t<div class=\"elementor-button-wrapper\">\n\t\t\t\t\t<a class=\"elementor-button elementor-button-link elementor-size-md\" href=\"https:\/\/forms.gle\/CAKcYiGjVKCGwexDA\" target=\"_blank\">\n\t\t\t\t\t\t<span class=\"elementor-button-content-wrapper\">\n\t\t\t\t\t\t\t\t\t<span class=\"elementor-button-text\">ENVIAR PROPOSTA DE OFICINA<\/span>\n\t\t\t\t\t<\/span>\n\t\t\t\t\t<\/a>\n\t\t\t\t<\/div>\n\t\t\t\t\t\t\t\t<\/div>\n\t\t\t\t<\/div>\n\t\t\t\t<div class=\"elementor-element elementor-element-fc4834d elementor-widget elementor-widget-spacer\" data-id=\"fc4834d\" data-element_type=\"widget\" data-widget_type=\"spacer.default\">\n\t\t\t\t<div class=\"elementor-widget-container\">\n\t\t\t\t\t\t\t<div class=\"elementor-spacer\">\n\t\t\t<div class=\"elementor-spacer-inner\"><\/div>\n\t\t<\/div>\n\t\t\t\t\t\t<\/div>\n\t\t\t\t<\/div>\n\t\t\t\t\t<\/div>\n\t\t<\/div>\n\t\t\t\t\t<\/div>\n\t\t<\/section>\n\t\t\t\t<\/div>\n\t\t","protected":false},"excerpt":{"rendered":"<p>SUBMISS\u00c3O DE OFICINAS OFICINAS APROVADAS | 63\u00ba COBEM 01 |\u00a0 T\u00cdTULO DA OFICINA:Para educar \u00e9 necess\u00e1rio devolver: o uso de IA e grupos gestores para fortalecer feedbacks entre pares 02 | T\u00cdTULO DA OFICINA:Tecendo Redes: Interseccionalidade na Forma\u00e7\u00e3o M\u00e9dica 03 | T\u00cdTULO DA OFICINA:In.spire SUS &#8211; Jogo Cooperativo para Inovar na Sa\u00fade P\u00fablica 04 | [&hellip;]<\/p>\n","protected":false},"author":1,"featured_media":0,"parent":181,"menu_order":4,"comment_status":"closed","ping_status":"closed","template":"elementor_header_footer","meta":{"ocean_post_layout":"","ocean_both_sidebars_style":"","ocean_both_sidebars_content_width":0,"ocean_both_sidebars_sidebars_width":0,"ocean_sidebar":"0","ocean_second_sidebar":"0","ocean_disable_margins":"enable","ocean_add_body_class":"","ocean_shortcode_before_top_bar":"","ocean_shortcode_after_top_bar":"","ocean_shortcode_before_header":"","ocean_shortcode_after_header":"","ocean_has_shortcode":"","ocean_shortcode_after_title":"","ocean_shortcode_before_footer_widgets":"","ocean_shortcode_after_footer_widgets":"","ocean_shortcode_before_footer_bottom":"","ocean_shortcode_after_footer_bottom":"","ocean_display_top_bar":"default","ocean_display_header":"default","ocean_header_style":"","ocean_center_header_left_menu":"0","ocean_custom_header_template":"0","ocean_custom_logo":0,"ocean_custom_retina_logo":0,"ocean_custom_logo_max_width":0,"ocean_custom_logo_tablet_max_width":0,"ocean_custom_logo_mobile_max_width":0,"ocean_custom_logo_max_height":0,"ocean_custom_logo_tablet_max_height":0,"ocean_custom_logo_mobile_max_height":0,"ocean_header_custom_menu":"0","ocean_menu_typo_font_family":"0","ocean_menu_typo_font_subset":"","ocean_menu_typo_font_size":0,"ocean_menu_typo_font_size_tablet":0,"ocean_menu_typo_font_size_mobile":0,"ocean_menu_typo_font_size_unit":"px","ocean_menu_typo_font_weight":"","ocean_menu_typo_font_weight_tablet":"","ocean_menu_typo_font_weight_mobile":"","ocean_menu_typo_transform":"","ocean_menu_typo_transform_tablet":"","ocean_menu_typo_transform_mobile":"","ocean_menu_typo_line_height":0,"ocean_menu_typo_line_height_tablet":0,"ocean_menu_typo_line_height_mobile":0,"ocean_menu_typo_line_height_unit":"","ocean_menu_typo_spacing":0,"ocean_menu_typo_spacing_tablet":0,"ocean_menu_typo_spacing_mobile":0,"ocean_menu_typo_spacing_unit":"","ocean_menu_link_color":"","ocean_menu_link_color_hover":"","ocean_menu_link_color_active":"","ocean_menu_link_background":"","ocean_menu_link_hover_background":"","ocean_menu_link_active_background":"","ocean_menu_social_links_bg":"","ocean_menu_social_hover_links_bg":"","ocean_menu_social_links_color":"","ocean_menu_social_hover_links_color":"","ocean_disable_title":"default","ocean_disable_heading":"default","ocean_post_title":"","ocean_post_subheading":"","ocean_post_title_style":"","ocean_post_title_background_color":"","ocean_post_title_background":0,"ocean_post_title_bg_image_position":"","ocean_post_title_bg_image_attachment":"","ocean_post_title_bg_image_repeat":"","ocean_post_title_bg_image_size":"","ocean_post_title_height":0,"ocean_post_title_bg_overlay":0.5,"ocean_post_title_bg_overlay_color":"","ocean_disable_breadcrumbs":"default","ocean_breadcrumbs_color":"","ocean_breadcrumbs_separator_color":"","ocean_breadcrumbs_links_color":"","ocean_breadcrumbs_links_hover_color":"","ocean_display_footer_widgets":"default","ocean_display_footer_bottom":"default","ocean_custom_footer_template":"0","footnotes":""},"class_list":["post-874","page","type-page","status-publish","hentry","entry"],"_links":{"self":[{"href":"https:\/\/cobem.com.br\/2025\/wp-json\/wp\/v2\/pages\/874","targetHints":{"allow":["GET"]}}],"collection":[{"href":"https:\/\/cobem.com.br\/2025\/wp-json\/wp\/v2\/pages"}],"about":[{"href":"https:\/\/cobem.com.br\/2025\/wp-json\/wp\/v2\/types\/page"}],"author":[{"embeddable":true,"href":"https:\/\/cobem.com.br\/2025\/wp-json\/wp\/v2\/users\/1"}],"replies":[{"embeddable":true,"href":"https:\/\/cobem.com.br\/2025\/wp-json\/wp\/v2\/comments?post=874"}],"version-history":[{"count":51,"href":"https:\/\/cobem.com.br\/2025\/wp-json\/wp\/v2\/pages\/874\/revisions"}],"predecessor-version":[{"id":1719,"href":"https:\/\/cobem.com.br\/2025\/wp-json\/wp\/v2\/pages\/874\/revisions\/1719"}],"up":[{"embeddable":true,"href":"https:\/\/cobem.com.br\/2025\/wp-json\/wp\/v2\/pages\/181"}],"wp:attachment":[{"href":"https:\/\/cobem.com.br\/2025\/wp-json\/wp\/v2\/media?parent=874"}],"curies":[{"name":"wp","href":"https:\/\/api.w.org\/{rel}","templated":true}]}}