{"id":291,"date":"2020-02-27T07:47:20","date_gmt":"2020-02-27T10:47:20","guid":{"rendered":"http:\/\/cobem.com.br\/2020\/?page_id=291"},"modified":"2025-02-25T18:19:56","modified_gmt":"2025-02-25T21:19:56","slug":"eixos-temario","status":"publish","type":"page","link":"https:\/\/cobem.com.br\/2025\/o-cobem\/eixos-temario\/","title":{"rendered":"Eixos \/ Tem\u00e1rio"},"content":{"rendered":"\t\t<div data-elementor-type=\"wp-page\" data-elementor-id=\"291\" class=\"elementor elementor-291\" data-elementor-post-type=\"page\">\n\t\t\t\t\t\t<section class=\"elementor-section elementor-top-section elementor-element elementor-element-420c082 elementor-section-height-min-height elementor-section-items-top elementor-section-boxed elementor-section-height-default\" data-id=\"420c082\" data-element_type=\"section\" data-settings=\"{&quot;background_background&quot;:&quot;classic&quot;}\">\n\t\t\t\t\t\t\t<div class=\"elementor-background-overlay\"><\/div>\n\t\t\t\t\t\t\t<div class=\"elementor-container elementor-column-gap-no\">\n\t\t\t\t\t<div class=\"elementor-column elementor-col-100 elementor-top-column elementor-element elementor-element-3365024\" data-id=\"3365024\" data-element_type=\"column\">\n\t\t\t<div class=\"elementor-widget-wrap elementor-element-populated\">\n\t\t\t\t\t\t<div class=\"elementor-element elementor-element-cb49f57 elementor-widget elementor-widget-heading\" data-id=\"cb49f57\" data-element_type=\"widget\" data-widget_type=\"heading.default\">\n\t\t\t\t<div class=\"elementor-widget-container\">\n\t\t\t\t\t<h2 class=\"elementor-heading-title elementor-size-default\">EIXOS TEM\u00c1TICOS<\/h2>\t\t\t\t<\/div>\n\t\t\t\t<\/div>\n\t\t\t\t\t<\/div>\n\t\t<\/div>\n\t\t\t\t\t<\/div>\n\t\t<\/section>\n\t\t\t\t<section class=\"elementor-section elementor-top-section elementor-element elementor-element-f62d6f9 elementor-section-boxed elementor-section-height-default elementor-section-height-default\" data-id=\"f62d6f9\" data-element_type=\"section\" data-settings=\"{&quot;background_background&quot;:&quot;classic&quot;}\">\n\t\t\t\t\t\t<div class=\"elementor-container elementor-column-gap-default\">\n\t\t\t\t\t<div class=\"elementor-column elementor-col-100 elementor-top-column elementor-element elementor-element-f16c5a4\" data-id=\"f16c5a4\" data-element_type=\"column\">\n\t\t\t<div class=\"elementor-widget-wrap elementor-element-populated\">\n\t\t\t\t\t\t<div class=\"elementor-element elementor-element-774fd2e elementor-widget elementor-widget-heading\" data-id=\"774fd2e\" data-element_type=\"widget\" data-widget_type=\"heading.default\">\n\t\t\t\t<div class=\"elementor-widget-container\">\n\t\t\t\t\t<h2 class=\"elementor-heading-title elementor-size-default\">EIXOS TEM\u00c1TICOS | 63\u00ba COBEM<\/h2>\t\t\t\t<\/div>\n\t\t\t\t<\/div>\n\t\t\t\t<div class=\"elementor-element elementor-element-a304a24 elementor-widget elementor-widget-text-editor\" data-id=\"a304a24\" data-element_type=\"widget\" data-widget_type=\"text-editor.default\">\n\t\t\t\t<div class=\"elementor-widget-container\">\n\t\t\t\t\t\t\t\t\t<p style=\"text-align: center;\"><strong>Tema Central:<\/strong><br \/>\u201cDO MAR AO SERT\u00c3O: OS NOVOS PARADIGMAS DA EDUCA\u00c7\u00c3O M\u00c9DICA\u201d<\/p><p><strong><br \/>EIXO I &#8211; A Forma\u00e7\u00e3o no territ\u00f3rio e a responsabilidade social<br \/><\/strong>Neste eixo ser\u00e3o abordadas tem\u00e1ticas com foco na integra\u00e7\u00e3o entre as pr\u00e1ticas de sa\u00fade, a forma\u00e7\u00e3o dos profissionais m\u00e9dicos e o compromisso com as necessidades das comunidades e territ\u00f3rios espec\u00edficos, inclusive a discuss\u00e3o da import\u00e2ncia do Ensino Baseado na Comunidade.<\/p><p>\u00a0<\/p><p><strong>EIXO II \u2013 INTERIORIZA\u00c7\u00c3O DOS CURSOS M\u00c9DICOS E RESID\u00caNCIAS EM SA\u00daDE: Desafios e oportunidades<\/strong><br \/>Aspectos relacionados \u00e0 expans\u00e3o da forma\u00e7\u00e3o m\u00e9dica e das resid\u00eancias para al\u00e9m dos grandes centros urbanos, buscando garantir uma distribui\u00e7\u00e3o mais equitativa da forma\u00e7\u00e3o e do acesso a servi\u00e7os de sa\u00fade, principalmente em regi\u00f5es mais remotas e carentes de profissionais. <\/p><p>\u00a0<\/p><p><strong>EIXO III \u2013 Diversidade de SABERES NA EDUCA\u00c7\u00c3O M\u00c9DICA<\/strong><br \/>O objetivo \u00e9 explorar as diferentes formas de conhecimento que contribuem para a forma\u00e7\u00e3o m\u00e9dica, reconhecendo que o aprendizado n\u00e3o se restringe ao saber t\u00e9cnico ou cient\u00edfico, mas tamb\u00e9m inclui saberes pr\u00e1ticos, culturais, sociais, filos\u00f3ficos e at\u00e9 espirituais. Esse eixo prop\u00f5e tamb\u00e9m uma reflex\u00e3o cr\u00edtica sobre como a educa\u00e7\u00e3o m\u00e9dica pode ser mais inclusiva, integradora e contextualizada, valorizando as m\u00faltiplas fontes de conhecimento que moldam o cuidado em sa\u00fade e a inclus\u00e3o para forma\u00e7\u00e3o de pessoas com defici\u00eancia.<\/p><p>\u00a0<\/p><p><strong>EIXO IV \u2013 A FORMA\u00c7\u00c3O M\u00c9DICA PARA O CUIDADO AOS POVOS DO CAMPO, \u00c1GUAS E FLORESTAS<\/strong> <br \/>Abordar uma ampla gama de t\u00f3picos que envolvem as especificidades de cuidado e as necessidades de sa\u00fade das popula\u00e7\u00f5es que habitam \u00e1reas rurais, ind\u00edgenas, ribeirinhas, quilombolas e outras comunidades tradicionais. O foco principal seria explorar como a forma\u00e7\u00e3o m\u00e9dica pode ser adaptada para atender adequadamente essas popula\u00e7\u00f5es, considerando seus saberes, culturas e as condi\u00e7\u00f5es de vida \u00fanicas em contextos rurais e ambientais.<\/p><p>\u00a0<\/p><p><strong>EIXO V \u2013 CUIDADO AO DISCENTE E RESIDENTE: Inova\u00e7\u00e3o e Bem-Estar na Forma\u00e7\u00e3o M\u00e9dica<\/strong><br \/>Discutir estrat\u00e9gias para promover o bem-estar, a sa\u00fade mental e a qualidade de vida dos estudantes de medicina e residentes, reconhecendo os desafios emocionais e psicol\u00f3gicos que eles enfrentam durante sua forma\u00e7\u00e3o. Al\u00e9m disso, a ideia \u00e9 explorar inova\u00e7\u00f5es pedag\u00f3gicas e novas tecnologias e modelos de cuidado que possam melhorar a experi\u00eancia de aprendizagem e o desenvolvimento profissional desses futuros m\u00e9dicos.<\/p><p>\u00a0<\/p>\t\t\t\t\t\t\t\t<\/div>\n\t\t\t\t<\/div>\n\t\t\t\t<div class=\"elementor-element elementor-element-1e64017 elementor-widget elementor-widget-spacer\" data-id=\"1e64017\" data-element_type=\"widget\" data-widget_type=\"spacer.default\">\n\t\t\t\t<div class=\"elementor-widget-container\">\n\t\t\t\t\t\t\t<div class=\"elementor-spacer\">\n\t\t\t<div class=\"elementor-spacer-inner\"><\/div>\n\t\t<\/div>\n\t\t\t\t\t\t<\/div>\n\t\t\t\t<\/div>\n\t\t\t\t\t<\/div>\n\t\t<\/div>\n\t\t\t\t\t<\/div>\n\t\t<\/section>\n\t\t\t\t<\/div>\n\t\t","protected":false},"excerpt":{"rendered":"<p>EIXOS TEM\u00c1TICOS EIXOS TEM\u00c1TICOS | 63\u00ba COBEM Tema Central:\u201cDO MAR AO SERT\u00c3O: OS NOVOS PARADIGMAS DA EDUCA\u00c7\u00c3O M\u00c9DICA\u201d EIXO I &#8211; A Forma\u00e7\u00e3o no territ\u00f3rio e a responsabilidade socialNeste eixo ser\u00e3o abordadas tem\u00e1ticas com foco na integra\u00e7\u00e3o entre as pr\u00e1ticas de sa\u00fade, a forma\u00e7\u00e3o dos profissionais m\u00e9dicos e o compromisso com as necessidades das comunidades [&hellip;]<\/p>\n","protected":false},"author":1,"featured_media":0,"parent":181,"menu_order":3,"comment_status":"closed","ping_status":"closed","template":"elementor_header_footer","meta":{"ocean_post_layout":"","ocean_both_sidebars_style":"","ocean_both_sidebars_content_width":0,"ocean_both_sidebars_sidebars_width":0,"ocean_sidebar":"0","ocean_second_sidebar":"0","ocean_disable_margins":"enable","ocean_add_body_class":"","ocean_shortcode_before_top_bar":"","ocean_shortcode_after_top_bar":"","ocean_shortcode_before_header":"","ocean_shortcode_after_header":"","ocean_has_shortcode":"","ocean_shortcode_after_title":"","ocean_shortcode_before_footer_widgets":"","ocean_shortcode_after_footer_widgets":"","ocean_shortcode_before_footer_bottom":"","ocean_shortcode_after_footer_bottom":"","ocean_display_top_bar":"default","ocean_display_header":"default","ocean_header_style":"","ocean_center_header_left_menu":"0","ocean_custom_header_template":"0","ocean_custom_logo":0,"ocean_custom_retina_logo":0,"ocean_custom_logo_max_width":0,"ocean_custom_logo_tablet_max_width":0,"ocean_custom_logo_mobile_max_width":0,"ocean_custom_logo_max_height":0,"ocean_custom_logo_tablet_max_height":0,"ocean_custom_logo_mobile_max_height":0,"ocean_header_custom_menu":"0","ocean_menu_typo_font_family":"0","ocean_menu_typo_font_subset":"","ocean_menu_typo_font_size":0,"ocean_menu_typo_font_size_tablet":0,"ocean_menu_typo_font_size_mobile":0,"ocean_menu_typo_font_size_unit":"px","ocean_menu_typo_font_weight":"","ocean_menu_typo_font_weight_tablet":"","ocean_menu_typo_font_weight_mobile":"","ocean_menu_typo_transform":"","ocean_menu_typo_transform_tablet":"","ocean_menu_typo_transform_mobile":"","ocean_menu_typo_line_height":0,"ocean_menu_typo_line_height_tablet":0,"ocean_menu_typo_line_height_mobile":0,"ocean_menu_typo_line_height_unit":"","ocean_menu_typo_spacing":0,"ocean_menu_typo_spacing_tablet":0,"ocean_menu_typo_spacing_mobile":0,"ocean_menu_typo_spacing_unit":"","ocean_menu_link_color":"","ocean_menu_link_color_hover":"","ocean_menu_link_color_active":"","ocean_menu_link_background":"","ocean_menu_link_hover_background":"","ocean_menu_link_active_background":"","ocean_menu_social_links_bg":"","ocean_menu_social_hover_links_bg":"","ocean_menu_social_links_color":"","ocean_menu_social_hover_links_color":"","ocean_disable_title":"default","ocean_disable_heading":"default","ocean_post_title":"","ocean_post_subheading":"","ocean_post_title_style":"","ocean_post_title_background_color":"","ocean_post_title_background":0,"ocean_post_title_bg_image_position":"","ocean_post_title_bg_image_attachment":"","ocean_post_title_bg_image_repeat":"","ocean_post_title_bg_image_size":"","ocean_post_title_height":0,"ocean_post_title_bg_overlay":0.5,"ocean_post_title_bg_overlay_color":"","ocean_disable_breadcrumbs":"default","ocean_breadcrumbs_color":"","ocean_breadcrumbs_separator_color":"","ocean_breadcrumbs_links_color":"","ocean_breadcrumbs_links_hover_color":"","ocean_display_footer_widgets":"default","ocean_display_footer_bottom":"default","ocean_custom_footer_template":"0","footnotes":""},"class_list":["post-291","page","type-page","status-publish","hentry","entry"],"_links":{"self":[{"href":"https:\/\/cobem.com.br\/2025\/wp-json\/wp\/v2\/pages\/291","targetHints":{"allow":["GET"]}}],"collection":[{"href":"https:\/\/cobem.com.br\/2025\/wp-json\/wp\/v2\/pages"}],"about":[{"href":"https:\/\/cobem.com.br\/2025\/wp-json\/wp\/v2\/types\/page"}],"author":[{"embeddable":true,"href":"https:\/\/cobem.com.br\/2025\/wp-json\/wp\/v2\/users\/1"}],"replies":[{"embeddable":true,"href":"https:\/\/cobem.com.br\/2025\/wp-json\/wp\/v2\/comments?post=291"}],"version-history":[{"count":39,"href":"https:\/\/cobem.com.br\/2025\/wp-json\/wp\/v2\/pages\/291\/revisions"}],"predecessor-version":[{"id":854,"href":"https:\/\/cobem.com.br\/2025\/wp-json\/wp\/v2\/pages\/291\/revisions\/854"}],"up":[{"embeddable":true,"href":"https:\/\/cobem.com.br\/2025\/wp-json\/wp\/v2\/pages\/181"}],"wp:attachment":[{"href":"https:\/\/cobem.com.br\/2025\/wp-json\/wp\/v2\/media?parent=291"}],"curies":[{"name":"wp","href":"https:\/\/api.w.org\/{rel}","templated":true}]}}