{"id":1672,"date":"2025-08-05T18:10:31","date_gmt":"2025-08-05T21:10:31","guid":{"rendered":"https:\/\/cobem.com.br\/2025\/?page_id=1672"},"modified":"2025-08-07T14:08:42","modified_gmt":"2025-08-07T17:08:42","slug":"alojamento-estudantil","status":"publish","type":"page","link":"https:\/\/cobem.com.br\/2025\/o-cobem\/alojamento-estudantil\/","title":{"rendered":"Alojamento Estudantil"},"content":{"rendered":"\t\t<div data-elementor-type=\"wp-page\" data-elementor-id=\"1672\" class=\"elementor elementor-1672\" data-elementor-post-type=\"page\">\n\t\t\t\t\t\t<section class=\"elementor-section elementor-top-section elementor-element elementor-element-420c082 elementor-section-height-min-height elementor-section-items-top elementor-section-boxed elementor-section-height-default\" data-id=\"420c082\" data-element_type=\"section\" data-settings=\"{&quot;background_background&quot;:&quot;classic&quot;}\">\n\t\t\t\t\t\t\t<div class=\"elementor-background-overlay\"><\/div>\n\t\t\t\t\t\t\t<div class=\"elementor-container elementor-column-gap-default\">\n\t\t\t\t\t<div class=\"elementor-column elementor-col-100 elementor-top-column elementor-element elementor-element-3365024\" data-id=\"3365024\" data-element_type=\"column\">\n\t\t\t<div class=\"elementor-widget-wrap elementor-element-populated\">\n\t\t\t\t\t\t<div class=\"elementor-element elementor-element-cb49f57 elementor-widget elementor-widget-heading\" data-id=\"cb49f57\" data-element_type=\"widget\" data-widget_type=\"heading.default\">\n\t\t\t\t<div class=\"elementor-widget-container\">\n\t\t\t\t\t<h2 class=\"elementor-heading-title elementor-size-default\">SUBMISS\u00c3O DE OFICINAS<\/h2>\t\t\t\t<\/div>\n\t\t\t\t<\/div>\n\t\t\t\t\t<\/div>\n\t\t<\/div>\n\t\t\t\t\t<\/div>\n\t\t<\/section>\n\t\t\t\t<section class=\"elementor-section elementor-top-section elementor-element elementor-element-f62d6f9 elementor-section-boxed elementor-section-height-default elementor-section-height-default\" data-id=\"f62d6f9\" data-element_type=\"section\" data-settings=\"{&quot;background_background&quot;:&quot;classic&quot;}\">\n\t\t\t\t\t\t<div class=\"elementor-container elementor-column-gap-default\">\n\t\t\t\t\t<div class=\"elementor-column elementor-col-100 elementor-top-column elementor-element elementor-element-f16c5a4\" data-id=\"f16c5a4\" data-element_type=\"column\">\n\t\t\t<div class=\"elementor-widget-wrap elementor-element-populated\">\n\t\t\t\t\t\t<div class=\"elementor-element elementor-element-38fecf4 elementor-widget elementor-widget-heading\" data-id=\"38fecf4\" data-element_type=\"widget\" data-widget_type=\"heading.default\">\n\t\t\t\t<div class=\"elementor-widget-container\">\n\t\t\t\t\t<h2 class=\"elementor-heading-title elementor-size-default\">REGULAMENTO PARA USO DO ALOJAMENTO<br \/>COMUNIT\u00c1RIO ESTUDANTIL:<\/h2>\t\t\t\t<\/div>\n\t\t\t\t<\/div>\n\t\t\t\t<div class=\"elementor-element elementor-element-14809a6 elementor-widget__width-initial elementor-widget elementor-widget-text-editor\" data-id=\"14809a6\" data-element_type=\"widget\" data-widget_type=\"text-editor.default\">\n\t\t\t\t<div class=\"elementor-widget-container\">\n\t\t\t\t\t\t\t\t\t<p><strong>1. CONSIDERA\u00c7\u00d5ES GERAIS<\/strong><\/p><p><strong>1.1.<\/strong>\u00a0O presente regulamento cont\u00e9m as normas das inscri\u00e7\u00f5es para o alojamento comunit\u00e1rio a ser oferecido durante o 63\u00b0 Congresso de Educa\u00e7\u00e3o M\u00e9dica \u2013 COBEM, bem como sobre as normas de funcionamento. O acesso ao alojamento estar\u00e1 dispon\u00edvel entre os dias 10 e 14 de Setembro de 2025 em Natal, no Manero Hostel.<\/p><p>O alojamento comunit\u00e1rio estar\u00e1 localizado na Rua Barra do Rio, 2194 &#8211; Ponta Negra, Natal-RN.<\/p><p><strong>\u2013 Data de entrada no alojamento: 10\/09\/2025 (a partir das 10h)<\/strong><br \/><strong>\u2013 Data de sa\u00edda do alojamento: 14\/09\/2025 (at\u00e9 \u00e0s 17h)<\/strong><\/p><p><strong><br \/>2. INSCRI\u00c7\u00c3O<\/strong><\/p><p><strong>2.1.<\/strong>\u00a0Ser\u00e3o disponibilizadas 70 (setenta) vagas.<\/p><p>\u00a0 \u00a0 \u00a0 2.1.1. Em continuidade \u00e0 pol\u00edtica de a\u00e7\u00f5es afirmativas da Abem, a Comiss\u00e3o Organizadora do Cobem definiu que parte dessas vagas estar\u00e3o acondicionadas para os estudantes contemplados no edital de A\u00e7\u00f5es Afirmativas do 63\u00ba Cobem, desde que manifestem a confirma\u00e7\u00e3o de interesse realizando sua inscri\u00e7\u00e3o no alojamento conforme definido neste regulamento.<\/p><p>\u00a0 \u00a0 \u00a0 2.1.2. Os estudantes palestrantes tamb\u00e9m ter\u00e3o acesso \u00e0s inscri\u00e7\u00f5es de forma priorit\u00e1ria.<\/p><p>\u00a0 \u00a0 \u00a0 \u00a02.1.3. A inscri\u00e7\u00e3o dos candidatos neste edital se encerrar\u00e1 no dia 29\/08\/2025 ou quando acabarem as vagas.<\/p><p><strong>2.2.<\/strong>\u00a0As vagas contemplam estudantes devidamente matriculados em Institui\u00e7\u00e3o de Ensino Superior (IES) autorizadas pelo Minist\u00e9rio da Educa\u00e7\u00e3o.<\/p><p><strong>2.3.<\/strong>\u00a0O acad\u00eamico dever\u00e1 pagar o valor de R$ 70,00 (Setenta Reais) para sua inscri\u00e7\u00e3o ao alojamento. Somente ser\u00e1 confirmada a inscri\u00e7\u00e3o ap\u00f3s compensa\u00e7\u00e3o do pagamento da fatura gerada no ato da inscri\u00e7\u00e3o. A reserva \u00e9 feita por ordem de pagamento.\u00a0<strong>Na ocorr\u00eancia do n\u00e3o pagamento, a reserva ser\u00e1 cancelada automaticamente.<\/strong><\/p><p><strong>\u00a0 \u00a0 \u00a0 2.3.1. Em caso de n\u00e3o comparecimento ou cancelamento, o valor pago pela inscri\u00e7\u00e3o n\u00e3o ser\u00e1 devolvido. A inscri\u00e7\u00e3o \u00e9 intransfer\u00edvel, ou seja, n\u00e3o \u00e9 poss\u00edvel transferir a inscri\u00e7\u00e3o para outra pessoa.<\/strong><\/p><p><strong>2.4.<\/strong>\u00a0A inscri\u00e7\u00e3o no alojamento estar\u00e1 dispon\u00edvel da seguinte maneira:<\/p><p>&#8211; Para os estudantes contemplados pelas <strong>a<\/strong><strong>\u00e7\u00f5es afirmativas a partir de\u00a007\/08\/2025<\/strong>, <br \/>&#8211; Para os palestrantes a partir de <strong>14\/08\/2025<br \/><\/strong>&#8211; Aos demais congressistas j\u00e1 inscritos no evento a partir de 21\/08\/2025, <strong>pelo painel do congressista do evento no menu:\u00a0<\/strong><strong>Programa\u00e7\u00e3o -&gt; Alojamento\u00a0<\/strong><strong>(procurar pelo evento alojamento).<\/strong><\/p><p><strong>2.5.<\/strong>\u00a0N\u00e3o ser\u00e3o aceitas inscri\u00e7\u00f5es realizadas ou solicitadas por qualquer outro meio que n\u00e3o o especificado no Item 2.4.<\/p><p><strong>2.6.<\/strong>\u00a0Em caso de desist\u00eancia, o discente deve informar a comiss\u00e3o organizadora do evento atrav\u00e9s do e-mail\u00a0<strong>secretaria@abem-educmed.org.br<\/strong>, para que a vaga possa ser disponibilizada para discentes em lista de espera.<\/p><p><strong>3. SOBRE A MODALIDADE \u201cALOJAMENTO COMUNIT\u00c1RIO\u201d<\/strong><\/p><p><strong>3.1.<\/strong>\u00a0A modalidade consiste em oferecer alojamento comunit\u00e1rio aos congressistas discentes interessados, a qual ser\u00e1 disponibilizado no\u00a0<strong>Manero Hostel<\/strong>, entre os dias 10 e 14 de setembro de 2025.<\/p><p><strong>3.2.<\/strong>\u00a0O alojamento est\u00e1 localizado na Rua Barra do Rio, 2194 &#8211; Ponta Negra, Natal-RN.<\/p><p><strong>3.3.<\/strong>\u00a0O alojamento ir\u00e1 dispor de 70 vagas, com banheiros, chuveiros, roupas de cama e banho.<\/p><p><strong>3.4.<\/strong>\u00a0A entrada no alojamento s\u00f3 ser\u00e1 permitida mediante identifica\u00e7\u00e3o entregue \u00e0 Comiss\u00e3o Organizadora na chegada ao alojamento, que ser\u00e1 sua garantia de livre acesso \u00e0s depend\u00eancias do alojamento.<\/p><p><strong>4. DOS DIREITOS E DEVERES<\/strong><\/p><p><strong>4.1.<\/strong>\u00a0O alojamento \u00e9 exclusivo aos congressistas discentes inscritos do 63\u00b0 COBEM.<\/p><p><strong>4.2.<\/strong>\u00a0Dos deveres dos usu\u00e1rios do alojamento:<\/p><p>\u00a0 \u00a0 \u00a0 4.2.1. Levar, para fins de uso pessoal, objetos de higiene (sabonete, escova e creme dental, shampoo, etc.);<\/p><p>\u00a0 \u00a0 \u00a0 4.2.2. Levar medicamentos de uso pessoal, se utilizados, responsabilizando-se por seu armazenamento e por sua utiliza\u00e7\u00e3o.<\/p><p>\u00a0 \u00a0 \u00a0 4.2.3. Assinar o termo de responsabilidade na entrada do alojamento.<\/p><p><strong>4.3.<\/strong>\u00a0Dos direitos dos usu\u00e1rios do alojamento:<\/p><p>\u00a0 \u00a0 \u00a0 4.3.1. Usufruir do patrim\u00f4nio do alojamento;<\/p><p>\u00a0 \u00a0 \u00a0 4.3.2. Usufruir da vaga que lhe foi destinada, salvaguardando e garantindo a integridade da \u00e1rea ocupada, assim como dos bens patrimoniais que a guarnecem;<\/p><p>\u00a0 \u00a0 \u00a0 4.3.3. Cama com colch\u00e3o;<\/p><p>\u00a0 \u00a0 \u00a0 4.3.4. Caf\u00e9 da manh\u00e3 nos dias 11, 12, 13 e 14\/09\/2025 no alojamento;<\/p><p>\u00a0 \u00a0 \u00a0 4.3.5. Seguran\u00e7a e equipe de limpeza durante o evento;<\/p><p><strong>4.4.<\/strong>\u00a0Dos deveres da organiza\u00e7\u00e3o do Evento:<\/p><p>\u00a0 \u00a0 \u00a0 4.4.1. Hospedar os congressistas entre os dias 10 e 14 de setembro de 2025;<\/p><p>\u00a0 \u00a0 4.4.2. Fornecer caf\u00e9 da manh\u00e3, seguran\u00e7a e limpeza no alojamento.<\/p><p>\u00a0 \u00a0 \u00a0 4.4.3. A Comiss\u00e3o Organizadora n\u00e3o assume qualquer responsabilidade pelos pertences e objetos de valor deixados ou perdidos no interior do Alojamento.<\/p><p><strong>5. DAS FINALIDADES<\/strong><\/p><p><strong>5.1.<\/strong>\u00a0S\u00e3o finalidades a ambas as partes envolvidas, alojado e organiza\u00e7\u00e3o:<\/p><p>\u00a0 \u00a0 \u00a0 5.1.1. Oferecer alojamento de baixo custo aos estudantes;<\/p><p>\u00a0 \u00a0 \u00a0 5.1.2. Conhecer a realidade de estudantes de medicina de diferentes faculdades e\/ou universidades.<\/p><p><strong>6. DAS PROIBI\u00c7\u00d5ES<\/strong><\/p><p><strong>6.1.<\/strong>\u00a0\u00c9 terminantemente proibido aos beneficiados com a concess\u00e3o de vaga no alojamento:<\/p><p>\u00a0 \u00a0 \u00a0 6.1.1. A\u00e7\u00f5es de discrimina\u00e7\u00e3o de qualquer natureza; racismo; lgbtqiapn+fobia; machismo; capacitismo; xenofobia e quaisquer outras formas de preconceito, intoler\u00e2ncia e viol\u00eancia;<\/p><p>\u00a0 \u00a0 \u00a0 6.1.2. Utilizar os equipamentos de combate a inc\u00eandio, bem como as escadas, para outros fins que n\u00e3o sejam os de seguran\u00e7a;<\/p><p>\u00a0 \u00a0 \u00a0 6.1.3. Manter armas de fogo em qualquer depend\u00eancia do alojamento;<\/p><p>\u00a0 \u00a0 \u00a0 6.1.4. Levar ou manter animais no alojamento;<\/p><p>\u00a0 \u00a0 \u00a0 6.1.5. Permitir ou facilitar a entrada de pessoas estranhas, sem estarem devidamente identificadas e autorizadas pela organiza\u00e7\u00e3o;<\/p><p>\u00a0 \u00a0 \u00a0 6.1.6. Retirar bens patrimoniais que guarne\u00e7am os pr\u00e9dios e ou locais em que estiverem ocupando vaga no alojamento;<\/p><p>\u00a0 \u00a0 \u00a0 6.1.7. Manter ou utilizar subst\u00e2ncias t\u00f3xicas, explosivas ou inflam\u00e1veis em qualquer \u00e1rea do alojamento;<\/p><p>\u00a0 \u00a0 \u00a0 6.1.8. Depositar lixo fora dos locais espec\u00edficos para esta finalidade;<\/p><p>\u00a0 \u00a0 \u00a0 6.1.9. Perturbar o bom funcionamento do alojamento;<\/p><p><strong>7. CRIT\u00c9RIOS DE SELE\u00c7\u00c3O<\/strong><\/p><p><strong>7.1.<\/strong>\u00a0As vagas ser\u00e3o reservadas prioritariamente para aqueles aprovados no edital de a\u00e7\u00f5es afirmativas e palestrantes discentes, por ordem de inscri\u00e7\u00e3o;<\/p><p><strong>7.2.<\/strong>\u00a0Se houver excedente, as vagas ser\u00e3o disponibilizadas para demais discentes inscritos.<\/p><p><strong>8. DAS DISPOSI\u00c7\u00d5ES FINAIS<\/strong><\/p><p><strong>8.1.<\/strong>\u00a0A inscri\u00e7\u00e3o neste edital denota a concord\u00e2ncia esclarecida com o compromisso de indeniza\u00e7\u00e3o, por parte do alojado envolvido, por qualquer dano causado ao patrim\u00f4nio do Manero Hostel.<\/p><p><strong>8.2.<\/strong>\u00a0A Comiss\u00e3o Organizadora reserva-se o direito de cancelar, interromper, suspender ou adiar este edital no todo ou em parte, em caso fortuito ou de for\u00e7a maior.<\/p><p><strong>8.3.<\/strong>\u00a0A Abem e o Cobem n\u00e3o se responsabilizam por pertences deixados no local, perdidos ou extraviados, devendo cada um dos estudantes alojados supervisionar e zelar por seus pertences e os dos demais.<\/p><p><strong>8.4.<\/strong>\u00a0Os casos omissos ser\u00e3o resolvidos pela comiss\u00e3o organizadora do COBEM. Em caso de d\u00favidas, encaminhar e-mail para o endere\u00e7o:\u00a0<strong>secretaria@abem-educmed.org.br<\/strong>. Este Regulamento entra em vigor na data de sua publica\u00e7\u00e3o, revogadas as disposi\u00e7\u00f5es em contr\u00e1rio.<\/p><p><strong>8.5.<\/strong>\u00a0A Comiss\u00e3o Organizadora \u00e9 soberana nas suas decis\u00f5es, inexistindo a possibilidade de qualquer esp\u00e9cie de recursos ap\u00f3s delibera\u00e7\u00e3o.<\/p><p>Natal, 07 de agosto de 2025<br \/><strong>63\u00ba Congresso Brasileiro de Educa\u00e7\u00e3o M\u00e9dica<\/strong><br \/>Comiss\u00e3o Organizadora<\/p>\t\t\t\t\t\t\t\t<\/div>\n\t\t\t\t<\/div>\n\t\t\t\t<div class=\"elementor-element elementor-element-fc4834d elementor-widget elementor-widget-spacer\" data-id=\"fc4834d\" data-element_type=\"widget\" data-widget_type=\"spacer.default\">\n\t\t\t\t<div class=\"elementor-widget-container\">\n\t\t\t\t\t\t\t<div class=\"elementor-spacer\">\n\t\t\t<div class=\"elementor-spacer-inner\"><\/div>\n\t\t<\/div>\n\t\t\t\t\t\t<\/div>\n\t\t\t\t<\/div>\n\t\t\t\t\t<\/div>\n\t\t<\/div>\n\t\t\t\t\t<\/div>\n\t\t<\/section>\n\t\t\t\t<\/div>\n\t\t","protected":false},"excerpt":{"rendered":"<p>SUBMISS\u00c3O DE OFICINAS REGULAMENTO PARA USO DO ALOJAMENTOCOMUNIT\u00c1RIO ESTUDANTIL: 1. CONSIDERA\u00c7\u00d5ES GERAIS 1.1.\u00a0O presente regulamento cont\u00e9m as normas das inscri\u00e7\u00f5es para o alojamento comunit\u00e1rio a ser oferecido durante o 63\u00b0 Congresso de Educa\u00e7\u00e3o M\u00e9dica \u2013 COBEM, bem como sobre as normas de funcionamento. O acesso ao alojamento estar\u00e1 dispon\u00edvel entre os dias 10 e 14 [&hellip;]<\/p>\n","protected":false},"author":1,"featured_media":0,"parent":181,"menu_order":4,"comment_status":"closed","ping_status":"closed","template":"elementor_header_footer","meta":{"ocean_post_layout":"","ocean_both_sidebars_style":"","ocean_both_sidebars_content_width":0,"ocean_both_sidebars_sidebars_width":0,"ocean_sidebar":"0","ocean_second_sidebar":"0","ocean_disable_margins":"enable","ocean_add_body_class":"","ocean_shortcode_before_top_bar":"","ocean_shortcode_after_top_bar":"","ocean_shortcode_before_header":"","ocean_shortcode_after_header":"","ocean_has_shortcode":"","ocean_shortcode_after_title":"","ocean_shortcode_before_footer_widgets":"","ocean_shortcode_after_footer_widgets":"","ocean_shortcode_before_footer_bottom":"","ocean_shortcode_after_footer_bottom":"","ocean_display_top_bar":"default","ocean_display_header":"default","ocean_header_style":"","ocean_center_header_left_menu":"0","ocean_custom_header_template":"0","ocean_custom_logo":0,"ocean_custom_retina_logo":0,"ocean_custom_logo_max_width":0,"ocean_custom_logo_tablet_max_width":0,"ocean_custom_logo_mobile_max_width":0,"ocean_custom_logo_max_height":0,"ocean_custom_logo_tablet_max_height":0,"ocean_custom_logo_mobile_max_height":0,"ocean_header_custom_menu":"0","ocean_menu_typo_font_family":"0","ocean_menu_typo_font_subset":"","ocean_menu_typo_font_size":0,"ocean_menu_typo_font_size_tablet":0,"ocean_menu_typo_font_size_mobile":0,"ocean_menu_typo_font_size_unit":"px","ocean_menu_typo_font_weight":"","ocean_menu_typo_font_weight_tablet":"","ocean_menu_typo_font_weight_mobile":"","ocean_menu_typo_transform":"","ocean_menu_typo_transform_tablet":"","ocean_menu_typo_transform_mobile":"","ocean_menu_typo_line_height":0,"ocean_menu_typo_line_height_tablet":0,"ocean_menu_typo_line_height_mobile":0,"ocean_menu_typo_line_height_unit":"","ocean_menu_typo_spacing":0,"ocean_menu_typo_spacing_tablet":0,"ocean_menu_typo_spacing_mobile":0,"ocean_menu_typo_spacing_unit":"","ocean_menu_link_color":"","ocean_menu_link_color_hover":"","ocean_menu_link_color_active":"","ocean_menu_link_background":"","ocean_menu_link_hover_background":"","ocean_menu_link_active_background":"","ocean_menu_social_links_bg":"","ocean_menu_social_hover_links_bg":"","ocean_menu_social_links_color":"","ocean_menu_social_hover_links_color":"","ocean_disable_title":"default","ocean_disable_heading":"default","ocean_post_title":"","ocean_post_subheading":"","ocean_post_title_style":"","ocean_post_title_background_color":"","ocean_post_title_background":0,"ocean_post_title_bg_image_position":"","ocean_post_title_bg_image_attachment":"","ocean_post_title_bg_image_repeat":"","ocean_post_title_bg_image_size":"","ocean_post_title_height":0,"ocean_post_title_bg_overlay":0.5,"ocean_post_title_bg_overlay_color":"","ocean_disable_breadcrumbs":"default","ocean_breadcrumbs_color":"","ocean_breadcrumbs_separator_color":"","ocean_breadcrumbs_links_color":"","ocean_breadcrumbs_links_hover_color":"","ocean_display_footer_widgets":"default","ocean_display_footer_bottom":"default","ocean_custom_footer_template":"0","footnotes":""},"class_list":["post-1672","page","type-page","status-publish","hentry","entry"],"_links":{"self":[{"href":"https:\/\/cobem.com.br\/2025\/wp-json\/wp\/v2\/pages\/1672","targetHints":{"allow":["GET"]}}],"collection":[{"href":"https:\/\/cobem.com.br\/2025\/wp-json\/wp\/v2\/pages"}],"about":[{"href":"https:\/\/cobem.com.br\/2025\/wp-json\/wp\/v2\/types\/page"}],"author":[{"embeddable":true,"href":"https:\/\/cobem.com.br\/2025\/wp-json\/wp\/v2\/users\/1"}],"replies":[{"embeddable":true,"href":"https:\/\/cobem.com.br\/2025\/wp-json\/wp\/v2\/comments?post=1672"}],"version-history":[{"count":10,"href":"https:\/\/cobem.com.br\/2025\/wp-json\/wp\/v2\/pages\/1672\/revisions"}],"predecessor-version":[{"id":1683,"href":"https:\/\/cobem.com.br\/2025\/wp-json\/wp\/v2\/pages\/1672\/revisions\/1683"}],"up":[{"embeddable":true,"href":"https:\/\/cobem.com.br\/2025\/wp-json\/wp\/v2\/pages\/181"}],"wp:attachment":[{"href":"https:\/\/cobem.com.br\/2025\/wp-json\/wp\/v2\/media?parent=1672"}],"curies":[{"name":"wp","href":"https:\/\/api.w.org\/{rel}","templated":true}]}}