{"id":1551,"date":"2025-05-05T12:17:47","date_gmt":"2025-05-05T15:17:47","guid":{"rendered":"https:\/\/cobem.com.br\/2025\/?page_id=1551"},"modified":"2025-08-11T19:21:47","modified_gmt":"2025-08-11T22:21:47","slug":"acoes-afirmativas","status":"publish","type":"page","link":"https:\/\/cobem.com.br\/2025\/o-cobem\/acoes-afirmativas\/","title":{"rendered":"EDITAL A\u00c7\u00d5ES AFIRMATIVAS"},"content":{"rendered":"\t\t<div data-elementor-type=\"wp-page\" data-elementor-id=\"1551\" class=\"elementor elementor-1551\" data-elementor-post-type=\"page\">\n\t\t\t\t\t\t<section class=\"elementor-section elementor-top-section elementor-element elementor-element-420c082 elementor-section-height-min-height elementor-section-items-top elementor-section-boxed elementor-section-height-default\" data-id=\"420c082\" data-element_type=\"section\" data-settings=\"{&quot;background_background&quot;:&quot;classic&quot;}\">\n\t\t\t\t\t\t\t<div class=\"elementor-background-overlay\"><\/div>\n\t\t\t\t\t\t\t<div class=\"elementor-container elementor-column-gap-default\">\n\t\t\t\t\t<div class=\"elementor-column elementor-col-100 elementor-top-column elementor-element elementor-element-3365024\" data-id=\"3365024\" data-element_type=\"column\">\n\t\t\t<div class=\"elementor-widget-wrap elementor-element-populated\">\n\t\t\t\t\t\t<div class=\"elementor-element elementor-element-cb49f57 elementor-widget elementor-widget-heading\" data-id=\"cb49f57\" data-element_type=\"widget\" data-widget_type=\"heading.default\">\n\t\t\t\t<div class=\"elementor-widget-container\">\n\t\t\t\t\t<h2 class=\"elementor-heading-title elementor-size-default\">SUBMISS\u00c3O DE OFICINAS<\/h2>\t\t\t\t<\/div>\n\t\t\t\t<\/div>\n\t\t\t\t\t<\/div>\n\t\t<\/div>\n\t\t\t\t\t<\/div>\n\t\t<\/section>\n\t\t\t\t<section class=\"elementor-section elementor-top-section elementor-element elementor-element-f62d6f9 elementor-section-boxed elementor-section-height-default elementor-section-height-default\" data-id=\"f62d6f9\" data-element_type=\"section\" data-settings=\"{&quot;background_background&quot;:&quot;classic&quot;}\">\n\t\t\t\t\t\t<div class=\"elementor-container elementor-column-gap-default\">\n\t\t\t\t\t<div class=\"elementor-column elementor-col-100 elementor-top-column elementor-element elementor-element-f16c5a4\" data-id=\"f16c5a4\" data-element_type=\"column\">\n\t\t\t<div class=\"elementor-widget-wrap elementor-element-populated\">\n\t\t\t\t\t\t<div class=\"elementor-element elementor-element-774fd2e elementor-widget elementor-widget-heading\" data-id=\"774fd2e\" data-element_type=\"widget\" data-widget_type=\"heading.default\">\n\t\t\t\t<div class=\"elementor-widget-container\">\n\t\t\t\t\t<h2 class=\"elementor-heading-title elementor-size-default\">RESULTADO | A\u00c7\u00d5ES AFIRMATIVAS<\/h2>\t\t\t\t<\/div>\n\t\t\t\t<\/div>\n\t\t\t\t<div class=\"elementor-element elementor-element-a304a24 elementor-widget__width-initial elementor-widget elementor-widget-text-editor\" data-id=\"a304a24\" data-element_type=\"widget\" data-widget_type=\"text-editor.default\">\n\t\t\t\t<div class=\"elementor-widget-container\">\n\t\t\t\t\t\t\t\t\t<p style=\"text-align: center;\">Clique no bot\u00e3o abaixo para acessar o resultado das inscri\u00e7\u00f5es para as a\u00e7\u00f5es afirmativas do<br \/>63\u00ba Congresso Brasileiro de Educa\u00e7\u00e3o M\u00e9dica | COBEM<\/p>\t\t\t\t\t\t\t\t<\/div>\n\t\t\t\t<\/div>\n\t\t\t\t<div class=\"elementor-element elementor-element-d42eb5a elementor-align-center elementor-widget elementor-widget-button\" data-id=\"d42eb5a\" data-element_type=\"widget\" data-widget_type=\"button.default\">\n\t\t\t\t<div class=\"elementor-widget-container\">\n\t\t\t\t\t\t\t\t\t<div class=\"elementor-button-wrapper\">\n\t\t\t\t\t<a class=\"elementor-button elementor-button-link elementor-size-md\" href=\"https:\/\/cobem.com.br\/2025\/wp-content\/uploads\/2025\/06\/RESULTADO_ACOES_AFIRMATIVAS_63COBEM_RN.pdf\" target=\"_blank\">\n\t\t\t\t\t\t<span class=\"elementor-button-content-wrapper\">\n\t\t\t\t\t\t\t\t\t<span class=\"elementor-button-text\">ACESSAR RESULTADO | 1\u00aa Chamada<\/span>\n\t\t\t\t\t<\/span>\n\t\t\t\t\t<\/a>\n\t\t\t\t<\/div>\n\t\t\t\t\t\t\t\t<\/div>\n\t\t\t\t<\/div>\n\t\t\t\t<div class=\"elementor-element elementor-element-14f970b elementor-align-center elementor-widget elementor-widget-button\" data-id=\"14f970b\" data-element_type=\"widget\" data-widget_type=\"button.default\">\n\t\t\t\t<div class=\"elementor-widget-container\">\n\t\t\t\t\t\t\t\t\t<div class=\"elementor-button-wrapper\">\n\t\t\t\t\t<a class=\"elementor-button elementor-button-link elementor-size-md\" href=\"https:\/\/cobem.com.br\/2025\/wp-content\/uploads\/2025\/08\/63cobem_Acoes_Afirmativas_2Chamada.pdf\" target=\"_blank\">\n\t\t\t\t\t\t<span class=\"elementor-button-content-wrapper\">\n\t\t\t\t\t\t\t\t\t<span class=\"elementor-button-text\">ACESSAR RESULTADO | 2\u00aa Chamada<\/span>\n\t\t\t\t\t<\/span>\n\t\t\t\t\t<\/a>\n\t\t\t\t<\/div>\n\t\t\t\t\t\t\t\t<\/div>\n\t\t\t\t<\/div>\n\t\t\t\t<div class=\"elementor-element elementor-element-49ce2e8 elementor-widget-divider--view-line elementor-widget elementor-widget-divider\" data-id=\"49ce2e8\" data-element_type=\"widget\" data-widget_type=\"divider.default\">\n\t\t\t\t<div class=\"elementor-widget-container\">\n\t\t\t\t\t\t\t<div class=\"elementor-divider\">\n\t\t\t<span class=\"elementor-divider-separator\">\n\t\t\t\t\t\t<\/span>\n\t\t<\/div>\n\t\t\t\t\t\t<\/div>\n\t\t\t\t<\/div>\n\t\t\t\t<div class=\"elementor-element elementor-element-38fecf4 elementor-widget elementor-widget-heading\" data-id=\"38fecf4\" data-element_type=\"widget\" data-widget_type=\"heading.default\">\n\t\t\t\t<div class=\"elementor-widget-container\">\n\t\t\t\t\t<h2 class=\"elementor-heading-title elementor-size-default\">EDITAL PARA A PROPOSI\u00c7\u00c3O DE A\u00c7\u00d5ES AFIRMATIVAS PARA INSCRI\u00c7\u00d5ES NO<br \/>\n63\u00ba CONGRESSO BRASILEIRO DE EDUCA\u00c7\u00c3O M\u00c9DICA<\/h2>\t\t\t\t<\/div>\n\t\t\t\t<\/div>\n\t\t\t\t<div class=\"elementor-element elementor-element-2af4fbf elementor-widget elementor-widget-heading\" data-id=\"2af4fbf\" data-element_type=\"widget\" data-widget_type=\"heading.default\">\n\t\t\t\t<div class=\"elementor-widget-container\">\n\t\t\t\t\t<h2 class=\"elementor-heading-title elementor-size-default\">\"Do mar ao sert\u00e3o: Os novos paradigmas da educa\u00e7\u00e3o M\u00e9dica\"<br \/><br \/>\n11 a 13 de setembro, Natal\/RN\n<\/h2>\t\t\t\t<\/div>\n\t\t\t\t<\/div>\n\t\t\t\t<div class=\"elementor-element elementor-element-14809a6 elementor-widget__width-initial elementor-widget elementor-widget-text-editor\" data-id=\"14809a6\" data-element_type=\"widget\" data-widget_type=\"text-editor.default\">\n\t\t\t\t<div class=\"elementor-widget-container\">\n\t\t\t\t\t\t\t\t\t<p><b> 1. DO EVENTO<\/b><br \/>1.1. As regras a seguir dizem respeito a a\u00e7\u00f5es afirmativas para inscri\u00e7\u00f5es no 63\u00ba Congresso Brasileiro de Educa\u00e7\u00e3o M\u00e9dica, que ocorrer\u00e1 nos dias <b>11\/09\/2025 a 13\/09\/2025<\/b>, em Natal\/RN.<\/p><p>1.2. A realiza\u00e7\u00e3o do edital de a\u00e7\u00f5es afirmativas tem por objetivo criar oportunidade para que estudantes se inscrevam com isen\u00e7\u00e3o de taxa de inscri\u00e7\u00e3o no COBEM. Diante das desigualdades e opress\u00f5es que historicamente organizaram nossa sociedade, o edital buscar\u00e1 ter no horizonte o combate a essas quest\u00f5es estruturantes na distribui\u00e7\u00e3o destas vagas, objetivando um congresso mais representativo e plural.<\/p><p><b><br \/>2. DAS VAGAS<\/b><\/p><ol start=\"2\"><li>2.1. Ser\u00e3o disponibilizadas<b>10 vagas<\/b>por cada uma das\u00a0<b>9 Regionais da ABEM<\/b>\u00a0(Norte, Nordeste 2, Nordeste 1, Centro-Oeste, Minas Gerais, S\u00e3o Paulo, Rio de Janeiro\/Esp\u00edrito Santo, Sul 2 e Sul 1), totalizando\u00a0<b>90 vagas<\/b>\u00a0neste edital.<\/li><\/ol><p>2.2. As vagas contemplam estudantes de medicina devidamente matriculados em Institui\u00e7\u00e3o de Ensino Superior (IES) autorizadas pelo Minist\u00e9rio da Educa\u00e7\u00e3o.<\/p><p>2.3. O estudante contemplado com uma das vagas deste edital ter\u00e1 sua inscri\u00e7\u00e3o realizada no 63\u00ba COBEM com\u00a0<b>isen\u00e7\u00e3o da taxa de inscri\u00e7\u00e3o.<\/b><\/p><p>2.4. Cada estudante pleitear\u00e1 uma vaga dentro das dispon\u00edveis para sua regional.<\/p><p>2.5. No caso de n\u00e3o preenchimento das vagas de qualquer uma das regionais, as vagas excedentes ser\u00e3o disponibilizadas em uma lista geral para todos os inscritos no edital e n\u00e3o contemplados, independente da regional de origem.<\/p><p><b>3. DA INSCRI\u00c7\u00c3O<\/b><\/p><ol start=\"3\"><li>3.1. O candidato dever\u00e1 se inscrever no Edital atrav\u00e9s do preenchimento do link: <span style=\"color: #0000ff;\"><a style=\"color: #0000ff;\" href=\"https:\/\/forms.gle\/GEvkwugmb8WWArVF9\" target=\"_blank\" rel=\"noopener\">https:\/\/forms.gle\/GEvkwugmb8WWArVF9<\/a><\/span><\/li><\/ol><p>3.2. N\u00e3o ser\u00e3o aceitas inscri\u00e7\u00f5es realizadas ou solicitadas por qualquer outro meio que n\u00e3o o especificado no Item 3.1.<\/p><p>3.3. A inscri\u00e7\u00e3o dos candidatos neste edital se encerrar\u00e1 em\u00a0<b>30\/05\/2025 \u00e0s 23:59h<\/b>\u00a0(hor\u00e1rio de Bras\u00edlia).<\/p><p>3.4. O Edital contemplar\u00e1 apenas candidatos que ainda\u00a0<b>n\u00e3o tenham efetivado o pagamento de sua inscri\u00e7\u00e3o no Cobem at\u00e9 o momento da apura\u00e7\u00e3o dos resultados deste edital.<\/b><\/p><p>3.5. Os candidatos que se inscreverem no Edital e j\u00e1 tiverem efetuado o pagamento de suas inscri\u00e7\u00f5es ser\u00e3o desclassificados, haja visto n\u00e3o estar previsto reembolso do valor de inscri\u00e7\u00e3o.<\/p><p><b>4. DA SELE\u00c7\u00c3O<\/b><\/p><ol start=\"4\"><li>4.1. A sele\u00e7\u00e3o para as vagas de inscri\u00e7\u00f5es no 63\u00ba COBEM pelo edital de a\u00e7\u00f5es afirmativas se dar\u00e1 atrav\u00e9s de grupos e regionais. O grupo 1 ter\u00e1 prioridade sobre o 2 e assim sucessivamente.<\/li><\/ol><p>4.2. Caso n\u00e3o haja inscritos o suficiente de uma regional em um grupo, a sele\u00e7\u00e3o passar\u00e1 para o pr\u00f3ximo grupo, n\u00e3o para outra regional. Caso persista a sobra de vagas, ser\u00e3o contemplados os pr\u00f3ximos da lista geral, independente da regional.<\/p><p>4.3. Cada candidato dever\u00e1 definir o grupo de acordo com o item 4.4. Caso identificado irregularidade na sele\u00e7\u00e3o do grupo, o candidato ser\u00e1 remanejado para o grupo correto.<\/p><p>4.4. Os grupos para sele\u00e7\u00e3o s\u00e3o:<\/p><p><b>Grupo 1:<\/b><br \/>\u00a0 \u00a0 \u00a0 \u25cf Estudantes que tenham ingressado na IES pela Cota:<\/p><p><b>L1<\/b>\u00a0\u2013 Candidatos com renda familiar bruta per capita igual ou inferior a um sal\u00e1rio m\u00ednimo, que tenham cursado integralmente o Ensino M\u00e9dio em escolas p\u00fablicas.<\/p><p><b>L2<\/b>\u00a0\u2013 Candidatos autodeclarados pretos, pardos, quilombolas ou ind\u00edgenas, com renda familiar bruta per capita igual ou inferior a um sal\u00e1rio m\u00ednimo e que tenham cursado integralmente o ensino m\u00e9dio em escola p\u00fablica.<\/p><p><b>L9<\/b>\u00a0\u2013 Candidatos com defici\u00eancia que tenham renda familiar bruta per capita igual ou inferior a um sal\u00e1rio m\u00ednimo, que tenham cursado integralmente o ensino m\u00e9dio em escolas p\u00fablicas.<\/p><p><b>L10<\/b>\u00a0\u2013 Candidatos com defici\u00eancia autodeclarados pretos, pardos, quilombolas ou ind\u00edgenas, com renda familiar bruta per capita igual ou inferior a um sal\u00e1rio m\u00ednimo e que tenham cursado integralmente o ensino m\u00e9dio em escola p\u00fablica.<\/p><ul><li>Estudantes que tenham ingressado na IES com bolsa integral pelo ProUni, pelo Programa Mais M\u00e9dicos ou Programa de Bolsas Institucionais.<\/li><li>Demais modalidades e\/ou processos seletivos especiais que n\u00e3o tenham sido descritos nesse edital, como: Ind\u00edgenas aldeados, Moradores das Comunidades Remanescentes dos Quilombos, Pessoas Trans (transexuais, transg\u00eaneros e travestis), Ciganos, Imigrantes ou Refugiados em situa\u00e7\u00e3o de vulnerabilidade com renda familiar bruta per capita igual ou inferior a um sal\u00e1rio m\u00ednimo e que tenham cursado integralmente o ensino m\u00e9dio em escola p\u00fablica (ou o equivalente em outro pa\u00eds).<\/li><\/ul><p><b>Grupo 2:<\/b><br \/>\u00a0 \u00a0 \u00a0 \u25cf Estudantes que tenham ingressado na IES pela Cota:<\/p><p><b>GRUPO L5<\/b>\u00a0\u2013 Candidatos que, independente da renda, tenham cursado integralmente o ensino m\u00e9dio em escolas p\u00fablicas.<\/p><p><b>GRUPO L6<\/b>\u00a0\u2013 Candidatos autodeclarados pretos, pardos, quilombolas ou ind\u00edgenas que, independente da renda, tenham cursado integralmente o ensino m\u00e9dio em escolas p\u00fablicas.<\/p><p><b>GRUPO L13<\/b>\u00a0\u2013 Candidatos com defici\u00eancia que, independente da renda, tenham cursado integralmente o ensino m\u00e9dio em escolas p\u00fablicas.<\/p><p><b>GRUPO L14<\/b>\u00a0\u2013 Candidatos com defici\u00eancia autodeclarados pretos, pardos, quilombolas ou ind\u00edgenas que, independente da renda, tenham cursado integralmente o ensino m\u00e9dio em escolas p\u00fablicas.<\/p><ul><li>Estudantes que tenham ingressado na IES com bolsa parcial pelo ProUni, pelo Programa Mais M\u00e9dicos, Programa de Bolsas Institucionais ou FIES.<\/li><li>Demais modalidades e\/ou processos seletivos especiais que n\u00e3o tenham sido descritos nesse edital, como: Ind\u00edgenas aldeados, Moradores das Comunidades Remanescentes dos Quilombos, Pessoas Trans (transexuais, transg\u00eaneros e travestis), Ciganos, Imigrantes ou Refugiados em situa\u00e7\u00e3o de vulnerabilidade que independente de renda tenham cursado integralmente o ensino m\u00e9dio em escola p\u00fablica (ou o equivalente em outro pa\u00eds).<\/li><\/ul><p><b>Grupo 3:<\/b><br \/>\u00a0 \u00a0 \u00a0 \u25cf Estudantes que tenham ingressado na IES em ampla concorr\u00eancia em IES p\u00fablicas e\/ou em IES privadas sem programas de financiamento ou bolsas.<\/p><p>4.4.1. Formas de ingresso que n\u00e3o tenham sido descritas nesse edital ser\u00e3o avaliadas atrav\u00e9s da equival\u00eancia, independente da mudan\u00e7a de nomenclatura das categorias.<\/p><p><b>5. DA COMPROVA\u00c7\u00c3O DAS INFORMA\u00c7\u00d5ES<\/b><\/p><ol start=\"5\"><li>5.1. Para comprova\u00e7\u00e3o das informa\u00e7\u00f5es declaradas ser\u00e3o necess\u00e1rios documentos espec\u00edficos para cada crit\u00e9rio.<\/li><\/ol><p>5.2 Dever\u00e1 ser anexada ao formul\u00e1rio descrito no Item 3.1\u00a0<b>documento de Identidade com foto e comprovante de matr\u00edcula na IES no per\u00edodo vigente.<\/b><\/p><p>5.3. Dever\u00e1 ser anexado ao formul\u00e1rio descrito no Item 3.1 documento que comprove a modalidade de ingresso na IES de acordo com o Item 4.3.<\/p><p>5.3.1. Ser\u00e3o aceitos como comprovantes os seguintes documentos: declara\u00e7\u00f5es de matr\u00edcula, lista de aprova\u00e7\u00e3o do vestibular, hist\u00f3rico escolar, declara\u00e7\u00e3o da IES desde que a modalidade esteja explicitada. Para IES privadas, aceitaremos comprovante de pagamento de mensalidade para comprovar ampla concorr\u00eancia. Lista de bolsa ou declara\u00e7\u00e3o da IES para contemplados por bolsa. Para ProUni, o termo de compromisso que todo candidato assina. Para bolsistas pelo Mais M\u00e9dicos, o contrato, print do portal, resultado do processo seletivo ou declara\u00e7\u00e3o da IES. Para FIES, DRI, processo seletivo ou declara\u00e7\u00e3o da IES.<\/p><p>5.4. O candidato ao se inscrever no edital declara que todas as informa\u00e7\u00f5es que enviou s\u00e3o verdadeiras e, por isso, pass\u00edveis de san\u00e7\u00f5es legais em caso de irregularidades.<\/p><p>5.5. O n\u00e3o envio dos documentos obrigat\u00f3rios do item 5.3 implica em desclassifica\u00e7\u00e3o do processo.<\/p><p>5.6. Os dados informados pelos proponentes ser\u00e3o protegidos pela ABEM em conformidade com a vigente Lei Geral de Prote\u00e7\u00e3o de Dados Pessoais \u2013 LGPD (Lei n\u00ba 13.709 de 14\/08\/2018), nos termos da sua Pol\u00edtica de Privacidade e Prote\u00e7\u00e3o de Dados Pessoais.<\/p><p><b>6. DA CLASSIFICA\u00c7\u00c3O<\/b><\/p><ol start=\"6\"><li>6.1. Ser\u00e3o classificados tantos candidatos quanto \u00e0s vagas dispon\u00edveis.<\/li><\/ol><p>6.2. A pontua\u00e7\u00e3o se dar\u00e1 da seguinte forma: ser associado adimplente da ABEM (5 pontos), estudar em IES do interior, mesmo regi\u00e3o metropolitana (4 pontos), estar no 5\u2070 ou 6\u2070 ano do curso de medicina (3 pontos), 3\u2070 ou 4\u2070 ano (2 pontos) e 1\u2070 ou 2\u2070 ano (1 ponto). Os crit\u00e9rios de desempate respeitar\u00e3o a seguinte ordem: associado da ABEM, IES do interior e per\u00edodo mais avan\u00e7ado no curso.<\/p><p>6.3.\u00a0<b>O resultado deste Edital ser\u00e1 divulgado at\u00e9 24\/06\/2024.<\/b><\/p><p>6.4. N\u00e3o ser\u00e1 divulgado o nome completo de qualquer candidato nas m\u00eddias da ABEM.<\/p><p>6.5. A lista de classifica\u00e7\u00e3o por regional ser\u00e1 identificada por iniciais do nome do candidato e data de nascimento e divulgada no site do COBEM.<\/p><p><b>7. DO CRONOGRAMA<\/b><\/p><ol start=\"7\"><li>Os prazos se encerram \u00e0s 23:59 de cada dia, hor\u00e1rio de Bras\u00edlia (DF).<\/li><\/ol><p><b>\u2013 IN\u00cdCIO DO PRAZO PARA INSCRI\u00c7\u00c3O:<\/b>\u00a005\/05\/2025<br \/><b>\u2013 FIM DO PRAZO PARA INSCRI\u00c7\u00c3O:<\/b>\u00a030\/05\/2025<br \/><b>\u2013 DIVULGA\u00c7\u00c3O DO RESULTADO DO EDITAL:<\/b> 24\/06\/2025<\/p><p><b>8. DISPOSI\u00c7\u00d5ES FINAIS<\/b><\/p><ol start=\"8\"><li>8.1. Os estudantes inscritos na pol\u00edtica de a\u00e7\u00f5es afirmativas e n\u00e3o contemplados neste edital, caso desejem participar do 63\u00ba Cobem pagar\u00e3o o valor de inscri\u00e7\u00e3o correspondente ao lote vigente no momento da sua inscri\u00e7\u00e3o.<\/li><\/ol><p>8.2. A Comiss\u00e3o Organizadora reserva-se o direito de cancelar, interromper, suspender ou adiar este edital no todo ou em parte, em caso fortuito ou de for\u00e7a maior.<\/p><p>8.3. Os candidatos reconhecem e declaram, assumindo todas as responsabilidades legais, de forma irrevog\u00e1vel e irretrat\u00e1vel, que todas as informa\u00e7\u00f5es fornecidas s\u00e3o verdadeiras e correspondem \u00e0 realidade.<\/p><p>8.4. A Comiss\u00e3o Organizadora \u00e9 incontestavelmente soberana nas suas decis\u00f5es, inexistindo a possibilidade de recursos ou manifesta\u00e7\u00f5es de qualquer esp\u00e9cie neste Congresso.<\/p><p>8.5. A Comiss\u00e3o Organizadora se reserva ao direito de avaliar pontualmente casos extraordin\u00e1rios que n\u00e3o tenham sido descritos neste edital.<\/p><p>8.6. A inscri\u00e7\u00e3o neste edital, desde que cumprindo as condi\u00e7\u00f5es aqui apresentadas, j\u00e1 caracteriza a aceita\u00e7\u00e3o irrestrita a todas as regras previstas.<\/p><p>8.7. Os casos aqui omissos ser\u00e3o analisados pela Comiss\u00e3o de A\u00e7\u00f5es Afirmativas.<\/p><p>Bras\u00edlia, 05 de maio de 2025.<\/p><p><b>63\u00ba Congresso Brasileiro de Educa\u00e7\u00e3o M\u00e9dica<\/b><br \/>Comiss\u00e3o Organizadora<\/p>\t\t\t\t\t\t\t\t<\/div>\n\t\t\t\t<\/div>\n\t\t\t\t<div class=\"elementor-element elementor-element-cda17dd elementor-align-center elementor-widget elementor-widget-button\" data-id=\"cda17dd\" data-element_type=\"widget\" data-widget_type=\"button.default\">\n\t\t\t\t<div class=\"elementor-widget-container\">\n\t\t\t\t\t\t\t\t\t<div class=\"elementor-button-wrapper\">\n\t\t\t\t\t<a class=\"elementor-button elementor-button-link elementor-size-md\" href=\"https:\/\/forms.gle\/GEvkwugmb8WWArVF9\" target=\"_blank\">\n\t\t\t\t\t\t<span class=\"elementor-button-content-wrapper\">\n\t\t\t\t\t\t\t\t\t<span class=\"elementor-button-text\">ACESSAR FORMUL\u00c1RIO<\/span>\n\t\t\t\t\t<\/span>\n\t\t\t\t\t<\/a>\n\t\t\t\t<\/div>\n\t\t\t\t\t\t\t\t<\/div>\n\t\t\t\t<\/div>\n\t\t\t\t<div class=\"elementor-element elementor-element-fc4834d elementor-widget elementor-widget-spacer\" data-id=\"fc4834d\" data-element_type=\"widget\" data-widget_type=\"spacer.default\">\n\t\t\t\t<div class=\"elementor-widget-container\">\n\t\t\t\t\t\t\t<div class=\"elementor-spacer\">\n\t\t\t<div class=\"elementor-spacer-inner\"><\/div>\n\t\t<\/div>\n\t\t\t\t\t\t<\/div>\n\t\t\t\t<\/div>\n\t\t\t\t\t<\/div>\n\t\t<\/div>\n\t\t\t\t\t<\/div>\n\t\t<\/section>\n\t\t\t\t<\/div>\n\t\t","protected":false},"excerpt":{"rendered":"<p>SUBMISS\u00c3O DE OFICINAS RESULTADO | A\u00c7\u00d5ES AFIRMATIVAS Clique no bot\u00e3o abaixo para acessar o resultado das inscri\u00e7\u00f5es para as a\u00e7\u00f5es afirmativas do63\u00ba Congresso Brasileiro de Educa\u00e7\u00e3o M\u00e9dica | COBEM ACESSAR RESULTADO | 1\u00aa Chamada ACESSAR RESULTADO | 2\u00aa Chamada EDITAL PARA A PROPOSI\u00c7\u00c3O DE A\u00c7\u00d5ES AFIRMATIVAS PARA INSCRI\u00c7\u00d5ES NO 63\u00ba CONGRESSO BRASILEIRO DE EDUCA\u00c7\u00c3O M\u00c9DICA [&hellip;]<\/p>\n","protected":false},"author":1,"featured_media":0,"parent":181,"menu_order":4,"comment_status":"closed","ping_status":"closed","template":"elementor_header_footer","meta":{"ocean_post_layout":"","ocean_both_sidebars_style":"","ocean_both_sidebars_content_width":0,"ocean_both_sidebars_sidebars_width":0,"ocean_sidebar":"0","ocean_second_sidebar":"0","ocean_disable_margins":"enable","ocean_add_body_class":"","ocean_shortcode_before_top_bar":"","ocean_shortcode_after_top_bar":"","ocean_shortcode_before_header":"","ocean_shortcode_after_header":"","ocean_has_shortcode":"","ocean_shortcode_after_title":"","ocean_shortcode_before_footer_widgets":"","ocean_shortcode_after_footer_widgets":"","ocean_shortcode_before_footer_bottom":"","ocean_shortcode_after_footer_bottom":"","ocean_display_top_bar":"default","ocean_display_header":"default","ocean_header_style":"","ocean_center_header_left_menu":"0","ocean_custom_header_template":"0","ocean_custom_logo":0,"ocean_custom_retina_logo":0,"ocean_custom_logo_max_width":0,"ocean_custom_logo_tablet_max_width":0,"ocean_custom_logo_mobile_max_width":0,"ocean_custom_logo_max_height":0,"ocean_custom_logo_tablet_max_height":0,"ocean_custom_logo_mobile_max_height":0,"ocean_header_custom_menu":"0","ocean_menu_typo_font_family":"0","ocean_menu_typo_font_subset":"","ocean_menu_typo_font_size":0,"ocean_menu_typo_font_size_tablet":0,"ocean_menu_typo_font_size_mobile":0,"ocean_menu_typo_font_size_unit":"px","ocean_menu_typo_font_weight":"","ocean_menu_typo_font_weight_tablet":"","ocean_menu_typo_font_weight_mobile":"","ocean_menu_typo_transform":"","ocean_menu_typo_transform_tablet":"","ocean_menu_typo_transform_mobile":"","ocean_menu_typo_line_height":0,"ocean_menu_typo_line_height_tablet":0,"ocean_menu_typo_line_height_mobile":0,"ocean_menu_typo_line_height_unit":"","ocean_menu_typo_spacing":0,"ocean_menu_typo_spacing_tablet":0,"ocean_menu_typo_spacing_mobile":0,"ocean_menu_typo_spacing_unit":"","ocean_menu_link_color":"","ocean_menu_link_color_hover":"","ocean_menu_link_color_active":"","ocean_menu_link_background":"","ocean_menu_link_hover_background":"","ocean_menu_link_active_background":"","ocean_menu_social_links_bg":"","ocean_menu_social_hover_links_bg":"","ocean_menu_social_links_color":"","ocean_menu_social_hover_links_color":"","ocean_disable_title":"default","ocean_disable_heading":"default","ocean_post_title":"","ocean_post_subheading":"","ocean_post_title_style":"","ocean_post_title_background_color":"","ocean_post_title_background":0,"ocean_post_title_bg_image_position":"","ocean_post_title_bg_image_attachment":"","ocean_post_title_bg_image_repeat":"","ocean_post_title_bg_image_size":"","ocean_post_title_height":0,"ocean_post_title_bg_overlay":0.5,"ocean_post_title_bg_overlay_color":"","ocean_disable_breadcrumbs":"default","ocean_breadcrumbs_color":"","ocean_breadcrumbs_separator_color":"","ocean_breadcrumbs_links_color":"","ocean_breadcrumbs_links_hover_color":"","ocean_display_footer_widgets":"default","ocean_display_footer_bottom":"default","ocean_custom_footer_template":"0","footnotes":""},"class_list":["post-1551","page","type-page","status-publish","hentry","entry"],"_links":{"self":[{"href":"https:\/\/cobem.com.br\/2025\/wp-json\/wp\/v2\/pages\/1551","targetHints":{"allow":["GET"]}}],"collection":[{"href":"https:\/\/cobem.com.br\/2025\/wp-json\/wp\/v2\/pages"}],"about":[{"href":"https:\/\/cobem.com.br\/2025\/wp-json\/wp\/v2\/types\/page"}],"author":[{"embeddable":true,"href":"https:\/\/cobem.com.br\/2025\/wp-json\/wp\/v2\/users\/1"}],"replies":[{"embeddable":true,"href":"https:\/\/cobem.com.br\/2025\/wp-json\/wp\/v2\/comments?post=1551"}],"version-history":[{"count":13,"href":"https:\/\/cobem.com.br\/2025\/wp-json\/wp\/v2\/pages\/1551\/revisions"}],"predecessor-version":[{"id":1704,"href":"https:\/\/cobem.com.br\/2025\/wp-json\/wp\/v2\/pages\/1551\/revisions\/1704"}],"up":[{"embeddable":true,"href":"https:\/\/cobem.com.br\/2025\/wp-json\/wp\/v2\/pages\/181"}],"wp:attachment":[{"href":"https:\/\/cobem.com.br\/2025\/wp-json\/wp\/v2\/media?parent=1551"}],"curies":[{"name":"wp","href":"https:\/\/api.w.org\/{rel}","templated":true}]}}