{"id":1539,"date":"2025-04-30T16:05:49","date_gmt":"2025-04-30T19:05:49","guid":{"rendered":"https:\/\/cobem.com.br\/2025\/?page_id=1539"},"modified":"2025-08-13T19:09:04","modified_gmt":"2025-08-13T22:09:04","slug":"vivencias","status":"publish","type":"page","link":"https:\/\/cobem.com.br\/2025\/o-cobem\/vivencias\/","title":{"rendered":"EDITAL VIV\u00caNCIAS"},"content":{"rendered":"\t\t<div data-elementor-type=\"wp-page\" data-elementor-id=\"1539\" class=\"elementor elementor-1539\" data-elementor-post-type=\"page\">\n\t\t\t\t\t\t<section class=\"elementor-section elementor-top-section elementor-element elementor-element-420c082 elementor-section-height-min-height elementor-section-items-top elementor-section-boxed elementor-section-height-default\" data-id=\"420c082\" data-element_type=\"section\" data-settings=\"{&quot;background_background&quot;:&quot;classic&quot;}\">\n\t\t\t\t\t\t\t<div class=\"elementor-background-overlay\"><\/div>\n\t\t\t\t\t\t\t<div class=\"elementor-container elementor-column-gap-default\">\n\t\t\t\t\t<div class=\"elementor-column elementor-col-100 elementor-top-column elementor-element elementor-element-3365024\" data-id=\"3365024\" data-element_type=\"column\">\n\t\t\t<div class=\"elementor-widget-wrap elementor-element-populated\">\n\t\t\t\t\t\t<div class=\"elementor-element elementor-element-cb49f57 elementor-widget elementor-widget-heading\" data-id=\"cb49f57\" data-element_type=\"widget\" data-widget_type=\"heading.default\">\n\t\t\t\t<div class=\"elementor-widget-container\">\n\t\t\t\t\t<h2 class=\"elementor-heading-title elementor-size-default\">SUBMISS\u00c3O DE VIV\u00caNCIAS<\/h2>\t\t\t\t<\/div>\n\t\t\t\t<\/div>\n\t\t\t\t\t<\/div>\n\t\t<\/div>\n\t\t\t\t\t<\/div>\n\t\t<\/section>\n\t\t\t\t<section class=\"elementor-section elementor-top-section elementor-element elementor-element-f62d6f9 elementor-section-boxed elementor-section-height-default elementor-section-height-default\" data-id=\"f62d6f9\" data-element_type=\"section\" data-settings=\"{&quot;background_background&quot;:&quot;classic&quot;}\">\n\t\t\t\t\t\t<div class=\"elementor-container elementor-column-gap-default\">\n\t\t\t\t\t<div class=\"elementor-column elementor-col-100 elementor-top-column elementor-element elementor-element-f16c5a4\" data-id=\"f16c5a4\" data-element_type=\"column\">\n\t\t\t<div class=\"elementor-widget-wrap elementor-element-populated\">\n\t\t\t\t\t\t<div class=\"elementor-element elementor-element-774fd2e elementor-widget elementor-widget-heading\" data-id=\"774fd2e\" data-element_type=\"widget\" data-widget_type=\"heading.default\">\n\t\t\t\t<div class=\"elementor-widget-container\">\n\t\t\t\t\t<h2 class=\"elementor-heading-title elementor-size-default\">VIV\u00caNCIAS APROVADAS | 63\u00ba COBEM<\/h2>\t\t\t\t<\/div>\n\t\t\t\t<\/div>\n\t\t\t\t<div class=\"elementor-element elementor-element-a304a24 elementor-widget__width-initial elementor-widget elementor-widget-text-editor\" data-id=\"a304a24\" data-element_type=\"widget\" data-widget_type=\"text-editor.default\">\n\t\t\t\t<div class=\"elementor-widget-container\">\n\t\t\t\t\t\t\t\t\t<p><strong>01 | T\u00cdTULO DA VIV\u00caNCIA:<\/strong><br \/>De Onde Eu Venho: Ra\u00edzes Populares, Futuro Coletivo na Universidade<\/p><p><strong>02 | T\u00cdTULO DA VIV\u00caNCIA:<\/strong><br \/>Respira\u00e7\u00e3o consciente &#8211; pr\u00e1ticas simples para mitigar o estresse e promover a sa\u00fade mental<\/p><p><strong>03 | T\u00cdTULO DA VIV\u00caNCIA:<\/strong><br \/>Medicina: por que e para quem? Um varal de vozes e sil\u00eancios<\/p><p><strong>04 | T\u00cdTULO DA VIV\u00caNCIA:<\/strong><br \/>Tecendo Saberes: uma rede entre o que nos forma e nos transforma<\/p><p><strong>05 | T\u00cdTULO DA VIV\u00caNCIA:<\/strong><br \/>Entre saberes e cuidados: O hiperdia como sala de aula viva<\/p><p><strong>06 | T\u00cdTULO DA VIV\u00caNCIA:<\/strong><br \/>Aprendizagem experiencial da comunica\u00e7\u00e3o capaz de acolher a diversidade cultural<\/p><p><strong>07 |T\u00cdTULO DA VIV\u00caNCIA:<\/strong><br \/>Como Ser um Educador Antirracista: Confrontar, Educar e Reparar<\/p>\t\t\t\t\t\t\t\t<\/div>\n\t\t\t\t<\/div>\n\t\t\t\t<div class=\"elementor-element elementor-element-80055a3 elementor-widget-divider--view-line elementor-widget elementor-widget-divider\" data-id=\"80055a3\" data-element_type=\"widget\" data-widget_type=\"divider.default\">\n\t\t\t\t<div class=\"elementor-widget-container\">\n\t\t\t\t\t\t\t<div class=\"elementor-divider\">\n\t\t\t<span class=\"elementor-divider-separator\">\n\t\t\t\t\t\t<\/span>\n\t\t<\/div>\n\t\t\t\t\t\t<\/div>\n\t\t\t\t<\/div>\n\t\t\t\t<div class=\"elementor-element elementor-element-d6caab4 elementor-widget elementor-widget-heading\" data-id=\"d6caab4\" data-element_type=\"widget\" data-widget_type=\"heading.default\">\n\t\t\t\t<div class=\"elementor-widget-container\">\n\t\t\t\t\t<h2 class=\"elementor-heading-title elementor-size-default\">EDITAL PARA A PROPOSI\u00c7\u00c3O DE VIV\u00caNCIAS<br \/>\n63\u00ba CONGRESSO BRASILEIRO DE EDUCA\u00c7\u00c3O M\u00c9DICA<\/h2>\t\t\t\t<\/div>\n\t\t\t\t<\/div>\n\t\t\t\t<div class=\"elementor-element elementor-element-2af4fbf elementor-widget elementor-widget-heading\" data-id=\"2af4fbf\" data-element_type=\"widget\" data-widget_type=\"heading.default\">\n\t\t\t\t<div class=\"elementor-widget-container\">\n\t\t\t\t\t<h2 class=\"elementor-heading-title elementor-size-default\">\"Do mar ao sert\u00e3o: Os novos paradigmas da educa\u00e7\u00e3o M\u00e9dica\"<br \/><br \/>\n11 a 13 de setembro, Natal\/RN\n<\/h2>\t\t\t\t<\/div>\n\t\t\t\t<\/div>\n\t\t\t\t<div class=\"elementor-element elementor-element-c5122b7 elementor-widget__width-initial elementor-widget elementor-widget-text-editor\" data-id=\"c5122b7\" data-element_type=\"widget\" data-widget_type=\"text-editor.default\">\n\t\t\t\t<div class=\"elementor-widget-container\">\n\t\t\t\t\t\t\t\t\t<p>O 63\u00ba Congresso Brasileiro de Educa\u00e7\u00e3o M\u00e9dica (63\u00ba COBEM) em 2025, ocorrer\u00e1 no per\u00edodo de 11 a 13 de setembro, na cidade de Natal &#8211; Rio Grande do Norte. Com a finalidade de construirmos a programa\u00e7\u00e3o de forma colaborativa, este convite p\u00fablico oferece um conjunto de diretrizes para orienta\u00e7\u00e3o quanto ao envio de propostas para a atividade de VIV\u00caNCIAS.<\/p><p>A experi\u00eancia em uma determinada VIV\u00caNCIA significa compreendermos os espa\u00e7os de circula\u00e7\u00e3o do 63\u00ba COBEM como cen\u00e1rios fundamentalmente sociais, criados com intencionalidade e afeto, prop\u00edcios ao estabelecimento de rela\u00e7\u00f5es interpessoais, em sintonia com um projeto educativo voltado para a aten\u00e7\u00e3o acolhedora, resolutiva e humana no campo da sa\u00fade, como proposto nas Diretrizes Curriculares Nacionais (DCNs) do curso de gradua\u00e7\u00e3o em Medicina (CNE\/CES n. 116\/2014).<\/p><p><b>1. SOBRE AS VIV\u00caNCIAS<\/b><\/p><p>Com base nas DCNs do curso de gradua\u00e7\u00e3o em Medicina (CNE\/CES n. 116\/2014) para que o egresso possa atender com profissionalismo, de forma integral e eficaz, al\u00e9m de conhecimentos t\u00e9cnicos e habilidades cl\u00ednicas, \u00e9 necess\u00e1rio desenvolver um conjunto de habilidades socioemocionais \u201csoft skills\u201d ligadas \u00e0 forma como o profissional lida com ele mesmo, com seus pacientes, seus colegas de trabalho e com as atividades que precisa realizar. Entre essas habilidades, podemos ter como exemplos boa comunica\u00e7\u00e3o verbal e n\u00e3o verbal, intelig\u00eancia emocional, gest\u00e3o de tempo, autoconhecimento, proatividade, pensamento cr\u00edtico, lideran\u00e7a e gest\u00e3o de equipe.<\/p><p>Incentivar metodologias que trabalham a constru\u00e7\u00e3o de conhecimentos a partir da viv\u00eancia de experi\u00eancias na comunidade \u00e9 fundamental no processo ensino-aprendizagem.<\/p><p>Uma Viv\u00eancia diz respeito a um aprendizado experiencial, ou seja, por meio de uma situa\u00e7\u00e3o ou atividade concreta, a pessoa reflete sobre o que viveu, gerando um conhecimento, aumentando o autodesenvolvimento e favorecendo a supera\u00e7\u00e3o de lacunas de aprendizagem. Desta forma, os eventos que ocorrem em uma viv\u00eancia podem ser relacionados com as \u00e1reas e compet\u00eancias de um projeto pedag\u00f3gico.<\/p><p><b><br \/>2. DA INSCRI\u00c7\u00c3O DAS PROPOSTAS:<\/b><br \/><strong>2.1.<\/strong> A ficha de inscri\u00e7\u00e3o contempla os seguintes itens:<br \/>\u00a0 \u00a0 2.1.1) Identifica\u00e7\u00e3o completa de AUTORES e COAUTORES: nome; CPF; e-mail; institui\u00e7\u00e3o; categoria de autores e coautores (docente, preceptor, discente, residente ou gestor); telefone com DDD e WhatsApp;<br \/>\u00a0 \u00a0 2.1.2) T\u00edtulo da Viv\u00eancia;<br \/>\u00a0 \u00a0 \u00a0 2.1.3) Tema da Viv\u00eancia;<br \/>\u00a0 \u00a0 \u00a0 2.1.4) Dura\u00e7\u00e3o da atividade (1, 2, 3 ou 4 horas);<br \/>\u00a0 \u00a0 \u00a0 2.1.5) N\u00famero estimado de participantes;<br \/>\u00a0 \u00a0 \u00a0 2.1.6) Objetivos pedag\u00f3gicos;<br \/>\u00a0 \u00a0 \u00a0 2.1.7) Descri\u00e7\u00e3o da metodologia, preferencialmente que possa ser replicada em outras condi\u00e7\u00f5es (fundamenta\u00e7\u00e3o te\u00f3rica, clareza na reda\u00e7\u00e3o da proposta, descri\u00e7\u00e3o do m\u00e9todo com base no planejamento para a execu\u00e7\u00e3o da Viv\u00eancia, correla\u00e7\u00e3o clara com as DCNs do curso de gradua\u00e7\u00e3o em Medicina (CNE\/CES n. 116\/2014) \u2013 at\u00e9 500 palavras;<br \/>\u00a0 \u00a0 \u00a0 2.1.9) Descri\u00e7\u00e3o dos recursos necess\u00e1rios (espa\u00e7o f\u00edsico, materiais, recursos tecnol\u00f3gicos etc) para a elabora\u00e7\u00e3o da viv\u00eancia &#8211; at\u00e9 200 palavras.<\/p><p><strong>2.2.<\/strong> As propostas dever\u00e3o ser submetidas on-line via documento forms (<span style=\"color: #0000ff;\"><a style=\"color: #0000ff;\" href=\"https:\/\/forms.gle\/jqJzwZq1WhtXAbpx5\" target=\"_blank\" rel=\"noopener\">https:\/\/forms.gle\/jqJzwZq1WhtXAbpx5<\/a><\/span>) at\u00e9 a data limite de\u00a0<b>02\/06\/2025<\/b>. Em hip\u00f3tese alguma ser\u00e3o aceitas propostas enviadas por qualquer outro meio de comunica\u00e7\u00e3o.<\/p><p><strong>2.3.<\/strong> O n\u00famero m\u00e1ximo de autores\/coautores em cada viv\u00eancia \u00e9 de 06 (seis) pessoas.\u00a0 Caso seja necess\u00e1rio a participa\u00e7\u00e3o de mais autores\/coautores, suas respectivas fun\u00e7\u00f5es devem ser justificadas.\u00a0<\/p><p><b><br \/>3. DA SELE\u00c7\u00c3O DAS PROPOSTAS:<\/b><br \/><strong>3.1.<\/strong> O presente edital considerar\u00e1 a disponibilidade dos espa\u00e7os f\u00edsicos, podendo estas ocorrer entre os dias 11, 12 e\u00a0 13 de setembro de 2025, simultaneamente a outras programa\u00e7\u00f5es do COBEM.<\/p><p><strong>3.2<\/strong>. Somente ser\u00e3o aceitas Viv\u00eancias que estiverem inseridas no campo da Educa\u00e7\u00e3o M\u00e9dica, com base nas DCNs do curso de gradua\u00e7\u00e3o em Medicina (CNE\/CES n. 116\/2014) e eixos tem\u00e1ticos do COBEM:<br \/>EIXO I \u2013 A Forma\u00e7\u00e3o no territ\u00f3rio e a responsabilidade social<\/p><p>EIXO II \u2013 INTERIORIZA\u00c7\u00c3O DOS CURSOS M\u00c9DICOS E RESID\u00caNCIAS EM SA\u00daDE: Desafios e oportunidades<\/p><p>EIXO III \u2013 Diversidade de SABERES NA EDUCA\u00c7\u00c3O M\u00c9DICA<\/p><p>EIXO IV \u2013 A FORMA\u00c7\u00c3O M\u00c9DICA PARA O CUIDADO AOS POVOS DO CAMPO, \u00c1GUAS E FLORESTAS<\/p><p>EIXO V \u2013 CUIDADO AO DISCENTE E RESIDENTE: Inova\u00e7\u00e3o e Bem-Estar na Forma\u00e7\u00e3o M\u00e9dica<\/p><p><strong>3.3.<\/strong> A Comiss\u00e3o Organizadora do 63\u00ba COBEM priorizar\u00e1 as Viv\u00eancias de acordo com os seguintes crit\u00e9rios:<br \/>\u00a0 \u00a0 \u00a0 a) originalidade e criatividade;<br \/>\u00a0 \u00a0 \u00a0 b) coer\u00eancia entre as metodologias descritas e os objetivos propostos;<br \/>\u00a0 \u00a0 \u00a0 c) clareza na reda\u00e7\u00e3o da proposta.<\/p><p><strong>3.4.<\/strong> As Viv\u00eancias selecionadas ser\u00e3o divulgadas no site do congresso at\u00e9 o dia\u00a0<b>01\/07\/2025<\/b>.<\/p><p><b><br \/>4. DAS DISPOSI\u00c7\u00d5ES GERAIS:<\/b><br \/><strong>4.1.<\/strong> Os dias\u00a0 10 e\u00a0 14 de setembro de 2025 ser\u00e3o dedicados \u00e0 montagem e desmontagem do cen\u00e1rio envolvido nas atividades, respectivamente, sobretudo quando a Viv\u00eancia envolver alguma instala\u00e7\u00e3o na infraestrutura.<\/p><p><strong>4.2<\/strong>. As Viv\u00eancias ser\u00e3o concebidas prioritariamente em espa\u00e7os abertos, integrados, previamente determinados pela Comiss\u00e3o Cultural e empresa de cerimonial do COBEM. N\u00e3o ser\u00e1 permitido troca de espa\u00e7o que n\u00e3o seja determinada por tal comiss\u00e3o.<\/p><p><strong>4.3.<\/strong> A montagem do cen\u00e1rio da Viv\u00eancia ficar\u00e1 sob responsabilidade dos autores e coautores com o apoio da empresa de cerimonial do COBEM.<\/p><p><strong>4.4.<\/strong> A inscri\u00e7\u00e3o de alguma proposta de Oficina n\u00e3o impede que o proponente tamb\u00e9m submeta uma proposta de Viv\u00eancia.<\/p><p><strong>4.5.<\/strong> Pelo menos\u00a0<b>um dos autores<\/b>\u00a0da proposta de Viv\u00eancia dever\u00e1 estar\u00a0<b>Associado de modo Adimplente \u00e0 ABEM e inscrito no 63\u00ba COBEM at\u00e9 15 de julho de 2025.<\/b><\/p><p><strong>4.6.<\/strong> Todos os proponentes cujas Viv\u00eancias forem selecionadas, inscritos no Cobem, receber\u00e3o um certificado de participa\u00e7\u00e3o como \u201cautor de Viv\u00eancia\u201d assim como os seus respectivos coautores, indicados no momento da inscri\u00e7\u00e3o da proposta.<\/p><p><strong>4.7.<\/strong> As Viv\u00eancias\u00a0<b>n\u00e3o<\/b>\u00a0preveem inscri\u00e7\u00f5es pr\u00e9vias aos participantes, acolhendo-os sob demanda espont\u00e2nea. Os participantes das Viv\u00eancias n\u00e3o ser\u00e3o certificados.<\/p><p><strong>4.8.<\/strong> Cada autor, ao submeter uma proposta de Viv\u00eancia, torna-se inteiramente respons\u00e1vel pelas informa\u00e7\u00f5es submetidas, uma vez que tais informa\u00e7\u00f5es<b>\u00a0n\u00e3o poder\u00e3o ser alteradas ap\u00f3s o in\u00edcio do processo de avalia\u00e7\u00e3o da proposta<\/b>, nem mesmo para a corre\u00e7\u00e3o de nomes de autores.<\/p><p><b>5. DO CRONOGRAMA:<\/b><\/p><p><strong>5.1.<\/strong> Os prazos se encerram \u00e0s 23:59 de cada dia, hor\u00e1rio de Bras\u00edlia (DF). Registre em sua agenda as seguintes datas:<\/p><ul><li>IN\u00cdCIO DO PRAZO PARA SUBMISS\u00c3O DAS PROPOSTAS DE VIV\u00caNCIAS: <b>30\/04\/2025<\/b><br \/>\u00a0 \u00a0 \u25cf FIM DO PRAZO PARA SUBMISS\u00c3O:\u00a0<b>02\/06\/2025<\/b><br \/>\u00a0 \u00a0 \u00a0 \u25cf DIVULGA\u00c7\u00c3O AOS AUTORES DAS VIV\u00caNCIAS APROVADAS:\u00a0<b>01\/07\/2025<\/b><br \/>\u00a0 \u00a0 \u00a0 \u25cf LIMITE PARA PAGAMENTO DA ANUIDADE DA ABEM:\u00a0<b>15\/07\/2025<\/b><br \/>\u00a0 \u00a0 \u00a0 \u25cf LIMITE PARA PAGAMENTO DA INSCRI\u00c7\u00c3O NO CONGRESSO:<b> 15\/07\/2025<\/b><\/li><\/ul><p><b><br \/>6. CONSIDERA\u00c7\u00d5ES FINAIS:<\/b><br \/><strong>6.1.<\/strong> A Comiss\u00e3o Organizadora reserva-se o direito de cancelar, interromper, suspender ou adiar a submiss\u00e3o e\/ou publica\u00e7\u00e3o das Viv\u00eancias no todo ou em parte, em caso fortuito ou de for\u00e7a maior.<\/p><p><strong>6.2.<\/strong> Os autores das propostas de Viv\u00eancias reconhecem e declaram, assumindo todas as responsabilidades legais, de forma irrevog\u00e1vel e irretrat\u00e1vel, que as propostas de Viv\u00eancias est\u00e3o coerentes com as informa\u00e7\u00f5es fornecidas e livres de direitos autorais restritivos.<\/p><p><strong>6.3.<\/strong> A Comiss\u00e3o Organizadora \u00e9 soberana nas suas decis\u00f5es, inexistindo a possibilidade de recursos neste Edital.<\/p><p><strong>6.4.<\/strong> A inclus\u00e3o de qualquer Viv\u00eancia, desde que cumprindo as condi\u00e7\u00f5es aqui apresentadas, j\u00e1 caracteriza a aceita\u00e7\u00e3o irrestrita a todas as regras aqui previstas.<\/p><p><strong>6.5.<\/strong> Os dados informados pelos proponentes de toda e qualquer Oficina ser\u00e3o protegidos pela ABEM em conformidade com a vigente Lei Geral de Prote\u00e7\u00e3o de Dados Pessoais \u2013 LGPD (Lei n\u00ba 13.709 de 14\/08\/2018), nos termos da sua Pol\u00edtica de Privacidade e Prote\u00e7\u00e3o de Dados Pessoais.<\/p><p style=\"text-align: center;\">Bras\u00edlia, 30 de abril de 2025.<\/p><p style=\"text-align: center;\"><b>63\u00ba Congresso Brasileiro de Educa\u00e7\u00e3o M\u00e9dica<\/b><br \/>Comiss\u00e3o Organizadora<\/p>\t\t\t\t\t\t\t\t<\/div>\n\t\t\t\t<\/div>\n\t\t\t\t<div class=\"elementor-element elementor-element-cda17dd elementor-align-center elementor-widget elementor-widget-button\" data-id=\"cda17dd\" data-element_type=\"widget\" data-widget_type=\"button.default\">\n\t\t\t\t<div class=\"elementor-widget-container\">\n\t\t\t\t\t\t\t\t\t<div class=\"elementor-button-wrapper\">\n\t\t\t\t\t<a class=\"elementor-button elementor-button-link elementor-size-md\" href=\"https:\/\/forms.gle\/jqJzwZq1WhtXAbpx5\" target=\"_blank\">\n\t\t\t\t\t\t<span class=\"elementor-button-content-wrapper\">\n\t\t\t\t\t\t\t\t\t<span class=\"elementor-button-text\">ENVIAR PROPOSTA DE VIV\u00caNCIA<\/span>\n\t\t\t\t\t<\/span>\n\t\t\t\t\t<\/a>\n\t\t\t\t<\/div>\n\t\t\t\t\t\t\t\t<\/div>\n\t\t\t\t<\/div>\n\t\t\t\t<div class=\"elementor-element elementor-element-fc4834d elementor-widget elementor-widget-spacer\" data-id=\"fc4834d\" data-element_type=\"widget\" data-widget_type=\"spacer.default\">\n\t\t\t\t<div class=\"elementor-widget-container\">\n\t\t\t\t\t\t\t<div class=\"elementor-spacer\">\n\t\t\t<div class=\"elementor-spacer-inner\"><\/div>\n\t\t<\/div>\n\t\t\t\t\t\t<\/div>\n\t\t\t\t<\/div>\n\t\t\t\t\t<\/div>\n\t\t<\/div>\n\t\t\t\t\t<\/div>\n\t\t<\/section>\n\t\t\t\t<\/div>\n\t\t","protected":false},"excerpt":{"rendered":"<p>SUBMISS\u00c3O DE VIV\u00caNCIAS VIV\u00caNCIAS APROVADAS | 63\u00ba COBEM 01 | T\u00cdTULO DA VIV\u00caNCIA:De Onde Eu Venho: Ra\u00edzes Populares, Futuro Coletivo na Universidade 02 | T\u00cdTULO DA VIV\u00caNCIA:Respira\u00e7\u00e3o consciente &#8211; pr\u00e1ticas simples para mitigar o estresse e promover a sa\u00fade mental 03 | T\u00cdTULO DA VIV\u00caNCIA:Medicina: por que e para quem? Um varal de vozes e [&hellip;]<\/p>\n","protected":false},"author":1,"featured_media":0,"parent":181,"menu_order":4,"comment_status":"closed","ping_status":"closed","template":"elementor_header_footer","meta":{"ocean_post_layout":"","ocean_both_sidebars_style":"","ocean_both_sidebars_content_width":0,"ocean_both_sidebars_sidebars_width":0,"ocean_sidebar":"0","ocean_second_sidebar":"0","ocean_disable_margins":"enable","ocean_add_body_class":"","ocean_shortcode_before_top_bar":"","ocean_shortcode_after_top_bar":"","ocean_shortcode_before_header":"","ocean_shortcode_after_header":"","ocean_has_shortcode":"","ocean_shortcode_after_title":"","ocean_shortcode_before_footer_widgets":"","ocean_shortcode_after_footer_widgets":"","ocean_shortcode_before_footer_bottom":"","ocean_shortcode_after_footer_bottom":"","ocean_display_top_bar":"default","ocean_display_header":"default","ocean_header_style":"","ocean_center_header_left_menu":"0","ocean_custom_header_template":"0","ocean_custom_logo":0,"ocean_custom_retina_logo":0,"ocean_custom_logo_max_width":0,"ocean_custom_logo_tablet_max_width":0,"ocean_custom_logo_mobile_max_width":0,"ocean_custom_logo_max_height":0,"ocean_custom_logo_tablet_max_height":0,"ocean_custom_logo_mobile_max_height":0,"ocean_header_custom_menu":"0","ocean_menu_typo_font_family":"0","ocean_menu_typo_font_subset":"","ocean_menu_typo_font_size":0,"ocean_menu_typo_font_size_tablet":0,"ocean_menu_typo_font_size_mobile":0,"ocean_menu_typo_font_size_unit":"px","ocean_menu_typo_font_weight":"","ocean_menu_typo_font_weight_tablet":"","ocean_menu_typo_font_weight_mobile":"","ocean_menu_typo_transform":"","ocean_menu_typo_transform_tablet":"","ocean_menu_typo_transform_mobile":"","ocean_menu_typo_line_height":0,"ocean_menu_typo_line_height_tablet":0,"ocean_menu_typo_line_height_mobile":0,"ocean_menu_typo_line_height_unit":"","ocean_menu_typo_spacing":0,"ocean_menu_typo_spacing_tablet":0,"ocean_menu_typo_spacing_mobile":0,"ocean_menu_typo_spacing_unit":"","ocean_menu_link_color":"","ocean_menu_link_color_hover":"","ocean_menu_link_color_active":"","ocean_menu_link_background":"","ocean_menu_link_hover_background":"","ocean_menu_link_active_background":"","ocean_menu_social_links_bg":"","ocean_menu_social_hover_links_bg":"","ocean_menu_social_links_color":"","ocean_menu_social_hover_links_color":"","ocean_disable_title":"default","ocean_disable_heading":"default","ocean_post_title":"","ocean_post_subheading":"","ocean_post_title_style":"","ocean_post_title_background_color":"","ocean_post_title_background":0,"ocean_post_title_bg_image_position":"","ocean_post_title_bg_image_attachment":"","ocean_post_title_bg_image_repeat":"","ocean_post_title_bg_image_size":"","ocean_post_title_height":0,"ocean_post_title_bg_overlay":0.5,"ocean_post_title_bg_overlay_color":"","ocean_disable_breadcrumbs":"default","ocean_breadcrumbs_color":"","ocean_breadcrumbs_separator_color":"","ocean_breadcrumbs_links_color":"","ocean_breadcrumbs_links_hover_color":"","ocean_display_footer_widgets":"default","ocean_display_footer_bottom":"default","ocean_custom_footer_template":"0","footnotes":""},"class_list":["post-1539","page","type-page","status-publish","hentry","entry"],"_links":{"self":[{"href":"https:\/\/cobem.com.br\/2025\/wp-json\/wp\/v2\/pages\/1539","targetHints":{"allow":["GET"]}}],"collection":[{"href":"https:\/\/cobem.com.br\/2025\/wp-json\/wp\/v2\/pages"}],"about":[{"href":"https:\/\/cobem.com.br\/2025\/wp-json\/wp\/v2\/types\/page"}],"author":[{"embeddable":true,"href":"https:\/\/cobem.com.br\/2025\/wp-json\/wp\/v2\/users\/1"}],"replies":[{"embeddable":true,"href":"https:\/\/cobem.com.br\/2025\/wp-json\/wp\/v2\/comments?post=1539"}],"version-history":[{"count":19,"href":"https:\/\/cobem.com.br\/2025\/wp-json\/wp\/v2\/pages\/1539\/revisions"}],"predecessor-version":[{"id":1722,"href":"https:\/\/cobem.com.br\/2025\/wp-json\/wp\/v2\/pages\/1539\/revisions\/1722"}],"up":[{"embeddable":true,"href":"https:\/\/cobem.com.br\/2025\/wp-json\/wp\/v2\/pages\/181"}],"wp:attachment":[{"href":"https:\/\/cobem.com.br\/2025\/wp-json\/wp\/v2\/media?parent=1539"}],"curies":[{"name":"wp","href":"https:\/\/api.w.org\/{rel}","templated":true}]}}