{"id":149,"date":"2020-02-25T15:23:41","date_gmt":"2020-02-25T18:23:41","guid":{"rendered":"http:\/\/cobem.com.br\/2020\/website_provisorio\/?page_id=149"},"modified":"2025-02-17T11:30:57","modified_gmt":"2025-02-17T14:30:57","slug":"organizacao","status":"publish","type":"page","link":"https:\/\/cobem.com.br\/2025\/o-cobem\/organizacao\/","title":{"rendered":"Organiza\u00e7\u00e3o"},"content":{"rendered":"\t\t<div data-elementor-type=\"wp-page\" data-elementor-id=\"149\" class=\"elementor elementor-149\" data-elementor-post-type=\"page\">\n\t\t\t\t\t\t<section class=\"elementor-section elementor-top-section elementor-element elementor-element-420c082 elementor-section-height-min-height elementor-section-items-top elementor-section-boxed elementor-section-height-default\" data-id=\"420c082\" data-element_type=\"section\" data-settings=\"{&quot;background_background&quot;:&quot;classic&quot;}\">\n\t\t\t\t\t\t\t<div class=\"elementor-background-overlay\"><\/div>\n\t\t\t\t\t\t\t<div class=\"elementor-container elementor-column-gap-default\">\n\t\t\t\t\t<div class=\"elementor-column elementor-col-100 elementor-top-column elementor-element elementor-element-3365024\" data-id=\"3365024\" data-element_type=\"column\">\n\t\t\t<div class=\"elementor-widget-wrap elementor-element-populated\">\n\t\t\t\t\t\t<div class=\"elementor-element elementor-element-cb49f57 elementor-widget elementor-widget-heading\" data-id=\"cb49f57\" data-element_type=\"widget\" data-widget_type=\"heading.default\">\n\t\t\t\t<div class=\"elementor-widget-container\">\n\t\t\t\t\t<h2 class=\"elementor-heading-title elementor-size-default\">ORGANIZA\u00c7\u00c3O<\/h2>\t\t\t\t<\/div>\n\t\t\t\t<\/div>\n\t\t\t\t\t<\/div>\n\t\t<\/div>\n\t\t\t\t\t<\/div>\n\t\t<\/section>\n\t\t\t\t<section class=\"elementor-section elementor-top-section elementor-element elementor-element-f62d6f9 elementor-section-boxed elementor-section-height-default elementor-section-height-default\" data-id=\"f62d6f9\" data-element_type=\"section\" data-settings=\"{&quot;background_background&quot;:&quot;classic&quot;}\">\n\t\t\t\t\t\t<div class=\"elementor-container elementor-column-gap-default\">\n\t\t\t\t\t<div class=\"elementor-column elementor-col-100 elementor-top-column elementor-element elementor-element-f16c5a4\" data-id=\"f16c5a4\" data-element_type=\"column\">\n\t\t\t<div class=\"elementor-widget-wrap elementor-element-populated\">\n\t\t\t\t\t\t<div class=\"elementor-element elementor-element-774fd2e elementor-widget elementor-widget-heading\" data-id=\"774fd2e\" data-element_type=\"widget\" data-widget_type=\"heading.default\">\n\t\t\t\t<div class=\"elementor-widget-container\">\n\t\t\t\t\t<h2 class=\"elementor-heading-title elementor-size-default\">COMISS\u00c3O ORGANIZADORA<\/h2>\t\t\t\t<\/div>\n\t\t\t\t<\/div>\n\t\t\t\t<div class=\"elementor-element elementor-element-a304a24 elementor-widget elementor-widget-text-editor\" data-id=\"a304a24\" data-element_type=\"widget\" data-widget_type=\"text-editor.default\">\n\t\t\t\t<div class=\"elementor-widget-container\">\n\t\t\t\t\t\t\t\t\t<p><strong>Presidente Docente:<br \/><\/strong>&#8211; Profa. Andrea Taborda Ribas da Cunha<\/p><p><strong>Presidente de Honra:<br \/><\/strong>&#8211; Prof. George Dantas Azevedo<strong><br \/><\/strong><\/p><p><strong>Presidente Discente:<br \/><\/strong>&#8211; Acad.\u00a0Caio Victor Fernandes de Oliveira<strong><br \/><\/strong><\/p><p><strong>UERN:<\/strong><br \/>&#8211; Prof. Thales Aryllio Ara\u00fajo de Medeiros Fernandes (DOCENTE)<br \/>&#8211; Profa. Tammy Rodrigues (DOECENTE)<br \/>&#8211; Discente: Loren Dias Braga Barroso<br \/>&#8211; Residente: Ana Karollyne Salviano<br \/><br \/><strong>UFERSA:<\/strong><br \/>&#8211; Docente: Profa. Andrea Taborda Ribas da Cunha <br \/>&#8211; Docente: Prof. L\u00e1zaro Fabr\u00edcio de Fran\u00e7a Souza <br \/>&#8211; Discente: Edilardo Pimenta Flor\u00eancio<\/p><p><strong>EMCM UFRN CAIC\u00d3:<\/strong><br \/>&#8211; Docente: Prof. Luiz Paulo Gomes Santos Rosa <br \/>&#8211; Docente: Prof. Marcelo Viana <br \/>&#8211; Docente: Profa. Ad\u00e1la NAyana de Sousa Mata <br \/>&#8211; Discente: Caio Victor Fernandes de Oliveira<br \/>&#8211; Delegado Educando Regional NE 2: Alisson Costa de Ara\u00fajo <\/p><p><strong>UFRN NATAL:<\/strong><br \/>&#8211; Docente: Prof. Jos\u00e9 Diniz J\u00fanior <br \/>&#8211; Docente: Prof. Erico Gurgel Amorim <br \/>&#8211; Docente: Profa. Rosiane Zuza Vieira Diniz <br \/>&#8211; Docente: Prof. Thiago Gomes Trindade <br \/>&#8211; Docente: Profa. Maiara de Moraes <br \/>&#8211; Docente: Prof. Paulo Jos\u00e9 Medeiros<br \/>&#8211; Discente: Luis Felipe Barbosa da Silva<br \/>&#8211; Discente: Luis Felipe de Lucena Fabr\u00edcio<br \/>&#8211; Discente: Rui de Deus<br \/>&#8211; Residente: Pedro Arthur Nascimento<\/p><p><strong>UNP:<\/strong><br \/>&#8211; Docente: Profa. Regina Venturini <br \/>&#8211; Discente: Hiromi Mac\u00eado Kitayama Fujishima<\/p><p><strong>FACENE:<\/strong><br \/>&#8211; Docente: Prof. Jilielison Oliveira de Sousa <br \/>&#8211; Docente: Profa. Ana Paula Nunes de Lima Fernandes <br \/>&#8211; Discente: Fernanda Nunes Lima Fernandes<\/p><p><strong>Discentes Regional NE<\/strong> (coordenadores discentes):<br \/>&#8211; Esdras Morais Sobreiro Lima (UESPI)<br \/>&#8211; Eulalia Maria Loureiro Maia Campelo (UNICHRISTUS)<\/p><p>\u00a0<\/p><p><span style=\"text-decoration: underline;\">SUBCOMISS\u00d5ES:<\/span><\/p><p><strong>Comiss\u00e3o Cient\u00edfica:<\/strong><br \/>&#8211; Rosiane Vieira Zuza Diniz (docente UFRN Natal)<br \/>&#8211; Erico Gurgel Amorim (docente UFRN)<br \/>&#8211; Jilielison Oliveira de Sousa (docente FACENE)<br \/>&#8211; Regina Venturini da Fonseca (docente UNP)<br \/>&#8211; Andrea Taborda Ribas da Cunha (docente UFERSA)<br \/>&#8211; L\u00e1zaro Fabricio de Fran\u00e7a Souza (docente UFERSA)<br \/>&#8211; Luiz Paulo Gomes dos Santos Rosa (docente UFRN EMCM Caic\u00f3)<br \/>&#8211; Edilardo Pimenta Florencio (discente UFERSA)<br \/>&#8211; Eulalia Maria Loureiro (discente regional)<br \/>&#8211; Esdras Morais Sobreiro Lima (discente regional)<\/p><p><strong>Comiss\u00e3o Trabalhos:<\/strong><br \/>&#8211; Maiara de Moraes (docente UFRN Natal)<br \/>&#8211; Thales Allyrio Ara\u00fajo de Medeiros Fernandes (docente UERN)<br \/>&#8211; \u00c1dala Mata (docente UFRN EMCM Caic\u00f3)<br \/>&#8211; Ana Paula Nunes de Lima Fernandes (docente FACENE)<\/p><p><strong>Comiss\u00e3o Cultural:<\/strong><br \/>&#8211; Anna Karollyne Salviano (residente UERN)<br \/>-Fernanda Nunes (discente FACENE)<br \/>&#8211; Loren Dias Braga Barroso (discente UERN)<br \/>&#8211; Alisson Costa Ara\u00fajo (discente UFRN EMCM Caic\u00f3)<br \/>&#8211; Edilardo Pimenta (discente UFERSA)<br \/>&#8211; Comiss\u00e3o Infraestrutura:<br \/>&#8211; Jos\u00e9 Diniz (docente UFRN)<br \/>&#8211; Thiago Trindade (docente UFRN)<br \/>&#8211; Luis Felipe Barbosa da Silva (discente UFRN)<br \/>&#8211; Caio Vitor (discente UFRN Caico)<br \/>&#8211; Fernanda Nunes (discente FACENE)<\/p><p><strong>Comiss\u00e3o alojamento:<\/strong><br \/>&#8211; Hiromi Mac\u00eado Kitayama Fujishima (discente UNP)<br \/>&#8211; Luis Felipe Barbosa Silva (discente UFRN)<br \/>&#8211; Caio Vitor (discente UFRN Caico)<br \/>&#8211; Alisson Costa Ara\u00fajo (discente UFRN EMCM Caic\u00f3)<br \/>&#8211; Eulalia Campelo (discente regional)<\/p><p><strong>Comiss\u00e3o divulga\u00e7\u00e3o:<\/strong><br \/>&#8211; Tammy Rodrigues (docente UFERSA)<br \/>&#8211; Paulo Jos\u00e9 Medeiros (docente UFRN)<br \/>&#8211; Marcelo Viana (docente Caic\u00f3)<br \/>&#8211; Loren Barroso (discente UERN)<br \/>&#8211; Alisson Costa Ara\u00fajo (discente UFRN EMCM Caic\u00f3)<br \/>&#8211; Esdras Morais (discente regional)<br \/>&#8211; Hiromi Fujishima (discente UNP)<br \/>&#8211; Rui de Deus (discente UFRN)<br \/>&#8211; Luis Felipe de Lucena Fabr\u00edcio (discente UFRN)<br \/>&#8211; Pedro Arthur Nascimento (residente UFRN Natal)<\/p>\t\t\t\t\t\t\t\t<\/div>\n\t\t\t\t<\/div>\n\t\t\t\t<div class=\"elementor-element elementor-element-1e64017 elementor-widget elementor-widget-spacer\" data-id=\"1e64017\" data-element_type=\"widget\" data-widget_type=\"spacer.default\">\n\t\t\t\t<div class=\"elementor-widget-container\">\n\t\t\t\t\t\t\t<div class=\"elementor-spacer\">\n\t\t\t<div class=\"elementor-spacer-inner\"><\/div>\n\t\t<\/div>\n\t\t\t\t\t\t<\/div>\n\t\t\t\t<\/div>\n\t\t\t\t\t<\/div>\n\t\t<\/div>\n\t\t\t\t\t<\/div>\n\t\t<\/section>\n\t\t\t\t<\/div>\n\t\t","protected":false},"excerpt":{"rendered":"<p>ORGANIZA\u00c7\u00c3O COMISS\u00c3O ORGANIZADORA Presidente Docente:&#8211; Profa. Andrea Taborda Ribas da Cunha Presidente de Honra:&#8211; Prof. George Dantas Azevedo Presidente Discente:&#8211; Acad.\u00a0Caio Victor Fernandes de Oliveira UERN:&#8211; Prof. Thales Aryllio Ara\u00fajo de Medeiros Fernandes (DOCENTE)&#8211; Profa. Tammy Rodrigues (DOECENTE)&#8211; Discente: Loren Dias Braga Barroso&#8211; Residente: Ana Karollyne Salviano UFERSA:&#8211; Docente: Profa. Andrea Taborda Ribas da Cunha [&hellip;]<\/p>\n","protected":false},"author":1,"featured_media":0,"parent":181,"menu_order":2,"comment_status":"closed","ping_status":"closed","template":"elementor_header_footer","meta":{"ocean_post_layout":"","ocean_both_sidebars_style":"","ocean_both_sidebars_content_width":0,"ocean_both_sidebars_sidebars_width":0,"ocean_sidebar":"0","ocean_second_sidebar":"0","ocean_disable_margins":"enable","ocean_add_body_class":"","ocean_shortcode_before_top_bar":"","ocean_shortcode_after_top_bar":"","ocean_shortcode_before_header":"","ocean_shortcode_after_header":"","ocean_has_shortcode":"","ocean_shortcode_after_title":"","ocean_shortcode_before_footer_widgets":"","ocean_shortcode_after_footer_widgets":"","ocean_shortcode_before_footer_bottom":"","ocean_shortcode_after_footer_bottom":"","ocean_display_top_bar":"default","ocean_display_header":"default","ocean_header_style":"","ocean_center_header_left_menu":"0","ocean_custom_header_template":"0","ocean_custom_logo":0,"ocean_custom_retina_logo":0,"ocean_custom_logo_max_width":0,"ocean_custom_logo_tablet_max_width":0,"ocean_custom_logo_mobile_max_width":0,"ocean_custom_logo_max_height":0,"ocean_custom_logo_tablet_max_height":0,"ocean_custom_logo_mobile_max_height":0,"ocean_header_custom_menu":"0","ocean_menu_typo_font_family":"0","ocean_menu_typo_font_subset":"","ocean_menu_typo_font_size":0,"ocean_menu_typo_font_size_tablet":0,"ocean_menu_typo_font_size_mobile":0,"ocean_menu_typo_font_size_unit":"px","ocean_menu_typo_font_weight":"","ocean_menu_typo_font_weight_tablet":"","ocean_menu_typo_font_weight_mobile":"","ocean_menu_typo_transform":"","ocean_menu_typo_transform_tablet":"","ocean_menu_typo_transform_mobile":"","ocean_menu_typo_line_height":0,"ocean_menu_typo_line_height_tablet":0,"ocean_menu_typo_line_height_mobile":0,"ocean_menu_typo_line_height_unit":"","ocean_menu_typo_spacing":0,"ocean_menu_typo_spacing_tablet":0,"ocean_menu_typo_spacing_mobile":0,"ocean_menu_typo_spacing_unit":"","ocean_menu_link_color":"","ocean_menu_link_color_hover":"","ocean_menu_link_color_active":"","ocean_menu_link_background":"","ocean_menu_link_hover_background":"","ocean_menu_link_active_background":"","ocean_menu_social_links_bg":"","ocean_menu_social_hover_links_bg":"","ocean_menu_social_links_color":"","ocean_menu_social_hover_links_color":"","ocean_disable_title":"default","ocean_disable_heading":"default","ocean_post_title":"","ocean_post_subheading":"","ocean_post_title_style":"","ocean_post_title_background_color":"","ocean_post_title_background":0,"ocean_post_title_bg_image_position":"","ocean_post_title_bg_image_attachment":"","ocean_post_title_bg_image_repeat":"","ocean_post_title_bg_image_size":"","ocean_post_title_height":0,"ocean_post_title_bg_overlay":0.5,"ocean_post_title_bg_overlay_color":"","ocean_disable_breadcrumbs":"default","ocean_breadcrumbs_color":"","ocean_breadcrumbs_separator_color":"","ocean_breadcrumbs_links_color":"","ocean_breadcrumbs_links_hover_color":"","ocean_display_footer_widgets":"default","ocean_display_footer_bottom":"default","ocean_custom_footer_template":"0","footnotes":""},"class_list":["post-149","page","type-page","status-publish","hentry","entry"],"_links":{"self":[{"href":"https:\/\/cobem.com.br\/2025\/wp-json\/wp\/v2\/pages\/149","targetHints":{"allow":["GET"]}}],"collection":[{"href":"https:\/\/cobem.com.br\/2025\/wp-json\/wp\/v2\/pages"}],"about":[{"href":"https:\/\/cobem.com.br\/2025\/wp-json\/wp\/v2\/types\/page"}],"author":[{"embeddable":true,"href":"https:\/\/cobem.com.br\/2025\/wp-json\/wp\/v2\/users\/1"}],"replies":[{"embeddable":true,"href":"https:\/\/cobem.com.br\/2025\/wp-json\/wp\/v2\/comments?post=149"}],"version-history":[{"count":60,"href":"https:\/\/cobem.com.br\/2025\/wp-json\/wp\/v2\/pages\/149\/revisions"}],"predecessor-version":[{"id":941,"href":"https:\/\/cobem.com.br\/2025\/wp-json\/wp\/v2\/pages\/149\/revisions\/941"}],"up":[{"embeddable":true,"href":"https:\/\/cobem.com.br\/2025\/wp-json\/wp\/v2\/pages\/181"}],"wp:attachment":[{"href":"https:\/\/cobem.com.br\/2025\/wp-json\/wp\/v2\/media?parent=149"}],"curies":[{"name":"wp","href":"https:\/\/api.w.org\/{rel}","templated":true}]}}