{"id":983,"date":"2023-02-27T11:49:34","date_gmt":"2023-02-27T14:49:34","guid":{"rendered":"https:\/\/cobem.com.br\/2024\/?page_id=983"},"modified":"2024-07-01T20:59:03","modified_gmt":"2024-07-01T23:59:03","slug":"vivencias","status":"publish","type":"page","link":"https:\/\/cobem.com.br\/2024\/o-cobem\/vivencias\/","title":{"rendered":"Edital: Viv\u00eancias"},"content":{"rendered":"\t\t<div data-elementor-type=\"wp-page\" data-elementor-id=\"983\" class=\"elementor elementor-983\" data-elementor-post-type=\"page\">\n\t\t\t\t\t\t<section class=\"elementor-section elementor-top-section elementor-element elementor-element-420c082 elementor-section-height-min-height elementor-section-items-top elementor-section-boxed elementor-section-height-default\" data-id=\"420c082\" data-element_type=\"section\" data-settings=\"{&quot;background_background&quot;:&quot;classic&quot;}\">\n\t\t\t\t\t\t\t<div class=\"elementor-background-overlay\"><\/div>\n\t\t\t\t\t\t\t<div class=\"elementor-container elementor-column-gap-default\">\n\t\t\t\t\t<div class=\"elementor-column elementor-col-100 elementor-top-column elementor-element elementor-element-3365024\" data-id=\"3365024\" data-element_type=\"column\">\n\t\t\t<div class=\"elementor-widget-wrap elementor-element-populated\">\n\t\t\t\t\t\t<div class=\"elementor-element elementor-element-cb49f57 elementor-widget elementor-widget-heading\" data-id=\"cb49f57\" data-element_type=\"widget\" data-widget_type=\"heading.default\">\n\t\t\t\t<div class=\"elementor-widget-container\">\n\t\t\t<h2 class=\"elementor-heading-title elementor-size-default\">VIV\u00caNCIAS<\/h2>\t\t<\/div>\n\t\t\t\t<\/div>\n\t\t\t\t\t<\/div>\n\t\t<\/div>\n\t\t\t\t\t<\/div>\n\t\t<\/section>\n\t\t\t\t<section class=\"elementor-section elementor-top-section elementor-element elementor-element-f62d6f9 elementor-section-boxed elementor-section-height-default elementor-section-height-default\" data-id=\"f62d6f9\" data-element_type=\"section\" data-settings=\"{&quot;background_background&quot;:&quot;classic&quot;}\">\n\t\t\t\t\t\t<div class=\"elementor-container elementor-column-gap-default\">\n\t\t\t\t\t<div class=\"elementor-column elementor-col-100 elementor-top-column elementor-element elementor-element-f16c5a4\" data-id=\"f16c5a4\" data-element_type=\"column\">\n\t\t\t<div class=\"elementor-widget-wrap elementor-element-populated\">\n\t\t\t\t\t\t<div class=\"elementor-element elementor-element-323ec78 elementor-widget elementor-widget-heading\" data-id=\"323ec78\" data-element_type=\"widget\" data-widget_type=\"heading.default\">\n\t\t\t\t<div class=\"elementor-widget-container\">\n\t\t\t<h2 class=\"elementor-heading-title elementor-size-default\">- VIV\u00caNCIAS APROVADAS -<br>\n62\u00ba CONGRESSO BRASILEIRO DE EDUCA\u00c7\u00c3O M\u00c9DICA\n<\/h2>\t\t<\/div>\n\t\t\t\t<\/div>\n\t\t\t\t<div class=\"elementor-element elementor-element-56fdb76 elementor-widget elementor-widget-text-editor\" data-id=\"56fdb76\" data-element_type=\"widget\" data-widget_type=\"text-editor.default\">\n\t\t\t\t<div class=\"elementor-widget-container\">\n\t\t\t\t\t\t\t<ul><li>Ba\u00fa de Viv\u00eancias;<\/li><li>Biblioteca Viva;<\/li><li>Gerar sa\u00fade x perder sa\u00fade: o estado mental do estudante de medicina;<\/li><li>Interven\u00e7\u00f5es baseadas em Mindfulness para reduzir o estresse e a ansiedade em estudantes de Medicina;<\/li><li>Pertencimento na universidade: que a universidade se pinte de povo;<\/li><li>Sarau Liter\u00e1rio;<\/li><li>Sementes de Nise: entre a loucura, a rebeldia e a arte(terapia);<\/li><li>Varal de Hist\u00f3rias.<\/li><\/ul>\t\t\t\t\t\t<\/div>\n\t\t\t\t<\/div>\n\t\t\t\t<div class=\"elementor-element elementor-element-398c8ee elementor-widget-divider--view-line elementor-widget elementor-widget-divider\" data-id=\"398c8ee\" data-element_type=\"widget\" data-widget_type=\"divider.default\">\n\t\t\t\t<div class=\"elementor-widget-container\">\n\t\t\t\t\t<div class=\"elementor-divider\">\n\t\t\t<span class=\"elementor-divider-separator\">\n\t\t\t\t\t\t<\/span>\n\t\t<\/div>\n\t\t\t\t<\/div>\n\t\t\t\t<\/div>\n\t\t\t\t<div class=\"elementor-element elementor-element-793acb4 elementor-widget elementor-widget-heading\" data-id=\"793acb4\" data-element_type=\"widget\" data-widget_type=\"heading.default\">\n\t\t\t\t<div class=\"elementor-widget-container\">\n\t\t\t<h2 class=\"elementor-heading-title elementor-size-default\">EDITAL PARA A PROPOSI\u00c7\u00c3O DE VIV\u00caNCIAS <br\/>\n62\u00ba CONGRESSO BRASILEIRO DE EDUCA\u00c7\u00c3O M\u00c9DICA\n<\/h2>\t\t<\/div>\n\t\t\t\t<\/div>\n\t\t\t\t<div class=\"elementor-element elementor-element-1f76957 elementor-widget elementor-widget-heading\" data-id=\"1f76957\" data-element_type=\"widget\" data-widget_type=\"heading.default\">\n\t\t\t\t<div class=\"elementor-widget-container\">\n\t\t\t<h2 class=\"elementor-heading-title elementor-size-default\">Diretrizes Curriculares Nacionais para a forma\u00e7\u00e3o m\u00e9dica: 10 anos de constru\u00e7\u00e3o!<br\/>12 a 15 de setembro, Belo Horizonte\/MG \n\n<\/h2>\t\t<\/div>\n\t\t\t\t<\/div>\n\t\t\t\t<div class=\"elementor-element elementor-element-f85f4e0 elementor-widget elementor-widget-text-editor\" data-id=\"f85f4e0\" data-element_type=\"widget\" data-widget_type=\"text-editor.default\">\n\t\t\t\t<div class=\"elementor-widget-container\">\n\t\t\t\t\t\t\t<p>O 62\u00ba Congresso Brasileiro de Educa\u00e7\u00e3o M\u00e9dica (62\u00ba COBEM) em 2024 ocorrer\u00e1 no per\u00edodo de 12 a 15 de setembro, na cidade de Belo Horizonte \u2013 Minas Gerais. Com a finalidade de construirmos a programa\u00e7\u00e3o de forma colaborativa, este convite p\u00fablico oferece um conjunto de diretrizes para orienta\u00e7\u00e3o quanto ao envio de propostas para a atividade de VIV\u00caNCIAS.<\/p><p>A experi\u00eancia em uma determinada VIV\u00caNCIA significa compreendermos os espa\u00e7os de circula\u00e7\u00e3o do 62\u00ba COBEM como cen\u00e1rios fundamentalmente sociais, criados com intencionalidade e afeto, prop\u00edcios ao estabelecimento de rela\u00e7\u00f5es interpessoais, em sintonia com um projeto educativo voltado para a aten\u00e7\u00e3o acolhedora, resolutiva e humana no campo da sa\u00fade, como proposto nas Diretrizes Curriculares Nacionais (DCNs) do curso de gradua\u00e7\u00e3o em Medicina (CNE\/CES n. 116\/2014). <\/p><p><strong>1. SOBRE AS VIV\u00caNCIAS<\/strong><br \/>Com base nas DCNs do curso de gradua\u00e7\u00e3o em Medicina (CNE\/CES n. 116\/2014) para que o egresso possa atender com profissionalismo, de forma integral e eficaz, al\u00e9m de conhecimentos t\u00e9cnicos e habilidades cl\u00ednicas, \u00e9 necess\u00e1rio desenvolver um conjunto de habilidades socioemocionais &#8220;soft skills&#8221; ligadas \u00e0 forma como o profissional lida com ele mesmo, com seus pacientes, seus colegas de trabalho e com as atividades que precisa realizar. Entre essas habilidades, podemos ter como exemplos boa comunica\u00e7\u00e3o verbal e n\u00e3o verbal, intelig\u00eancia emocional, gest\u00e3o de tempo, autoconhecimento, proatividade, pensamento cr\u00edtico, lideran\u00e7a e gest\u00e3o de equipe.<\/p><p>Incentivar metodologias que trabalham a constru\u00e7\u00e3o de conhecimentos a partir da viv\u00eancia de experi\u00eancias na comunidade \u00e9 fundamental no processo ensino-aprendizagem.<\/p><p>Uma Viv\u00eancia diz respeito a um aprendizado experiencial, ou seja, por meio de uma situa\u00e7\u00e3o ou atividade concreta, a pessoa reflete sobre o que viveu, gerando um conhecimento, aumentando o autodesenvolvimento e favorecendo a supera\u00e7\u00e3o de lacunas de aprendizagem. Desta forma, os eventos que ocorrem em uma viv\u00eancia podem ser relacionados com as \u00e1reas e compet\u00eancias de um projeto pedag\u00f3gico.<\/p><p><br \/><strong>2. DA INSCRI\u00c7\u00c3O DAS PROPOSTAS:<\/strong><br \/>2.1. A ficha de inscri\u00e7\u00e3o contempla os seguintes itens:<br \/>\u00a0 \u00a0 \u00a0 2.1.1) Identifica\u00e7\u00e3o completa de AUTORES e COAUTORES: nome; CPF; e-mail; institui\u00e7\u00e3o; categoria de autores e coautores (docente, preceptor, discente, residente ou gestor); telefone com DDD e WhatsApp; <br \/>\u00a0 \u00a0 \u00a0 2.1.2) T\u00edtulo da Viv\u00eancia; <br \/>\u00a0 \u00a0 \u00a0 2.1.3) Tema da Viv\u00eancia; <br \/>\u00a0 \u00a0 \u00a0 2.1.4) Dura\u00e7\u00e3o da atividade (1, 2, 3 ou 4 horas);<br \/>\u00a0 \u00a0 \u00a0 2.1.5) Disponibilidade de repeti\u00e7\u00e3o nos dois dias (13 e 14 de setembro de 2024);<br \/>\u00a0 \u00a0 \u00a0 2.1.6) N\u00famero estimado de participantes;<br \/>\u00a0 \u00a0 \u00a0 2.1.7) Objetivos pedag\u00f3gicos; <br \/>\u00a0 \u00a0 \u00a0 2.1.8) Descri\u00e7\u00e3o da metodologia, preferencialmente que possa ser replicada em outras condi\u00e7\u00f5es (fundamenta\u00e7\u00e3o te\u00f3rica, clareza na reda\u00e7\u00e3o da proposta, descri\u00e7\u00e3o do m\u00e9todo com base no planejamento para a execu\u00e7\u00e3o da Viv\u00eancia, correla\u00e7\u00e3o clara com as DCNs do curso de gradua\u00e7\u00e3o em Medicina (CNE\/CES n. 116\/2014) \u2013 at\u00e9 500 palavras; <br \/>\u00a0 \u00a0 \u00a0 2.1.9) Descri\u00e7\u00e3o das refer\u00eancias de ambi\u00eancia necess\u00e1rias \u00e0 constru\u00e7\u00e3o do cen\u00e1rio para execu\u00e7\u00e3o da Viv\u00eancia proposta\u2013 at\u00e9 200 palavras.<br \/><br \/>2.2. As propostas dever\u00e3o ser submetidas on-line via documento forms (<strong><span style=\"color: #68ba32;\"><a style=\"color: #68ba32;\" href=\"https:\/\/forms.gle\/t7tSaXm82EtEvhJa6\" target=\"_blank\" rel=\"noopener\">https:\/\/forms.gle\/t7tSaXm82EtEvhJa6<\/a><\/span><\/strong>) at\u00e9 a data limite de <strong>03\/06\/2024<\/strong>. Em hip\u00f3tese alguma ser\u00e3o aceitas propostas enviadas por qualquer outro meio de comunica\u00e7\u00e3o.<\/p><p>2.3. N\u00e3o h\u00e1 n\u00famero m\u00e1ximo de coautores. Caso os autores\/coautores estejam em n\u00famero maior que seis (06), dever\u00e1 ser descrita a fun\u00e7\u00e3o de cada um.<\/p><p><br \/><strong>3. DA SELE\u00c7\u00c3O DAS PROPOSTAS:<\/strong><br \/>3.1. O presente edital selecionar\u00e1 propostas para at\u00e9 oito Viv\u00eancias que acontecer\u00e3o tanto no dia 13 quanto no dia 14 de setembro de 2024, simultaneamente a outras programa\u00e7\u00f5es do COBEM.<\/p><p>3.2. Somente ser\u00e3o aceitas Viv\u00eancias que estiverem inseridas no campo da Educa\u00e7\u00e3o M\u00e9dica, com base nas DCNs do curso de gradua\u00e7\u00e3o em Medicina (CNE\/CES n. 116\/2014) e eixos tem\u00e1ticos do COBEM:<br \/>\u00a0 \u00a0 \u00a0 <strong>\u25cf Eixo tem\u00e1tico I:<\/strong> Perfil do egresso, concep\u00e7\u00f5es e paradigmas sobre o ensinar, o aprender, o permanecer e o pertencer;<br \/>\u00a0 \u00a0 \u00a0 <strong>\u25cf Eixo tem\u00e1tico II:<\/strong> Compet\u00eancias e cen\u00e1rios para a forma\u00e7\u00e3o m\u00e9dica;<br \/>\u00a0 \u00a0 \u00a0 <strong>\u25cf Eixo tem\u00e1tico III:<\/strong> Avalia\u00e7\u00e3o e desenvolvimento docente e de preceptoria;<br \/>\u00a0 \u00a0 \u00a0 <strong>\u25cf Eixo tem\u00e1tico IV:<\/strong> Resid\u00eancia e p\u00f3s-gradua\u00e7\u00e3o.<\/p><p>3.3. A Comiss\u00e3o Organizadora do 62\u00ba COBEM priorizar\u00e1 as Viv\u00eancias de acordo com os seguintes crit\u00e9rios:<br \/>\u00a0 \u00a0 \u00a0 a) originalidade e criatividade;<br \/>\u00a0 \u00a0 \u00a0 b) coer\u00eancia entre as metodologias descritas e os objetivos propostos;<br \/>\u00a0 \u00a0 \u00a0 c) clareza na reda\u00e7\u00e3o da proposta.<\/p><p>3.4. As Viv\u00eancias selecionadas ser\u00e3o divulgadas no site do congresso at\u00e9 o dia <strong>01\/07\/2024<\/strong>.<\/p><p><br \/><strong>4. DAS DISPOSI\u00c7\u00d5ES GERAIS:<\/strong><br \/>4.1. Os dias 12 e 15 de setembro de 2024 ser\u00e3o dedicados \u00e0 montagem e desmontagem do cen\u00e1rio envolvido nas atividades, respectivamente, sobretudo quando a Viv\u00eancia envolver alguma instala\u00e7\u00e3o na infraestrutura.<\/p><p>4.2 As Viv\u00eancias ser\u00e3o concebidas exclusivamente em espa\u00e7os abertos, integrados, previamente determinados pela Comiss\u00e3o Cultural e empresa de cerimonial do COBEM. N\u00e3o ser\u00e1 permitido troca de espa\u00e7o que n\u00e3o seja determinada por tal comiss\u00e3o.<\/p><p>4.3. A montagem do cen\u00e1rio da Viv\u00eancia ficar\u00e1 sob responsabilidade dos autores e coautores com o apoio da empresa de cerimonial do COBEM.<\/p><p>4.4. A inscri\u00e7\u00e3o de alguma proposta de Oficina n\u00e3o impede que o proponente tamb\u00e9m submeta uma proposta de Viv\u00eancia.<\/p><p>4.5. Pelo menos <strong>um dos autores<\/strong> da proposta de Viv\u00eancia dever\u00e1 estar <strong>Associado de modo Adimplente \u00e0 ABEM e inscrito no 62\u00ba COBEM at\u00e9 15 de julho de 2024.<\/strong><\/p><p>4.6. Todos os proponentes cujas Viv\u00eancias forem selecionadas, inscritos no Cobem, receber\u00e3o um certificado de participa\u00e7\u00e3o como \u201cautor de Viv\u00eancia\u201d assim como os seus respectivos coautores, indicados no momento da inscri\u00e7\u00e3o da proposta.<\/p><p>4.7. As Viv\u00eancias <strong>n\u00e3o<\/strong> preveem inscri\u00e7\u00f5es pr\u00e9vias aos participantes, acolhendo-os sob demanda espont\u00e2nea. Os participantes das Viv\u00eancias n\u00e3o ser\u00e3o certificados.<\/p><p>4.8. Cada autor, ao submeter uma proposta de Viv\u00eancia, torna-se inteiramente respons\u00e1vel pelas informa\u00e7\u00f5es submetidas, uma vez que tais informa\u00e7\u00f5es<strong> n\u00e3o poder\u00e3o ser alteradas ap\u00f3s o in\u00edcio do processo de avalia\u00e7\u00e3o da proposta<\/strong>, nem mesmo para a corre\u00e7\u00e3o de nomes de autores.<\/p><p><strong>5. DO CRONOGRAMA:<\/strong> <br \/>5.1. Os prazos se encerram \u00e0s 23:59 de cada dia, hor\u00e1rio de Bras\u00edlia (DF). Registre em sua agenda as seguintes datas:<\/p><p>\u00a0 \u00a0 \u00a0 \u25cf IN\u00cdCIO DO PRAZO PARA SUBMISS\u00c3O DAS PROPOSTAS DE VIV\u00caNCIAS: <strong>06\/05\/2024<\/strong><br \/>\u00a0 \u00a0 \u00a0 \u25cf FIM DO PRAZO PARA SUBMISS\u00c3O: <strong>03\/06\/2024<\/strong><br \/>\u00a0 \u00a0 \u00a0 \u25cf DIVULGA\u00c7\u00c3O AOS AUTORES DAS VIV\u00caNCIAS APROVADAS: <strong>01\/07\/2024<\/strong><br \/>\u00a0 \u00a0 \u00a0 \u25cf LIMITE PARA PAGAMENTO DA ANUIDADE DA ABEM: <strong>15\/07\/2024<\/strong><br \/>\u00a0 \u00a0 \u00a0 \u25cf LIMITE PARA PAGAMENTO DA INSCRI\u00c7\u00c3O NO CONGRESSO: <strong>15\/07\/2024<\/strong><\/p><p><strong><br \/>6. CONSIDERA\u00c7\u00d5ES FINAIS:<\/strong><br \/>6.1. A Comiss\u00e3o Organizadora reserva-se o direito de cancelar, interromper, suspender ou adiar a submiss\u00e3o e\/ou publica\u00e7\u00e3o das Viv\u00eancias no todo ou em parte, em caso fortuito ou de for\u00e7a maior.<\/p><p>6.2. Os autores das propostas de Viv\u00eancias reconhecem e declaram, assumindo todas as responsabilidades legais, de forma irrevog\u00e1vel e irretrat\u00e1vel, que as propostas de Viv\u00eancias est\u00e3o coerentes com as informa\u00e7\u00f5es fornecidas e livres de direitos autorais restritivos.<\/p><p>6.3. A Comiss\u00e3o Organizadora \u00e9 soberana nas suas decis\u00f5es, inexistindo a possibilidade de recursos neste Edital.<\/p><p>6.4. A inclus\u00e3o de qualquer Viv\u00eancia, desde que cumprindo as condi\u00e7\u00f5es aqui apresentadas, j\u00e1 caracteriza a aceita\u00e7\u00e3o irrestrita a todas as regras aqui previstas.<\/p><p>6.5. Os dados informados pelos proponentes de toda e qualquer Oficina ser\u00e3o protegidos pela ABEM em conformidade com a vigente Lei Geral de Prote\u00e7\u00e3o de Dados Pessoais \u2013 LGPD (Lei n\u00ba 13.709 de 14\/08\/2018), nos termos da sua Pol\u00edtica de Privacidade e Prote\u00e7\u00e3o de Dados Pessoais.<br \/><br \/><\/p><p style=\"text-align: center;\">Bras\u00edlia, 06 de maio de 2024.<\/p><p style=\"text-align: center;\"><strong>62\u00ba Congresso Brasileiro de Educa\u00e7\u00e3o M\u00e9dica<\/strong><br \/>Comiss\u00e3o Organizadora<\/p>\t\t\t\t\t\t<\/div>\n\t\t\t\t<\/div>\n\t\t\t\t<div class=\"elementor-element elementor-element-fc4834d elementor-widget elementor-widget-spacer\" data-id=\"fc4834d\" data-element_type=\"widget\" data-widget_type=\"spacer.default\">\n\t\t\t\t<div class=\"elementor-widget-container\">\n\t\t\t\t\t<div class=\"elementor-spacer\">\n\t\t\t<div class=\"elementor-spacer-inner\"><\/div>\n\t\t<\/div>\n\t\t\t\t<\/div>\n\t\t\t\t<\/div>\n\t\t\t\t\t<\/div>\n\t\t<\/div>\n\t\t\t\t\t<\/div>\n\t\t<\/section>\n\t\t\t\t<\/div>\n\t\t","protected":false},"excerpt":{"rendered":"<p>VIV\u00caNCIAS &#8211; VIV\u00caNCIAS APROVADAS &#8211; 62\u00ba CONGRESSO BRASILEIRO DE EDUCA\u00c7\u00c3O M\u00c9DICA Ba\u00fa de Viv\u00eancias; Biblioteca Viva; Gerar sa\u00fade x perder sa\u00fade: o estado mental do estudante de medicina; Interven\u00e7\u00f5es baseadas em Mindfulness para reduzir o estresse e a ansiedade em estudantes de Medicina; Pertencimento na universidade: que a universidade se pinte de povo; Sarau Liter\u00e1rio; [&hellip;]<\/p>\n","protected":false},"author":1,"featured_media":0,"parent":181,"menu_order":4,"comment_status":"closed","ping_status":"closed","template":"elementor_header_footer","meta":{"ocean_post_layout":"","ocean_both_sidebars_style":"","ocean_both_sidebars_content_width":0,"ocean_both_sidebars_sidebars_width":0,"ocean_sidebar":"0","ocean_second_sidebar":"0","ocean_disable_margins":"enable","ocean_add_body_class":"","ocean_shortcode_before_top_bar":"","ocean_shortcode_after_top_bar":"","ocean_shortcode_before_header":"","ocean_shortcode_after_header":"","ocean_has_shortcode":"","ocean_shortcode_after_title":"","ocean_shortcode_before_footer_widgets":"","ocean_shortcode_after_footer_widgets":"","ocean_shortcode_before_footer_bottom":"","ocean_shortcode_after_footer_bottom":"","ocean_display_top_bar":"default","ocean_display_header":"default","ocean_header_style":"","ocean_center_header_left_menu":"0","ocean_custom_header_template":"0","ocean_custom_logo":0,"ocean_custom_retina_logo":0,"ocean_custom_logo_max_width":0,"ocean_custom_logo_tablet_max_width":0,"ocean_custom_logo_mobile_max_width":0,"ocean_custom_logo_max_height":0,"ocean_custom_logo_tablet_max_height":0,"ocean_custom_logo_mobile_max_height":0,"ocean_header_custom_menu":"0","ocean_menu_typo_font_family":"0","ocean_menu_typo_font_subset":"","ocean_menu_typo_font_size":0,"ocean_menu_typo_font_size_tablet":0,"ocean_menu_typo_font_size_mobile":0,"ocean_menu_typo_font_size_unit":"px","ocean_menu_typo_font_weight":"","ocean_menu_typo_font_weight_tablet":"","ocean_menu_typo_font_weight_mobile":"","ocean_menu_typo_transform":"","ocean_menu_typo_transform_tablet":"","ocean_menu_typo_transform_mobile":"","ocean_menu_typo_line_height":0,"ocean_menu_typo_line_height_tablet":0,"ocean_menu_typo_line_height_mobile":0,"ocean_menu_typo_line_height_unit":"","ocean_menu_typo_spacing":0,"ocean_menu_typo_spacing_tablet":0,"ocean_menu_typo_spacing_mobile":0,"ocean_menu_typo_spacing_unit":"","ocean_menu_link_color":"","ocean_menu_link_color_hover":"","ocean_menu_link_color_active":"","ocean_menu_link_background":"","ocean_menu_link_hover_background":"","ocean_menu_link_active_background":"","ocean_menu_social_links_bg":"","ocean_menu_social_hover_links_bg":"","ocean_menu_social_links_color":"","ocean_menu_social_hover_links_color":"","ocean_disable_title":"default","ocean_disable_heading":"default","ocean_post_title":"","ocean_post_subheading":"","ocean_post_title_style":"","ocean_post_title_background_color":"","ocean_post_title_background":0,"ocean_post_title_bg_image_position":"","ocean_post_title_bg_image_attachment":"","ocean_post_title_bg_image_repeat":"","ocean_post_title_bg_image_size":"","ocean_post_title_height":0,"ocean_post_title_bg_overlay":0.5,"ocean_post_title_bg_overlay_color":"","ocean_disable_breadcrumbs":"default","ocean_breadcrumbs_color":"","ocean_breadcrumbs_separator_color":"","ocean_breadcrumbs_links_color":"","ocean_breadcrumbs_links_hover_color":"","ocean_display_footer_widgets":"default","ocean_display_footer_bottom":"default","ocean_custom_footer_template":"0","footnotes":""},"class_list":["post-983","page","type-page","status-publish","hentry","entry"],"_links":{"self":[{"href":"https:\/\/cobem.com.br\/2024\/wp-json\/wp\/v2\/pages\/983"}],"collection":[{"href":"https:\/\/cobem.com.br\/2024\/wp-json\/wp\/v2\/pages"}],"about":[{"href":"https:\/\/cobem.com.br\/2024\/wp-json\/wp\/v2\/types\/page"}],"author":[{"embeddable":true,"href":"https:\/\/cobem.com.br\/2024\/wp-json\/wp\/v2\/users\/1"}],"replies":[{"embeddable":true,"href":"https:\/\/cobem.com.br\/2024\/wp-json\/wp\/v2\/comments?post=983"}],"version-history":[{"count":49,"href":"https:\/\/cobem.com.br\/2024\/wp-json\/wp\/v2\/pages\/983\/revisions"}],"predecessor-version":[{"id":2279,"href":"https:\/\/cobem.com.br\/2024\/wp-json\/wp\/v2\/pages\/983\/revisions\/2279"}],"up":[{"embeddable":true,"href":"https:\/\/cobem.com.br\/2024\/wp-json\/wp\/v2\/pages\/181"}],"wp:attachment":[{"href":"https:\/\/cobem.com.br\/2024\/wp-json\/wp\/v2\/media?parent=983"}],"curies":[{"name":"wp","href":"https:\/\/api.w.org\/{rel}","templated":true}]}}