{"id":874,"date":"2023-03-28T11:58:34","date_gmt":"2023-03-28T14:58:34","guid":{"rendered":"https:\/\/cobem.com.br\/2024\/?page_id=874"},"modified":"2024-07-01T20:58:13","modified_gmt":"2024-07-01T23:58:13","slug":"oficinas","status":"publish","type":"page","link":"https:\/\/cobem.com.br\/2024\/o-cobem\/oficinas\/","title":{"rendered":"Edital: Oficinas"},"content":{"rendered":"\t\t<div data-elementor-type=\"wp-page\" data-elementor-id=\"874\" class=\"elementor elementor-874\" data-elementor-post-type=\"page\">\n\t\t\t\t\t\t<section class=\"elementor-section elementor-top-section elementor-element elementor-element-420c082 elementor-section-height-min-height elementor-section-items-top elementor-section-boxed elementor-section-height-default\" data-id=\"420c082\" data-element_type=\"section\" data-settings=\"{&quot;background_background&quot;:&quot;classic&quot;}\">\n\t\t\t\t\t\t<div class=\"elementor-container elementor-column-gap-default\">\n\t\t\t\t\t<div class=\"elementor-column elementor-col-100 elementor-top-column elementor-element elementor-element-3365024\" data-id=\"3365024\" data-element_type=\"column\">\n\t\t\t<div class=\"elementor-widget-wrap elementor-element-populated\">\n\t\t\t\t\t\t<div class=\"elementor-element elementor-element-cb49f57 elementor-widget elementor-widget-heading\" data-id=\"cb49f57\" data-element_type=\"widget\" data-widget_type=\"heading.default\">\n\t\t\t\t<div class=\"elementor-widget-container\">\n\t\t\t<h2 class=\"elementor-heading-title elementor-size-default\">PROPOSI\u00c7\u00c3O DE OFICINAS<\/h2>\t\t<\/div>\n\t\t\t\t<\/div>\n\t\t\t\t\t<\/div>\n\t\t<\/div>\n\t\t\t\t\t<\/div>\n\t\t<\/section>\n\t\t\t\t<section class=\"elementor-section elementor-top-section elementor-element elementor-element-f62d6f9 elementor-section-boxed elementor-section-height-default elementor-section-height-default\" data-id=\"f62d6f9\" data-element_type=\"section\" data-settings=\"{&quot;background_background&quot;:&quot;classic&quot;}\">\n\t\t\t\t\t\t<div class=\"elementor-container elementor-column-gap-default\">\n\t\t\t\t\t<div class=\"elementor-column elementor-col-100 elementor-top-column elementor-element elementor-element-f16c5a4\" data-id=\"f16c5a4\" data-element_type=\"column\">\n\t\t\t<div class=\"elementor-widget-wrap elementor-element-populated\">\n\t\t\t\t\t\t<div class=\"elementor-element elementor-element-1e69732 elementor-widget elementor-widget-heading\" data-id=\"1e69732\" data-element_type=\"widget\" data-widget_type=\"heading.default\">\n\t\t\t\t<div class=\"elementor-widget-container\">\n\t\t\t<h2 class=\"elementor-heading-title elementor-size-default\">- OFICINAS aprovadas -<br>\n62\u00ba CONGRESSO BRASILEIRO DE EDUCA\u00c7\u00c3O M\u00c9DICA\n<\/h2>\t\t<\/div>\n\t\t\t\t<\/div>\n\t\t\t\t<div class=\"elementor-element elementor-element-62fbb88 elementor-widget elementor-widget-text-editor\" data-id=\"62fbb88\" data-element_type=\"widget\" data-widget_type=\"text-editor.default\">\n\t\t\t\t<div class=\"elementor-widget-container\">\n\t\t\t\t\t\t\t<p><strong>Oficinas com carga hor\u00e1ria de 08 horas:<\/strong><\/p><ul><li>Racioc\u00ednio cl\u00ednico na pr\u00e1tica;<\/li><li>Elabora\u00e7\u00e3o de OSCE\/TOSCE;<\/li><li>Avalia\u00e7\u00e3o PARA aprendizagem, da sala de aula ao local de trabalho: uma oficina de avalia\u00e7\u00e3o program\u00e1tica.<\/li><\/ul><p>\u00a0<\/p><p><strong>Oficinas com carga hor\u00e1ria de 04 horas:<\/strong><\/p><ul><li>Tecnologias leves: o ensino de saberes n\u00e3o estruturados para o cuidado em sa\u00fade;<\/li><li>Como inserir a tem\u00e1tica \u201cSa\u00fade e Espiritualidade\u201d no curr\u00edculo m\u00e9dico: oficina pr\u00e1tica;<\/li><li>Presentation skills: estrat\u00e9gias para o envolvimento do p\u00fablico e cria\u00e7\u00e3o de um ambiente de aprendizagem din\u00e2mico e positivo.<\/li><li>Trabalhando com EPAs no Comit\u00ea de Avalia\u00e7\u00e3o;<\/li><li>Definindo, descrevendo e adaptando as EPAs nos curr\u00edculos de forma\u00e7\u00e3o na \u00e1rea da sa\u00fade;<\/li><li>N\u00e3o precisa falar, vou dizer o que voc\u00ea tem: narrativas na forma\u00e7\u00e3o, no cuidado e na pr\u00e1tica cl\u00ednica;<\/li><li>Forma\u00e7\u00e3o docente em sa\u00fade e educa\u00e7\u00e3o antirracista: tecendo novas formas de aprender e ensinar;<\/li><li>Medicina de desastres e sa\u00fade planet\u00e1ria: prepara\u00e7\u00e3o e resposta em um mundo em mudan\u00e7a.<\/li><\/ul><p>\u00a0<\/p><p><strong>Oficinas com carga hor\u00e1ria de 02 horas:<\/strong><\/p><ul><li>12 dicas para ser um tutor de PBL baseado em evid\u00eancias;<\/li><li>GENI : dos estudos em negritude e interseccionalidade \u00e0 pr\u00e1tica de acolhimento e luta das pessoas negras na universidade;<\/li><li>Teatro: t\u00e9cnicas e possibilidades para a educa\u00e7\u00e3o m\u00e9dica.<\/li><\/ul>\t\t\t\t\t\t<\/div>\n\t\t\t\t<\/div>\n\t\t\t\t<div class=\"elementor-element elementor-element-2c2ed26 elementor-widget-divider--view-line elementor-widget elementor-widget-divider\" data-id=\"2c2ed26\" data-element_type=\"widget\" data-widget_type=\"divider.default\">\n\t\t\t\t<div class=\"elementor-widget-container\">\n\t\t\t\t\t<div class=\"elementor-divider\">\n\t\t\t<span class=\"elementor-divider-separator\">\n\t\t\t\t\t\t<\/span>\n\t\t<\/div>\n\t\t\t\t<\/div>\n\t\t\t\t<\/div>\n\t\t\t\t<div class=\"elementor-element elementor-element-3a6197f elementor-widget elementor-widget-heading\" data-id=\"3a6197f\" data-element_type=\"widget\" data-widget_type=\"heading.default\">\n\t\t\t\t<div class=\"elementor-widget-container\">\n\t\t\t<h2 class=\"elementor-heading-title elementor-size-default\">EDITAL PARA A PROPOSI\u00c7\u00c3O DE OFICINAS <br>\n62\u00ba CONGRESSO BRASILEIRO DE EDUCA\u00c7\u00c3O M\u00c9DICA\n<\/h2>\t\t<\/div>\n\t\t\t\t<\/div>\n\t\t\t\t<div class=\"elementor-element elementor-element-2af4fbf elementor-widget elementor-widget-heading\" data-id=\"2af4fbf\" data-element_type=\"widget\" data-widget_type=\"heading.default\">\n\t\t\t\t<div class=\"elementor-widget-container\">\n\t\t\t<h2 class=\"elementor-heading-title elementor-size-default\">DIRETRIZES CURRICULARES NACIONAIS PARA A FORMA\u00c7\u00c3O M\u00c9DICA:<br\/>10 ANOS DE CONSTRU\u00c7\u00c3O!\n\n<\/h2>\t\t<\/div>\n\t\t\t\t<\/div>\n\t\t\t\t<div class=\"elementor-element elementor-element-4dfd9aa elementor-widget elementor-widget-heading\" data-id=\"4dfd9aa\" data-element_type=\"widget\" data-widget_type=\"heading.default\">\n\t\t\t\t<div class=\"elementor-widget-container\">\n\t\t\t<h2 class=\"elementor-heading-title elementor-size-default\">12 a 15 de setembro de 2024 - Belo Horizonte\/MG<\/h2>\t\t<\/div>\n\t\t\t\t<\/div>\n\t\t\t\t<div class=\"elementor-element elementor-element-c7ac130 elementor-widget elementor-widget-text-editor\" data-id=\"c7ac130\" data-element_type=\"widget\" data-widget_type=\"text-editor.default\">\n\t\t\t\t<div class=\"elementor-widget-container\">\n\t\t\t\t\t\t\t<p>Com a finalidade de construirmos, de forma colaborativa, o nosso 62\u00ba Congresso Brasileiro de Educa\u00e7\u00e3o M\u00e9dica (62\u00ba Cobem), que em 2024 ocorrer\u00e1 no per\u00edodo de 12 a 15 de setembro na cidade de Belo Horizonte\/MG, este convite p\u00fablico oferece um conjunto de diretrizes para subsidiar as propostas de pessoas interessadas em oferecer OFICINAS que, caso aprovadas, ser\u00e3o incorporadas na programa\u00e7\u00e3o cient\u00edfica do congresso.<\/p><p>A realiza\u00e7\u00e3o de oficinas no evento \u00e9 uma oportunidade para docentes e discentes da gradua\u00e7\u00e3o em Medicina e de outras gradua\u00e7\u00f5es da \u00e1rea da sa\u00fade, assim como de programas de Resid\u00eancia M\u00e9dica, compartilharem com os congressistas suas experi\u00eancias locais e produ\u00e7\u00e3o de conhecimento, al\u00e9m de reflex\u00f5es sobre o processo de ensino aprendizagem.<\/p><p>\u00a0<\/p><p><strong>1. SOBRE AS OFICINAS:<\/strong><\/p><p>As oficinas acontecer\u00e3o durante o 62\u00ba Cobem, em datas e hor\u00e1rios agendados de acordo com a programa\u00e7\u00e3o a ser divulgada por ocasi\u00e3o dos resultados da sele\u00e7\u00e3o deste edital. \u00a0<\/p><p>A proposta de oficina dever\u00e1 estar relacionada com a tem\u00e1tica da Educa\u00e7\u00e3o M\u00e9dica, preferencialmente abordando a tem\u00e1tica central do evento \u2013 DIRETRIZES CURRICULARES NACIONAIS PARA A FORMA\u00c7\u00c3O M\u00c9DICA:\u00a010 ANOS DE CONSTRU\u00c7\u00c3O! \u00a0Encorajamos a proposi\u00e7\u00e3o de modelos inovadores de oficinas.<\/p><p>As <strong>OFICINAS<\/strong> propostas devem <strong>se distinguir de VIV\u00caNCIAS<\/strong>, pois as metodologias adotadas nas Viv\u00eancias t\u00eam como principal objetivo o de promover uma experi\u00eancia vivida e a reflex\u00e3o sobre a sua pr\u00e1xis, <strong>n\u00e3o <\/strong>preveem inscri\u00e7\u00f5es pr\u00e9vias aos seus participantes e a constru\u00e7\u00e3o de produtos<strong>. <\/strong><\/p><p><strong>\u00a0<\/strong><\/p><p><strong>2. <\/strong><strong>COMO AS OFICINAS SER\u00c3O CLASSIFICADAS E SELECIONADAS?<\/strong><\/p><p><strong>2.1<\/strong>. Todas as <strong>OFICINAS<\/strong> ser\u00e3o avaliadas e selecionadas pela Comiss\u00e3o Organizadora do 62\u00ba Congresso Brasileiro de Educa\u00e7\u00e3o M\u00e9dica.<\/p><p><strong>2.2.<\/strong> Cada oficina somente poder\u00e1 ser inscrita uma \u00fanica vez no Congresso, mesmo que autores ou institui\u00e7\u00f5es envolvidas sejam diferentes.<\/p><p><strong>2.3.<\/strong> A proposta dever\u00e1 apresentar claramente quais os materiais\/equipamentos necess\u00e1rios \u00e0 atividade que ser\u00e3o de responsabilidade dos proponentes ou da Comiss\u00e3o Organizadora, que buscar\u00e1 atender as demandas.<\/p><p><strong>2.4.<\/strong> Caso a solicita\u00e7\u00e3o de materiais\/equipamentos n\u00e3o seja vi\u00e1vel, do ponto de vista t\u00e9cnico ou or\u00e7ament\u00e1rio, os autores ser\u00e3o informados e poder\u00e3o buscar meios pr\u00f3prios de prover os materiais\/equipamentos ou ajustar-se \u00e0 realidade dispon\u00edvel.<\/p><p><strong>2.5.<\/strong> As oficinas poder\u00e3o ter dura\u00e7\u00e3o de 2 (duas), 4 (quatro) ou 8 (oito) horas, podendo ser planejadas em atividades\/ciclos de dura\u00e7\u00e3o menor.<\/p><p><strong>2.6.<\/strong> A mesma oficina poder\u00e1 ser repetida no Congresso, caso n\u00e3o haja oficinas selecionadas em n\u00famero suficiente para preencher todos os espa\u00e7os e hor\u00e1rios dispon\u00edveis, e haja interesse\/disponibilidade dos autores.<\/p><p><strong>2.7.<\/strong> As oficinas dever\u00e3o incentivar a participa\u00e7\u00e3o e protagonismo dos participantes por meio de metodologias ativas de ensino aprendizagem.<\/p><p><strong>2.8.<\/strong> As propostas dever\u00e3o ser submetidas on-line, atrav\u00e9s do link \u00a0<span style=\"text-decoration: underline;\"><span style=\"color: #0000ff; text-decoration: underline;\"><a style=\"color: #0000ff; text-decoration: underline;\" href=\"https:\/\/forms.gle\/WxdaQPkN57atSNkQ8\" target=\"_blank\" rel=\"noopener\">https:\/\/forms.gle\/WxdaQPkN57atSNkQ8<\/a> <\/span><\/span>at\u00e9 a data limite de <strong>03 de junho de 2024<\/strong>.\u00a0<\/p><p><strong>2.9.<\/strong> Em hip\u00f3tese alguma ser\u00e3o aceitas oficinas enviadas por e-mail, correspond\u00eancia, fax ou qualquer outro meio de comunica\u00e7\u00e3o que n\u00e3o o estabelecido pelo item 2.8.<\/p><p><strong>2.10.<\/strong> As <strong>oficinas selecionadas<\/strong> ser\u00e3o divulgadas no site do congresso at\u00e9 o dia <strong>01 de julho de 2024<\/strong>.<\/p><p><strong>2.11.<\/strong>\u00a0Pelo menos <strong>um dos autores<\/strong> da proposta de Oficina dever\u00e1 estar <strong>Associado de modo Adimplente \u00e0 ABEM<\/strong> <strong>e inscrito no 62\u00ba COBEM<\/strong> at\u00e9<strong> 15 de julho de 2024.<\/strong><\/p><p><strong>2.12.<\/strong>\u00a0O n\u00famero <strong>m\u00e1ximo de Oficineiros\/Autores em cada Oficina \u00e9 de 06 (seis) pessoas<\/strong>. Ap\u00f3s a divulga\u00e7\u00e3o da lista de Oficinas selecionadas, n\u00e3o ser\u00e1 poss\u00edvel a inscri\u00e7\u00e3o de outros autores.<\/p><p><strong>2.13.<\/strong> <strong>Somente poder\u00e3o participar da oficina os Oficineiros\/Autores inscritos no 62\u00ba Cobem.<\/strong><\/p><p><strong>2.14.<\/strong> A Comiss\u00e3o Organizadora do 62\u00ba Congresso Brasileiro de Educa\u00e7\u00e3o M\u00e9dica priorizar\u00e1 as oficinas de acordo com os seguintes crit\u00e9rios:<\/p><p><strong>a)<\/strong> relev\u00e2ncia do TEMA para a Educa\u00e7\u00e3o M\u00e9dica, com fundamenta\u00e7\u00e3o nas Diretrizes Curriculares Nacionais (DCNs) do curso de gradua\u00e7\u00e3o em Medicina (CNE\/CES n. 116\/2014) e com os seguintes eixos tem\u00e1rios:<\/p><p><strong>&#8211; Eixo tem\u00e1tico I:<\/strong> Perfil do egresso, concep\u00e7\u00f5es e paradigmas sobre o ensinar, o aprender, o permanecer e o pertencer;<br \/><strong>&#8211; Eixo tem\u00e1tico II:<\/strong> Compet\u00eancias e cen\u00e1rios para a forma\u00e7\u00e3o m\u00e9dica;<br \/><strong>&#8211; Eixo tem\u00e1tico III:<\/strong> Avalia\u00e7\u00e3o e desenvolvimento docente e de preceptoria;<br \/><strong>&#8211; Eixo tem\u00e1tico IV:<\/strong> Resid\u00eancia e p\u00f3s-gradua\u00e7\u00e3o;<\/p><p><strong>b)<\/strong> originalidade, criatividade e inova\u00e7\u00e3o conceitual;<\/p><p><strong>c)<\/strong> coer\u00eancia entre as metodologias que ser\u00e3o adotadas e os objetivos propostos;<\/p><p><strong>d)<\/strong>\u00a0 clareza na reda\u00e7\u00e3o da proposta.<\/p><p><strong>2.15.<\/strong> Todas as <strong>oficinas selecionadas devem ser realizadas<\/strong> no 62\u00ba Congresso Brasileiro de Educa\u00e7\u00e3o M\u00e9dica <strong>por seus respectivos autores<\/strong>, indicados no momento da inscri\u00e7\u00e3o, em dia e hor\u00e1rio definido pela Comiss\u00e3o Organizadora.<\/p><p><strong>2.16.<\/strong> As oficinas acontecer\u00e3o nos dias <strong>13 <\/strong>e <strong>14 de setembro de 2024<\/strong>, ao longo da programa\u00e7\u00e3o do Cobem.<\/p><p><strong>2.17.<\/strong> Os dias <strong>12 e 15 de setembro de 2024<\/strong> ser\u00e3o dedicados \u00e0 montagem e desmontagem da estrutura envolvida nas atividades.<\/p><p><strong>2.18.<\/strong> Todos os proponentes cujas oficinas forem selecionadas receber\u00e3o um certificado de participa\u00e7\u00e3o como \u201cautor de OFICINA\u201d no 62\u00ba Congresso Brasileiro de Educa\u00e7\u00e3o M\u00e9dica, assim como os seus respectivos coautores, indicados no momento da inscri\u00e7\u00e3o da proposta.<\/p><p><strong>2.19.<\/strong> A condu\u00e7\u00e3o do processo de cada Oficina \u00e9 de total responsabilidade dos seus respectivos autores.<\/p><p><strong>2.20.<\/strong> As especificidades de log\u00edstica, metodologia e infraestrutura de cada Oficina devem estar detalhadamente descritas nas propostas enviadas, via ficha de inscri\u00e7\u00e3o, \u00e0 Comiss\u00e3o Organizadora.<\/p><p><strong>2.21.<\/strong> Somente ser\u00e3o certificados (co)autores associados adimplentes, inscritos no congresso e <strong>presentes em Belo Horizonte nos dias da execu\u00e7\u00e3o da Oficina. <\/strong><\/p><p><strong>2.22.<\/strong> O n\u00e3o comparecimento de algum autor caracteriza <strong>abandono da atividade<\/strong>, acarretando o n\u00e3o recebimento do certificado como autor da atividade e a impossibilidade de futura proposi\u00e7\u00e3o de uma nova autoria de Oficina na edi\u00e7\u00e3o do Cobem seguinte.<\/p><p><strong>2.23. N\u00e3o<\/strong> ser\u00e1 considerado <strong>abandono da atividade <\/strong>caso o impedimento da execu\u00e7\u00e3o da atividade seja avisado, por via do e-mail atendimento@abem-educmed.org.br, \u00e0 Comiss\u00e3o Organizadora, com pelo menos 02 dias (48 horas) de anteced\u00eancia ao in\u00edcio do evento.<\/p><p><strong>2.24.<\/strong> Os\/As\/Es autores\/as de cada proposta de Oficina aceitam receber e-mails da Comiss\u00e3o Organizadora com a finalidade metodol\u00f3gica de melhorar a qualidade da comunica\u00e7\u00e3o entre autores\/as e organizadores do evento, visando dirimir as dificuldades de infraestrutura e favorecer a cria\u00e7\u00e3o de um ambiente colaborativo, mediado pelos bons afetos.\u00a0<\/p><p>\u00a0<\/p><p><strong>3. <\/strong><strong>DA INSCRI\u00c7\u00c3O DOS CONGRESSISTAS NAS OFICINAS\u00a0<\/strong><\/p><p><strong>3.1.<\/strong> A divulga\u00e7\u00e3o das oficinas selecionadas ser\u00e1 feita no site do Congresso.<\/p><p><strong>3.2.<\/strong> A inscri\u00e7\u00e3o para participa\u00e7\u00e3o nas oficinas, quando for o caso, estar\u00e1 <strong>dispon\u00edvel apenas para os inscritos no congresso atrav\u00e9s do Painel do Congressista<\/strong>, a partir de\u00a0<strong>22\/07\/2024<\/strong>.\u00a0<\/p><p><strong>3.3.<\/strong> A participa\u00e7\u00e3o na oficina ficar\u00e1 limitada ao n\u00famero m\u00e1ximo e a categoria de participantes definidos pela proposta submetida no Edital.<\/p><p>\u00a0<\/p><p><strong>4. DO CRONOGRAMA:\u00a0<\/strong><\/p><p>Os prazos se encerram \u00e0s 23:59 de cada dia, hor\u00e1rio de Bras\u00edlia (DF). Registre em sua agenda as seguintes datas:<\/p><ul><li>IN\u00cdCIO DO PRAZO PARA SUBMISS\u00c3O DAS PROPOSTAS DE OFICINAS: <strong>04\/04\/2024<\/strong><\/li><li>FIM DO PRAZO PARA SUBMISS\u00c3O DAS PROPOSTAS DE OFICINAS: <strong>03\/06\/2024<\/strong><\/li><li>DIVULGA\u00c7\u00c3O DAS OFICINAS APROVADAS: <strong>01\/07\/2024 <\/strong><\/li><li>LIMITE PARA PAGAMENTO DA ANUIDADE DA ABEM E INSCRI\u00c7\u00c3O NO 62\u00ba COBEM DE 1 DOS AUTORES: <strong>15\/07\/2024<\/strong><\/li><li>ABERTURA DA INSCRI\u00c7\u00c3O PARA CONGRESSISTAS: <strong>22\/07\/2024<\/strong><\/li><\/ul><p><strong>\u00a0<\/strong><\/p><p><strong>5. DAS DISPOSI\u00c7\u00d5ES FINAIS:<\/strong><\/p><p><strong>5.1.<\/strong> A Comiss\u00e3o Organizadora reserva-se o direito de cancelar, interromper, suspender ou adiar a submiss\u00e3o e\/ou publica\u00e7\u00e3o das Oficinas no todo ou em parte, em caso fortuito ou de for\u00e7a maior.<\/p><p><strong>5.2.<\/strong> Os autores\/as das propostas de Oficinas reconhecem e declaram, assumindo todas as responsabilidades legais, de forma irrevog\u00e1vel e irretrat\u00e1vel, que as Oficinas a serem realizadas est\u00e3o coerentes com as informa\u00e7\u00f5es fornecidas e livres de direitos autorais restritivos.<\/p><p><strong>5.3.<\/strong> A Comiss\u00e3o Organizadora \u00e9 soberana nas suas decis\u00f5es, inexistindo a possibilidade de recursos a este Edital.<\/p><p><strong>5.4.<\/strong> A inclus\u00e3o de qualquer Oficina, desde que cumprindo as condi\u00e7\u00f5es aqui apresentadas, j\u00e1 caracteriza a aceita\u00e7\u00e3o irrestrita a todas as regras aqui previstas.<\/p><p><strong>5.5.<\/strong> Os dados informados pelos proponentes de toda e qualquer Oficina ser\u00e3o protegidos pela ABEM em conformidade com a vigente Lei Geral de Prote\u00e7\u00e3o de Dados Pessoais \u2013 LGPD (Lei n\u00ba 13.709 de 14\/08\/2018), nos termos da sua Pol\u00edtica de Privacidade e Prote\u00e7\u00e3o de Dados Pessoais.<\/p><p>\u00a0<\/p><p style=\"text-align: center;\">Comiss\u00e3o Organizadora do 62\u00ba Congresso Brasileiro de Educa\u00e7\u00e3o M\u00e9dica.<br \/>Bras\u00edlia, 03 de abril de 2024.<\/p>\t\t\t\t\t\t<\/div>\n\t\t\t\t<\/div>\n\t\t\t\t<div class=\"elementor-element elementor-element-5cb4a86 elementor-hidden-desktop elementor-hidden-tablet elementor-hidden-mobile elementor-widget-divider--view-line elementor-widget elementor-widget-divider\" data-id=\"5cb4a86\" data-element_type=\"widget\" data-widget_type=\"divider.default\">\n\t\t\t\t<div class=\"elementor-widget-container\">\n\t\t\t\t\t<div class=\"elementor-divider\">\n\t\t\t<span class=\"elementor-divider-separator\">\n\t\t\t\t\t\t<\/span>\n\t\t<\/div>\n\t\t\t\t<\/div>\n\t\t\t\t<\/div>\n\t\t\t\t<div class=\"elementor-element elementor-element-774fd2e elementor-hidden-desktop elementor-hidden-tablet elementor-hidden-mobile elementor-widget elementor-widget-heading\" data-id=\"774fd2e\" data-element_type=\"widget\" data-widget_type=\"heading.default\">\n\t\t\t\t<div class=\"elementor-widget-container\">\n\t\t\t<h2 class=\"elementor-heading-title elementor-size-default\">INSCREVA-SE NAS OFICINAS\n<\/h2>\t\t<\/div>\n\t\t\t\t<\/div>\n\t\t\t\t<div class=\"elementor-element elementor-element-7b4f48c elementor-hidden-desktop elementor-hidden-tablet elementor-hidden-mobile elementor-widget elementor-widget-heading\" data-id=\"7b4f48c\" data-element_type=\"widget\" data-widget_type=\"heading.default\">\n\t\t\t\t<div class=\"elementor-widget-container\">\n\t\t\t<h2 class=\"elementor-heading-title elementor-size-default\">Orienta\u00e7\u00f5es para inscri\u00e7\u00e3o nas oficinas<\/h2>\t\t<\/div>\n\t\t\t\t<\/div>\n\t\t\t\t<div class=\"elementor-element elementor-element-a304a24 elementor-hidden-desktop elementor-hidden-tablet elementor-hidden-mobile elementor-widget elementor-widget-text-editor\" data-id=\"a304a24\" data-element_type=\"widget\" data-widget_type=\"text-editor.default\">\n\t\t\t\t<div class=\"elementor-widget-container\">\n\t\t\t\t\t\t\t<p>Ser\u00e3o oferecidas 26 oficinas, distribu\u00eddas ao longo dos dias 5 a 8 de novembro.<\/p><p>Para se inscrever nas atividades, \u00e9 preciso estar com a inscri\u00e7\u00e3o confirmada no evento (paga).<\/p><p>\u2013 As inscri\u00e7\u00f5es para as oficinas dever\u00e3o ser realizada por meio do Painel do Congressista, atrav\u00e9s do menu: <strong>Programa\u00e7\u00e3o<\/strong>.<\/p><p>Neste menu estar\u00e3o listadas as atividades que ir\u00e3o ocorrer ao longo dos dias do evento, basta clicar no bot\u00e3o &#8220;Inscreva-se&#8221; presente em cada atividade.<\/p><p>&#8211; As vagas para as oficinas s\u00e3o limitadas e ser\u00e3o preenchidas conforme a ordem de inscri\u00e7\u00e3o.<\/p>\t\t\t\t\t\t<\/div>\n\t\t\t\t<\/div>\n\t\t\t\t<div class=\"elementor-element elementor-element-fc4834d elementor-widget elementor-widget-spacer\" data-id=\"fc4834d\" data-element_type=\"widget\" data-widget_type=\"spacer.default\">\n\t\t\t\t<div class=\"elementor-widget-container\">\n\t\t\t\t\t<div class=\"elementor-spacer\">\n\t\t\t<div class=\"elementor-spacer-inner\"><\/div>\n\t\t<\/div>\n\t\t\t\t<\/div>\n\t\t\t\t<\/div>\n\t\t\t\t\t<\/div>\n\t\t<\/div>\n\t\t\t\t\t<\/div>\n\t\t<\/section>\n\t\t\t\t<\/div>\n\t\t","protected":false},"excerpt":{"rendered":"<p>PROPOSI\u00c7\u00c3O DE OFICINAS &#8211; OFICINAS aprovadas &#8211; 62\u00ba CONGRESSO BRASILEIRO DE EDUCA\u00c7\u00c3O M\u00c9DICA Oficinas com carga hor\u00e1ria de 08 horas: Racioc\u00ednio cl\u00ednico na pr\u00e1tica; Elabora\u00e7\u00e3o de OSCE\/TOSCE; Avalia\u00e7\u00e3o PARA aprendizagem, da sala de aula ao local de trabalho: uma oficina de avalia\u00e7\u00e3o program\u00e1tica. \u00a0 Oficinas com carga hor\u00e1ria de 04 horas: Tecnologias leves: o ensino [&hellip;]<\/p>\n","protected":false},"author":1,"featured_media":0,"parent":181,"menu_order":4,"comment_status":"closed","ping_status":"closed","template":"elementor_header_footer","meta":{"ocean_post_layout":"","ocean_both_sidebars_style":"","ocean_both_sidebars_content_width":0,"ocean_both_sidebars_sidebars_width":0,"ocean_sidebar":"0","ocean_second_sidebar":"0","ocean_disable_margins":"enable","ocean_add_body_class":"","ocean_shortcode_before_top_bar":"","ocean_shortcode_after_top_bar":"","ocean_shortcode_before_header":"","ocean_shortcode_after_header":"","ocean_has_shortcode":"","ocean_shortcode_after_title":"","ocean_shortcode_before_footer_widgets":"","ocean_shortcode_after_footer_widgets":"","ocean_shortcode_before_footer_bottom":"","ocean_shortcode_after_footer_bottom":"","ocean_display_top_bar":"default","ocean_display_header":"default","ocean_header_style":"","ocean_center_header_left_menu":"0","ocean_custom_header_template":"0","ocean_custom_logo":0,"ocean_custom_retina_logo":0,"ocean_custom_logo_max_width":0,"ocean_custom_logo_tablet_max_width":0,"ocean_custom_logo_mobile_max_width":0,"ocean_custom_logo_max_height":0,"ocean_custom_logo_tablet_max_height":0,"ocean_custom_logo_mobile_max_height":0,"ocean_header_custom_menu":"0","ocean_menu_typo_font_family":"0","ocean_menu_typo_font_subset":"","ocean_menu_typo_font_size":0,"ocean_menu_typo_font_size_tablet":0,"ocean_menu_typo_font_size_mobile":0,"ocean_menu_typo_font_size_unit":"px","ocean_menu_typo_font_weight":"","ocean_menu_typo_font_weight_tablet":"","ocean_menu_typo_font_weight_mobile":"","ocean_menu_typo_transform":"","ocean_menu_typo_transform_tablet":"","ocean_menu_typo_transform_mobile":"","ocean_menu_typo_line_height":0,"ocean_menu_typo_line_height_tablet":0,"ocean_menu_typo_line_height_mobile":0,"ocean_menu_typo_line_height_unit":"","ocean_menu_typo_spacing":0,"ocean_menu_typo_spacing_tablet":0,"ocean_menu_typo_spacing_mobile":0,"ocean_menu_typo_spacing_unit":"","ocean_menu_link_color":"","ocean_menu_link_color_hover":"","ocean_menu_link_color_active":"","ocean_menu_link_background":"","ocean_menu_link_hover_background":"","ocean_menu_link_active_background":"","ocean_menu_social_links_bg":"","ocean_menu_social_hover_links_bg":"","ocean_menu_social_links_color":"","ocean_menu_social_hover_links_color":"","ocean_disable_title":"default","ocean_disable_heading":"default","ocean_post_title":"","ocean_post_subheading":"","ocean_post_title_style":"","ocean_post_title_background_color":"","ocean_post_title_background":0,"ocean_post_title_bg_image_position":"","ocean_post_title_bg_image_attachment":"","ocean_post_title_bg_image_repeat":"","ocean_post_title_bg_image_size":"","ocean_post_title_height":0,"ocean_post_title_bg_overlay":0.5,"ocean_post_title_bg_overlay_color":"","ocean_disable_breadcrumbs":"default","ocean_breadcrumbs_color":"","ocean_breadcrumbs_separator_color":"","ocean_breadcrumbs_links_color":"","ocean_breadcrumbs_links_hover_color":"","ocean_display_footer_widgets":"default","ocean_display_footer_bottom":"default","ocean_custom_footer_template":"0","footnotes":""},"class_list":["post-874","page","type-page","status-publish","hentry","entry"],"_links":{"self":[{"href":"https:\/\/cobem.com.br\/2024\/wp-json\/wp\/v2\/pages\/874"}],"collection":[{"href":"https:\/\/cobem.com.br\/2024\/wp-json\/wp\/v2\/pages"}],"about":[{"href":"https:\/\/cobem.com.br\/2024\/wp-json\/wp\/v2\/types\/page"}],"author":[{"embeddable":true,"href":"https:\/\/cobem.com.br\/2024\/wp-json\/wp\/v2\/users\/1"}],"replies":[{"embeddable":true,"href":"https:\/\/cobem.com.br\/2024\/wp-json\/wp\/v2\/comments?post=874"}],"version-history":[{"count":83,"href":"https:\/\/cobem.com.br\/2024\/wp-json\/wp\/v2\/pages\/874\/revisions"}],"predecessor-version":[{"id":2276,"href":"https:\/\/cobem.com.br\/2024\/wp-json\/wp\/v2\/pages\/874\/revisions\/2276"}],"up":[{"embeddable":true,"href":"https:\/\/cobem.com.br\/2024\/wp-json\/wp\/v2\/pages\/181"}],"wp:attachment":[{"href":"https:\/\/cobem.com.br\/2024\/wp-json\/wp\/v2\/media?parent=874"}],"curies":[{"name":"wp","href":"https:\/\/api.w.org\/{rel}","templated":true}]}}