{"id":2328,"date":"2024-07-11T12:44:37","date_gmt":"2024-07-11T15:44:37","guid":{"rendered":"https:\/\/cobem.com.br\/2024\/?page_id=2328"},"modified":"2024-07-11T12:49:14","modified_gmt":"2024-07-11T15:49:14","slug":"lancamento-de-livros","status":"publish","type":"page","link":"https:\/\/cobem.com.br\/2024\/o-cobem\/lancamento-de-livros\/","title":{"rendered":"Lan\u00e7amento de Livros"},"content":{"rendered":"\t\t<div data-elementor-type=\"wp-page\" data-elementor-id=\"2328\" class=\"elementor elementor-2328\" data-elementor-post-type=\"page\">\n\t\t\t\t\t\t<section class=\"elementor-section elementor-top-section elementor-element elementor-element-420c082 elementor-section-height-min-height elementor-section-items-top elementor-section-boxed elementor-section-height-default\" data-id=\"420c082\" data-element_type=\"section\" data-settings=\"{&quot;background_background&quot;:&quot;classic&quot;}\">\n\t\t\t\t\t\t\t<div class=\"elementor-background-overlay\"><\/div>\n\t\t\t\t\t\t\t<div class=\"elementor-container elementor-column-gap-default\">\n\t\t\t\t\t<div class=\"elementor-column elementor-col-100 elementor-top-column elementor-element elementor-element-3365024\" data-id=\"3365024\" data-element_type=\"column\">\n\t\t\t<div class=\"elementor-widget-wrap elementor-element-populated\">\n\t\t\t\t\t\t<div class=\"elementor-element elementor-element-cb49f57 elementor-widget elementor-widget-heading\" data-id=\"cb49f57\" data-element_type=\"widget\" data-widget_type=\"heading.default\">\n\t\t\t\t<div class=\"elementor-widget-container\">\n\t\t\t<h2 class=\"elementor-heading-title elementor-size-default\">LAN\u00c7AMENTO DE LIVROS<\/h2>\t\t<\/div>\n\t\t\t\t<\/div>\n\t\t\t\t\t<\/div>\n\t\t<\/div>\n\t\t\t\t\t<\/div>\n\t\t<\/section>\n\t\t\t\t<section class=\"elementor-section elementor-top-section elementor-element elementor-element-f62d6f9 elementor-section-boxed elementor-section-height-default elementor-section-height-default\" data-id=\"f62d6f9\" data-element_type=\"section\" data-settings=\"{&quot;background_background&quot;:&quot;classic&quot;}\">\n\t\t\t\t\t\t<div class=\"elementor-container elementor-column-gap-default\">\n\t\t\t\t\t<div class=\"elementor-column elementor-col-100 elementor-top-column elementor-element elementor-element-f16c5a4\" data-id=\"f16c5a4\" data-element_type=\"column\">\n\t\t\t<div class=\"elementor-widget-wrap elementor-element-populated\">\n\t\t\t\t\t\t<div class=\"elementor-element elementor-element-774fd2e elementor-widget elementor-widget-heading\" data-id=\"774fd2e\" data-element_type=\"widget\" data-widget_type=\"heading.default\">\n\t\t\t\t<div class=\"elementor-widget-container\">\n\t\t\t<h2 class=\"elementor-heading-title elementor-size-default\">CONVITE PARA SESS\u00c3O DE LAN\u00c7AMENTOS DE LIVROS<\/h2>\t\t<\/div>\n\t\t\t\t<\/div>\n\t\t\t\t<div class=\"elementor-element elementor-element-a304a24 elementor-widget elementor-widget-text-editor\" data-id=\"a304a24\" data-element_type=\"widget\" data-widget_type=\"text-editor.default\">\n\t\t\t\t<div class=\"elementor-widget-container\">\n\t\t\t\t\t\t\t<p>Com o objetivo de divulgar, durante nosso Congresso, lan\u00e7amentos e publica\u00e7\u00f5es recentes, informamos que est\u00e3o abertas as inscri\u00e7\u00f5es para envio de propostas de apresenta\u00e7\u00e3o de livros no 62\u00ba Congresso Brasileiro de Educa\u00e7\u00e3o M\u00e9dica, que acontecer\u00e1 de <strong>12 a 15 de setembro<\/strong> de 2024 em <strong>Belo Horizonte &#8211; MG<\/strong><\/p><p>Orienta\u00e7\u00f5es para a submiss\u00e3o de seu livro:<\/p><p>1 &#8211; S\u00f3 poder\u00e3o ser apresentadas no evento obras que estejam vinculadas ao tema da Educa\u00e7\u00e3o M\u00e9dica\/Educa\u00e7\u00e3o das Profiss\u00f5es da Sa\u00fade e editadas entre os anos de 2022\/2024.<\/p><p>2 &#8211; A distribui\u00e7\u00e3o da ordem dos lan\u00e7amentos ser\u00e1 de acordo com o recebimento das solicita\u00e7\u00f5es, que devem ser enviadas como \u201cAssunto: Lan\u00e7amento de Livro COBEM\u201d para <span style=\"text-decoration: underline;\"><span style=\"color: #0000ff; text-decoration: underline;\"><a style=\"color: #0000ff; text-decoration: underline;\" href=\"mailto:inscricoes@aconteceeventos.com.br\">inscricoes@aconteceeventos.com.br<\/a><\/span><\/span> , com as seguintes informa\u00e7\u00f5es:<\/p><ul><li>T\u00edtulo da obra:<\/li><li>Autore(s):<\/li><li>Editora:<\/li><li>Ano:<\/li><li>N\u00famero de p\u00e1ginas:<\/li><li>Dimens\u00f5es:<\/li><li>ISBN:<\/li><li>Breve resumo da obra (m\u00e1ximo de 150 palavras)<\/li><li>Enviar em anexo a c\u00f3pia da capa do livro em PDF (para divulga\u00e7\u00e3o)<\/li><\/ul><p>3 &#8211; Para acesso ao evento \u00e9 necess\u00e1rio que pelo menos um dos autores do livro a ser lan\u00e7ado esteja regularmente inscrito no 62\u00ba Cobem;<\/p><p>4 &#8211; N\u00e3o nos responsabilizamos por danos eventuais (extravios, roubos, etc.), bem como o transporte ou venda do material;<\/p><p>5 &#8211; A venda de exemplares da obra lan\u00e7ada poder\u00e1 ser realizada diretamente pelo(s) autor(es) no dia do lan\u00e7amento ou pela livraria\/editora presente no evento desde que previamente acordado com a mesma;<\/p><p>6 &#8211; Os(as) autores(as) ficar\u00e3o respons\u00e1veis pelo transporte das obras at\u00e9 o local do lan\u00e7amento, pela venda dos exemplares, bem como pelo recolhimento dos livros ap\u00f3s a sess\u00e3o de aut\u00f3grafos;<\/p><p>7 &#8211; <strong>O prazo<\/strong> para envio das solicita\u00e7\u00f5es \u00e9 <strong>23 de agosto de 2024.<\/strong><\/p><p><strong>O resultado das publica\u00e7\u00f5es aceitas<\/strong> para o lan\u00e7amento ser\u00e1 divulgado nos canais de comunica\u00e7\u00e3o do congresso at\u00e9 o dia <strong>30 de agosto de 2024.<\/strong><\/p><p>\u00a0<\/p><p>Atenciosamente,<br \/>Equipe organizadora.<\/p>\t\t\t\t\t\t<\/div>\n\t\t\t\t<\/div>\n\t\t\t\t<div class=\"elementor-element elementor-element-1e64017 elementor-widget elementor-widget-spacer\" data-id=\"1e64017\" data-element_type=\"widget\" data-widget_type=\"spacer.default\">\n\t\t\t\t<div class=\"elementor-widget-container\">\n\t\t\t\t\t<div class=\"elementor-spacer\">\n\t\t\t<div class=\"elementor-spacer-inner\"><\/div>\n\t\t<\/div>\n\t\t\t\t<\/div>\n\t\t\t\t<\/div>\n\t\t\t\t\t<\/div>\n\t\t<\/div>\n\t\t\t\t\t<\/div>\n\t\t<\/section>\n\t\t\t\t<\/div>\n\t\t","protected":false},"excerpt":{"rendered":"<p>LAN\u00c7AMENTO DE LIVROS CONVITE PARA SESS\u00c3O DE LAN\u00c7AMENTOS DE LIVROS Com o objetivo de divulgar, durante nosso Congresso, lan\u00e7amentos e publica\u00e7\u00f5es recentes, informamos que est\u00e3o abertas as inscri\u00e7\u00f5es para envio de propostas de apresenta\u00e7\u00e3o de livros no 62\u00ba Congresso Brasileiro de Educa\u00e7\u00e3o M\u00e9dica, que acontecer\u00e1 de 12 a 15 de setembro de 2024 em Belo [&hellip;]<\/p>\n","protected":false},"author":1,"featured_media":0,"parent":181,"menu_order":1,"comment_status":"closed","ping_status":"closed","template":"elementor_header_footer","meta":{"ocean_post_layout":"","ocean_both_sidebars_style":"","ocean_both_sidebars_content_width":0,"ocean_both_sidebars_sidebars_width":0,"ocean_sidebar":"0","ocean_second_sidebar":"0","ocean_disable_margins":"enable","ocean_add_body_class":"","ocean_shortcode_before_top_bar":"","ocean_shortcode_after_top_bar":"","ocean_shortcode_before_header":"","ocean_shortcode_after_header":"","ocean_has_shortcode":"","ocean_shortcode_after_title":"","ocean_shortcode_before_footer_widgets":"","ocean_shortcode_after_footer_widgets":"","ocean_shortcode_before_footer_bottom":"","ocean_shortcode_after_footer_bottom":"","ocean_display_top_bar":"default","ocean_display_header":"default","ocean_header_style":"","ocean_center_header_left_menu":"0","ocean_custom_header_template":"0","ocean_custom_logo":0,"ocean_custom_retina_logo":0,"ocean_custom_logo_max_width":0,"ocean_custom_logo_tablet_max_width":0,"ocean_custom_logo_mobile_max_width":0,"ocean_custom_logo_max_height":0,"ocean_custom_logo_tablet_max_height":0,"ocean_custom_logo_mobile_max_height":0,"ocean_header_custom_menu":"0","ocean_menu_typo_font_family":"0","ocean_menu_typo_font_subset":"","ocean_menu_typo_font_size":0,"ocean_menu_typo_font_size_tablet":0,"ocean_menu_typo_font_size_mobile":0,"ocean_menu_typo_font_size_unit":"px","ocean_menu_typo_font_weight":"","ocean_menu_typo_font_weight_tablet":"","ocean_menu_typo_font_weight_mobile":"","ocean_menu_typo_transform":"","ocean_menu_typo_transform_tablet":"","ocean_menu_typo_transform_mobile":"","ocean_menu_typo_line_height":0,"ocean_menu_typo_line_height_tablet":0,"ocean_menu_typo_line_height_mobile":0,"ocean_menu_typo_line_height_unit":"","ocean_menu_typo_spacing":0,"ocean_menu_typo_spacing_tablet":0,"ocean_menu_typo_spacing_mobile":0,"ocean_menu_typo_spacing_unit":"","ocean_menu_link_color":"","ocean_menu_link_color_hover":"","ocean_menu_link_color_active":"","ocean_menu_link_background":"","ocean_menu_link_hover_background":"","ocean_menu_link_active_background":"","ocean_menu_social_links_bg":"","ocean_menu_social_hover_links_bg":"","ocean_menu_social_links_color":"","ocean_menu_social_hover_links_color":"","ocean_disable_title":"default","ocean_disable_heading":"default","ocean_post_title":"","ocean_post_subheading":"","ocean_post_title_style":"","ocean_post_title_background_color":"","ocean_post_title_background":0,"ocean_post_title_bg_image_position":"","ocean_post_title_bg_image_attachment":"","ocean_post_title_bg_image_repeat":"","ocean_post_title_bg_image_size":"","ocean_post_title_height":0,"ocean_post_title_bg_overlay":0.5,"ocean_post_title_bg_overlay_color":"","ocean_disable_breadcrumbs":"default","ocean_breadcrumbs_color":"","ocean_breadcrumbs_separator_color":"","ocean_breadcrumbs_links_color":"","ocean_breadcrumbs_links_hover_color":"","ocean_display_footer_widgets":"default","ocean_display_footer_bottom":"default","ocean_custom_footer_template":"0","footnotes":""},"class_list":["post-2328","page","type-page","status-publish","hentry","entry"],"_links":{"self":[{"href":"https:\/\/cobem.com.br\/2024\/wp-json\/wp\/v2\/pages\/2328"}],"collection":[{"href":"https:\/\/cobem.com.br\/2024\/wp-json\/wp\/v2\/pages"}],"about":[{"href":"https:\/\/cobem.com.br\/2024\/wp-json\/wp\/v2\/types\/page"}],"author":[{"embeddable":true,"href":"https:\/\/cobem.com.br\/2024\/wp-json\/wp\/v2\/users\/1"}],"replies":[{"embeddable":true,"href":"https:\/\/cobem.com.br\/2024\/wp-json\/wp\/v2\/comments?post=2328"}],"version-history":[{"count":4,"href":"https:\/\/cobem.com.br\/2024\/wp-json\/wp\/v2\/pages\/2328\/revisions"}],"predecessor-version":[{"id":2332,"href":"https:\/\/cobem.com.br\/2024\/wp-json\/wp\/v2\/pages\/2328\/revisions\/2332"}],"up":[{"embeddable":true,"href":"https:\/\/cobem.com.br\/2024\/wp-json\/wp\/v2\/pages\/181"}],"wp:attachment":[{"href":"https:\/\/cobem.com.br\/2024\/wp-json\/wp\/v2\/media?parent=2328"}],"curies":[{"name":"wp","href":"https:\/\/api.w.org\/{rel}","templated":true}]}}