{"id":2147,"date":"2024-04-02T18:16:43","date_gmt":"2024-04-02T21:16:43","guid":{"rendered":"https:\/\/cobem.com.br\/2024\/?page_id=2147"},"modified":"2024-04-02T18:51:20","modified_gmt":"2024-04-02T21:51:20","slug":"passagens-aereas","status":"publish","type":"page","link":"https:\/\/cobem.com.br\/2024\/o-cobem\/passagens-aereas\/","title":{"rendered":"Passagens A\u00e9reas"},"content":{"rendered":"\t\t<div data-elementor-type=\"wp-page\" data-elementor-id=\"2147\" class=\"elementor elementor-2147\" data-elementor-post-type=\"page\">\n\t\t\t\t\t\t<section class=\"elementor-section elementor-top-section elementor-element elementor-element-e7a8468 elementor-section-height-min-height elementor-section-items-top elementor-section-boxed elementor-section-height-default\" data-id=\"e7a8468\" data-element_type=\"section\" data-settings=\"{&quot;background_background&quot;:&quot;classic&quot;}\">\n\t\t\t\t\t\t\t<div class=\"elementor-background-overlay\"><\/div>\n\t\t\t\t\t\t\t<div class=\"elementor-container elementor-column-gap-default\">\n\t\t\t\t\t<div class=\"elementor-column elementor-col-100 elementor-top-column elementor-element elementor-element-45272ec\" data-id=\"45272ec\" data-element_type=\"column\">\n\t\t\t<div class=\"elementor-widget-wrap elementor-element-populated\">\n\t\t\t\t\t\t<div class=\"elementor-element elementor-element-53093fe elementor-widget elementor-widget-heading\" data-id=\"53093fe\" data-element_type=\"widget\" data-widget_type=\"heading.default\">\n\t\t\t\t<div class=\"elementor-widget-container\">\n\t\t\t<h2 class=\"elementor-heading-title elementor-size-default\">PASSAGENS A\u00c9REAS<\/h2>\t\t<\/div>\n\t\t\t\t<\/div>\n\t\t\t\t\t<\/div>\n\t\t<\/div>\n\t\t\t\t\t<\/div>\n\t\t<\/section>\n\t\t\t\t<section class=\"elementor-section elementor-top-section elementor-element elementor-element-48e19378 elementor-section-boxed elementor-section-height-default elementor-section-height-default\" data-id=\"48e19378\" data-element_type=\"section\">\n\t\t\t\t\t\t<div class=\"elementor-container elementor-column-gap-default\">\n\t\t\t\t\t<div class=\"elementor-column elementor-col-100 elementor-top-column elementor-element elementor-element-2eba51ea\" data-id=\"2eba51ea\" data-element_type=\"column\">\n\t\t\t<div class=\"elementor-widget-wrap elementor-element-populated\">\n\t\t\t\t\t\t<div class=\"elementor-element elementor-element-bc98152 elementor-widget elementor-widget-image\" data-id=\"bc98152\" data-element_type=\"widget\" data-widget_type=\"image.default\">\n\t\t\t\t<div class=\"elementor-widget-container\">\n\t\t\t\t\t\t\t\t\t\t\t\t\t<img fetchpriority=\"high\" decoding=\"async\" width=\"886\" height=\"142\" src=\"https:\/\/cobem.com.br\/2024\/wp-content\/uploads\/2024\/04\/Banner_Cobem_Azul.png\" class=\"attachment-large size-large wp-image-2155\" alt=\"\" \/>\t\t\t\t\t\t\t\t\t\t\t\t\t<\/div>\n\t\t\t\t<\/div>\n\t\t\t\t<div class=\"elementor-element elementor-element-16fe5f1 elementor-widget elementor-widget-text-editor\" data-id=\"16fe5f1\" data-element_type=\"widget\" data-widget_type=\"text-editor.default\">\n\t\t\t\t<div class=\"elementor-widget-container\">\n\t\t\t\t\t\t\t<h2>Azul | Linhas A\u00e9reas<\/h2><p>Passo a Passo para Solicitar Desconto Exclusivo da Azul Empresas para o COBEM:<\/p><p>A Azul Empresas est\u00e1 oferecendo descontos exclusivos para os congressistas do COBEM em parceria com a ABEM.<\/p><ul><li><strong>Passo 1:\u00a0 <\/strong>Acesse o link de cota\u00e7\u00e3o fornecido pela Azul Empresas: <span style=\"text-decoration: underline; color: #68ba32;\"><a style=\"color: #68ba32; text-decoration: underline;\" href=\"https:\/\/forms.office.com\/r\/NqwRhYX9A3\" target=\"_blank\" rel=\"noopener\">https:\/\/forms.office.com\/r\/NqwRhYX9A3<\/a><\/span><\/li><li><strong>Passo 2:<\/strong>\u00a0 Preencha o formul\u00e1rio de cota\u00e7\u00e3o com as informa\u00e7\u00f5es solicitadas. Certifique-se de fornecer dados precisos, incluindo datas de viagem, n\u00famero de passageiros, e outros detalhes relevantes.<\/li><li><strong>Passo 3:<\/strong>\u00a0 Ap\u00f3s preencher o formul\u00e1rio, clique em &#8220;Enviar&#8221; para submeter sua cota\u00e7\u00e3o.<\/li><li><strong>Passo 4:<\/strong>\u00a0 Aguarde o contato da equipe da Azul Empresas. Eles entrar\u00e3o em contato para discutir as op\u00e7\u00f5es dispon\u00edveis, confirmar os descontos e finalizar os detalhes da sua reserva.<\/li><\/ul><p>Este desconto exclusivo \u00e9 uma \u00f3tima oportunidade para economizar em suas viagens relacionadas ao COBEM. N\u00e3o perca!<\/p><p>\u00a0<\/p><p><strong>Observa\u00e7\u00f5es Importantes:<\/strong><br \/><span style=\"color: #ff0000;\">\u00c9 importante ressaltar que a ABEM n\u00e3o assume responsabilidade sobre as passagens adquiridas atrav\u00e9s deste desconto exclusivo oferecido pela Azul Empresas. Os termos e condi\u00e7\u00f5es da reserva, bem como qualquer comunica\u00e7\u00e3o ou transa\u00e7\u00e3o subsequente, s\u00e3o de responsabilidade exclusiva entre o congressista e a Azul Empresas. Recomendamos que os congressistas revisem cuidadosamente todas as informa\u00e7\u00f5es fornecidas pela Azul Empresas antes de finalizarem suas reservas.<\/span><\/p>\t\t\t\t\t\t<\/div>\n\t\t\t\t<\/div>\n\t\t\t\t<div class=\"elementor-element elementor-element-e6e2b3f elementor-widget elementor-widget-spacer\" data-id=\"e6e2b3f\" data-element_type=\"widget\" data-widget_type=\"spacer.default\">\n\t\t\t\t<div class=\"elementor-widget-container\">\n\t\t\t\t\t<div class=\"elementor-spacer\">\n\t\t\t<div class=\"elementor-spacer-inner\"><\/div>\n\t\t<\/div>\n\t\t\t\t<\/div>\n\t\t\t\t<\/div>\n\t\t\t\t\t<\/div>\n\t\t<\/div>\n\t\t\t\t\t<\/div>\n\t\t<\/section>\n\t\t\t\t<\/div>\n\t\t","protected":false},"excerpt":{"rendered":"<p>PASSAGENS A\u00c9REAS Azul | Linhas A\u00e9reas Passo a Passo para Solicitar Desconto Exclusivo da Azul Empresas para o COBEM: A Azul Empresas est\u00e1 oferecendo descontos exclusivos para os congressistas do COBEM em parceria com a ABEM. Passo 1:\u00a0 Acesse o link de cota\u00e7\u00e3o fornecido pela Azul Empresas: https:\/\/forms.office.com\/r\/NqwRhYX9A3 Passo 2:\u00a0 Preencha o formul\u00e1rio de cota\u00e7\u00e3o [&hellip;]<\/p>\n","protected":false},"author":1,"featured_media":0,"parent":181,"menu_order":2,"comment_status":"closed","ping_status":"closed","template":"elementor_header_footer","meta":{"ocean_post_layout":"","ocean_both_sidebars_style":"","ocean_both_sidebars_content_width":0,"ocean_both_sidebars_sidebars_width":0,"ocean_sidebar":"0","ocean_second_sidebar":"0","ocean_disable_margins":"enable","ocean_add_body_class":"","ocean_shortcode_before_top_bar":"","ocean_shortcode_after_top_bar":"","ocean_shortcode_before_header":"","ocean_shortcode_after_header":"","ocean_has_shortcode":"","ocean_shortcode_after_title":"","ocean_shortcode_before_footer_widgets":"","ocean_shortcode_after_footer_widgets":"","ocean_shortcode_before_footer_bottom":"","ocean_shortcode_after_footer_bottom":"","ocean_display_top_bar":"default","ocean_display_header":"default","ocean_header_style":"","ocean_center_header_left_menu":"0","ocean_custom_header_template":"0","ocean_custom_logo":0,"ocean_custom_retina_logo":0,"ocean_custom_logo_max_width":0,"ocean_custom_logo_tablet_max_width":0,"ocean_custom_logo_mobile_max_width":0,"ocean_custom_logo_max_height":0,"ocean_custom_logo_tablet_max_height":0,"ocean_custom_logo_mobile_max_height":0,"ocean_header_custom_menu":"0","ocean_menu_typo_font_family":"0","ocean_menu_typo_font_subset":"","ocean_menu_typo_font_size":0,"ocean_menu_typo_font_size_tablet":0,"ocean_menu_typo_font_size_mobile":0,"ocean_menu_typo_font_size_unit":"px","ocean_menu_typo_font_weight":"","ocean_menu_typo_font_weight_tablet":"","ocean_menu_typo_font_weight_mobile":"","ocean_menu_typo_transform":"","ocean_menu_typo_transform_tablet":"","ocean_menu_typo_transform_mobile":"","ocean_menu_typo_line_height":0,"ocean_menu_typo_line_height_tablet":0,"ocean_menu_typo_line_height_mobile":0,"ocean_menu_typo_line_height_unit":"","ocean_menu_typo_spacing":0,"ocean_menu_typo_spacing_tablet":0,"ocean_menu_typo_spacing_mobile":0,"ocean_menu_typo_spacing_unit":"","ocean_menu_link_color":"","ocean_menu_link_color_hover":"","ocean_menu_link_color_active":"","ocean_menu_link_background":"","ocean_menu_link_hover_background":"","ocean_menu_link_active_background":"","ocean_menu_social_links_bg":"","ocean_menu_social_hover_links_bg":"","ocean_menu_social_links_color":"","ocean_menu_social_hover_links_color":"","ocean_disable_title":"default","ocean_disable_heading":"default","ocean_post_title":"","ocean_post_subheading":"","ocean_post_title_style":"","ocean_post_title_background_color":"","ocean_post_title_background":0,"ocean_post_title_bg_image_position":"","ocean_post_title_bg_image_attachment":"","ocean_post_title_bg_image_repeat":"","ocean_post_title_bg_image_size":"","ocean_post_title_height":0,"ocean_post_title_bg_overlay":0.5,"ocean_post_title_bg_overlay_color":"","ocean_disable_breadcrumbs":"default","ocean_breadcrumbs_color":"","ocean_breadcrumbs_separator_color":"","ocean_breadcrumbs_links_color":"","ocean_breadcrumbs_links_hover_color":"","ocean_display_footer_widgets":"default","ocean_display_footer_bottom":"default","ocean_custom_footer_template":"0","footnotes":""},"class_list":["post-2147","page","type-page","status-publish","hentry","entry"],"_links":{"self":[{"href":"https:\/\/cobem.com.br\/2024\/wp-json\/wp\/v2\/pages\/2147"}],"collection":[{"href":"https:\/\/cobem.com.br\/2024\/wp-json\/wp\/v2\/pages"}],"about":[{"href":"https:\/\/cobem.com.br\/2024\/wp-json\/wp\/v2\/types\/page"}],"author":[{"embeddable":true,"href":"https:\/\/cobem.com.br\/2024\/wp-json\/wp\/v2\/users\/1"}],"replies":[{"embeddable":true,"href":"https:\/\/cobem.com.br\/2024\/wp-json\/wp\/v2\/comments?post=2147"}],"version-history":[{"count":19,"href":"https:\/\/cobem.com.br\/2024\/wp-json\/wp\/v2\/pages\/2147\/revisions"}],"predecessor-version":[{"id":2177,"href":"https:\/\/cobem.com.br\/2024\/wp-json\/wp\/v2\/pages\/2147\/revisions\/2177"}],"up":[{"embeddable":true,"href":"https:\/\/cobem.com.br\/2024\/wp-json\/wp\/v2\/pages\/181"}],"wp:attachment":[{"href":"https:\/\/cobem.com.br\/2024\/wp-json\/wp\/v2\/media?parent=2147"}],"curies":[{"name":"wp","href":"https:\/\/api.w.org\/{rel}","templated":true}]}}