{"id":1784,"date":"2023-08-10T12:17:47","date_gmt":"2023-08-10T15:17:47","guid":{"rendered":"https:\/\/cobem.com.br\/2024\/?page_id=1784"},"modified":"2024-04-22T12:53:23","modified_gmt":"2024-04-22T15:53:23","slug":"hospedagem-turismo","status":"publish","type":"page","link":"https:\/\/cobem.com.br\/2024\/o-cobem\/hospedagem-turismo\/","title":{"rendered":"Hospedagem e Turismo"},"content":{"rendered":"\t\t<div data-elementor-type=\"wp-page\" data-elementor-id=\"1784\" class=\"elementor elementor-1784\" data-elementor-post-type=\"page\">\n\t\t\t\t\t\t<section class=\"elementor-section elementor-top-section elementor-element elementor-element-420c082 elementor-section-height-min-height elementor-section-items-top elementor-section-boxed elementor-section-height-default\" data-id=\"420c082\" data-element_type=\"section\" data-settings=\"{&quot;background_background&quot;:&quot;classic&quot;}\">\n\t\t\t\t\t\t<div class=\"elementor-container elementor-column-gap-default\">\n\t\t\t\t\t<div class=\"elementor-column elementor-col-100 elementor-top-column elementor-element elementor-element-3365024\" data-id=\"3365024\" data-element_type=\"column\">\n\t\t\t<div class=\"elementor-widget-wrap elementor-element-populated\">\n\t\t\t\t\t\t<div class=\"elementor-element elementor-element-cb49f57 elementor-widget elementor-widget-heading\" data-id=\"cb49f57\" data-element_type=\"widget\" data-widget_type=\"heading.default\">\n\t\t\t\t<div class=\"elementor-widget-container\">\n\t\t\t<h2 class=\"elementor-heading-title elementor-size-default\">HOSPEDAGEM E TURISMO<\/h2>\t\t<\/div>\n\t\t\t\t<\/div>\n\t\t\t\t\t<\/div>\n\t\t<\/div>\n\t\t\t\t\t<\/div>\n\t\t<\/section>\n\t\t\t\t<section class=\"elementor-section elementor-top-section elementor-element elementor-element-cfccb25 elementor-section-boxed elementor-section-height-default elementor-section-height-default\" data-id=\"cfccb25\" data-element_type=\"section\" data-settings=\"{&quot;background_background&quot;:&quot;classic&quot;}\">\n\t\t\t\t\t\t<div class=\"elementor-container elementor-column-gap-default\">\n\t\t\t\t\t<div class=\"elementor-column elementor-col-100 elementor-top-column elementor-element elementor-element-a8b045c\" data-id=\"a8b045c\" data-element_type=\"column\">\n\t\t\t<div class=\"elementor-widget-wrap elementor-element-populated\">\n\t\t\t\t\t\t<div class=\"elementor-element elementor-element-dc07403 elementor-widget elementor-widget-heading\" data-id=\"dc07403\" data-element_type=\"widget\" data-widget_type=\"heading.default\">\n\t\t\t\t<div class=\"elementor-widget-container\">\n\t\t\t<h2 class=\"elementor-heading-title elementor-size-default\">Ag\u00eancia Oficial do Evento<\/h2>\t\t<\/div>\n\t\t\t\t<\/div>\n\t\t\t\t\t<\/div>\n\t\t<\/div>\n\t\t\t\t\t<\/div>\n\t\t<\/section>\n\t\t\t\t<section class=\"elementor-section elementor-top-section elementor-element elementor-element-f62d6f9 elementor-section-boxed elementor-section-height-default elementor-section-height-default\" data-id=\"f62d6f9\" data-element_type=\"section\" data-settings=\"{&quot;background_background&quot;:&quot;classic&quot;}\">\n\t\t\t\t\t\t<div class=\"elementor-container elementor-column-gap-default\">\n\t\t\t\t\t<div class=\"elementor-column elementor-col-50 elementor-top-column elementor-element elementor-element-f16c5a4\" data-id=\"f16c5a4\" data-element_type=\"column\">\n\t\t\t<div class=\"elementor-widget-wrap elementor-element-populated\">\n\t\t\t\t\t\t<div class=\"elementor-element elementor-element-a304a24 elementor-widget elementor-widget-text-editor\" data-id=\"a304a24\" data-element_type=\"widget\" data-widget_type=\"text-editor.default\">\n\t\t\t\t<div class=\"elementor-widget-container\">\n\t\t\t\t\t\t\t<p><strong>ONNE Travel | Intelig\u00eancia em Eventos<\/strong><\/p><p>A Onne, como\u00a0<span class=\"wixui-rich-text__text\">ag\u00eancia de turismo oficial<\/span> do COBEM 2024, que ocorre em Belo Horizonte de 12 a 15 de setembro, garante a sua tranquilidade e seguran\u00e7a ao disponibilizar servi\u00e7os de traslados e passeios. Assim, voc\u00ea aproveita plenamente nossa encantadora cidade, sem preocupa\u00e7\u00f5es com deslocamentos.<\/p>\t\t\t\t\t\t<\/div>\n\t\t\t\t<\/div>\n\t\t\t\t\t<\/div>\n\t\t<\/div>\n\t\t\t\t<div class=\"elementor-column elementor-col-50 elementor-top-column elementor-element elementor-element-307051b\" data-id=\"307051b\" data-element_type=\"column\">\n\t\t\t<div class=\"elementor-widget-wrap elementor-element-populated\">\n\t\t\t\t\t\t<div class=\"elementor-element elementor-element-55bb3c1 elementor-widget elementor-widget-image\" data-id=\"55bb3c1\" data-element_type=\"widget\" data-widget_type=\"image.default\">\n\t\t\t\t<div class=\"elementor-widget-container\">\n\t\t\t\t\t\t\t\t\t\t\t\t\t<img fetchpriority=\"high\" decoding=\"async\" width=\"1024\" height=\"724\" src=\"https:\/\/cobem.com.br\/2024\/wp-content\/uploads\/2024\/04\/LOGO_ONNE.png\" class=\"attachment-large size-large wp-image-2210\" alt=\"\" \/>\t\t\t\t\t\t\t\t\t\t\t\t\t<\/div>\n\t\t\t\t<\/div>\n\t\t\t\t\t<\/div>\n\t\t<\/div>\n\t\t\t\t\t<\/div>\n\t\t<\/section>\n\t\t\t\t<section class=\"elementor-section elementor-top-section elementor-element elementor-element-4ca17ae elementor-section-boxed elementor-section-height-default elementor-section-height-default\" data-id=\"4ca17ae\" data-element_type=\"section\" data-settings=\"{&quot;background_background&quot;:&quot;classic&quot;}\">\n\t\t\t\t\t\t<div class=\"elementor-container elementor-column-gap-default\">\n\t\t\t\t\t<div class=\"elementor-column elementor-col-100 elementor-top-column elementor-element elementor-element-8c790d3\" data-id=\"8c790d3\" data-element_type=\"column\">\n\t\t\t<div class=\"elementor-widget-wrap elementor-element-populated\">\n\t\t\t\t\t\t<div class=\"elementor-element elementor-element-e25c9d6 elementor-widget elementor-widget-text-editor\" data-id=\"e25c9d6\" data-element_type=\"widget\" data-widget_type=\"text-editor.default\">\n\t\t\t\t<div class=\"elementor-widget-container\">\n\t\t\t\t\t\t\t<p><strong>SERVI\u00c7OS | ONNE Travel<\/strong><\/p><ul><li><p class=\"font_5 wixui-rich-text__text\"><span class=\"wixui-rich-text__text\">TRANSFER DE IDA &#8211; COMPARTILHADO<br \/><\/span><span class=\"wixui-rich-text__text\">(De Aeroporto de Confins para Belo Horizonte)<\/span><\/p><\/li><li><p>TRANSFER DE RETORNO &#8211; COMPARTILHADO<br \/>(De Belo Horizonte para o Aeroporto de Confins)<\/p><\/li><li><p>TRANSFER PRIVATIVO &#8211; IDA<br \/>(Do Aeroporto de Confins para Belo Horizonte)<\/p><\/li><li><p>TRANSFER PRIVATIVO &#8211; RETORNO<br \/>(De Belo Horizonte para o Aeroporto de Confins)<\/p><\/li><li><p class=\"font_5 wixui-rich-text__text\"><span class=\"wixui-rich-text__text\">PASSEIOS<br \/><\/span><span class=\"wixui-rich-text__text\">(Em Belo Horizonte e regi\u00e3o)<br \/><br \/><\/span><\/p><\/li><\/ul><p><span style=\"text-decoration: underline;\">DADOS DE CONTATO:<\/span><br \/><strong>&#8211; E-mail:<\/strong> <span style=\"color: #68ba32;\"><a style=\"color: #68ba32;\" href=\"mailto:contato@onnetravel.com.br\" target=\"_blank\" rel=\"noopener\">contato@onnetravel.com.br<\/a><\/span><br \/><strong>&#8211; WhatsApp:<\/strong> <span style=\"color: #68ba32;\"><a style=\"color: #68ba32;\" href=\"https:\/\/wa.me\/5554991170909\" target=\"_blank\" rel=\"noopener\">(54) 99117-0909<\/a><\/span><br \/><strong>&#8211; Link para acessar as condi\u00e7\u00f5es especiais:<\/strong> <span style=\"color: #68ba32;\"><a style=\"color: #68ba32;\" href=\"https:\/\/www.onnetravel.com.br\/cobem2024\" target=\"_blank\" rel=\"noopener\">https:\/\/www.onnetravel.com.br\/cobem2024<\/a><\/span><\/p>\t\t\t\t\t\t<\/div>\n\t\t\t\t<\/div>\n\t\t\t\t\t<\/div>\n\t\t<\/div>\n\t\t\t\t\t<\/div>\n\t\t<\/section>\n\t\t\t\t<section class=\"elementor-section elementor-top-section elementor-element elementor-element-5e97858 elementor-section-boxed elementor-section-height-default elementor-section-height-default\" data-id=\"5e97858\" data-element_type=\"section\" data-settings=\"{&quot;background_background&quot;:&quot;classic&quot;}\">\n\t\t\t\t\t\t<div class=\"elementor-container elementor-column-gap-default\">\n\t\t\t\t\t<div class=\"elementor-column elementor-col-100 elementor-top-column elementor-element elementor-element-6685125\" data-id=\"6685125\" data-element_type=\"column\">\n\t\t\t<div class=\"elementor-widget-wrap elementor-element-populated\">\n\t\t\t\t\t\t<div class=\"elementor-element elementor-element-16be2c3 elementor-hidden-desktop elementor-hidden-tablet elementor-hidden-mobile elementor-widget-divider--view-line elementor-widget elementor-widget-divider\" data-id=\"16be2c3\" data-element_type=\"widget\" data-widget_type=\"divider.default\">\n\t\t\t\t<div class=\"elementor-widget-container\">\n\t\t\t\t\t<div class=\"elementor-divider\">\n\t\t\t<span class=\"elementor-divider-separator\">\n\t\t\t\t\t\t<\/span>\n\t\t<\/div>\n\t\t\t\t<\/div>\n\t\t\t\t<\/div>\n\t\t\t\t<div class=\"elementor-element elementor-element-04cb40f elementor-hidden-desktop elementor-hidden-tablet elementor-hidden-mobile elementor-widget elementor-widget-heading\" data-id=\"04cb40f\" data-element_type=\"widget\" data-widget_type=\"heading.default\">\n\t\t\t\t<div class=\"elementor-widget-container\">\n\t\t\t<h2 class=\"elementor-heading-title elementor-size-default\">Hot\u00e9is Parceiros<\/h2>\t\t<\/div>\n\t\t\t\t<\/div>\n\t\t\t\t<div class=\"elementor-element elementor-element-5394188 elementor-hidden-desktop elementor-hidden-tablet elementor-hidden-mobile elementor-widget elementor-widget-text-editor\" data-id=\"5394188\" data-element_type=\"widget\" data-widget_type=\"text-editor.default\">\n\t\t\t\t<div class=\"elementor-widget-container\">\n\t\t\t\t\t\t\t<div class=\"page\" title=\"Page 1\"><div class=\"layoutArea\"><div class=\"column\"><strong>Detalhes sobre as hospedagens:<\/strong><br \/>&#8211; Data de hospedagem: 04 a 09\/10\/2023<br \/>&#8211; Per\u00edodo: 05 noites.<\/div><\/div><\/div>\t\t\t\t\t\t<\/div>\n\t\t\t\t<\/div>\n\t\t\t\t<div class=\"elementor-element elementor-element-96aef98 elementor-hidden-desktop elementor-hidden-tablet elementor-hidden-mobile elementor-widget elementor-widget-text-editor\" data-id=\"96aef98\" data-element_type=\"widget\" data-widget_type=\"text-editor.default\">\n\t\t\t\t<div class=\"elementor-widget-container\">\n\t\t\t\t\t\t\t<div class=\"page\" title=\"Page 1\"><div class=\"layoutArea\"><div class=\"column\"><p><strong>Hotel Fortaleza Inn<\/strong><br \/>&#8211; Estrelas: 2<br \/>&#8211; Valor por pessoa em quarto DUPLO para o peri\u0301odo <strong>R$563,00<\/strong><br \/>&#8211; Valor por pessoa em quarto SINGLE para o peri\u0301odo <strong>R$1.100,00<\/strong><\/p><p><strong><br \/>Ibis Budget Fortaleza Praia De Iracema<\/strong><br \/>&#8211; Estrelas: 2<br \/>&#8211; Valor por pessoa em quarto DUPLO para o peri\u0301odo <strong>R$698,00<\/strong> <br \/>&#8211; Valor por pessoa em quarto SINGLE para o peri\u0301odo <strong>R$1.057,00<\/strong><\/p><p><br \/><strong>Hotel Diogo<\/strong><br \/>&#8211; Estrelas: 3<br \/>&#8211; Quarto luxo \u2013 com cafe\u0301<br \/>&#8211; Valor por pessoa em quarto DUPLO para o peri\u0301odo <strong>R$886,00<\/strong><br \/>&#8211; Valor por pessoa em quarto SINGLE para o peri\u0301odo <strong>R$1.439,00<\/strong><\/p><p><br \/><strong>Mareiro Hotel<\/strong><br \/>&#8211; Estrelas: 4<br \/>&#8211; Quarto Standard\u2013 com cafe\u0301<br \/>Valor por pessoa em quarto DUPLO para o peri\u0301odo <strong>R$1.313,00<\/strong><br \/>&#8211; Valor por pessoa em quarto SINGLE para o peri\u0301odo <strong>R$2.220,00<\/strong><\/p><p><br \/><strong>Praiano Hotel<\/strong><br \/>&#8211; Estrelas: 4<br \/>&#8211; Quarto superior \u2013 com cafe\u0301<br \/>Valor por pessoa em quarto DUPLO para o peri\u0301odo <strong>R$1.573,00<\/strong><br \/>&#8211; Valor por pessoa em quarto SINGLE para o peri\u0301odo <strong>R$3.150,00<\/strong><\/p><p><br \/><strong>Seara Praia Hotel<\/strong><br \/>&#8211; Estrelas: 5<br \/>&#8211; Quarto superior \u2013 com cafe\u0301<br \/>&#8211; Valor por pessoa em quarto DUPLO para o peri\u0301odo <strong>R$926,00<\/strong><br \/>&#8211; Valor por pessoa em quarto SINGLE para o peri\u0301odo <strong>R$1.792,00<\/strong><\/p><p><br \/><strong>TRASLADO REGULAR DO AEROPORTO FORTALEZA PARA HOTEL EM FORTALEZA E TRASLADO DO HOTEL EM FORTALEZA PARA AEROPORTO DE FORTALEZA<\/strong><br \/>&#8211; Valor total por pessoa <strong>R$77,00<\/strong><\/p><p>&#8211; Forma de pagamento: a vista ou ate\u0301 10x sem juros no carta\u0303o de cre\u0301dito.<br \/>&#8211; Traslado: pagamento a vista.<\/p><p><span style=\"color: #ff0000;\"><strong><br \/>Observac\u0327o\u0303es:<br \/><\/strong>Nada reservado ou bloqueado, apenas cotado. Prec\u0327os sujeito a\u0300 alterac\u0327a\u0303o sem pre\u0301vio aviso. Todos os prec\u0327os devera\u0303o ser reconfirmados no ato da reserva, mediante solicitac\u0327a\u0303o. Sujeito a\u0300 disponibilidade. Remarcac\u0327o\u0303es, alterac\u0327o\u0303es e cancelamentos sa\u0303o sujeitos a taxas e multas, conforme poli\u0301tica tarifa\u0301ria dos servic\u0327os adquiridos. Sujeito a conversa\u0303o de valores pelo ca\u0302mbio do dia (cota\u00e7\u00f5es internacional)<\/span><\/p><\/div><\/div><\/div>\t\t\t\t\t\t<\/div>\n\t\t\t\t<\/div>\n\t\t\t\t\t<\/div>\n\t\t<\/div>\n\t\t\t\t\t<\/div>\n\t\t<\/section>\n\t\t\t\t<\/div>\n\t\t","protected":false},"excerpt":{"rendered":"<p>HOSPEDAGEM E TURISMO Ag\u00eancia Oficial do Evento ONNE Travel | Intelig\u00eancia em Eventos A Onne, como\u00a0ag\u00eancia de turismo oficial do COBEM 2024, que ocorre em Belo Horizonte de 12 a 15 de setembro, garante a sua tranquilidade e seguran\u00e7a ao disponibilizar servi\u00e7os de traslados e passeios. Assim, voc\u00ea aproveita plenamente nossa encantadora cidade, sem preocupa\u00e7\u00f5es [&hellip;]<\/p>\n","protected":false},"author":1,"featured_media":0,"parent":181,"menu_order":2,"comment_status":"closed","ping_status":"closed","template":"elementor_header_footer","meta":{"ocean_post_layout":"","ocean_both_sidebars_style":"","ocean_both_sidebars_content_width":0,"ocean_both_sidebars_sidebars_width":0,"ocean_sidebar":"0","ocean_second_sidebar":"0","ocean_disable_margins":"enable","ocean_add_body_class":"","ocean_shortcode_before_top_bar":"","ocean_shortcode_after_top_bar":"","ocean_shortcode_before_header":"","ocean_shortcode_after_header":"","ocean_has_shortcode":"","ocean_shortcode_after_title":"","ocean_shortcode_before_footer_widgets":"","ocean_shortcode_after_footer_widgets":"","ocean_shortcode_before_footer_bottom":"","ocean_shortcode_after_footer_bottom":"","ocean_display_top_bar":"default","ocean_display_header":"default","ocean_header_style":"","ocean_center_header_left_menu":"0","ocean_custom_header_template":"0","ocean_custom_logo":0,"ocean_custom_retina_logo":0,"ocean_custom_logo_max_width":0,"ocean_custom_logo_tablet_max_width":0,"ocean_custom_logo_mobile_max_width":0,"ocean_custom_logo_max_height":0,"ocean_custom_logo_tablet_max_height":0,"ocean_custom_logo_mobile_max_height":0,"ocean_header_custom_menu":"0","ocean_menu_typo_font_family":"0","ocean_menu_typo_font_subset":"","ocean_menu_typo_font_size":0,"ocean_menu_typo_font_size_tablet":0,"ocean_menu_typo_font_size_mobile":0,"ocean_menu_typo_font_size_unit":"px","ocean_menu_typo_font_weight":"","ocean_menu_typo_font_weight_tablet":"","ocean_menu_typo_font_weight_mobile":"","ocean_menu_typo_transform":"","ocean_menu_typo_transform_tablet":"","ocean_menu_typo_transform_mobile":"","ocean_menu_typo_line_height":0,"ocean_menu_typo_line_height_tablet":0,"ocean_menu_typo_line_height_mobile":0,"ocean_menu_typo_line_height_unit":"","ocean_menu_typo_spacing":0,"ocean_menu_typo_spacing_tablet":0,"ocean_menu_typo_spacing_mobile":0,"ocean_menu_typo_spacing_unit":"","ocean_menu_link_color":"","ocean_menu_link_color_hover":"","ocean_menu_link_color_active":"","ocean_menu_link_background":"","ocean_menu_link_hover_background":"","ocean_menu_link_active_background":"","ocean_menu_social_links_bg":"","ocean_menu_social_hover_links_bg":"","ocean_menu_social_links_color":"","ocean_menu_social_hover_links_color":"","ocean_disable_title":"default","ocean_disable_heading":"default","ocean_post_title":"","ocean_post_subheading":"","ocean_post_title_style":"","ocean_post_title_background_color":"","ocean_post_title_background":0,"ocean_post_title_bg_image_position":"","ocean_post_title_bg_image_attachment":"","ocean_post_title_bg_image_repeat":"","ocean_post_title_bg_image_size":"","ocean_post_title_height":0,"ocean_post_title_bg_overlay":0.5,"ocean_post_title_bg_overlay_color":"","ocean_disable_breadcrumbs":"default","ocean_breadcrumbs_color":"","ocean_breadcrumbs_separator_color":"","ocean_breadcrumbs_links_color":"","ocean_breadcrumbs_links_hover_color":"","ocean_display_footer_widgets":"default","ocean_display_footer_bottom":"default","ocean_custom_footer_template":"0","footnotes":""},"class_list":["post-1784","page","type-page","status-publish","hentry","entry"],"_links":{"self":[{"href":"https:\/\/cobem.com.br\/2024\/wp-json\/wp\/v2\/pages\/1784"}],"collection":[{"href":"https:\/\/cobem.com.br\/2024\/wp-json\/wp\/v2\/pages"}],"about":[{"href":"https:\/\/cobem.com.br\/2024\/wp-json\/wp\/v2\/types\/page"}],"author":[{"embeddable":true,"href":"https:\/\/cobem.com.br\/2024\/wp-json\/wp\/v2\/users\/1"}],"replies":[{"embeddable":true,"href":"https:\/\/cobem.com.br\/2024\/wp-json\/wp\/v2\/comments?post=1784"}],"version-history":[{"count":48,"href":"https:\/\/cobem.com.br\/2024\/wp-json\/wp\/v2\/pages\/1784\/revisions"}],"predecessor-version":[{"id":2223,"href":"https:\/\/cobem.com.br\/2024\/wp-json\/wp\/v2\/pages\/1784\/revisions\/2223"}],"up":[{"embeddable":true,"href":"https:\/\/cobem.com.br\/2024\/wp-json\/wp\/v2\/pages\/181"}],"wp:attachment":[{"href":"https:\/\/cobem.com.br\/2024\/wp-json\/wp\/v2\/media?parent=1784"}],"curies":[{"name":"wp","href":"https:\/\/api.w.org\/{rel}","templated":true}]}}