{"id":983,"date":"2023-02-27T11:49:34","date_gmt":"2023-02-27T14:49:34","guid":{"rendered":"https:\/\/cobem.com.br\/2023\/?page_id=983"},"modified":"2023-06-23T13:14:28","modified_gmt":"2023-06-23T16:14:28","slug":"vivencias","status":"publish","type":"page","link":"https:\/\/cobem.com.br\/2023\/o-cobem\/vivencias\/","title":{"rendered":"Edital: Viv\u00eancias"},"content":{"rendered":"\t\t<div data-elementor-type=\"wp-page\" data-elementor-id=\"983\" class=\"elementor elementor-983\">\n\t\t\t\t\t\t<div class=\"elementor-inner\">\n\t\t\t\t<div class=\"elementor-section-wrap\">\n\t\t\t\t\t\t\t\t\t<section class=\"elementor-section elementor-top-section elementor-element elementor-element-420c082 elementor-section-height-min-height elementor-section-items-top elementor-section-boxed elementor-section-height-default\" data-id=\"420c082\" data-element_type=\"section\" data-settings=\"{&quot;background_background&quot;:&quot;classic&quot;}\">\n\t\t\t\t\t\t<div class=\"elementor-container elementor-column-gap-default\">\n\t\t\t\t\t\t\t<div class=\"elementor-row\">\n\t\t\t\t\t<div class=\"elementor-column elementor-col-100 elementor-top-column elementor-element elementor-element-3365024\" data-id=\"3365024\" data-element_type=\"column\">\n\t\t\t<div class=\"elementor-column-wrap elementor-element-populated\">\n\t\t\t\t\t\t\t<div class=\"elementor-widget-wrap\">\n\t\t\t\t\t\t<div class=\"elementor-element elementor-element-cb49f57 elementor-widget elementor-widget-heading\" data-id=\"cb49f57\" data-element_type=\"widget\" data-widget_type=\"heading.default\">\n\t\t\t\t<div class=\"elementor-widget-container\">\n\t\t\t<h2 class=\"elementor-heading-title elementor-size-default\">VIV\u00caNCIAS<\/h2>\t\t<\/div>\n\t\t\t\t<\/div>\n\t\t\t\t\t\t<\/div>\n\t\t\t\t\t<\/div>\n\t\t<\/div>\n\t\t\t\t\t\t\t\t<\/div>\n\t\t\t\t\t<\/div>\n\t\t<\/section>\n\t\t\t\t<section class=\"elementor-section elementor-top-section elementor-element elementor-element-f62d6f9 elementor-section-boxed elementor-section-height-default elementor-section-height-default\" data-id=\"f62d6f9\" data-element_type=\"section\" data-settings=\"{&quot;background_background&quot;:&quot;classic&quot;}\">\n\t\t\t\t\t\t<div class=\"elementor-container elementor-column-gap-default\">\n\t\t\t\t\t\t\t<div class=\"elementor-row\">\n\t\t\t\t\t<div class=\"elementor-column elementor-col-100 elementor-top-column elementor-element elementor-element-f16c5a4\" data-id=\"f16c5a4\" data-element_type=\"column\">\n\t\t\t<div class=\"elementor-column-wrap elementor-element-populated\">\n\t\t\t\t\t\t\t<div class=\"elementor-widget-wrap\">\n\t\t\t\t\t\t<div class=\"elementor-element elementor-element-dd448af elementor-widget elementor-widget-heading\" data-id=\"dd448af\" data-element_type=\"widget\" data-widget_type=\"heading.default\">\n\t\t\t\t<div class=\"elementor-widget-container\">\n\t\t\t<h2 class=\"elementor-heading-title elementor-size-default\">VIV\u00caNCIAS APROVADAS\n<\/h2>\t\t<\/div>\n\t\t\t\t<\/div>\n\t\t\t\t<div class=\"elementor-element elementor-element-42a62c9 elementor-widget elementor-widget-heading\" data-id=\"42a62c9\" data-element_type=\"widget\" data-widget_type=\"heading.default\">\n\t\t\t\t<div class=\"elementor-widget-container\">\n\t\t\t<h2 class=\"elementor-heading-title elementor-size-default\">Clique no bot\u00e3o abaixo para conferir a lista das Viv\u00eancias aprovadas para o<br\/>61\u00ba Congresso Brasileiro de Educa\u00e7\u00e3o M\u00e9dica<\/h2>\t\t<\/div>\n\t\t\t\t<\/div>\n\t\t\t\t<div class=\"elementor-element elementor-element-cda17dd elementor-align-center elementor-widget elementor-widget-button\" data-id=\"cda17dd\" data-element_type=\"widget\" data-widget_type=\"button.default\">\n\t\t\t\t<div class=\"elementor-widget-container\">\n\t\t\t\t\t<div class=\"elementor-button-wrapper\">\n\t\t\t<a class=\"elementor-button elementor-button-link elementor-size-md\" href=\"https:\/\/cobem.com.br\/2023\/wp-content\/uploads\/2023\/06\/61Cobem_Vivencias_Aprovadas.pdf\" target=\"_blank\">\n\t\t\t\t\t\t<span class=\"elementor-button-content-wrapper\">\n\t\t\t\t\t\t<span class=\"elementor-button-text\">VIV\u00caNCIAS APROVADAS<\/span>\n\t\t<\/span>\n\t\t\t\t\t<\/a>\n\t\t<\/div>\n\t\t\t\t<\/div>\n\t\t\t\t<\/div>\n\t\t\t\t<div class=\"elementor-element elementor-element-6a0ed54 elementor-widget-divider--view-line elementor-widget elementor-widget-divider\" data-id=\"6a0ed54\" data-element_type=\"widget\" data-widget_type=\"divider.default\">\n\t\t\t\t<div class=\"elementor-widget-container\">\n\t\t\t\t\t<div class=\"elementor-divider\">\n\t\t\t<span class=\"elementor-divider-separator\">\n\t\t\t\t\t\t<\/span>\n\t\t<\/div>\n\t\t\t\t<\/div>\n\t\t\t\t<\/div>\n\t\t\t\t<div class=\"elementor-element elementor-element-323ec78 elementor-widget elementor-widget-heading\" data-id=\"323ec78\" data-element_type=\"widget\" data-widget_type=\"heading.default\">\n\t\t\t\t<div class=\"elementor-widget-container\">\n\t\t\t<h2 class=\"elementor-heading-title elementor-size-default\">EDITAL PARA A PROPOSI\u00c7\u00c3O DE VIV\u00caNCIAS DURANTE O <br\/>\n61\u00ba CONGRESSO BRASILEIRO DE EDUCA\u00c7\u00c3O M\u00c9DICA\n<\/h2>\t\t<\/div>\n\t\t\t\t<\/div>\n\t\t\t\t<div class=\"elementor-element elementor-element-2af4fbf elementor-widget elementor-widget-heading\" data-id=\"2af4fbf\" data-element_type=\"widget\" data-widget_type=\"heading.default\">\n\t\t\t\t<div class=\"elementor-widget-container\">\n\t\t\t<h2 class=\"elementor-heading-title elementor-size-default\">INTEGRA\u00c7\u00c3O ENSINO-SERVI\u00c7O-GEST\u00c3O-COMUNIDADE PARA TRANSFORMAR A SA\u00daDE\n<\/h2>\t\t<\/div>\n\t\t\t\t<\/div>\n\t\t\t\t<div class=\"elementor-element elementor-element-be57fda elementor-widget elementor-widget-heading\" data-id=\"be57fda\" data-element_type=\"widget\" data-widget_type=\"heading.default\">\n\t\t\t\t<div class=\"elementor-widget-container\">\n\t\t\t<h2 class=\"elementor-heading-title elementor-size-default\">5 a 8 de outubro, Fortaleza\/CE.\n<\/h2>\t\t<\/div>\n\t\t\t\t<\/div>\n\t\t\t\t<div class=\"elementor-element elementor-element-a304a24 elementor-widget elementor-widget-text-editor\" data-id=\"a304a24\" data-element_type=\"widget\" data-widget_type=\"text-editor.default\">\n\t\t\t\t<div class=\"elementor-widget-container\">\n\t\t\t\t\t\t\t\t<div class=\"elementor-text-editor elementor-clearfix\">\n\t\t\t\t<p>Compartilhamos por meio deste convite p\u00fablico um conjunto de diretrizes, para que voc\u00ea e suas parcerias possam nos enviar propostas de <strong>VIV\u00caNCIAS<\/strong>, com finalidade de construirmos juntos o nosso 61\u00ba Congresso Brasileiro de Educa\u00e7\u00e3o M\u00e9dica.<\/p><p>O Cobem deste ano ocorrer\u00e1 de 5 a 8 de outubro, em Fortaleza\/CE. Concebidas com todo o cuidado, a realiza\u00e7\u00e3o da modalidade de trabalho cient\u00edfico que denominamos por<strong> VIV\u00caNCIAS<\/strong> ser\u00e1 uma oportunidade para que docentes, discentes, preceptores e gestores dos cursos de Medicina e de outras \u00e1reas da sa\u00fade agreguem conhecimentos a partir de um modelo experiencial de ensino, no 61\u00ba Congresso Brasileiro de Educa\u00e7\u00e3o M\u00e9dica.<\/p><p><strong>1. O QUE SERIAM ESTAS VIV\u00caNCIAS?<\/strong> <br \/>O aprendizado experiencial diz respeito a um processo cont\u00ednuo de transforma\u00e7\u00e3o e gera\u00e7\u00e3o de conhecimento, no qual a pessoa vivencia uma situa\u00e7\u00e3o ou atividade concreta, reflete sobre o que viveu e disso abstrai algum significado. Assim, o modelo experiencial n\u00e3o se restringe ao desenvolvimento de fun\u00e7\u00f5es espec\u00edficas como cogni\u00e7\u00e3o ou fun\u00e7\u00e3o psicomotora, ainda que ambas possam estar envolvidas no processo. Alinhada a objetivos de integra\u00e7\u00e3o ou para assimila\u00e7\u00e3o de informa\u00e7\u00f5es espec\u00edficas, com base nas Diretrizes Curriculares Nacionais (DCNs) do curso de gradua\u00e7\u00e3o em Medicina (CNE\/CES n. 116\/2014), a experi\u00eancia em uma determinada <strong>VIV\u00caNCIA<\/strong> pode aumentar o autodesenvolvimento pessoal e favorecer a supera\u00e7\u00e3o de lacunas de aprendizagem, auxiliando na forma\u00e7\u00e3o profissional. Desta forma, \u00e9 poss\u00edvel fazer uma correla\u00e7\u00e3o dos eventos que ocorrem em uma viv\u00eancia com as \u00e1reas e compet\u00eancias de um projeto pedag\u00f3gico. Afinal, o modelo vivencial \u00e9 um m\u00e9todo no qual o aprendizado acontece de forma ativa por parte das pessoas envolvidas.<\/p><p>\u00c9<strong> importante<\/strong> destacar que as viv\u00eancias propostas neste convite p\u00fablico <strong>se distinguem das OFICINAS<\/strong> j\u00e1 consagradas nos congressos da ABEM: a natureza das viv\u00eancias pressup\u00f5e uma atividade fundamentalmente compartilhada e eminentemente pr\u00e1tica. N\u00e3o se trata de uma aula expositiva (por exemplo, o uso de apresenta\u00e7\u00e3o em slides), pois as Viv\u00eancias t\u00eam o objetivo de promover uma experi\u00eancia vivida e a reflex\u00e3o sobre a sua pr\u00e1xis. Trata-se, portanto, de um tipo de atividade que tem como objetivo proporcionar ao congressista uma real viv\u00eancia naquilo que a atividade se prop\u00f5e, pois a premissa dessa modalidade \u00e9 aprender fazendo. Digamos, ao inv\u00e9s de propor uma oficina sobre tutoria, no caso de uma viv\u00eancia em tutoria, o autor proporia sess\u00f5es de tutoria, ofertadas, por exemplo, duas vezes durante o congresso. Outro exemplo poderia ser a oferta de sess\u00f5es de mindfulness e etc. Dessa maneira, \u00e9 poss\u00edvel entregar aos educandos e educadores que participam do COBEM uma experi\u00eancia \u00fanica e ampliada. Ou seja, n\u00e3o se trata de ensinar a fazer, e sim em FAZER JUNTO e REFLETIR sobre a a\u00e7\u00e3o.<\/p><p>As VIV\u00caNCIAS <strong>n\u00e3o<\/strong> preveem inscri\u00e7\u00f5es pr\u00e9vias aos seus participantes, sendo necess\u00e1rio apenas a ampla divulga\u00e7\u00e3o de suas respectivas metodologias, objetivos, locais e hor\u00e1rios, para que os congressistas possam fazer as suas escolhas e ter acesso \u00e0s atividades. Por conseguinte, esta modalidade n\u00e3o emite certificado aos seus participantes, pois cada proposta de <strong>VIV\u00caNCIA<\/strong> \u00e9 parte integrada ao congresso como um todo. As <strong>VIV\u00caNCIAS<\/strong> propostas, nesta perspectiva de <strong>integralidade e transversalidade<\/strong>, acolher\u00e3o os participantes sob demanda espont\u00e2nea, de acordo com a disponibilidade de vagas existentes ou limites inerentes \u00e0 metodologia indicada por cada propositor. As Viv\u00eancias podem acontecer em fluxo cont\u00ednuo, ou seja, simultaneamente \u00e0 programa\u00e7\u00e3o geral do evento.<\/p><p><strong>2. INFORMA\u00c7\u00d5ES PARA QUE VOC\u00ca SE ORGANIZE:<\/strong> <br \/>2.1. As viv\u00eancias acontecer\u00e3o de<strong> 05\/10\/2023 a 08\/10\/2023<\/strong>, ao longo da programa\u00e7\u00e3o do Cobem em datas e hor\u00e1rios agendados de acordo com a programa\u00e7\u00e3o a ser divulgada por ocasi\u00e3o dos resultados da sele\u00e7\u00e3o deste edital.<\/p><p>2.2. As viv\u00eancias propostas <strong>dever\u00e3o<\/strong> ter formato e planejamento distinto das OFICINAS. Enfatizamos, com isso, que Oficinas e Viv\u00eancias obedecem a regras diferentes para a submiss\u00e3o de suas propostas.<\/p><p>2.3. O TEMA inerente a cada viv\u00eancia proposta \u00e9 LIVRE. Entretanto, somente ser\u00e3o aceitas viv\u00eancias que estiverem inseridas no campo da Educa\u00e7\u00e3o M\u00e9dica, com base nas Diretrizes Curriculares Nacionais (DCNs) do curso de gradua\u00e7\u00e3o em Medicina (CNE\/CES n. 116\/2014).<\/p><p>2.4. A inscri\u00e7\u00e3o de alguma proposta de Oficina ou de Ambi\u00eancia n\u00e3o impede que o proponente tamb\u00e9m submeta uma proposta de Viv\u00eancia.<\/p><p>2.5. As viv\u00eancias ocorrer\u00e3o em tr\u00eas espa\u00e7os destinados para este fim: o 1) LABORAT\u00d3RIO DE ENSINAGEM; 2) LABORAT\u00d3RIO DO CUIDADO; 3) LABORAT\u00d3RIO DE CRIA\u00c7\u00c3O. Cabe \u00e0 comiss\u00e3o organizadora identificar o Laborat\u00f3rio mais adequado \u00e0 proposta submetida.<\/p><p><strong>A) LABORAT\u00d3RIO DO CUIDADO:<\/strong> neste cen\u00e1rio ser\u00e3o acolhidas as pr\u00e1ticas voltadas para a humaniza\u00e7\u00e3o do ensino, da gest\u00e3o e da assist\u00eancia. Como exemplos, podemos citar a realiza\u00e7\u00e3o no 60\u00ba Congresso Brasileiro de Educa\u00e7\u00e3o M\u00e9dica, em Foz do Igua\u00e7u, de uma viv\u00eancia da mentoria, ou de atividades diversas ligadas \u00e0 sa\u00fade mental dos alunos, professores e gestores, bem como viv\u00eancias voltadas para a cultura da paz e para o desenvolvimento da espiritualidade, envolvendo pr\u00e1ticas integrativas, entre outras viv\u00eancias inovadoras.<\/p><p><strong>B) LABORAT\u00d3RIO DE ENSINAGEM:<\/strong> voltado para o desenvolvimento docente, do discente e do preceptor no \u00e2mbito pedag\u00f3gico. Podemos citar como exemplos a serem acolhidos neste cen\u00e1rio viv\u00eancias que propuserem a realiza\u00e7\u00e3o, em tempo real, de uma sess\u00e3o de tutoria, mentoria, ou a realiza\u00e7\u00e3o de um OSCE, portf\u00f3lio, sala de aula invertida, aprendizagem baseada em equipes, rota\u00e7\u00e3o por esta\u00e7\u00f5es de trabalho, problematiza\u00e7\u00e3o, entre outros.<\/p><p><strong>C) LABORAT\u00d3RIO DE CRIA\u00c7\u00c3O:<\/strong> neste espa\u00e7o reuniremos aquelas viv\u00eancias que envolverem fundamentalmente a linguagem art\u00edstica nas suas diversas express\u00f5es, em suas execu\u00e7\u00f5es.<\/p><p>2.6. A proposta dever\u00e1 apresentar claramente quais os materiais\/equipamentos necess\u00e1rios \u00e0 atividade ser\u00e3o de responsabilidade dos proponentes e quais ser\u00e3o da responsabilidade da Comiss\u00e3o Organizadora, que buscar\u00e1 atender as demandas.<\/p><p>2.7. Caso a solicita\u00e7\u00e3o de material \u00e0 Comiss\u00e3o Organizadora n\u00e3o seja vi\u00e1vel, do ponto de vista t\u00e9cnico ou or\u00e7ament\u00e1rio, os autores ser\u00e3o informados e poder\u00e3o buscar meios pr\u00f3prios de prover os materiais\/equipamentos ou ajustar a proposta \u00e0 realidade dispon\u00edvel.<\/p><p>2.8. \u00c9 fundamental que voc\u00ea descreva em sua proposta a dura\u00e7\u00e3o da atividade e o n\u00famero de repeti\u00e7\u00f5es que ela ter\u00e1, bem como o n\u00famero de participantes que ela pretende acolher. Isto porque as Viv\u00eancias acolher\u00e3o os participantes sob demanda espont\u00e2nea, de acordo com a disponibilidade de vagas existentes ou limites inerentes \u00e0 metodologia indicada por cada propositor.<\/p><p>2.9. As propostas dever\u00e3o ser submetidas on-line, no link <span style=\"color: #ffa700;\"><a style=\"color: #ffa700;\" href=\"https:\/\/forms.gle\/zhcVeqj9jnByMQ4M6\" target=\"_blank\" rel=\"noopener\">https:\/\/forms.gle\/zhcVeqj9jnByMQ4M6<\/a><\/span> at\u00e9 a data limite de <strong>29\/05\/2023.<\/strong><\/p><p>2.10. Em hip\u00f3tese alguma ser\u00e3o aceitas propostas enviadas por qualquer outro meio de comunica\u00e7\u00e3o que n\u00e3o o estabelecido pelo item 2.9.<\/p><p>2.11. Os\/as autores\/as da proposta de <strong>VIV\u00caNCIA, caso aprovada<\/strong>, devem ser associados\/as adimplentes da ABEM at\u00e9 <strong>15\/06\/2023.<\/strong><\/p><p>2.12. A realiza\u00e7\u00e3o das viv\u00eancias selecionadas<strong> est\u00e1 condicionada ao pagamento da taxa de inscri\u00e7\u00e3o<\/strong> de TODOS\/AS os\/as proponentes da atividade no <strong>61\u00ba Cobem<\/strong>, at\u00e9 o dia<strong> 30\/06\/2023.<\/strong><\/p><p>2.13. N\u00e3o h\u00e1 n\u00famero m\u00e1ximo de coautores. Caso sejam mais de 6, ou autores e coautores, dever\u00e1 haver uma justificativa expressa para tal, descrevendo-se a fun\u00e7\u00e3o de cada um durante a viv\u00eancia. Somente ser\u00e3o certificados (co)autores\/as associados\/as adimplentes, inscritos\/as no congresso e <strong>presentes na execu\u00e7\u00e3o da Viv\u00eancia.<\/strong><\/p><p>2.14. Cada autor ou autora, ao submeter uma proposta de Viv\u00eancia, torna-se inteiramente respons\u00e1vel pelas informa\u00e7\u00f5es submetidas, uma vez que tais informa\u00e7\u00f5es <strong>n\u00e3o poder\u00e3o ser alteradas ap\u00f3s o in\u00edcio do processo de avalia\u00e7\u00e3o da proposta<\/strong>, nem mesmo para a corre\u00e7\u00e3o de nomes de autores.<\/p><p><strong>3. COMO AS VIV\u00caNCIAS SER\u00c3O CLASSIFICADAS E SELECIONADAS?<\/strong> <br \/>3.1. Todas as viv\u00eancias qualificadas ser\u00e3o avaliadas e selecionadas pela Comiss\u00e3o Organizadora do 61\u00ba Congresso Brasileiro de Educa\u00e7\u00e3o M\u00e9dica.<\/p><p>3.2. Ser\u00e3o desclassificadas as viv\u00eancias que n\u00e3o estiverem dentro dos padr\u00f5es de metodologia indicados neste convite ou que n\u00e3o seguirem as diretrizes aqui apresentadas. Somente ser\u00e3o aceitas viv\u00eancias que estiverem inseridas no campo da Educa\u00e7\u00e3o M\u00e9dica, com base nas Diretrizes Curriculares Nacionais (DCNs) do curso de gradua\u00e7\u00e3o em Medicina (CNE\/CES n. 116\/2014).<\/p><p>3.3. A Comiss\u00e3o Organizadora do 61\u00ba Congresso Brasileiro de Educa\u00e7\u00e3o M\u00e9dica priorizar\u00e1 as viv\u00eancias de acordo com os seguintes crit\u00e9rios:<\/p><p><strong>a)<\/strong> relev\u00e2ncia do TEMA para a Educa\u00e7\u00e3o M\u00e9dica, com fundamenta\u00e7\u00e3o nas Diretrizes Curriculares Nacionais (DCNs) do curso de gradua\u00e7\u00e3o em Medicina (CNE\/CES n.116\/2014); <br \/><strong>b)<\/strong> originalidade, criatividade e inova\u00e7\u00e3o conceitual; <br \/><strong>c)<\/strong> coer\u00eancia entre as metodologias que ser\u00e3o adotadas e os objetivos propostos; <br \/><strong>d)<\/strong> clareza na reda\u00e7\u00e3o da proposta.<\/p><p>3.4. As viv\u00eancias selecionadas ser\u00e3o divulgadas no site do congresso at\u00e9 o dia <strong>19\/06\/2023.<\/strong><\/p><p>3.5. Todas as viv\u00eancias selecionadas devem ser realizadas no 61\u00ba Congresso Brasileiro de Educa\u00e7\u00e3o M\u00e9dica por seus respectivos autores, indicados no momento da inscri\u00e7\u00e3o, em dia e hor\u00e1rio definido pela Comiss\u00e3o Organizadora conforme disposto no item 2.1.<\/p><p>3.6. Todos os proponentes cujas viv\u00eancias forem selecionadas receber\u00e3o um certificado de participa\u00e7\u00e3o como \u201cautor de VIV\u00caNCIA\u201d no 61\u00ba Congresso Brasileiro de Educa\u00e7\u00e3o M\u00e9dica, assim como os seus respectivos coautores, indicados no momento da inscri\u00e7\u00e3o da proposta.<\/p><p>3.7. A condu\u00e7\u00e3o do processo de cada Viv\u00eancia \u00e9 de total responsabilidade dos seus respectivos autores. As especificidades de log\u00edstica, metodologia e infraestrutura de cada Viv\u00eancia devem estar detalhadamente descritas nas propostas enviadas, via ficha de inscri\u00e7\u00e3o, \u00e0 Comiss\u00e3o Organizadora. A montagem pr\u00e9via ao hor\u00e1rio estabelecido na programa\u00e7\u00e3o para cada Viv\u00eancia \u00e9 de total responsabilidade dos seus respectivos autores, que tamb\u00e9m ser\u00e3o os seus coordenadores. <strong>Isto inclui o transporte de todo o material necess\u00e1rio<\/strong>, bem como outros detalhes relevantes de infraestrutura. O n\u00e3o cumprimento da montagem a tempo caracteriza <strong>abandono da atividade<\/strong>, acarretando o n\u00e3o recebimento do certificado como autor da atividade e a impossibilidade de futura proposi\u00e7\u00e3o de uma nova autoria de Viv\u00eancia na edi\u00e7\u00e3o do Cobem seguinte. <strong>N\u00e3o<\/strong> ser\u00e1 considerado <strong>abandono da atividade<\/strong> caso o impedimento da execu\u00e7\u00e3o da atividade seja avisado, por via do e-mail <span style=\"color: #ffa700;\"><a style=\"color: #ffa700;\" href=\"mailto:atendimento@abem-educmed.org.br\">atendimento@abem-educmed.org.br<\/a>,<\/span> \u00e0 Comiss\u00e3o Organizadora, com pelo menos 02 dias (48 horas) de anteced\u00eancia ao in\u00edcio do evento. Demandas para a aquisi\u00e7\u00e3o de material e infraestrutura espec\u00edficas quanto ao local para a suas realiza\u00e7\u00f5es somente ser\u00e3o atendidas pela Comiss\u00e3o Organizadora mediante justificativa metodol\u00f3gica coerente com a demanda, descrita na proposta submetida via ficha de inscri\u00e7\u00e3o, se houver viabilidade e or\u00e7amento dispon\u00edvel. Caso a solicita\u00e7\u00e3o n\u00e3o seja vi\u00e1vel, do ponto de vista t\u00e9cnico ou or\u00e7ament\u00e1rio, os autores ser\u00e3o informados pela comiss\u00e3o organizadora quando receberem a notifica\u00e7\u00e3o sobre a aprova\u00e7\u00e3o da proposta, para que ainda possam, em tempo h\u00e1bil, buscar outros meios de prover os materiais\/equipamentos ou ajustar a proposta \u00e0 realidade dispon\u00edvel.<\/p><p>3.8. Os autores de cada proposta de Viv\u00eancia aceitam que participar\u00e3o de um grupo de WhatsApp, criado pela comiss\u00e3o organizadora, com a finalidade metodol\u00f3gica de melhorar a qualidade da comunica\u00e7\u00e3o entre autores e organizadores do evento, visando dirimir as dificuldades de infraestrutura e favorecer a cria\u00e7\u00e3o de um ambiente colaborativo, mediado pelos bons afetos.<\/p><p>3.9. Os dados informados pelos proponentes de toda e qualquer Viv\u00eancia ser\u00e3o protegidos pela ABEM em conformidade com a vigente Lei Geral de Prote\u00e7\u00e3o de Dados Pessoais \u2013 LGPD (Lei n\u00ba 13.709 de 14\/08\/2018), nos termos da sua Pol\u00edtica de Privacidade e Prote\u00e7\u00e3o de Dados Pessoais.<\/p><p><strong>4. REGISTRE EM SUA AGENDA AS SEGUINTES DATAS:<\/strong> <br \/>Os prazos se encerram \u00e0s 23:59 de cada dia, hor\u00e1rio de Bras\u00edlia (DF).<\/p><p>\u25cf IN\u00cdCIO DO PRAZO PARA SUBMISS\u00c3O DAS PROPOSTAS DE VIV\u00caNCIAS:<strong> 30\/03\/2023<\/strong> <br \/>\u25cf FIM DO PRAZO PARA SUBMISS\u00c3O: <strong>29\/05\/2023<\/strong> <br \/>\u25cf DIVULGA\u00c7\u00c3O AOS AUTORES DAS VIV\u00caNCIAS APROVADAS: <strong>19\/06\/2023 <\/strong><span style=\"color: #ff0000;\">(Adiado para o dia: <\/span><strong><span style=\"color: #ff0000;\">23\/06\/2023<\/span><\/strong><span style=\"color: #ff0000;\">)<\/span><br \/>\u25cf LIMITE PARA PAGAMENTO DA ANUIDADE DA ABEM (item 2.11) <strong>15\/06\/2023<\/strong> <br \/>\u25cf LIMITE PARA PAGAMENTO DA INSCRI\u00c7\u00c3O NO CONGRESSO (Item 2.12): <strong>30\/06\/2023<br \/><\/strong> <br \/>A Comiss\u00e3o Organizadora reserva-se o direito de cancelar, interromper, suspender ou adiar a submiss\u00e3o e\/ou publica\u00e7\u00e3o das viv\u00eancias no todo ou em parte, em caso fortuito ou de for\u00e7a maior.<\/p><p>Os autores das propostas de viv\u00eancias reconhecem e declaram, assumindo todas as responsabilidades legais, de forma irrevog\u00e1vel e irretrat\u00e1vel, que as viv\u00eancias realizadas est\u00e3o coerentes com as informa\u00e7\u00f5es fornecidas e livres de direitos autorais restritivos.<\/p><p>A Comiss\u00e3o Organizadora \u00e9 incontestavelmente soberana nas suas decis\u00f5es, inexistindo a possibilidade de recursos ou manifesta\u00e7\u00f5es de qualquer esp\u00e9cie neste Congresso. Al\u00e9m disso, a inclus\u00e3o de qualquer viv\u00eancia, desde que cumprindo as condi\u00e7\u00f5es aqui apresentadas, j\u00e1 caracteriza a aceita\u00e7\u00e3o irrestrita a todas as regras aqui previstas.<\/p><p>Em caso de d\u00favidas a respeito de alguma regra aqui indicada, comunique-se conosco por meio do endere\u00e7o eletr\u00f4nico <span style=\"color: #ffa700;\"><a style=\"color: #ffa700;\" href=\"mailto:atendimento@abem-educmed.org.br\">atendimento@abem-educmed.org.br<\/a><\/span><\/p><p>Os casos aqui omissos ser\u00e3o analisados pelo colegiado que constitui a nossa Comiss\u00e3o Organizadora.<\/p><p>At\u00e9 breve!<\/p><p style=\"text-align: center;\">Comiss\u00e3o Organizadora do 61\u00ba Congresso Brasileiro de Educa\u00e7\u00e3o M\u00e9dica <br \/>Bras\u00edlia, 30 de mar\u00e7o de 2023<\/p>\t\t\t\t\t<\/div>\n\t\t\t\t\t\t<\/div>\n\t\t\t\t<\/div>\n\t\t\t\t<div class=\"elementor-element elementor-element-fc4834d elementor-widget elementor-widget-spacer\" data-id=\"fc4834d\" data-element_type=\"widget\" data-widget_type=\"spacer.default\">\n\t\t\t\t<div class=\"elementor-widget-container\">\n\t\t\t\t\t<div class=\"elementor-spacer\">\n\t\t\t<div class=\"elementor-spacer-inner\"><\/div>\n\t\t<\/div>\n\t\t\t\t<\/div>\n\t\t\t\t<\/div>\n\t\t\t\t\t\t<\/div>\n\t\t\t\t\t<\/div>\n\t\t<\/div>\n\t\t\t\t\t\t\t\t<\/div>\n\t\t\t\t\t<\/div>\n\t\t<\/section>\n\t\t\t\t\t\t\t\t\t<\/div>\n\t\t\t<\/div>\n\t\t\t\t\t<\/div>\n\t\t","protected":false},"excerpt":{"rendered":"<p>VIV\u00caNCIAS VIV\u00caNCIAS APROVADAS Clique no bot\u00e3o abaixo para conferir a lista das Viv\u00eancias aprovadas para o61\u00ba Congresso Brasileiro de Educa\u00e7\u00e3o M\u00e9dica VIV\u00caNCIAS APROVADAS EDITAL PARA A PROPOSI\u00c7\u00c3O DE VIV\u00caNCIAS DURANTE O 61\u00ba CONGRESSO BRASILEIRO DE EDUCA\u00c7\u00c3O M\u00c9DICA INTEGRA\u00c7\u00c3O ENSINO-SERVI\u00c7O-GEST\u00c3O-COMUNIDADE PARA TRANSFORMAR A SA\u00daDE 5 a 8 de outubro, Fortaleza\/CE. Compartilhamos por meio deste convite p\u00fablico [&hellip;]<\/p>\n","protected":false},"author":1,"featured_media":0,"parent":181,"menu_order":4,"comment_status":"closed","ping_status":"closed","template":"elementor_header_footer","meta":[],"_links":{"self":[{"href":"https:\/\/cobem.com.br\/2023\/wp-json\/wp\/v2\/pages\/983"}],"collection":[{"href":"https:\/\/cobem.com.br\/2023\/wp-json\/wp\/v2\/pages"}],"about":[{"href":"https:\/\/cobem.com.br\/2023\/wp-json\/wp\/v2\/types\/page"}],"author":[{"embeddable":true,"href":"https:\/\/cobem.com.br\/2023\/wp-json\/wp\/v2\/users\/1"}],"replies":[{"embeddable":true,"href":"https:\/\/cobem.com.br\/2023\/wp-json\/wp\/v2\/comments?post=983"}],"version-history":[{"count":27,"href":"https:\/\/cobem.com.br\/2023\/wp-json\/wp\/v2\/pages\/983\/revisions"}],"predecessor-version":[{"id":997,"href":"https:\/\/cobem.com.br\/2023\/wp-json\/wp\/v2\/pages\/983\/revisions\/997"}],"up":[{"embeddable":true,"href":"https:\/\/cobem.com.br\/2023\/wp-json\/wp\/v2\/pages\/181"}],"wp:attachment":[{"href":"https:\/\/cobem.com.br\/2023\/wp-json\/wp\/v2\/media?parent=983"}],"curies":[{"name":"wp","href":"https:\/\/api.w.org\/{rel}","templated":true}]}}