{"id":874,"date":"2023-03-28T11:58:34","date_gmt":"2023-03-28T14:58:34","guid":{"rendered":"https:\/\/cobem.com.br\/2023\/?page_id=874"},"modified":"2023-07-25T16:36:58","modified_gmt":"2023-07-25T19:36:58","slug":"oficinas","status":"publish","type":"page","link":"https:\/\/cobem.com.br\/2023\/o-cobem\/oficinas\/","title":{"rendered":"Edital: Oficinas"},"content":{"rendered":"\t\t<div data-elementor-type=\"wp-page\" data-elementor-id=\"874\" class=\"elementor elementor-874\">\n\t\t\t\t\t\t<div class=\"elementor-inner\">\n\t\t\t\t<div class=\"elementor-section-wrap\">\n\t\t\t\t\t\t\t\t\t<section class=\"elementor-section elementor-top-section elementor-element elementor-element-420c082 elementor-section-height-min-height elementor-section-items-top elementor-section-boxed elementor-section-height-default\" data-id=\"420c082\" data-element_type=\"section\" data-settings=\"{&quot;background_background&quot;:&quot;classic&quot;}\">\n\t\t\t\t\t\t<div class=\"elementor-container elementor-column-gap-default\">\n\t\t\t\t\t\t\t<div class=\"elementor-row\">\n\t\t\t\t\t<div class=\"elementor-column elementor-col-100 elementor-top-column elementor-element elementor-element-3365024\" data-id=\"3365024\" data-element_type=\"column\">\n\t\t\t<div class=\"elementor-column-wrap elementor-element-populated\">\n\t\t\t\t\t\t\t<div class=\"elementor-widget-wrap\">\n\t\t\t\t\t\t<div class=\"elementor-element elementor-element-cb49f57 elementor-widget elementor-widget-heading\" data-id=\"cb49f57\" data-element_type=\"widget\" data-widget_type=\"heading.default\">\n\t\t\t\t<div class=\"elementor-widget-container\">\n\t\t\t<h2 class=\"elementor-heading-title elementor-size-default\">SUBMISS\u00c3O DE OFICINAS<\/h2>\t\t<\/div>\n\t\t\t\t<\/div>\n\t\t\t\t\t\t<\/div>\n\t\t\t\t\t<\/div>\n\t\t<\/div>\n\t\t\t\t\t\t\t\t<\/div>\n\t\t\t\t\t<\/div>\n\t\t<\/section>\n\t\t\t\t<section class=\"elementor-section elementor-top-section elementor-element elementor-element-f62d6f9 elementor-section-boxed elementor-section-height-default elementor-section-height-default\" data-id=\"f62d6f9\" data-element_type=\"section\" data-settings=\"{&quot;background_background&quot;:&quot;classic&quot;}\">\n\t\t\t\t\t\t<div class=\"elementor-container elementor-column-gap-default\">\n\t\t\t\t\t\t\t<div class=\"elementor-row\">\n\t\t\t\t\t<div class=\"elementor-column elementor-col-100 elementor-top-column elementor-element elementor-element-f16c5a4\" data-id=\"f16c5a4\" data-element_type=\"column\">\n\t\t\t<div class=\"elementor-column-wrap elementor-element-populated\">\n\t\t\t\t\t\t\t<div class=\"elementor-widget-wrap\">\n\t\t\t\t\t\t<div class=\"elementor-element elementor-element-774fd2e elementor-widget elementor-widget-heading\" data-id=\"774fd2e\" data-element_type=\"widget\" data-widget_type=\"heading.default\">\n\t\t\t\t<div class=\"elementor-widget-container\">\n\t\t\t<h2 class=\"elementor-heading-title elementor-size-default\">INSCREVA-SE NAS OFICINAS\n<\/h2>\t\t<\/div>\n\t\t\t\t<\/div>\n\t\t\t\t<div class=\"elementor-element elementor-element-7b4f48c elementor-widget elementor-widget-heading\" data-id=\"7b4f48c\" data-element_type=\"widget\" data-widget_type=\"heading.default\">\n\t\t\t\t<div class=\"elementor-widget-container\">\n\t\t\t<h2 class=\"elementor-heading-title elementor-size-default\">Orienta\u00e7\u00f5es para inscri\u00e7\u00e3o nas oficinas<\/h2>\t\t<\/div>\n\t\t\t\t<\/div>\n\t\t\t\t<div class=\"elementor-element elementor-element-a304a24 elementor-widget elementor-widget-text-editor\" data-id=\"a304a24\" data-element_type=\"widget\" data-widget_type=\"text-editor.default\">\n\t\t\t\t<div class=\"elementor-widget-container\">\n\t\t\t\t\t\t\t\t<div class=\"elementor-text-editor elementor-clearfix\">\n\t\t\t\t<p>Ser\u00e3o oferecidas 26 oficinas, distribu\u00eddas ao longo dos dias 5 a 8 de novembro.<\/p><p>Para se inscrever nas atividades, \u00e9 preciso estar com a inscri\u00e7\u00e3o confirmada no evento (paga).<\/p><p>\u2013 As inscri\u00e7\u00f5es para as oficinas dever\u00e3o ser realizada por meio do Painel do Congressista, atrav\u00e9s do menu: <strong>Programa\u00e7\u00e3o<\/strong>.<\/p><p>Neste menu estar\u00e3o listadas as atividades que ir\u00e3o ocorrer ao longo dos dias do evento, basta clicar no bot\u00e3o &#8220;Inscreva-se&#8221; presente em cada atividade.<\/p><p>&#8211; As vagas para as oficinas s\u00e3o limitadas e ser\u00e3o preenchidas conforme a ordem de inscri\u00e7\u00e3o.<\/p>\t\t\t\t\t<\/div>\n\t\t\t\t\t\t<\/div>\n\t\t\t\t<\/div>\n\t\t\t\t<div class=\"elementor-element elementor-element-5cb4a86 elementor-widget-divider--view-line elementor-widget elementor-widget-divider\" data-id=\"5cb4a86\" data-element_type=\"widget\" data-widget_type=\"divider.default\">\n\t\t\t\t<div class=\"elementor-widget-container\">\n\t\t\t\t\t<div class=\"elementor-divider\">\n\t\t\t<span class=\"elementor-divider-separator\">\n\t\t\t\t\t\t<\/span>\n\t\t<\/div>\n\t\t\t\t<\/div>\n\t\t\t\t<\/div>\n\t\t\t\t<div class=\"elementor-element elementor-element-3dd4194 elementor-widget elementor-widget-heading\" data-id=\"3dd4194\" data-element_type=\"widget\" data-widget_type=\"heading.default\">\n\t\t\t\t<div class=\"elementor-widget-container\">\n\t\t\t<h2 class=\"elementor-heading-title elementor-size-default\">OFICINAS APROVADAS\n<\/h2>\t\t<\/div>\n\t\t\t\t<\/div>\n\t\t\t\t<div class=\"elementor-element elementor-element-3c239b3 elementor-widget elementor-widget-heading\" data-id=\"3c239b3\" data-element_type=\"widget\" data-widget_type=\"heading.default\">\n\t\t\t\t<div class=\"elementor-widget-container\">\n\t\t\t<h2 class=\"elementor-heading-title elementor-size-default\">Clique no bot\u00e3o abaixo para conferir a lista das Oficinas aprovadas para o<br\/>61\u00ba Congresso Brasileiro de Educa\u00e7\u00e3o M\u00e9dica<\/h2>\t\t<\/div>\n\t\t\t\t<\/div>\n\t\t\t\t<div class=\"elementor-element elementor-element-cda17dd elementor-align-center elementor-widget elementor-widget-button\" data-id=\"cda17dd\" data-element_type=\"widget\" data-widget_type=\"button.default\">\n\t\t\t\t<div class=\"elementor-widget-container\">\n\t\t\t\t\t<div class=\"elementor-button-wrapper\">\n\t\t\t<a class=\"elementor-button elementor-button-link elementor-size-md\" href=\"https:\/\/cobem.com.br\/2023\/wp-content\/uploads\/2023\/07\/60COBEM_OFICINAS_APROVADAS.pdf\" target=\"_blank\">\n\t\t\t\t\t\t<span class=\"elementor-button-content-wrapper\">\n\t\t\t\t\t\t<span class=\"elementor-button-text\">OFICINAS APROVADAS<\/span>\n\t\t<\/span>\n\t\t\t\t\t<\/a>\n\t\t<\/div>\n\t\t\t\t<\/div>\n\t\t\t\t<\/div>\n\t\t\t\t<div class=\"elementor-element elementor-element-92d54d7 elementor-widget elementor-widget-text-editor\" data-id=\"92d54d7\" data-element_type=\"widget\" data-widget_type=\"text-editor.default\">\n\t\t\t\t<div class=\"elementor-widget-container\">\n\t\t\t\t\t\t\t\t<div class=\"elementor-text-editor elementor-clearfix\">\n\t\t\t\t<p><strong>OFICINA DESCLASSIFICADA:<\/strong><br \/><strong>T\u00edtulo da Oficina: <\/strong>Organiza\u00e7\u00e3o Letrada em Sa\u00fade &#8211; Como ela pode ajudar o estudante?<\/p>\t\t\t\t\t<\/div>\n\t\t\t\t\t\t<\/div>\n\t\t\t\t<\/div>\n\t\t\t\t<div class=\"elementor-element elementor-element-e51e532 elementor-widget-divider--view-line elementor-widget elementor-widget-divider\" data-id=\"e51e532\" data-element_type=\"widget\" data-widget_type=\"divider.default\">\n\t\t\t\t<div class=\"elementor-widget-container\">\n\t\t\t\t\t<div class=\"elementor-divider\">\n\t\t\t<span class=\"elementor-divider-separator\">\n\t\t\t\t\t\t<\/span>\n\t\t<\/div>\n\t\t\t\t<\/div>\n\t\t\t\t<\/div>\n\t\t\t\t<div class=\"elementor-element elementor-element-1e69732 elementor-widget elementor-widget-heading\" data-id=\"1e69732\" data-element_type=\"widget\" data-widget_type=\"heading.default\">\n\t\t\t\t<div class=\"elementor-widget-container\">\n\t\t\t<h2 class=\"elementor-heading-title elementor-size-default\">EDITAL PARA A SUBMISS\u00c3O DE OFICINAS<br\/>\n61\u00ba CONGRESSO BRASILEIRO DE EDUCA\u00c7\u00c3O M\u00c9DICA\n<\/h2>\t\t<\/div>\n\t\t\t\t<\/div>\n\t\t\t\t<div class=\"elementor-element elementor-element-2af4fbf elementor-widget elementor-widget-heading\" data-id=\"2af4fbf\" data-element_type=\"widget\" data-widget_type=\"heading.default\">\n\t\t\t\t<div class=\"elementor-widget-container\">\n\t\t\t<h2 class=\"elementor-heading-title elementor-size-default\">INTEGRA\u00c7\u00c3O ENSINO-SERVI\u00c7O-GEST\u00c3O-COMUNIDADE PARA TRANSFORMAR A SA\u00daDE\n<\/h2>\t\t<\/div>\n\t\t\t\t<\/div>\n\t\t\t\t<div class=\"elementor-element elementor-element-4dfd9aa elementor-widget elementor-widget-heading\" data-id=\"4dfd9aa\" data-element_type=\"widget\" data-widget_type=\"heading.default\">\n\t\t\t\t<div class=\"elementor-widget-container\">\n\t\t\t<h2 class=\"elementor-heading-title elementor-size-default\">5 a 8 de outubro, Fortaleza\/CE.\n<\/h2>\t\t<\/div>\n\t\t\t\t<\/div>\n\t\t\t\t<div class=\"elementor-element elementor-element-62fbb88 elementor-widget elementor-widget-text-editor\" data-id=\"62fbb88\" data-element_type=\"widget\" data-widget_type=\"text-editor.default\">\n\t\t\t\t<div class=\"elementor-widget-container\">\n\t\t\t\t\t\t\t\t<div class=\"elementor-text-editor elementor-clearfix\">\n\t\t\t\t<p><strong>1. DO EVENTO<\/strong><br \/>1.1. As regras a seguir dizem respeito \u00e0 submiss\u00e3o de oficinas para o 61\u00ba Congresso Brasileiro de Educa\u00e7\u00e3o M\u00e9dica, que ocorrer\u00e1 nos dias <strong>05\/10\/2023 a 08\/10\/2023<\/strong>, no formato presencial, em Fortaleza\/CE.<\/p><p>1.2. A realiza\u00e7\u00e3o de oficinas no evento \u00e9 uma oportunidade para docentes e discentes do curso de Medicina e de outros cursos da \u00e1rea da sa\u00fade compartilharem com os congressistas suas experi\u00eancias locais e produ\u00e7\u00e3o de conhecimento, al\u00e9m de reflex\u00f5es sobre o processo de educa\u00e7\u00e3o.<\/p><p><strong><br \/>2. DAS OFICINAS<\/strong><br \/>2.1. As oficinas acontecer\u00e3o ao longo da programa\u00e7\u00e3o do Cobem em datas e hor\u00e1rios agendados de acordo com a programa\u00e7\u00e3o a ser divulgada por ocasi\u00e3o dos resultados da sele\u00e7\u00e3o deste edital.<\/p><p>2.2. A proposta de oficina dever\u00e1 estar relacionada com a tem\u00e1tica da Educa\u00e7\u00e3o M\u00e9dica, preferencialmente abordando a tem\u00e1tica central do evento \u2013 Ci\u00eancia, Cuidado e Resili\u00eancia e relacionada aos n\u00facleos tem\u00e1ticos do 61\u00ba Cobem. Encorajamos a proposi\u00e7\u00e3o de modelos inovadores de oficinas.<\/p><p>N\u00facleos Tem\u00e1ticos:<br \/><strong>\u25cf Eixo I \u2013 Educa\u00e7\u00e3o interprofissional.<\/strong><br \/><strong>\u25cf Eixo II \u2013 Resid\u00eancia, p\u00f3s-gradua\u00e7\u00e3o e pesquisa em educa\u00e7\u00e3o m\u00e9dica.<\/strong><br \/><strong>\u25cf Eixo III \u2013 Qualidade de vida e sa\u00fade mental na educa\u00e7\u00e3o m\u00e9dica.<\/strong><br \/><strong>\u25cf Eixo IV \u2013 Diversidade, inclus\u00e3o e preven\u00e7\u00e3o da viol\u00eancia na educa\u00e7\u00e3o m\u00e9dica.<\/strong><br \/><strong>\u25cf Eixo V \u2013 Inova\u00e7\u00e3o no ensino, avalia\u00e7\u00e3o e desenvolvimento de compet\u00eancias.<\/strong><br \/><strong>\u25cf Eixo VI \u2013 Educa\u00e7\u00e3o permanente e responsabilidade social na escola m\u00e9dica.<\/strong><\/p><p>2.3. Cada oficina somente poder\u00e1 ser inscrita uma \u00fanica vez no Congresso, mesmo que autores ou institui\u00e7\u00f5es envolvidas sejam diferentes. A inscri\u00e7\u00e3o de alguma proposta de Viv\u00eancia ou de Ambi\u00eancia n\u00e3o impede que o proponente tamb\u00e9m submeta uma proposta de Oficina.<\/p><p>2.4. A proposta dever\u00e1 apresentar claramente quais os materiais\/equipamentos necess\u00e1rios \u00e0 atividade ser\u00e3o de responsabilidade dos proponentes ou da Comiss\u00e3o Organizadora, que buscar\u00e1 atender as demandas; caso a solicita\u00e7\u00e3o n\u00e3o seja vi\u00e1vel, do ponto de vista t\u00e9cnico ou or\u00e7ament\u00e1rio, os autores ser\u00e3o informados e poder\u00e3o buscar meios pr\u00f3prios de prover os materiais\/equipamentos ou ajustar \u00e0 realidade dispon\u00edvel.<\/p><p>2.5. As oficinas poder\u00e3o ter dura\u00e7\u00e3o de 2 (duas) ou 4 (quatro) horas, podendo ser compostas por atividades\/ciclos de dura\u00e7\u00e3o menor; a mesma oficina poder\u00e1 ser repetida no Congresso, caso n\u00e3o haja oficinas selecionadas em n\u00famero suficiente para preencher todos os espa\u00e7os e hor\u00e1rios dispon\u00edveis, e haja interesse\/disponibilidade dos autores.<\/p><p>2.6. As oficinas dever\u00e3o incentivar a participa\u00e7\u00e3o e protagonismo dos interessados, por meio de viv\u00eancias pr\u00e1ticas.<\/p><p>2.7. As propostas dever\u00e3o ser submetidas on-line, atrav\u00e9s do link: <span style=\"color: #ffa700;\"><a style=\"color: #ffa700;\" href=\"https:\/\/forms.gle\/6v2iMpiFUmXNxqei8\" target=\"_blank\" rel=\"noopener\">https:\/\/forms.gle\/6v2iMpiFUmXNxqei8<\/a><\/span> at\u00e9 a data limite de <strong>29\/05\/2023.<\/strong><\/p><p>2.8. Em hip\u00f3tese alguma ser\u00e3o aceitas oficinas enviadas por e-mail, correspond\u00eancia, fax ou qualquer outro meio de comunica\u00e7\u00e3o que n\u00e3o o estabelecido pelo item 2.7.<\/p><p>2.9. <strong>Pelo menos um dos autores da proposta de Oficina deve ser associado adimplente da ABEM at\u00e9 30\/06\/2023.<\/strong><\/p><p>2.10. A realiza\u00e7\u00e3o das oficinas selecionadas, durante o 61\u00ba COBEM, <strong>ser\u00e1 condicionada ao pagamento da taxa de inscri\u00e7\u00e3o<\/strong> por ao menos um dos oficineiros at\u00e9 o dia <strong>30\/06\/2023. S\u00f3 poder\u00e3o participar da oficina, os oficineiros inscritos no 61\u00ba Cobem.<\/strong><\/p><p>2.11. <strong>O n\u00famero m\u00e1ximo de Oficineiros em cada Oficina \u00e9 de 06 (seis). Ap\u00f3s a divulga\u00e7\u00e3o da lista de Oficinas selecionadas, n\u00e3o ser\u00e1 poss\u00edvel a inscri\u00e7\u00e3o de outros autores.<br \/><\/strong><\/p><p><strong><br \/>3. DA FORMA DE AVALIA\u00c7\u00c3O<\/strong><br \/>3.1. Ser\u00e3o desclassificadas as oficinas que n\u00e3o estiverem dentro dos padr\u00f5es de metodologia proposta ou n\u00e3o seguirem as regras aqui apresentadas.<\/p><p>3.2 Todas as oficinas qualificadas ser\u00e3o avaliadas e selecionadas exclusivamente pela Comiss\u00e3o Organizadora do 61\u00ba Congresso Brasileiro de Educa\u00e7\u00e3o M\u00e9dica, sem men\u00e7\u00e3o a autores ou a institui\u00e7\u00f5es relacionadas.<\/p><p>3.3. A Comiss\u00e3o Organizadora do 61\u00ba Congresso Brasileiro de Educa\u00e7\u00e3o M\u00e9dica ser\u00e1 respons\u00e1vel pela avalia\u00e7\u00e3o das oficinas, de acordo com os seguintes crit\u00e9rios:<\/p><p>\u2013 Relev\u00e2ncia do tema.<br \/>\u2013 Qualidade e coer\u00eancia da proposta.<br \/>\u2013 Inova\u00e7\u00e3o e contribui\u00e7\u00e3o dos produtos para o avan\u00e7o no campo da educa\u00e7\u00e3o m\u00e9dica.<\/p><p>3.4. As oficinas selecionadas ser\u00e3o divulgadas, aos autores, no site do Congresso at\u00e9 o dia <strong>19\/06\/2023.<\/strong><\/p><p>3.5. Todas as oficinas selecionadas devem ser realizadas no 61\u00ba Congresso Brasileiro de Educa\u00e7\u00e3o M\u00e9dica por seus respectivos autores indicados no momento da inscri\u00e7\u00e3o, em dia e hor\u00e1rio definido pela Comiss\u00e3o organizadora conforme disposto no item 2.1.<\/p><p><strong>4. DA INSCRI\u00c7\u00c3O DOS CONGRESSISTAS NAS OFICINAS<\/strong> <br \/>4.1. A divulga\u00e7\u00e3o das oficinas selecionadas ser\u00e1 feita no site do Congresso.<\/p><p>4.2. A inscri\u00e7\u00e3o nas oficinas, quando for o caso, estar\u00e1 dispon\u00edvel apenas para os inscritos no congresso atrav\u00e9s do Painel do Congressista, a partir de <strong>17\/07\/2023.<\/strong><\/p><p>4.3. A participa\u00e7\u00e3o na oficina ficar\u00e1 limitada pelo n\u00famero m\u00e1ximo de participantes definido pela proposta submetida no edital.<\/p><p><strong>5. DO CRONOGRAMA<\/strong><br \/>Os prazos se encerram \u00e0s 23:59 de cada dia, hor\u00e1rio de Bras\u00edlia (DF).<\/p><p><strong>\u2013 IN\u00cdCIO DO PRAZO PARA SUBMISS\u00c3O:<\/strong> 30\/03\/2023<br \/><strong>\u2013 FIM DO PRAZO PARA SUBMISS\u00c3O:<\/strong> 29\/05\/2023<br \/><strong>\u2013 DIVULGA\u00c7\u00c3O DAS OFICINAS APROVADAS AOS AUTORES:<\/strong> 19\/06\/2023 <span style=\"color: #ff0000;\">(Adiado para o dia: <strong>23\/06\/2023<\/strong>)<\/span><br \/><strong>\u2013 LIMITE PARA PAGAMENTO DA INSCRI\u00c7\u00c3O (Item 2.9 e 2.10):<\/strong> 30\/06\/2023<br \/><strong>\u2013 ABERTURA DA INSCRI\u00c7\u00c3O PARA CONGRESSISTAS:<\/strong> 17\/07\/2023<\/p><p><strong>6. DISPOSI\u00c7\u00d5ES FINAIS<\/strong><br \/>6.1. A Comiss\u00e3o Organizadora reserva-se o direito de cancelar, interromper, suspender ou adiar a submiss\u00e3o e\/ou publica\u00e7\u00e3o das oficinas no todo ou em parte, em caso fortuito ou de for\u00e7a maior.<\/p><p>6.2. Os autores das oficinas reconhecem e declaram, assumindo todas as responsabilidades legais, de forma irrevog\u00e1vel e irretrat\u00e1vel, que todas as informa\u00e7\u00f5es fornecidas, bem como o conte\u00fado da oficina inscrita, s\u00e3o verdadeiras, pr\u00f3prias e originais.<\/p><p>6.3. A Comiss\u00e3o Organizadora \u00e9 incontestavelmente soberana nas suas decis\u00f5es, inexistindo a possibilidade de recursos ou manifesta\u00e7\u00f5es de qualquer esp\u00e9cie neste Congresso.<\/p><p>6.4. A inclus\u00e3o de qualquer oficina, desde que cumprindo as condi\u00e7\u00f5es aqui apresentadas, j\u00e1 caracteriza a aceita\u00e7\u00e3o irrestrita a todas as regras aqui previstas.<\/p><p>6.5. Os dados informados pelos proponentes de toda e qualquer Oficina ser\u00e3o protegidos pela ABEM em conformidade com a vigente Lei Geral de Prote\u00e7\u00e3o de Dados Pessoais \u2013 LGPD (Lei n\u00ba 13.709 de 14\/08\/2018), nos termos da sua Pol\u00edtica de Privacidade e Prote\u00e7\u00e3o de Dados Pessoais.<\/p><p>6.6. Os casos aqui omissos ser\u00e3o analisados pela Comiss\u00e3o Organizadora.<\/p><p style=\"text-align: center;\">Bras\u00edlia, 30 de mar\u00e7o de 2023<\/p><p style=\"text-align: center;\"><strong>61\u00ba Congresso Brasileiro de Educa\u00e7\u00e3o M\u00e9dica<\/strong><br \/>Comiss\u00e3o Organizadora<\/p>\t\t\t\t\t<\/div>\n\t\t\t\t\t\t<\/div>\n\t\t\t\t<\/div>\n\t\t\t\t<div class=\"elementor-element elementor-element-fc4834d elementor-widget elementor-widget-spacer\" data-id=\"fc4834d\" data-element_type=\"widget\" data-widget_type=\"spacer.default\">\n\t\t\t\t<div class=\"elementor-widget-container\">\n\t\t\t\t\t<div class=\"elementor-spacer\">\n\t\t\t<div class=\"elementor-spacer-inner\"><\/div>\n\t\t<\/div>\n\t\t\t\t<\/div>\n\t\t\t\t<\/div>\n\t\t\t\t\t\t<\/div>\n\t\t\t\t\t<\/div>\n\t\t<\/div>\n\t\t\t\t\t\t\t\t<\/div>\n\t\t\t\t\t<\/div>\n\t\t<\/section>\n\t\t\t\t\t\t\t\t\t<\/div>\n\t\t\t<\/div>\n\t\t\t\t\t<\/div>\n\t\t","protected":false},"excerpt":{"rendered":"<p>SUBMISS\u00c3O DE OFICINAS INSCREVA-SE NAS OFICINAS Orienta\u00e7\u00f5es para inscri\u00e7\u00e3o nas oficinas Ser\u00e3o oferecidas 26 oficinas, distribu\u00eddas ao longo dos dias 5 a 8 de novembro. Para se inscrever nas atividades, \u00e9 preciso estar com a inscri\u00e7\u00e3o confirmada no evento (paga). \u2013 As inscri\u00e7\u00f5es para as oficinas dever\u00e3o ser realizada por meio do Painel do Congressista, [&hellip;]<\/p>\n","protected":false},"author":1,"featured_media":0,"parent":181,"menu_order":4,"comment_status":"closed","ping_status":"closed","template":"elementor_header_footer","meta":[],"_links":{"self":[{"href":"https:\/\/cobem.com.br\/2023\/wp-json\/wp\/v2\/pages\/874"}],"collection":[{"href":"https:\/\/cobem.com.br\/2023\/wp-json\/wp\/v2\/pages"}],"about":[{"href":"https:\/\/cobem.com.br\/2023\/wp-json\/wp\/v2\/types\/page"}],"author":[{"embeddable":true,"href":"https:\/\/cobem.com.br\/2023\/wp-json\/wp\/v2\/users\/1"}],"replies":[{"embeddable":true,"href":"https:\/\/cobem.com.br\/2023\/wp-json\/wp\/v2\/comments?post=874"}],"version-history":[{"count":64,"href":"https:\/\/cobem.com.br\/2023\/wp-json\/wp\/v2\/pages\/874\/revisions"}],"predecessor-version":[{"id":984,"href":"https:\/\/cobem.com.br\/2023\/wp-json\/wp\/v2\/pages\/874\/revisions\/984"}],"up":[{"embeddable":true,"href":"https:\/\/cobem.com.br\/2023\/wp-json\/wp\/v2\/pages\/181"}],"wp:attachment":[{"href":"https:\/\/cobem.com.br\/2023\/wp-json\/wp\/v2\/media?parent=874"}],"curies":[{"name":"wp","href":"https:\/\/api.w.org\/{rel}","templated":true}]}}