{"id":287,"date":"2020-02-27T07:42:17","date_gmt":"2020-02-27T10:42:17","guid":{"rendered":"http:\/\/cobem.com.br\/2020\/?page_id=287"},"modified":"2023-03-16T23:07:57","modified_gmt":"2023-03-17T02:07:57","slug":"sobre-cobem","status":"publish","type":"page","link":"https:\/\/cobem.com.br\/2023\/o-cobem\/sobre-cobem\/","title":{"rendered":"Sobre"},"content":{"rendered":"\t\t<div data-elementor-type=\"wp-page\" data-elementor-id=\"287\" class=\"elementor elementor-287\">\n\t\t\t\t\t\t<div class=\"elementor-inner\">\n\t\t\t\t<div class=\"elementor-section-wrap\">\n\t\t\t\t\t\t\t\t\t<section class=\"elementor-section elementor-top-section elementor-element elementor-element-420c082 elementor-section-height-min-height elementor-section-items-top elementor-section-boxed elementor-section-height-default\" data-id=\"420c082\" data-element_type=\"section\" data-settings=\"{&quot;background_background&quot;:&quot;classic&quot;}\">\n\t\t\t\t\t\t<div class=\"elementor-container elementor-column-gap-default\">\n\t\t\t\t\t\t\t<div class=\"elementor-row\">\n\t\t\t\t\t<div class=\"elementor-column elementor-col-100 elementor-top-column elementor-element elementor-element-3365024\" data-id=\"3365024\" data-element_type=\"column\">\n\t\t\t<div class=\"elementor-column-wrap elementor-element-populated\">\n\t\t\t\t\t\t\t<div class=\"elementor-widget-wrap\">\n\t\t\t\t\t\t<div class=\"elementor-element elementor-element-cb49f57 elementor-widget elementor-widget-heading\" data-id=\"cb49f57\" data-element_type=\"widget\" data-widget_type=\"heading.default\">\n\t\t\t\t<div class=\"elementor-widget-container\">\n\t\t\t<h2 class=\"elementor-heading-title elementor-size-default\">SOBRE O EVENTO<\/h2>\t\t<\/div>\n\t\t\t\t<\/div>\n\t\t\t\t\t\t<\/div>\n\t\t\t\t\t<\/div>\n\t\t<\/div>\n\t\t\t\t\t\t\t\t<\/div>\n\t\t\t\t\t<\/div>\n\t\t<\/section>\n\t\t\t\t<section class=\"elementor-section elementor-top-section elementor-element elementor-element-f62d6f9 elementor-section-boxed elementor-section-height-default elementor-section-height-default\" data-id=\"f62d6f9\" data-element_type=\"section\" data-settings=\"{&quot;background_background&quot;:&quot;classic&quot;}\">\n\t\t\t\t\t\t<div class=\"elementor-container elementor-column-gap-default\">\n\t\t\t\t\t\t\t<div class=\"elementor-row\">\n\t\t\t\t\t<div class=\"elementor-column elementor-col-100 elementor-top-column elementor-element elementor-element-f16c5a4\" data-id=\"f16c5a4\" data-element_type=\"column\">\n\t\t\t<div class=\"elementor-column-wrap elementor-element-populated\">\n\t\t\t\t\t\t\t<div class=\"elementor-widget-wrap\">\n\t\t\t\t\t\t<div class=\"elementor-element elementor-element-774fd2e elementor-widget elementor-widget-heading\" data-id=\"774fd2e\" data-element_type=\"widget\" data-widget_type=\"heading.default\">\n\t\t\t\t<div class=\"elementor-widget-container\">\n\t\t\t<h2 class=\"elementor-heading-title elementor-size-default\">SOBRE O 61\u00ba COBEM<\/h2>\t\t<\/div>\n\t\t\t\t<\/div>\n\t\t\t\t<div class=\"elementor-element elementor-element-a304a24 elementor-widget elementor-widget-text-editor\" data-id=\"a304a24\" data-element_type=\"widget\" data-widget_type=\"text-editor.default\">\n\t\t\t\t<div class=\"elementor-widget-container\">\n\t\t\t\t\t\t\t\t<div class=\"elementor-text-editor elementor-clearfix\">\n\t\t\t\t<p>Sob o lema \u201c<em><strong>Integra\u00e7\u00e3o ensino-servi\u00e7o-gest\u00e3o e comunidade para transformar a sa\u00fade<\/strong><\/em>\u201d, estaremos reunidos, de 5 a 8 de outubro de 2023, no 61\u00ba Congresso Brasileiro de Educa\u00e7\u00e3o M\u00e9dica-COBEM, no Centro de Eventos, em Fortaleza.<\/p><p>A nossa cidade foi, anteriormente, sede do 6\u00ba COBEM, em 1968, do 11\u00ba COBEM, em 1983 e do 40\u00ba COBEM, em 2002. Os dois primeiros tiveram como tema a integra\u00e7\u00e3o entre ci\u00eancias b\u00e1sicas da sa\u00fade e o ciclo profissional, e a integra\u00e7\u00e3o ensino-servi\u00e7o-pesquisa. No congresso de 2002 o foco foi dirigido para as mudan\u00e7as na educa\u00e7\u00e3o m\u00e9dica, seus processos e resultados.<\/p><p>A conson\u00e2ncia dos itens dessa agenda de eventos com cada \u00e9poca \u00e9 bem demonstrativa do protagonismo e lideran\u00e7a da ABEM desde a sua funda\u00e7\u00e3o, em seu movimento permanente de luta por uma educa\u00e7\u00e3o m\u00e9dica transformadora, na vis\u00e3o de que \u201ca velocidade de gera\u00e7\u00e3o do conhecimento e as transforma\u00e7\u00f5es sociais determinam que a estagna\u00e7\u00e3o \u00e9 antipedag\u00f3gica e anticultural\u201d. A atua\u00e7\u00e3o da ABEM tem sido pautada pelo \u201cdever de conferir \u00e0 miss\u00e3o de educar uma concep\u00e7\u00e3o mais ampla, de constru\u00e7\u00e3o da cidadania, que culmine na redu\u00e7\u00e3o do fosso entre a produ\u00e7\u00e3o do saber e as necessidades da popula\u00e7\u00e3o\u201d.<\/p><p>A realiza\u00e7\u00e3o do 61\u00ba COBEM ocorre em momento de renovada esperan\u00e7a, sendo motivo de j\u00fabilo acolher a comunidade brasileira de educadores m\u00e9dicos para o seu congra\u00e7amento anual. Que ele seja coroado de muito \u00eaxito.<\/p><p>Fortaleza, Terra da Luz! Com quase 300 anos de hist\u00f3ria \u00e9 mundialmente conhecida por suas praias e como cidade natal de Jos\u00e9 de Alencar. Uma capital moderna, com muitos \u00e2ngulos e formas. Cultura, hist\u00f3ria, arte, gastronomia, turismo, praia, sol e mar se misturam num colorido rendado, ao som da sanfona e do tri\u00e2ngulo, nas rimas do cordel e no balan\u00e7o da jangada, trazendo o calor e acolhida do seu povo alegre e hospitaleiro.<\/p><p>Sejam todas e todos muito bem-vindos!<\/p>\t\t\t\t\t<\/div>\n\t\t\t\t\t\t<\/div>\n\t\t\t\t<\/div>\n\t\t\t\t<div class=\"elementor-element elementor-element-1e64017 elementor-widget elementor-widget-spacer\" data-id=\"1e64017\" data-element_type=\"widget\" data-widget_type=\"spacer.default\">\n\t\t\t\t<div class=\"elementor-widget-container\">\n\t\t\t\t\t<div class=\"elementor-spacer\">\n\t\t\t<div class=\"elementor-spacer-inner\"><\/div>\n\t\t<\/div>\n\t\t\t\t<\/div>\n\t\t\t\t<\/div>\n\t\t\t\t\t\t<\/div>\n\t\t\t\t\t<\/div>\n\t\t<\/div>\n\t\t\t\t\t\t\t\t<\/div>\n\t\t\t\t\t<\/div>\n\t\t<\/section>\n\t\t\t\t\t\t\t\t\t<\/div>\n\t\t\t<\/div>\n\t\t\t\t\t<\/div>\n\t\t","protected":false},"excerpt":{"rendered":"<p>SOBRE O EVENTO SOBRE O 61\u00ba COBEM Sob o lema \u201cIntegra\u00e7\u00e3o ensino-servi\u00e7o-gest\u00e3o e comunidade para transformar a sa\u00fade\u201d, estaremos reunidos, de 5 a 8 de outubro de 2023, no 61\u00ba Congresso Brasileiro de Educa\u00e7\u00e3o M\u00e9dica-COBEM, no Centro de Eventos, em Fortaleza. A nossa cidade foi, anteriormente, sede do 6\u00ba COBEM, em 1968, do 11\u00ba COBEM, [&hellip;]<\/p>\n","protected":false},"author":1,"featured_media":0,"parent":181,"menu_order":1,"comment_status":"closed","ping_status":"closed","template":"elementor_header_footer","meta":[],"_links":{"self":[{"href":"https:\/\/cobem.com.br\/2023\/wp-json\/wp\/v2\/pages\/287"}],"collection":[{"href":"https:\/\/cobem.com.br\/2023\/wp-json\/wp\/v2\/pages"}],"about":[{"href":"https:\/\/cobem.com.br\/2023\/wp-json\/wp\/v2\/types\/page"}],"author":[{"embeddable":true,"href":"https:\/\/cobem.com.br\/2023\/wp-json\/wp\/v2\/users\/1"}],"replies":[{"embeddable":true,"href":"https:\/\/cobem.com.br\/2023\/wp-json\/wp\/v2\/comments?post=287"}],"version-history":[{"count":47,"href":"https:\/\/cobem.com.br\/2023\/wp-json\/wp\/v2\/pages\/287\/revisions"}],"predecessor-version":[{"id":1112,"href":"https:\/\/cobem.com.br\/2023\/wp-json\/wp\/v2\/pages\/287\/revisions\/1112"}],"up":[{"embeddable":true,"href":"https:\/\/cobem.com.br\/2023\/wp-json\/wp\/v2\/pages\/181"}],"wp:attachment":[{"href":"https:\/\/cobem.com.br\/2023\/wp-json\/wp\/v2\/media?parent=287"}],"curies":[{"name":"wp","href":"https:\/\/api.w.org\/{rel}","templated":true}]}}