{"id":1979,"date":"2023-11-08T19:57:36","date_gmt":"2023-11-08T22:57:36","guid":{"rendered":"https:\/\/cobem.com.br\/2023\/?page_id=1979"},"modified":"2023-11-08T20:18:56","modified_gmt":"2023-11-08T23:18:56","slug":"certificados","status":"publish","type":"page","link":"https:\/\/cobem.com.br\/2023\/certificados\/","title":{"rendered":"Certificados"},"content":{"rendered":"\t\t<div data-elementor-type=\"wp-page\" data-elementor-id=\"1979\" class=\"elementor elementor-1979\">\n\t\t\t\t\t\t<div class=\"elementor-inner\">\n\t\t\t\t<div class=\"elementor-section-wrap\">\n\t\t\t\t\t\t\t\t\t<section class=\"elementor-section elementor-top-section elementor-element elementor-element-420c082 elementor-section-height-min-height elementor-section-items-top elementor-section-boxed elementor-section-height-default\" data-id=\"420c082\" data-element_type=\"section\" data-settings=\"{&quot;background_background&quot;:&quot;classic&quot;}\">\n\t\t\t\t\t\t<div class=\"elementor-container elementor-column-gap-default\">\n\t\t\t\t\t\t\t<div class=\"elementor-row\">\n\t\t\t\t\t<div class=\"elementor-column elementor-col-100 elementor-top-column elementor-element elementor-element-3365024\" data-id=\"3365024\" data-element_type=\"column\">\n\t\t\t<div class=\"elementor-column-wrap elementor-element-populated\">\n\t\t\t\t\t\t\t<div class=\"elementor-widget-wrap\">\n\t\t\t\t\t\t<div class=\"elementor-element elementor-element-cb49f57 elementor-widget elementor-widget-heading\" data-id=\"cb49f57\" data-element_type=\"widget\" data-widget_type=\"heading.default\">\n\t\t\t\t<div class=\"elementor-widget-container\">\n\t\t\t<h2 class=\"elementor-heading-title elementor-size-default\">CERTIFICADOS<\/h2>\t\t<\/div>\n\t\t\t\t<\/div>\n\t\t\t\t\t\t<\/div>\n\t\t\t\t\t<\/div>\n\t\t<\/div>\n\t\t\t\t\t\t\t\t<\/div>\n\t\t\t\t\t<\/div>\n\t\t<\/section>\n\t\t\t\t<section class=\"elementor-section elementor-top-section elementor-element elementor-element-f62d6f9 elementor-section-boxed elementor-section-height-default elementor-section-height-default\" data-id=\"f62d6f9\" data-element_type=\"section\" data-settings=\"{&quot;background_background&quot;:&quot;classic&quot;}\">\n\t\t\t\t\t\t<div class=\"elementor-container elementor-column-gap-default\">\n\t\t\t\t\t\t\t<div class=\"elementor-row\">\n\t\t\t\t\t<div class=\"elementor-column elementor-col-100 elementor-top-column elementor-element elementor-element-f16c5a4\" data-id=\"f16c5a4\" data-element_type=\"column\">\n\t\t\t<div class=\"elementor-column-wrap elementor-element-populated\">\n\t\t\t\t\t\t\t<div class=\"elementor-widget-wrap\">\n\t\t\t\t\t\t<div class=\"elementor-element elementor-element-774fd2e elementor-widget elementor-widget-heading\" data-id=\"774fd2e\" data-element_type=\"widget\" data-widget_type=\"heading.default\">\n\t\t\t\t<div class=\"elementor-widget-container\">\n\t\t\t<h2 class=\"elementor-heading-title elementor-size-default\">EST\u00c3O LIBERADOS OS CERTIFICADOS DO 61\u00ba COBEM<\/h2>\t\t<\/div>\n\t\t\t\t<\/div>\n\t\t\t\t<div class=\"elementor-element elementor-element-a304a24 elementor-widget elementor-widget-text-editor\" data-id=\"a304a24\" data-element_type=\"widget\" data-widget_type=\"text-editor.default\">\n\t\t\t\t<div class=\"elementor-widget-container\">\n\t\t\t\t\t\t\t\t<div class=\"elementor-text-editor elementor-clearfix\">\n\t\t\t\t<p><strong>Siga as orienta\u00e7\u00f5es abaixo para acessar os certificados do evento.<\/strong><\/p><p>01 &#8211; Realize o login no o Painel do Congressista (<span style=\"color: #ff6600;\"><a style=\"color: #ff6600;\" href=\"https:\/\/admin.abem-nacional.com.br\/evento\/61-cobem\/login\" target=\"_blank\" rel=\"noopener\">clique aqui<\/a><\/span>)<\/p><p>02 &#8211; Ap\u00f3s feito o login, clique no menu superior &#8220;Certificados&#8221;.<\/p><p>03 &#8211; Clique no bot\u00e3o &#8220;Liberar Certificados&#8221;.<\/p><p>04 &#8211; Responda a pesquisa de satisfa\u00e7\u00e3o para liberar os certificados.<\/p><p>05 &#8211; Clique no bot\u00e3o relacionando a cada certificado para realizar o download.<\/p><p><strong>IMPORTANTE:<br \/><\/strong>Os congressistas, palestrantes, autores de trabalhos, oficinas, viv\u00eancias e ambi\u00eancias ter\u00e3o o prazo de 30 dias ap\u00f3s a libera\u00e7\u00e3o dos certificados e texto dos anais, para reportar inconsist\u00eancia de qualquer natureza em rela\u00e7\u00e3o as informa\u00e7\u00f4es. Os recursos ser\u00e3o aceitos desde que sejam comprovados pelos dados de inscri\u00e7\u00e3o nestas modalidades do Congresso.<\/p><p>Ap\u00f3s esse prazo nenhuma solicita\u00e7\u00e3o de ajuste\/altera\u00e7\u00e3o poder\u00e1 ser realizada.<\/p>\t\t\t\t\t<\/div>\n\t\t\t\t\t\t<\/div>\n\t\t\t\t<\/div>\n\t\t\t\t<div class=\"elementor-element elementor-element-1e64017 elementor-widget elementor-widget-spacer\" data-id=\"1e64017\" data-element_type=\"widget\" data-widget_type=\"spacer.default\">\n\t\t\t\t<div class=\"elementor-widget-container\">\n\t\t\t\t\t<div class=\"elementor-spacer\">\n\t\t\t<div class=\"elementor-spacer-inner\"><\/div>\n\t\t<\/div>\n\t\t\t\t<\/div>\n\t\t\t\t<\/div>\n\t\t\t\t\t\t<\/div>\n\t\t\t\t\t<\/div>\n\t\t<\/div>\n\t\t\t\t\t\t\t\t<\/div>\n\t\t\t\t\t<\/div>\n\t\t<\/section>\n\t\t\t\t\t\t\t\t\t<\/div>\n\t\t\t<\/div>\n\t\t\t\t\t<\/div>\n\t\t","protected":false},"excerpt":{"rendered":"<p>CERTIFICADOS EST\u00c3O LIBERADOS OS CERTIFICADOS DO 61\u00ba COBEM Siga as orienta\u00e7\u00f5es abaixo para acessar os certificados do evento. 01 &#8211; Realize o login no o Painel do Congressista (clique aqui) 02 &#8211; Ap\u00f3s feito o login, clique no menu superior &#8220;Certificados&#8221;. 03 &#8211; Clique no bot\u00e3o &#8220;Liberar Certificados&#8221;. 04 &#8211; Responda a pesquisa de satisfa\u00e7\u00e3o [&hellip;]<\/p>\n","protected":false},"author":1,"featured_media":0,"parent":0,"menu_order":1,"comment_status":"closed","ping_status":"closed","template":"elementor_header_footer","meta":[],"_links":{"self":[{"href":"https:\/\/cobem.com.br\/2023\/wp-json\/wp\/v2\/pages\/1979"}],"collection":[{"href":"https:\/\/cobem.com.br\/2023\/wp-json\/wp\/v2\/pages"}],"about":[{"href":"https:\/\/cobem.com.br\/2023\/wp-json\/wp\/v2\/types\/page"}],"author":[{"embeddable":true,"href":"https:\/\/cobem.com.br\/2023\/wp-json\/wp\/v2\/users\/1"}],"replies":[{"embeddable":true,"href":"https:\/\/cobem.com.br\/2023\/wp-json\/wp\/v2\/comments?post=1979"}],"version-history":[{"count":7,"href":"https:\/\/cobem.com.br\/2023\/wp-json\/wp\/v2\/pages\/1979\/revisions"}],"predecessor-version":[{"id":1991,"href":"https:\/\/cobem.com.br\/2023\/wp-json\/wp\/v2\/pages\/1979\/revisions\/1991"}],"wp:attachment":[{"href":"https:\/\/cobem.com.br\/2023\/wp-json\/wp\/v2\/media?parent=1979"}],"curies":[{"name":"wp","href":"https:\/\/api.w.org\/{rel}","templated":true}]}}