{"id":1891,"date":"2023-09-08T11:22:21","date_gmt":"2023-09-08T14:22:21","guid":{"rendered":"https:\/\/cobem.com.br\/2023\/?page_id=1891"},"modified":"2023-09-08T11:54:38","modified_gmt":"2023-09-08T14:54:38","slug":"alojamento-estudantil","status":"publish","type":"page","link":"https:\/\/cobem.com.br\/2023\/o-cobem\/alojamento-estudantil\/","title":{"rendered":"Alojamento Estudantil"},"content":{"rendered":"\t\t<div data-elementor-type=\"wp-page\" data-elementor-id=\"1891\" class=\"elementor elementor-1891\">\n\t\t\t\t\t\t<div class=\"elementor-inner\">\n\t\t\t\t<div class=\"elementor-section-wrap\">\n\t\t\t\t\t\t\t\t\t<section class=\"elementor-section elementor-top-section elementor-element elementor-element-420c082 elementor-section-height-min-height elementor-section-items-top elementor-section-boxed elementor-section-height-default\" data-id=\"420c082\" data-element_type=\"section\" data-settings=\"{&quot;background_background&quot;:&quot;classic&quot;}\">\n\t\t\t\t\t\t<div class=\"elementor-container elementor-column-gap-default\">\n\t\t\t\t\t\t\t<div class=\"elementor-row\">\n\t\t\t\t\t<div class=\"elementor-column elementor-col-100 elementor-top-column elementor-element elementor-element-3365024\" data-id=\"3365024\" data-element_type=\"column\">\n\t\t\t<div class=\"elementor-column-wrap elementor-element-populated\">\n\t\t\t\t\t\t\t<div class=\"elementor-widget-wrap\">\n\t\t\t\t\t\t<div class=\"elementor-element elementor-element-cb49f57 elementor-widget elementor-widget-heading\" data-id=\"cb49f57\" data-element_type=\"widget\" data-widget_type=\"heading.default\">\n\t\t\t\t<div class=\"elementor-widget-container\">\n\t\t\t<h2 class=\"elementor-heading-title elementor-size-default\">ALOJAMENTO ESTUDANTIL<\/h2>\t\t<\/div>\n\t\t\t\t<\/div>\n\t\t\t\t\t\t<\/div>\n\t\t\t\t\t<\/div>\n\t\t<\/div>\n\t\t\t\t\t\t\t\t<\/div>\n\t\t\t\t\t<\/div>\n\t\t<\/section>\n\t\t\t\t<section class=\"elementor-section elementor-top-section elementor-element elementor-element-f62d6f9 elementor-section-boxed elementor-section-height-default elementor-section-height-default\" data-id=\"f62d6f9\" data-element_type=\"section\" data-settings=\"{&quot;background_background&quot;:&quot;classic&quot;}\">\n\t\t\t\t\t\t<div class=\"elementor-container elementor-column-gap-default\">\n\t\t\t\t\t\t\t<div class=\"elementor-row\">\n\t\t\t\t\t<div class=\"elementor-column elementor-col-100 elementor-top-column elementor-element elementor-element-f16c5a4\" data-id=\"f16c5a4\" data-element_type=\"column\">\n\t\t\t<div class=\"elementor-column-wrap elementor-element-populated\">\n\t\t\t\t\t\t\t<div class=\"elementor-widget-wrap\">\n\t\t\t\t\t\t<div class=\"elementor-element elementor-element-774fd2e elementor-widget elementor-widget-heading\" data-id=\"774fd2e\" data-element_type=\"widget\" data-widget_type=\"heading.default\">\n\t\t\t\t<div class=\"elementor-widget-container\">\n\t\t\t<h2 class=\"elementor-heading-title elementor-size-default\">ALOJAMENTO COMUNIT\u00c1RIO ESTUDANTIL<br\/>61\u00ba CONGRESSO BRASILEIRO DE EDUCA\u00c7\u00c3O M\u00c9DICA<\/h2>\t\t<\/div>\n\t\t\t\t<\/div>\n\t\t\t\t<div class=\"elementor-element elementor-element-a304a24 elementor-widget elementor-widget-text-editor\" data-id=\"a304a24\" data-element_type=\"widget\" data-widget_type=\"text-editor.default\">\n\t\t\t\t<div class=\"elementor-widget-container\">\n\t\t\t\t\t\t\t\t<div class=\"elementor-text-editor elementor-clearfix\">\n\t\t\t\t<p><strong>EST\u00c3O ABERTAS AS INSCRI\u00c7\u00d5ES PARA O ALOJAMENTO ESTUDANTIL DO 61\u00ba COBEM!<\/strong><\/p><p>O alojamento tem vagas limitadas!<\/p><p><strong>Para participar, a\/o discente deve:<\/strong><\/p><ul><li>Estar com sua inscri\u00e7\u00e3o no congresso confirmada (paga\/isento);<\/li><li>Para se inscrever no alojamento voc\u00ea <strong>deve estar logado<\/strong> no painel do<br \/>congressista e <span style=\"text-decoration: underline;\">depois<\/span> acessar o link abaixo:<br \/><span style=\"text-decoration: underline; color: #008000;\"><a style=\"color: #008000; text-decoration: underline;\" href=\"https:\/\/admin.abem-nacional.com.br\/evento\/61-cobem\/sub-evento\/1065\" target=\"_blank\" rel=\"noopener\">https:\/\/admin.abem-nacional.com.br\/evento\/61-cobem\/sub-evento\/1065<\/a><\/span><\/li><li>Ap\u00f3s realizada a inscri\u00e7\u00e3o ser\u00e1 gerada a fatura, no valor de R$ 50,00, e enviada no e-mail de cadastro.<\/li><li>A inscri\u00e7\u00e3o no alojamento s\u00f3 \u00e9 confirmada ap\u00f3s o pagamento da fatura.<\/li><li>\u00c9 poss\u00edvel consultar a fatura gerada no menu superior do painel do congressista: <strong>Inscri\u00e7\u00f5es -&gt; Minhas Inscri\u00e7\u00f5es.<\/strong><\/li><li>O inscrito deve comprometer-se com o regulamento dispon\u00edvel abaixo.<\/li><\/ul><p><strong>REGULAMENTO PARA USO DO ALOJAMENTO COMUNIT\u00c1RIO ESTUDANTIL:<\/strong><\/p><p><strong>1. CONSIDERA\u00c7\u00d5ES GERAIS<br \/><\/strong>1.1. O presente regulamento cont\u00e9m as normas das inscri\u00e7\u00f5es para o alojamento comunit\u00e1rio a ser oferecido durante o 61\u00b0 Congresso de Educa\u00e7\u00e3o M\u00e9dica \u2013 COBEM, bem como sobre as normas de funcionamento. O evento acontecer\u00e1 entre os dias 5 e 8 de Outubro de 2023 em Fortaleza, no Centro de Eventos do Cear\u00e1. O alojamento comunit\u00e1rio estar\u00e1 localizado no CEU da UFC.<\/p><p><strong>\u2013 Data de entrada no alojamento: 04\/10\/23 (a partir das 14h) <\/strong><br \/><strong>\u2013 Data de sa\u00edda do alojamento: 09\/10\/23 (at\u00e9 as 12h)<br \/><\/strong><\/p><p><strong><br \/>2. INSCRI\u00c7\u00c3O<\/strong><br \/>2.1. Ser\u00e3o disponibilizadas 50 vagas distribu\u00eddas com prioridade para os palestrantes discentes que solicitarem e, posteriormente, para demais discentes de todas as 9 Regionais da Abem.<br \/>\u00a0 \u00a0 \u00a02.1.1. Em continuidade \u00e0 pol\u00edtica de a\u00e7\u00f5es afirmativas da Abem, a Comiss\u00e3o Organizadora do Cobem definiu que parte dessas vagas estar\u00e3o acondicionadas para os estudantes contemplados no edital de A\u00e7\u00f5es Afirmativas do 61\u00ba Cobem, desde que manifestem a confirma\u00e7\u00e3o de interesse realizando sua inscri\u00e7\u00e3o no alojamento conforme definido neste regulamento.<br \/>\u00a0 \u00a0 \u00a02.1.2. A inscri\u00e7\u00e3o dos candidatos neste edital se encerrar\u00e1 no dia 28\/09\/2023 ou quando acabarem as vagas.<br \/>2.2. As vagas contemplam estudantes devidamente matriculados em Institui\u00e7\u00e3o de Ensino Superior (IES) autorizadas pelo Minist\u00e9rio da Educa\u00e7\u00e3o.<\/p><p>2.3. O acad\u00eamico dever\u00e1 pagar o valor de R$ 50,00 (Cinquenta Reais) para sua inscri\u00e7\u00e3o ao alojamento. Somente ser\u00e1 confirmada a inscri\u00e7\u00e3o ap\u00f3s compensa\u00e7\u00e3o do pagamento da fatura gerada no ato da inscri\u00e7\u00e3o. A reserva \u00e9 feita por ordem de pagamento. <strong>Na ocorr\u00eancia do n\u00e3o pagamento, a reserva ser\u00e1 cancelada automaticamente.<\/strong><br \/>\u00a0 \u00a0 <strong>\u00a02.3.1. Em caso de n\u00e3o comparecimento ou cancelamento, o valor pago pela inscri\u00e7\u00e3o n\u00e3o ser\u00e1 devolvido. A inscri\u00e7\u00e3o \u00e9 intransfer\u00edvel, ou seja, n\u00e3o \u00e9 poss\u00edvel transferir a inscri\u00e7\u00e3o para outra pessoa.<\/strong><\/p><p>2.4. A inscri\u00e7\u00e3o no alojamento estar\u00e1 dispon\u00edvel apenas aos congressistas j\u00e1 inscritos no evento e dever\u00e1 ser feita, a partir de 08\/09\/2023, pelo painel do congressista do evento no link:<br \/><a href=\"https:\/\/admin.abem-nacional.com.br\/evento\/61-cobem\/sub-evento\/1065\" target=\"_blank\" rel=\"noopener\"><span style=\"color: #008000;\">https:\/\/admin.abem-nacional.com.br\/evento\/61-cobem\/sub-evento\/1065<\/span><\/a><\/p><p>2.5 N\u00e3o ser\u00e3o aceitas inscri\u00e7\u00f5es realizadas ou solicitadas por qualquer outro meio que n\u00e3o o especificado no Item 2.4.<\/p><p>2.6 Em caso de desist\u00eancia, o discente deve informar a comiss\u00e3o organizadora do evento atrav\u00e9s do e-mail <strong>secretaria@abem-educmed.org.br<\/strong>, para que a vaga possa ser disponibilizada para discentes em lista de espera.<\/p><p><strong><br \/>3. SOBRE A MODALIDADE \u201cALOJAMENTO COMUNIT\u00c1RIO\u201d<\/strong><br \/>3.1. A modalidade consiste em oferecer alojamento comunit\u00e1rio aos congressistas discentes interessados, a qual ser\u00e1 disponibilizada no <strong>Centro Esportivo Universit\u00e1rio &#8211; CEU da UFC<\/strong>, entre os dias 4 e 9 de outubro de 2023.<\/p><p>3.2. O alojamento est\u00e1 localizado na Avenida da Universidade, 2762 &#8211; Benfica &#8211; Fortaleza &#8211; CE, 60020-181<\/p><p>3.3. O alojamento do Centro Esportivo Universit\u00e1rio (CEU) da UFC disp\u00f5e de 50 (cinquenta) vagas, sendo 25 femininas e 25 masculinas, com banheiros.<\/p><p>3.4. A entrada no alojamento s\u00f3 ser\u00e1 permitida mediante identifica\u00e7\u00e3o entregue \u00e0 Comiss\u00e3o Organizadora na chegada ao alojamento, que ser\u00e1 sua garantia de livre acesso \u00e0s depend\u00eancias do alojamento.<\/p><p><strong><br \/>4. DOS DIREITOS E DEVERES<br \/><\/strong>4.1. O alojamento \u00e9 exclusivo aos congressistas discentes inscritos do 61\u00b0 COBEM.<\/p><p>4.2. Dos deveres dos usu\u00e1rios do alojamento:<br \/>\u00a0 \u00a0 \u00a04.2.1. Levar, para fins de uso pessoal, objetos de higiene (toalhas de banho, sabonete, escova e creme dental, shampoo, etc.);<br \/>\u00a0 \u00a0 \u00a04.2.2. Levar colch\u00e3o para se acomodar de forma confort\u00e1vel durante a estadia; 4.2.3. Cooperar e zelar pela manuten\u00e7\u00e3o da ordem, limpeza e seguran\u00e7a do<br \/>alojamento comunit\u00e1rio;<br \/>\u00a0 \u00a0 \u00a04.2.4. Manter quarto e banheiros limpos;<br \/>\u00a0 \u00a0 \u00a04.2.5. N\u00e3o perturbar o repouso noturno entre 22h e 7h, bem como n\u00e3o fazer<br \/>barulhos excessivos em qualquer hor\u00e1rio;<br \/>\u00a0 \u00a0 \u00a04.2.6. N\u00e3o s\u00e3o permitidas, nesse per\u00edodo de realiza\u00e7\u00e3o do evento, festas no<br \/>alojamento comunit\u00e1rio;<br \/>\u00a0 \u00a0 \u00a04.2.7. Assumir obriga\u00e7\u00e3o solid\u00e1ria, com os demais benefici\u00e1rios de vaga no<br \/>alojamento, pela conserva\u00e7\u00e3o das \u00e1reas de uso comum;<br \/>\u00a0 \u00a0 \u00a04.2.8. Zelar pelos m\u00f3veis, instala\u00e7\u00f5es e equipamentos do alojamento e<br \/>responsabilizar-se pela indeniza\u00e7\u00e3o dos preju\u00edzos causados por estragos ou desvios dos mesmos, uma vez comprovada a culpa ou dolo;<br \/>\u00a0 \u00a0 \u00a04.2.9. Verificar, ao sair do local em que ocupar vaga no alojamento, se as janelas e torneiras est\u00e3o fechadas, as luzes apagadas e as instala\u00e7\u00f5es el\u00e9tricas desligadas;<br \/>\u00a0 \u00a0 \u00a04.2.10. Zelar pela conviv\u00eancia harmoniosa, respeitando princ\u00edpios de foro \u00edntimo dos demais beneficiados com a concess\u00e3o de vaga no alojamento;<br \/>\u00a0 \u00a0 \u00a04.2.11. Levar medicamentos de uso pessoal, se utilizados, responsabilizando-se por seu armazenamento e por sua utiliza\u00e7\u00e3o.<\/p><p>4.3. Dos direitos dos usu\u00e1rios do alojamento:<br \/>\u00a0 \u00a0 \u00a04.3.1. Usufruir do patrim\u00f4nio do alojamento; o congressista disp\u00f5e de: box<br \/>individual para banho;<br \/>\u00a0 \u00a0 \u00a04.3.2. Usufruir da vaga que lhe foi destinada, salvaguardando e garantindo a<br \/>integridade da \u00e1rea ocupada, assim como dos bens patrimoniais que a guarnecem;<br \/>\u00a0 \u00a0 \u00a04.3.3. Jantar por R$1,10 no restaurante universit\u00e1rio, durante todos os dias do evento (nos dias 05, 06, 07 e 08\/10);<\/p><p>4.4. Dos deveres da organiza\u00e7\u00e3o do Evento:<br \/>\u00a0 \u00a0 \u00a04.4.1. Hospedar os congressistas entre os dias 4 e 9 de outubro de 2023; <br \/>\u00a0 \u00a0 \u00a04.4.2. A Comiss\u00e3o Organizadora n\u00e3o assume qualquer responsabilidade pelos<br \/>pertences e objetos de valor deixados ou perdidos no interior do Alojamento.<\/p><p><strong><br \/>5. DAS FINALIDADES<br \/><\/strong>5.1. S\u00e3o finalidades a ambas as partes envolvidas, alojado e organiza\u00e7\u00e3o:<br \/>\u00a0 \u00a0 \u00a05.1.1. Oferecer alojamento de baixo custo aos estudantes;<br \/>\u00a0 \u00a0 \u00a05.1.2. Conhecer a realidade de estudantes de medicina de diferentes faculdades<br \/>e\/ou universidades.<\/p><p><strong><br \/>6. DAS PROIBI\u00c7\u00d5ES<\/strong><br \/>6.1. \u00c9 terminantemente proibido aos beneficiados com a concess\u00e3o de vaga no alojamento:<br \/>\u00a0 \u00a0 \u00a06.1.1. A\u00e7\u00f5es de discrimina\u00e7\u00e3o de qualquer natureza; racismo; lgbtfobia; machismo; capacitismo; xenofobia e quaisquer outras formas de preconceito e intoler\u00e2ncia;<br \/>\u00a0 \u00a0 \u00a06.1.2. Entrar no alojamento comunit\u00e1rio e suas depend\u00eancias com bebidas alco\u00f3licas;<br \/>\u00a0 \u00a0 \u00a06.1.3. Fazer uso de fumo de qualquer esp\u00e9cie (cigarro eletr\u00f4nico, cigarro artesanal, narguil\u00e9, etc.) e portar ou consumir qualquer tipo de drogas il\u00edcitas;<br \/>\u00a0 \u00a0 \u00a06.1.4. Utilizar os equipamentos de combate a inc\u00eandio, bem como as escadas, para outros fins que n\u00e3o sejam os de seguran\u00e7a;<br \/>\u00a0 \u00a0 \u00a06.1.5. Manter armas de fogo em qualquer depend\u00eancia do alojamento; 6.1.6. Levar ou manter animais no alojamento;<br \/>\u00a0 \u00a0 \u00a06.1.7. Permitir ou facilitar a entrada de pessoas estranhas, sem estarem<br \/>devidamente identificadas e autorizadas pela organiza\u00e7\u00e3o;<br \/>\u00a0 \u00a0 \u00a06.1.8. N\u00e3o observar conduta adequada no trajar, sendo terminantemente proibido<br \/>transitar vestindo biqu\u00ednis, sungas ou roupas que possam causar constrangimento \u00e0s demais pessoas;<br \/>\u00a0 \u00a0 \u00a06.1.9. Retirar bens patrimoniais que guarne\u00e7am os pr\u00e9dios e ou locais em que estiverem ocupando vaga no alojamento;<br \/>\u00a0 \u00a0 \u00a06.1.10. Instalar no alojamento fog\u00f5es el\u00e9tricos ou a g\u00e1s, fogareiros el\u00e9tricos, a g\u00e1s ou a \u00e1lcool, fornos el\u00e9tricos simples ou microondas,m\u00e1quinas de lavar, secadoras de roupas, torneiras el\u00e9tricas, impressoras, freezer, ebulidores, aquecedores de ambiente, ou panelas, cafeteiras, torradeiras e fritadeiras el\u00e9tricas, entre outros equipamentos;<br \/>\u00a0 \u00a0 \u00a06.1.11. Manter ou utilizar subst\u00e2ncias t\u00f3xicas, explosivas ou inflam\u00e1veis em qualquer \u00e1rea do alojamento;<br \/>\u00a0 \u00a0 \u00a06.1.12. Depositar lixo fora dos locais espec\u00edficos para esta finalidade;<br \/>\u00a0 \u00a0 \u00a06.1.13. Utilizar o local em que estiver ocupando vaga ou qualquer \u00e1rea do alojamento para fins comerciais;<br \/>\u00a0 \u00a0 \u00a06.1.14. Perturbar o bom funcionamento do alojamento;<br \/>\u00a0 \u00a0 \u00a06.1.15. Promover festas, churrascos ou eventos similares nas \u00e1reas comuns.<\/p><p><strong><br \/>7. CRIT\u00c9RIOS DE SELE\u00c7\u00c3O<\/strong><br \/>7.1. As vagas ser\u00e3o reservadas prioritariamente para todos os palestrantes discentes que solicitaram;<\/p><p>7.2 As demais vagas ser\u00e3o disponibilizadas para aqueles aprovados no edital de A\u00e7\u00f5es Afirmativas, por ordem de inscri\u00e7\u00e3o;<\/p><p>7.3 Se houver excedente, as vagas ser\u00e3o disponibilizadas para demais discentes inscritos;<\/p><p><strong><br \/>8. DAS DISPOSI\u00c7\u00d5ES FINAIS<\/strong><br \/>8.1. A inscri\u00e7\u00e3o neste edital denota a concord\u00e2ncia esclarecida com o compromisso de indeniza\u00e7\u00e3o, por parte do alojado envolvido, por qualquer dano causado ao patrim\u00f4nio da UFC.<\/p><p>8.2. A Abem e o Cobem n\u00e3o se responsabilizam por pertences deixados no local, perdidos ou extraviados, devendo cada um dos estudantes alojados supervisionar e zelar por seus pertences e os dos demais.<\/p><p>8.3. Os casos omissos ser\u00e3o resolvidos pela comiss\u00e3o organizadora do COBEM. Em caso de d\u00favidas\/questionamentos, basta encaminhar e-mail para o endere\u00e7o: <strong>secretaria@abem-educmed.org.br<\/strong> ou procurar um respons\u00e1vel da Comiss\u00e3o de apoio ao discente do COBEM. Este Regulamento entra em vigor na data de sua publica\u00e7\u00e3o, revogadas as disposi\u00e7\u00f5es em contr\u00e1rio.<\/p><p style=\"text-align: right;\">Fortaleza, 8 de setembro de 2023<br \/><strong>61\u00ba Congresso Brasileiro de Educa\u00e7\u00e3o M\u00e9dica<\/strong><br \/>Comiss\u00e3o Organizadora<\/p>\t\t\t\t\t<\/div>\n\t\t\t\t\t\t<\/div>\n\t\t\t\t<\/div>\n\t\t\t\t<div class=\"elementor-element elementor-element-1e64017 elementor-widget elementor-widget-spacer\" data-id=\"1e64017\" data-element_type=\"widget\" data-widget_type=\"spacer.default\">\n\t\t\t\t<div class=\"elementor-widget-container\">\n\t\t\t\t\t<div class=\"elementor-spacer\">\n\t\t\t<div class=\"elementor-spacer-inner\"><\/div>\n\t\t<\/div>\n\t\t\t\t<\/div>\n\t\t\t\t<\/div>\n\t\t\t\t\t\t<\/div>\n\t\t\t\t\t<\/div>\n\t\t<\/div>\n\t\t\t\t\t\t\t\t<\/div>\n\t\t\t\t\t<\/div>\n\t\t<\/section>\n\t\t\t\t\t\t\t\t\t<\/div>\n\t\t\t<\/div>\n\t\t\t\t\t<\/div>\n\t\t","protected":false},"excerpt":{"rendered":"<p>ALOJAMENTO ESTUDANTIL ALOJAMENTO COMUNIT\u00c1RIO ESTUDANTIL61\u00ba CONGRESSO BRASILEIRO DE EDUCA\u00c7\u00c3O M\u00c9DICA EST\u00c3O ABERTAS AS INSCRI\u00c7\u00d5ES PARA O ALOJAMENTO ESTUDANTIL DO 61\u00ba COBEM! O alojamento tem vagas limitadas! Para participar, a\/o discente deve: Estar com sua inscri\u00e7\u00e3o no congresso confirmada (paga\/isento); Para se inscrever no alojamento voc\u00ea deve estar logado no painel docongressista e depois acessar o [&hellip;]<\/p>\n","protected":false},"author":1,"featured_media":0,"parent":181,"menu_order":3,"comment_status":"closed","ping_status":"closed","template":"elementor_header_footer","meta":[],"_links":{"self":[{"href":"https:\/\/cobem.com.br\/2023\/wp-json\/wp\/v2\/pages\/1891"}],"collection":[{"href":"https:\/\/cobem.com.br\/2023\/wp-json\/wp\/v2\/pages"}],"about":[{"href":"https:\/\/cobem.com.br\/2023\/wp-json\/wp\/v2\/types\/page"}],"author":[{"embeddable":true,"href":"https:\/\/cobem.com.br\/2023\/wp-json\/wp\/v2\/users\/1"}],"replies":[{"embeddable":true,"href":"https:\/\/cobem.com.br\/2023\/wp-json\/wp\/v2\/comments?post=1891"}],"version-history":[{"count":19,"href":"https:\/\/cobem.com.br\/2023\/wp-json\/wp\/v2\/pages\/1891\/revisions"}],"predecessor-version":[{"id":1910,"href":"https:\/\/cobem.com.br\/2023\/wp-json\/wp\/v2\/pages\/1891\/revisions\/1910"}],"up":[{"embeddable":true,"href":"https:\/\/cobem.com.br\/2023\/wp-json\/wp\/v2\/pages\/181"}],"wp:attachment":[{"href":"https:\/\/cobem.com.br\/2023\/wp-json\/wp\/v2\/media?parent=1891"}],"curies":[{"name":"wp","href":"https:\/\/api.w.org\/{rel}","templated":true}]}}