{"id":183,"date":"2020-02-25T17:06:35","date_gmt":"2020-02-25T20:06:35","guid":{"rendered":"http:\/\/cobem.com.br\/2020\/website_provisorio\/?page_id=183"},"modified":"2023-04-25T11:50:08","modified_gmt":"2023-04-25T14:50:08","slug":"inscricoes","status":"publish","type":"page","link":"https:\/\/cobem.com.br\/2023\/inscricoes\/","title":{"rendered":"INSCREVA-SE"},"content":{"rendered":"\t\t<div data-elementor-type=\"wp-page\" data-elementor-id=\"183\" class=\"elementor elementor-183\">\n\t\t\t\t\t\t<div class=\"elementor-inner\">\n\t\t\t\t<div class=\"elementor-section-wrap\">\n\t\t\t\t\t\t\t\t\t<section class=\"elementor-section elementor-top-section elementor-element elementor-element-420c082 elementor-section-height-min-height elementor-section-items-top elementor-section-boxed elementor-section-height-default\" data-id=\"420c082\" data-element_type=\"section\" data-settings=\"{&quot;background_background&quot;:&quot;classic&quot;}\">\n\t\t\t\t\t\t<div class=\"elementor-container elementor-column-gap-no\">\n\t\t\t\t\t\t\t<div class=\"elementor-row\">\n\t\t\t\t\t<div class=\"elementor-column elementor-col-100 elementor-top-column elementor-element elementor-element-3365024\" data-id=\"3365024\" data-element_type=\"column\">\n\t\t\t<div class=\"elementor-column-wrap elementor-element-populated\">\n\t\t\t\t\t\t\t<div class=\"elementor-widget-wrap\">\n\t\t\t\t\t\t<div class=\"elementor-element elementor-element-cb49f57 elementor-widget elementor-widget-heading\" data-id=\"cb49f57\" data-element_type=\"widget\" data-widget_type=\"heading.default\">\n\t\t\t\t<div class=\"elementor-widget-container\">\n\t\t\t<h2 class=\"elementor-heading-title elementor-size-default\">INSCRI\u00c7\u00d5ES ON-LINE<\/h2>\t\t<\/div>\n\t\t\t\t<\/div>\n\t\t\t\t\t\t<\/div>\n\t\t\t\t\t<\/div>\n\t\t<\/div>\n\t\t\t\t\t\t\t\t<\/div>\n\t\t\t\t\t<\/div>\n\t\t<\/section>\n\t\t\t\t<section class=\"elementor-section elementor-top-section elementor-element elementor-element-f62d6f9 elementor-section-boxed elementor-section-height-default elementor-section-height-default\" data-id=\"f62d6f9\" data-element_type=\"section\" data-settings=\"{&quot;background_background&quot;:&quot;classic&quot;}\">\n\t\t\t\t\t\t<div class=\"elementor-container elementor-column-gap-default\">\n\t\t\t\t\t\t\t<div class=\"elementor-row\">\n\t\t\t\t\t<div class=\"elementor-column elementor-col-100 elementor-top-column elementor-element elementor-element-f16c5a4\" data-id=\"f16c5a4\" data-element_type=\"column\">\n\t\t\t<div class=\"elementor-column-wrap elementor-element-populated\">\n\t\t\t\t\t\t\t<div class=\"elementor-widget-wrap\">\n\t\t\t\t\t\t<div class=\"elementor-element elementor-element-774fd2e elementor-widget elementor-widget-heading\" data-id=\"774fd2e\" data-element_type=\"widget\" data-widget_type=\"heading.default\">\n\t\t\t\t<div class=\"elementor-widget-container\">\n\t\t\t<h2 class=\"elementor-heading-title elementor-size-default\">TABELA DE VALORES<\/h2>\t\t<\/div>\n\t\t\t\t<\/div>\n\t\t\t\t<div class=\"elementor-element elementor-element-9228efe elementor-widget elementor-widget-image\" data-id=\"9228efe\" data-element_type=\"widget\" data-widget_type=\"image.default\">\n\t\t\t\t<div class=\"elementor-widget-container\">\n\t\t\t\t\t\t\t\t<div class=\"elementor-image\">\n\t\t\t\t\t\t\t\t\t\t\t\t\t<a href=\"https:\/\/cobem.com.br\/2023\/wp-content\/uploads\/2023\/03\/61COBEM_Tabela_Inscricoes_v6.png\" data-elementor-open-lightbox=\"yes\" data-elementor-lightbox-title=\"61\u00ba COBEM | Tabela de Valores\" data-e-action-hash=\"#elementor-action%3Aaction%3Dlightbox%26settings%3DeyJpZCI6MTQ3NiwidXJsIjoiaHR0cHM6XC9cL2NvYmVtLmNvbS5iclwvMjAyM1wvd3AtY29udGVudFwvdXBsb2Fkc1wvMjAyM1wvMDNcLzYxQ09CRU1fVGFiZWxhX0luc2NyaWNvZXNfdjYucG5nIn0%3D\">\n\t\t\t\t\t\t\t<img decoding=\"async\" width=\"768\" height=\"170\" src=\"https:\/\/cobem.com.br\/2023\/wp-content\/uploads\/2023\/03\/61COBEM_Tabela_Inscricoes_v6.png\" class=\"attachment-medium_large size-medium_large wp-image-1476\" alt=\"\" loading=\"lazy\" \/>\t\t\t\t\t\t\t\t<\/a>\n\t\t\t\t\t\t\t\t\t\t\t\t\t\t<\/div>\n\t\t\t\t\t\t<\/div>\n\t\t\t\t<\/div>\n\t\t\t\t<div class=\"elementor-element elementor-element-3ec90e3 elementor-align-center elementor-widget elementor-widget-button\" data-id=\"3ec90e3\" data-element_type=\"widget\" data-widget_type=\"button.default\">\n\t\t\t\t<div class=\"elementor-widget-container\">\n\t\t\t\t\t<div class=\"elementor-button-wrapper\">\n\t\t\t<a class=\"elementor-button elementor-button-link elementor-size-xs\" href=\"https:\/\/admin.abem-nacional.com.br\/evento\/61-cobem\" target=\"_blank\">\n\t\t\t\t\t\t<span class=\"elementor-button-content-wrapper\">\n\t\t\t\t\t\t<span class=\"elementor-button-text\">INSCREVA-SE (clique aqui)<\/span>\n\t\t<\/span>\n\t\t\t\t\t<\/a>\n\t\t<\/div>\n\t\t\t\t<\/div>\n\t\t\t\t<\/div>\n\t\t\t\t<div class=\"elementor-element elementor-element-a304a24 elementor-widget elementor-widget-text-editor\" data-id=\"a304a24\" data-element_type=\"widget\" data-widget_type=\"text-editor.default\">\n\t\t\t\t<div class=\"elementor-widget-container\">\n\t\t\t\t\t\t\t\t<div class=\"elementor-text-editor elementor-clearfix\">\n\t\t\t\t<p><strong>Observa\u00e7\u00f5es Importantes:<br \/><\/strong>a) As vagas para o evento s\u00e3o LIMITADAS!<br \/>b) Inscri\u00e7\u00f5es On-line: at\u00e9 o dia 26\/09\/2023<br \/>c) Formas de pagamentos dispon\u00edveis:<br \/>\u00a0 \u00a0 &#8211; Boleto Banc\u00e1rio (at\u00e9 o dia 26\/09\/2023);<br \/>\u00a0 \u00a0 &#8211; Cart\u00e3o de Cr\u00e9dito (Em 5x at\u00e9 03\/07. Em 3x ap\u00f3s 03\/07)<br \/>\u00a0 \u00a0 &#8211; PIX;<br \/>d) Demandas de acessibilidade e inclus\u00e3o podem ser comunicadas \u00e0 organiza\u00e7\u00e3o atrav\u00e9s do e-mail: <span style=\"color: #008000;\"><a style=\"color: #008000;\" href=\"mailto:abemne2@abem-educmed.org.br\">abemne2@abem-educmed.org.br<\/a><\/span><\/p><p><b>Prazos para compensa\u00e7\u00e3o:<\/b><br \/>&#8211; Boleto Banc\u00e1rio: em at\u00e9 3 dias \u00fateis;<br \/>&#8211; Cart\u00e3o de Cr\u00e9dito: em at\u00e9 1 hora;<br \/>&#8211; PIX: em 5 minutos;<\/p>\t\t\t\t\t<\/div>\n\t\t\t\t\t\t<\/div>\n\t\t\t\t<\/div>\n\t\t\t\t<div class=\"elementor-element elementor-element-fe1b032 elementor-widget-divider--view-line elementor-widget elementor-widget-divider\" data-id=\"fe1b032\" data-element_type=\"widget\" data-widget_type=\"divider.default\">\n\t\t\t\t<div class=\"elementor-widget-container\">\n\t\t\t\t\t<div class=\"elementor-divider\">\n\t\t\t<span class=\"elementor-divider-separator\">\n\t\t\t\t\t\t<\/span>\n\t\t<\/div>\n\t\t\t\t<\/div>\n\t\t\t\t<\/div>\n\t\t\t\t<div class=\"elementor-element elementor-element-b806eac elementor-widget elementor-widget-heading\" data-id=\"b806eac\" data-element_type=\"widget\" data-widget_type=\"heading.default\">\n\t\t\t\t<div class=\"elementor-widget-container\">\n\t\t\t<h2 class=\"elementor-heading-title elementor-size-default\">PACOTE DE INSCRI\u00c7\u00d5ES<\/h2>\t\t<\/div>\n\t\t\t\t<\/div>\n\t\t\t\t<div class=\"elementor-element elementor-element-1f1b598 elementor-widget elementor-widget-text-editor\" data-id=\"1f1b598\" data-element_type=\"widget\" data-widget_type=\"text-editor.default\">\n\t\t\t\t<div class=\"elementor-widget-container\">\n\t\t\t\t\t\t\t\t<div class=\"elementor-text-editor elementor-clearfix\">\n\t\t\t\t<p>Ser\u00e3o aceitas inscri\u00e7\u00f5es por pacotes de pelo menos 10 (dez) inscri\u00e7\u00f5es, pagas em conjunto, de uma s\u00f3 vez, com emiss\u00e3o de boleto \u00fanico. As inscri\u00e7\u00f5es por pacotes dever\u00e3o ser realizadas atrav\u00e9s do painel do congressista no menu: <strong>INSCRI\u00c7\u00d5ES -&gt; PACOTE DE INSCRI\u00c7\u00d5ES.<\/strong><\/p>\n<p>Todos os congressistas, que ir\u00e3o compor o pacote, dever\u00e3o estar previamente cadastrados no sistema. Caso contr\u00e1rio n\u00e3o ser\u00e1 poss\u00edvel inseri-los no pacote de inscri\u00e7\u00f5es. Abaixo a tabela de desconto referente ao n\u00famero de congressistas por pacote.<\/p>\n<p>DATA LIMITE para solicita\u00e7\u00e3o de Pacote at\u00e9 o dia:&nbsp;<strong>26\/09\/2023<\/strong><\/p>\n<ul>\n<li>Pacote de 10 a 20 inscritos, desconto de <strong>10%<\/strong><\/li>\n<li>Pacote de 21 a 30 inscritos, desconto de <strong>15%<\/strong><\/li>\n<li>Pacote de 31 a 50 inscritos, desconto de <strong>20%<\/strong><\/li>\n<li>Pacote acima de 50 inscritos, desconto de <strong>25%<\/strong><\/li>\n<\/ul>\t\t\t\t\t<\/div>\n\t\t\t\t\t\t<\/div>\n\t\t\t\t<\/div>\n\t\t\t\t<div class=\"elementor-element elementor-element-312784b elementor-widget-divider--view-line elementor-widget elementor-widget-divider\" data-id=\"312784b\" data-element_type=\"widget\" data-widget_type=\"divider.default\">\n\t\t\t\t<div class=\"elementor-widget-container\">\n\t\t\t\t\t<div class=\"elementor-divider\">\n\t\t\t<span class=\"elementor-divider-separator\">\n\t\t\t\t\t\t<\/span>\n\t\t<\/div>\n\t\t\t\t<\/div>\n\t\t\t\t<\/div>\n\t\t\t\t<div class=\"elementor-element elementor-element-f5081ae elementor-widget elementor-widget-heading\" data-id=\"f5081ae\" data-element_type=\"widget\" data-widget_type=\"heading.default\">\n\t\t\t\t<div class=\"elementor-widget-container\">\n\t\t\t<h2 class=\"elementor-heading-title elementor-size-default\">INSCRI\u00c7\u00d5ES POR EMPENHO<\/h2>\t\t<\/div>\n\t\t\t\t<\/div>\n\t\t\t\t<div class=\"elementor-element elementor-element-b322b84 elementor-widget elementor-widget-text-editor\" data-id=\"b322b84\" data-element_type=\"widget\" data-widget_type=\"text-editor.default\">\n\t\t\t\t<div class=\"elementor-widget-container\">\n\t\t\t\t\t\t\t\t<div class=\"elementor-text-editor elementor-clearfix\">\n\t\t\t\t<p style=\"font-variant-ligatures: normal; font-variant-caps: normal; font-family: Montserrat, sans-serif; font-size: 14px; font-style: normal; font-weight: 400;\">1) Fazer contato a Secretaria da Abem, atrav\u00e9s dos e-mails:\u00a0<span style=\"font-size: 14px; color: #0093a3;\"><span style=\"font-size: 14px; font-weight: 800;\">gerencia@abem-educmed.org.br<\/span>\u00a0\/\u00a0<span style=\"font-size: 14px; font-weight: 800;\">adm@abem-educmed.org.br<\/span><\/span> ou pelos telefones: <span style=\"font-family: Montserrat, sans-serif; font-size: 14px; font-style: normal; font-variant-ligatures: normal; font-variant-caps: normal; font-weight: 400;\">\u00a0(61) 3024-8013 | (61) 3024-9978 | (61) 98580-0825<\/span><\/p><p style=\"font-variant-ligatures: normal; font-variant-caps: normal; font-family: Montserrat, sans-serif; font-size: 14px; font-style: normal; font-weight: 400;\">2) Solicitar a cada participante\u00a0<span style=\"font-size: 14px; font-weight: 800;\">integrante do EMPENHO<\/span>\u00a0que fa\u00e7a seu cadastro, individualmente, no site do evento, pois os dados pessoais necessitam ser preenchidos pelo pr\u00f3prio congressista.<\/p><p style=\"font-variant-ligatures: normal; font-variant-caps: normal; font-family: Montserrat, sans-serif; font-size: 14px; font-style: normal; font-weight: 400;\">3) Posteriormente enviar a NOTA de EMPENHO (digitalizada), juntamente com a rela\u00e7\u00e3o nominal dos inscritos e seus respectivos CPFs e categoria de inscri\u00e7\u00e3o para os e-mails:\u00a0<span style=\"font-size: 14px; font-weight: 800; color: #0093a3;\"><span style=\"font-size: 14px;\">gerencia@abem-educmed.org.br \/ adm@abem-educmed.org.br<\/span><\/span><br \/>**Citar ASSUNTO:\u00a0<span style=\"font-size: 14px; font-weight: 800;\">Empenho 61\u00ba COBEM.<\/span><\/p><p style=\"font-variant-ligatures: normal; font-variant-caps: normal; font-family: Montserrat, sans-serif; font-size: 14px; font-style: normal; font-weight: 400;\"><span style=\"font-size: 14px; font-weight: 800;\">Confirma\u00e7\u00e3o de Inscri\u00e7\u00e3o:<\/span><br \/>Ap\u00f3s a confirma\u00e7\u00e3o do recebimento da\u00a0<span style=\"font-size: 14px; font-weight: 800;\">NOTA de EMPENHO<\/span>\u00a0pelo setor financeiro da Secretaria da ABEM, a baixa ser\u00e1 realizada no sistema de inscri\u00e7\u00f5es em at\u00e9 3 dias \u00fateis.<br \/>Observa\u00e7\u00e3o: Para fins de melhor estrutura e acomoda\u00e7\u00e3o de todos os participantes, informamos que as inscri\u00e7\u00f5es mediante EMPENHO, se encerram no dia\u00a0<span style=\"font-size: 14px; font-weight: 800;\">26\/09\/2023<\/span>.<\/p>\t\t\t\t\t<\/div>\n\t\t\t\t\t\t<\/div>\n\t\t\t\t<\/div>\n\t\t\t\t<div class=\"elementor-element elementor-element-24277b3 elementor-hidden-desktop elementor-hidden-tablet elementor-hidden-mobile elementor-widget-divider--view-line elementor-widget elementor-widget-divider\" data-id=\"24277b3\" data-element_type=\"widget\" data-widget_type=\"divider.default\">\n\t\t\t\t<div class=\"elementor-widget-container\">\n\t\t\t\t\t<div class=\"elementor-divider\">\n\t\t\t<span class=\"elementor-divider-separator\">\n\t\t\t\t\t\t<\/span>\n\t\t<\/div>\n\t\t\t\t<\/div>\n\t\t\t\t<\/div>\n\t\t\t\t<div class=\"elementor-element elementor-element-9ee470f elementor-hidden-desktop elementor-hidden-tablet elementor-hidden-mobile elementor-widget elementor-widget-heading\" data-id=\"9ee470f\" data-element_type=\"widget\" data-widget_type=\"heading.default\">\n\t\t\t\t<div class=\"elementor-widget-container\">\n\t\t\t<h2 class=\"elementor-heading-title elementor-size-default\">EDITAL DE A\u00c7\u00d5ES AFIRMATIVAS<\/h2>\t\t<\/div>\n\t\t\t\t<\/div>\n\t\t\t\t<div class=\"elementor-element elementor-element-642b3e2 elementor-hidden-desktop elementor-hidden-tablet elementor-hidden-mobile elementor-widget elementor-widget-text-editor\" data-id=\"642b3e2\" data-element_type=\"widget\" data-widget_type=\"text-editor.default\">\n\t\t\t\t<div class=\"elementor-widget-container\">\n\t\t\t\t\t\t\t\t<div class=\"elementor-text-editor elementor-clearfix\">\n\t\t\t\t<p><span style=\"color: #3b3b3b;\">A realiza\u00e7\u00e3o do edital de a\u00e7\u00f5es afirmativas tem por objetivo criar oportunidade para que estudantes se inscrevam com isen\u00e7\u00e3o de taxa de inscri\u00e7\u00e3o no COBEM. Diante das desigualdades e opress\u00f5es que historicamente organizaram nossa sociedade, o edital buscar\u00e1 ter no horizonte o combate a essas quest\u00f5es estruturantes na distribui\u00e7\u00e3o destas vagas, objetivando um congresso mais representativo e plural.<\/span><\/p><p><span style=\"color: #ff0000;\"><a style=\"color: #ff0000;\" href=\"https:\/\/cobem.com.br\/2023\/wp-content\/uploads\/2023\/08\/EDITAL_DE_ACOES_AFIRMATIVAS_COBEM_2023.pdf\" target=\"_blank\" rel=\"noopener\"><span style=\"text-decoration: underline;\"><strong><span style=\"color: #3b3b3b; text-decoration: underline;\">CLIQUE AQUI PARA VISUALIZAR O EDITAL COMPLETO.<\/span><\/strong><\/span><\/a><\/span><\/p>\t\t\t\t\t<\/div>\n\t\t\t\t\t\t<\/div>\n\t\t\t\t<\/div>\n\t\t\t\t<div class=\"elementor-element elementor-element-8cddfc6 elementor-widget-divider--view-line elementor-widget elementor-widget-divider\" data-id=\"8cddfc6\" data-element_type=\"widget\" data-widget_type=\"divider.default\">\n\t\t\t\t<div class=\"elementor-widget-container\">\n\t\t\t\t\t<div class=\"elementor-divider\">\n\t\t\t<span class=\"elementor-divider-separator\">\n\t\t\t\t\t\t<\/span>\n\t\t<\/div>\n\t\t\t\t<\/div>\n\t\t\t\t<\/div>\n\t\t\t\t<div class=\"elementor-element elementor-element-762e728 elementor-widget elementor-widget-heading\" data-id=\"762e728\" data-element_type=\"widget\" data-widget_type=\"heading.default\">\n\t\t\t\t<div class=\"elementor-widget-container\">\n\t\t\t<h2 class=\"elementor-heading-title elementor-size-default\">CERTIFICADOS<\/h2>\t\t<\/div>\n\t\t\t\t<\/div>\n\t\t\t\t<div class=\"elementor-element elementor-element-a57996a elementor-widget elementor-widget-text-editor\" data-id=\"a57996a\" data-element_type=\"widget\" data-widget_type=\"text-editor.default\">\n\t\t\t\t<div class=\"elementor-widget-container\">\n\t\t\t\t\t\t\t\t<div class=\"elementor-text-editor elementor-clearfix\">\n\t\t\t\t<p>Os certificados\u00a0<strong>DE PARTICIPA\u00c7\u00c3O<\/strong> ser\u00e3o disponibilizados, no painel do congressista, 30 (trinta) dias ap\u00f3s o t\u00e9rmino do evento. N\u00e3o haver\u00e1 emiss\u00e3o de certificados de participa\u00e7\u00e3o no local do evento.<\/p>\t\t\t\t\t<\/div>\n\t\t\t\t\t\t<\/div>\n\t\t\t\t<\/div>\n\t\t\t\t<div class=\"elementor-element elementor-element-83f8a03 elementor-widget-divider--view-line elementor-widget elementor-widget-divider\" data-id=\"83f8a03\" data-element_type=\"widget\" data-widget_type=\"divider.default\">\n\t\t\t\t<div class=\"elementor-widget-container\">\n\t\t\t\t\t<div class=\"elementor-divider\">\n\t\t\t<span class=\"elementor-divider-separator\">\n\t\t\t\t\t\t<\/span>\n\t\t<\/div>\n\t\t\t\t<\/div>\n\t\t\t\t<\/div>\n\t\t\t\t<div class=\"elementor-element elementor-element-b263e40 elementor-widget elementor-widget-heading\" data-id=\"b263e40\" data-element_type=\"widget\" data-widget_type=\"heading.default\">\n\t\t\t\t<div class=\"elementor-widget-container\">\n\t\t\t<h2 class=\"elementor-heading-title elementor-size-default\">POL\u00cdTICA DE REEMBOLSO<\/h2>\t\t<\/div>\n\t\t\t\t<\/div>\n\t\t\t\t<div class=\"elementor-element elementor-element-ba402a8 elementor-widget elementor-widget-text-editor\" data-id=\"ba402a8\" data-element_type=\"widget\" data-widget_type=\"text-editor.default\">\n\t\t\t\t<div class=\"elementor-widget-container\">\n\t\t\t\t\t\t\t\t<div class=\"elementor-text-editor elementor-clearfix\">\n\t\t\t\t<p><strong style=\"font-size: 14px;\">Sem Justificativa:<\/strong><span style=\"font-size: 14px;\">\u00a0Prazo para solicita\u00e7\u00e3o: at\u00e9 30 (trinta) dias antes do evento.<br \/>Valor a ser reembolsado: 80% do valor pago.<br \/><\/span><span style=\"font-family: Montserrat, sans-serif; font-size: 14px; font-style: normal; font-variant-ligatures: normal; font-variant-caps: normal; font-weight: 400;\">Deve-se acessar o painel do congressista, no menu superior clicar em &#8220;Inscri\u00e7\u00f5es -&gt; Minhas Inscri\u00e7\u00f5es&#8221; e solicitar o reembolso da fatura referente a inscri\u00e7\u00e3o no evento.<\/span><span style=\"font-size: 14px;\"><br \/><\/span><\/p><p><strong>Problemas de Sa\u00fade:<\/strong>\u00a0Prazo para solicita\u00e7\u00e3o: at\u00e9 3 (tr\u00eas) dias antes do evento. <br \/>Valor a ser reembolsado: 80% do valor pago.\u00a0<br \/><span style=\"font-family: Montserrat, sans-serif; font-size: 14px; font-style: normal; font-variant-ligatures: normal; font-variant-caps: normal; font-weight: 400;\">Deve-se acessar o painel do congressista, no menu superior clicar em &#8220;Inscri\u00e7\u00f5es -&gt; Minhas Inscri\u00e7\u00f5es&#8221; e solicitar o reembolso da fatura referente a inscri\u00e7\u00e3o no evento.<\/span><\/p><p><strong>Duplicidade de Pagamento:<\/strong>\u00a0<span style=\"font-family: Montserrat, sans-serif; font-size: 14px; font-style: normal; font-variant-ligatures: normal; font-variant-caps: normal; font-weight: 400;\">Prazo para solicita\u00e7\u00e3o: at\u00e9 3 (tr\u00eas) dias antes do evento.<br \/>Valor a ser reembolsado: 100% do valor pago.\u00a0<br \/><\/span><span style=\"font-family: Montserrat, sans-serif; font-size: 14px; font-style: normal; font-variant-ligatures: normal; font-variant-caps: normal; font-weight: 400;\">Deve-se acessar o painel do congressista, no menu superior clicar em &#8220;Inscri\u00e7\u00f5es -&gt; Minhas Inscri\u00e7\u00f5es&#8221; e solicitar o reembolso da fatura referente a inscri\u00e7\u00e3o no evento.<\/span><\/p><p><strong>N\u00e3o Comparecimento:\u00a0<\/strong>Em caso de n\u00e3o comparecimento, o valor pago pela inscri\u00e7\u00e3o do evento ou oficina n\u00e3o ser\u00e1 devolvido.<\/p>\t\t\t\t\t<\/div>\n\t\t\t\t\t\t<\/div>\n\t\t\t\t<\/div>\n\t\t\t\t<div class=\"elementor-element elementor-element-803466b elementor-widget elementor-widget-text-editor\" data-id=\"803466b\" data-element_type=\"widget\" data-widget_type=\"text-editor.default\">\n\t\t\t\t<div class=\"elementor-widget-container\">\n\t\t\t\t\t\t\t\t<div class=\"elementor-text-editor elementor-clearfix\">\n\t\t\t\t\t\t\t\t\t<\/div>\n\t\t\t\t\t\t<\/div>\n\t\t\t\t<\/div>\n\t\t\t\t\t\t<\/div>\n\t\t\t\t\t<\/div>\n\t\t<\/div>\n\t\t\t\t\t\t\t\t<\/div>\n\t\t\t\t\t<\/div>\n\t\t<\/section>\n\t\t\t\t\t\t\t\t\t<\/div>\n\t\t\t<\/div>\n\t\t\t\t\t<\/div>\n\t\t","protected":false},"excerpt":{"rendered":"<p>INSCRI\u00c7\u00d5ES ON-LINE TABELA DE VALORES INSCREVA-SE (clique aqui) Observa\u00e7\u00f5es Importantes:a) As vagas para o evento s\u00e3o LIMITADAS!b) Inscri\u00e7\u00f5es On-line: at\u00e9 o dia 26\/09\/2023c) Formas de pagamentos dispon\u00edveis:\u00a0 \u00a0 &#8211; Boleto Banc\u00e1rio (at\u00e9 o dia 26\/09\/2023);\u00a0 \u00a0 &#8211; Cart\u00e3o de Cr\u00e9dito (Em 5x at\u00e9 03\/07. Em 3x ap\u00f3s 03\/07)\u00a0 \u00a0 &#8211; PIX;d) Demandas de acessibilidade e [&hellip;]<\/p>\n","protected":false},"author":1,"featured_media":0,"parent":0,"menu_order":5,"comment_status":"closed","ping_status":"closed","template":"elementor_header_footer","meta":[],"_links":{"self":[{"href":"https:\/\/cobem.com.br\/2023\/wp-json\/wp\/v2\/pages\/183"}],"collection":[{"href":"https:\/\/cobem.com.br\/2023\/wp-json\/wp\/v2\/pages"}],"about":[{"href":"https:\/\/cobem.com.br\/2023\/wp-json\/wp\/v2\/types\/page"}],"author":[{"embeddable":true,"href":"https:\/\/cobem.com.br\/2023\/wp-json\/wp\/v2\/users\/1"}],"replies":[{"embeddable":true,"href":"https:\/\/cobem.com.br\/2023\/wp-json\/wp\/v2\/comments?post=183"}],"version-history":[{"count":165,"href":"https:\/\/cobem.com.br\/2023\/wp-json\/wp\/v2\/pages\/183\/revisions"}],"predecessor-version":[{"id":1200,"href":"https:\/\/cobem.com.br\/2023\/wp-json\/wp\/v2\/pages\/183\/revisions\/1200"}],"wp:attachment":[{"href":"https:\/\/cobem.com.br\/2023\/wp-json\/wp\/v2\/media?parent=183"}],"curies":[{"name":"wp","href":"https:\/\/api.w.org\/{rel}","templated":true}]}}