{"id":149,"date":"2020-02-25T15:23:41","date_gmt":"2020-02-25T18:23:41","guid":{"rendered":"http:\/\/cobem.com.br\/2020\/website_provisorio\/?page_id=149"},"modified":"2023-06-01T17:36:42","modified_gmt":"2023-06-01T20:36:42","slug":"organizacao","status":"publish","type":"page","link":"https:\/\/cobem.com.br\/2023\/o-cobem\/organizacao\/","title":{"rendered":"Organiza\u00e7\u00e3o"},"content":{"rendered":"\t\t<div data-elementor-type=\"wp-page\" data-elementor-id=\"149\" class=\"elementor elementor-149\">\n\t\t\t\t\t\t<div class=\"elementor-inner\">\n\t\t\t\t<div class=\"elementor-section-wrap\">\n\t\t\t\t\t\t\t\t\t<section class=\"elementor-section elementor-top-section elementor-element elementor-element-420c082 elementor-section-height-min-height elementor-section-items-top elementor-section-boxed elementor-section-height-default\" data-id=\"420c082\" data-element_type=\"section\" data-settings=\"{&quot;background_background&quot;:&quot;classic&quot;}\">\n\t\t\t\t\t\t<div class=\"elementor-container elementor-column-gap-default\">\n\t\t\t\t\t\t\t<div class=\"elementor-row\">\n\t\t\t\t\t<div class=\"elementor-column elementor-col-100 elementor-top-column elementor-element elementor-element-3365024\" data-id=\"3365024\" data-element_type=\"column\">\n\t\t\t<div class=\"elementor-column-wrap elementor-element-populated\">\n\t\t\t\t\t\t\t<div class=\"elementor-widget-wrap\">\n\t\t\t\t\t\t<div class=\"elementor-element elementor-element-cb49f57 elementor-widget elementor-widget-heading\" data-id=\"cb49f57\" data-element_type=\"widget\" data-widget_type=\"heading.default\">\n\t\t\t\t<div class=\"elementor-widget-container\">\n\t\t\t<h2 class=\"elementor-heading-title elementor-size-default\">ORGANIZA\u00c7\u00c3O<\/h2>\t\t<\/div>\n\t\t\t\t<\/div>\n\t\t\t\t\t\t<\/div>\n\t\t\t\t\t<\/div>\n\t\t<\/div>\n\t\t\t\t\t\t\t\t<\/div>\n\t\t\t\t\t<\/div>\n\t\t<\/section>\n\t\t\t\t<section class=\"elementor-section elementor-top-section elementor-element elementor-element-f62d6f9 elementor-section-boxed elementor-section-height-default elementor-section-height-default\" data-id=\"f62d6f9\" data-element_type=\"section\" data-settings=\"{&quot;background_background&quot;:&quot;classic&quot;}\">\n\t\t\t\t\t\t<div class=\"elementor-container elementor-column-gap-default\">\n\t\t\t\t\t\t\t<div class=\"elementor-row\">\n\t\t\t\t\t<div class=\"elementor-column elementor-col-100 elementor-top-column elementor-element elementor-element-f16c5a4\" data-id=\"f16c5a4\" data-element_type=\"column\">\n\t\t\t<div class=\"elementor-column-wrap elementor-element-populated\">\n\t\t\t\t\t\t\t<div class=\"elementor-widget-wrap\">\n\t\t\t\t\t\t<div class=\"elementor-element elementor-element-774fd2e elementor-widget elementor-widget-heading\" data-id=\"774fd2e\" data-element_type=\"widget\" data-widget_type=\"heading.default\">\n\t\t\t\t<div class=\"elementor-widget-container\">\n\t\t\t<h2 class=\"elementor-heading-title elementor-size-default\">COMISS\u00c3O ORGANIZADORA<\/h2>\t\t<\/div>\n\t\t\t\t<\/div>\n\t\t\t\t<div class=\"elementor-element elementor-element-a304a24 elementor-widget elementor-widget-text-editor\" data-id=\"a304a24\" data-element_type=\"widget\" data-widget_type=\"text-editor.default\">\n\t\t\t\t<div class=\"elementor-widget-container\">\n\t\t\t\t\t\t\t\t<div class=\"elementor-text-editor elementor-clearfix\">\n\t\t\t\t<p><strong>Presidente Docente:<\/strong><br \/>&#8211; Daniela Chiesa<\/p><p><strong>Presidente Discente:<\/strong><br \/>&#8211; Tobias Mosart Sobrinho<\/p><p><strong>Presidente de Honra:<\/strong><br \/>&#8211; Henry de Holanda Campos<\/p><p><strong>Comiss\u00e3o Geral:<\/strong><br \/>&#8211; Sandro Schreiber de Oliveira <br \/>&#8211; Denise Herdy Afonso <br \/>&#8211; Aristides Augusto Palhares Neto <br \/>&#8211; Luciana Brand\u00e3o Carreira<\/p><p><strong>Comiss\u00e3o Cient\u00edfica:<\/strong><br \/>&#8211; Alberto Farias Filho <br \/>&#8211; Brenda Vieira Pinheiro<br \/>&#8211; Djerlly Marques Araujo da Silva <br \/>&#8211; Henrique Luis do Carmo e S\u00e1<br \/>&#8211; Kristopherson Lustosa Augusto<br \/>&#8211; Maria das Gra\u00e7as Barbosa Peixoto<br \/>&#8211; Maria do Socorro de Sousa<br \/>&#8211;\u00a0Raquel Autran Peixoto<br \/>&#8211; Monica Fa\u00e7anha<\/p><p><strong>Comiss\u00e3o de Trabalhos:<\/strong><br \/>&#8211; Ana Amelia Reis Jereissati <br \/>&#8211; Eduardo Simon<br \/>&#8211; Hellen L\u00facia Macedo Cruz<br \/>&#8211; Joao Macedo Coelho Filho<br \/>&#8211; Nely Marjollie Guanabara Teixeira Reis<br \/>&#8211; Olivia Andr\u00e9a Alencar Costa Bessa<\/p><p><strong>Comiss\u00e3o Cultural:<\/strong><br \/>&#8211; Amanda Almeida Lima <br \/>&#8211; Andrea Taborda Ribas da Cunha<br \/>&#8211; Gabriela Caldeira de Paula Souza<br \/>&#8211; Jo\u00e3o Pedro Marques Lob\u00e3o <br \/>&#8211; Magda Moura de Almeida<br \/>&#8211; Tayanne Silva Sampaio<br \/>&#8211; Rafaela Vieira Correa<\/p><p><strong>Comiss\u00e3o de Infraestrutura:<\/strong><br \/>&#8211; Alexandre Saboia Augusto Borges Filho<br \/>&#8211; Isabela Thomaz Takakura Guedes<br \/>&#8211; Joab Soares de Lima<br \/>&#8211; Joaquim Miguel Moreira Santiago <br \/>&#8211; Jocelia Maria de Azevedo Bringel<br \/>&#8211; Luiz Gerson Gon\u00e7alves Neto <br \/>&#8211; Mateus Gomes de Oliveira <br \/>&#8211; Pedro Braga Linhares Garcia<br \/>&#8211; Thiago Belmino Almeida Evangelista<\/p><p><strong>Apoio:<\/strong><br \/>&#8211; Rozane Landskron<br \/>&#8211; Svendla Chaves<br \/>&#8211; B\u00e1rbara Valente Pera\u00e7a<br \/>&#8211; Luis Fernando Corr\u00eaa Cartezani<\/p><p><strong>Produ\u00e7\u00e3o:<\/strong><br \/>&#8211; Acontece Eventos<\/p>\t\t\t\t\t<\/div>\n\t\t\t\t\t\t<\/div>\n\t\t\t\t<\/div>\n\t\t\t\t<div class=\"elementor-element elementor-element-1e64017 elementor-widget elementor-widget-spacer\" data-id=\"1e64017\" data-element_type=\"widget\" data-widget_type=\"spacer.default\">\n\t\t\t\t<div class=\"elementor-widget-container\">\n\t\t\t\t\t<div class=\"elementor-spacer\">\n\t\t\t<div class=\"elementor-spacer-inner\"><\/div>\n\t\t<\/div>\n\t\t\t\t<\/div>\n\t\t\t\t<\/div>\n\t\t\t\t\t\t<\/div>\n\t\t\t\t\t<\/div>\n\t\t<\/div>\n\t\t\t\t\t\t\t\t<\/div>\n\t\t\t\t\t<\/div>\n\t\t<\/section>\n\t\t\t\t\t\t\t\t\t<\/div>\n\t\t\t<\/div>\n\t\t\t\t\t<\/div>\n\t\t","protected":false},"excerpt":{"rendered":"<p>ORGANIZA\u00c7\u00c3O COMISS\u00c3O ORGANIZADORA Presidente Docente:&#8211; Daniela Chiesa Presidente Discente:&#8211; Tobias Mosart Sobrinho Presidente de Honra:&#8211; Henry de Holanda Campos Comiss\u00e3o Geral:&#8211; Sandro Schreiber de Oliveira &#8211; Denise Herdy Afonso &#8211; Aristides Augusto Palhares Neto &#8211; Luciana Brand\u00e3o Carreira Comiss\u00e3o Cient\u00edfica:&#8211; Alberto Farias Filho &#8211; Brenda Vieira Pinheiro&#8211; Djerlly Marques Araujo da Silva &#8211; Henrique Luis [&hellip;]<\/p>\n","protected":false},"author":1,"featured_media":0,"parent":181,"menu_order":2,"comment_status":"closed","ping_status":"closed","template":"elementor_header_footer","meta":[],"_links":{"self":[{"href":"https:\/\/cobem.com.br\/2023\/wp-json\/wp\/v2\/pages\/149"}],"collection":[{"href":"https:\/\/cobem.com.br\/2023\/wp-json\/wp\/v2\/pages"}],"about":[{"href":"https:\/\/cobem.com.br\/2023\/wp-json\/wp\/v2\/types\/page"}],"author":[{"embeddable":true,"href":"https:\/\/cobem.com.br\/2023\/wp-json\/wp\/v2\/users\/1"}],"replies":[{"embeddable":true,"href":"https:\/\/cobem.com.br\/2023\/wp-json\/wp\/v2\/comments?post=149"}],"version-history":[{"count":54,"href":"https:\/\/cobem.com.br\/2023\/wp-json\/wp\/v2\/pages\/149\/revisions"}],"predecessor-version":[{"id":941,"href":"https:\/\/cobem.com.br\/2023\/wp-json\/wp\/v2\/pages\/149\/revisions\/941"}],"up":[{"embeddable":true,"href":"https:\/\/cobem.com.br\/2023\/wp-json\/wp\/v2\/pages\/181"}],"wp:attachment":[{"href":"https:\/\/cobem.com.br\/2023\/wp-json\/wp\/v2\/media?parent=149"}],"curies":[{"name":"wp","href":"https:\/\/api.w.org\/{rel}","templated":true}]}}