{"id":1273,"date":"2023-02-24T10:56:58","date_gmt":"2023-02-24T13:56:58","guid":{"rendered":"https:\/\/cobem.com.br\/2023\/?page_id=1273"},"modified":"2023-06-23T13:13:51","modified_gmt":"2023-06-23T16:13:51","slug":"ambiencias","status":"publish","type":"page","link":"https:\/\/cobem.com.br\/2023\/o-cobem\/ambiencias\/","title":{"rendered":"Edital: Ambi\u00eancias"},"content":{"rendered":"\t\t<div data-elementor-type=\"wp-page\" data-elementor-id=\"1273\" class=\"elementor elementor-1273\">\n\t\t\t\t\t\t<div class=\"elementor-inner\">\n\t\t\t\t<div class=\"elementor-section-wrap\">\n\t\t\t\t\t\t\t\t\t<section class=\"elementor-section elementor-top-section elementor-element elementor-element-420c082 elementor-section-height-min-height elementor-section-items-top elementor-section-boxed elementor-section-height-default\" data-id=\"420c082\" data-element_type=\"section\" data-settings=\"{&quot;background_background&quot;:&quot;classic&quot;}\">\n\t\t\t\t\t\t<div class=\"elementor-container elementor-column-gap-default\">\n\t\t\t\t\t\t\t<div class=\"elementor-row\">\n\t\t\t\t\t<div class=\"elementor-column elementor-col-100 elementor-top-column elementor-element elementor-element-3365024\" data-id=\"3365024\" data-element_type=\"column\">\n\t\t\t<div class=\"elementor-column-wrap elementor-element-populated\">\n\t\t\t\t\t\t\t<div class=\"elementor-widget-wrap\">\n\t\t\t\t\t\t<div class=\"elementor-element elementor-element-cb49f57 elementor-widget elementor-widget-heading\" data-id=\"cb49f57\" data-element_type=\"widget\" data-widget_type=\"heading.default\">\n\t\t\t\t<div class=\"elementor-widget-container\">\n\t\t\t<h2 class=\"elementor-heading-title elementor-size-default\">AMBI\u00caNCIAS<\/h2>\t\t<\/div>\n\t\t\t\t<\/div>\n\t\t\t\t\t\t<\/div>\n\t\t\t\t\t<\/div>\n\t\t<\/div>\n\t\t\t\t\t\t\t\t<\/div>\n\t\t\t\t\t<\/div>\n\t\t<\/section>\n\t\t\t\t<section class=\"elementor-section elementor-top-section elementor-element elementor-element-f62d6f9 elementor-section-boxed elementor-section-height-default elementor-section-height-default\" data-id=\"f62d6f9\" data-element_type=\"section\" data-settings=\"{&quot;background_background&quot;:&quot;classic&quot;}\">\n\t\t\t\t\t\t<div class=\"elementor-container elementor-column-gap-default\">\n\t\t\t\t\t\t\t<div class=\"elementor-row\">\n\t\t\t\t\t<div class=\"elementor-column elementor-col-100 elementor-top-column elementor-element elementor-element-f16c5a4\" data-id=\"f16c5a4\" data-element_type=\"column\">\n\t\t\t<div class=\"elementor-column-wrap elementor-element-populated\">\n\t\t\t\t\t\t\t<div class=\"elementor-widget-wrap\">\n\t\t\t\t\t\t<div class=\"elementor-element elementor-element-b283e2c elementor-widget elementor-widget-heading\" data-id=\"b283e2c\" data-element_type=\"widget\" data-widget_type=\"heading.default\">\n\t\t\t\t<div class=\"elementor-widget-container\">\n\t\t\t<h2 class=\"elementor-heading-title elementor-size-default\">AMBI\u00caNCIAS APROVADAS\n<\/h2>\t\t<\/div>\n\t\t\t\t<\/div>\n\t\t\t\t<div class=\"elementor-element elementor-element-bcb2532 elementor-widget elementor-widget-heading\" data-id=\"bcb2532\" data-element_type=\"widget\" data-widget_type=\"heading.default\">\n\t\t\t\t<div class=\"elementor-widget-container\">\n\t\t\t<h2 class=\"elementor-heading-title elementor-size-default\">Clique no bot\u00e3o abaixo para conferir a lista das Ambi\u00eancias aprovadas para o<br\/>61\u00ba Congresso Brasileiro de Educa\u00e7\u00e3o M\u00e9dica<\/h2>\t\t<\/div>\n\t\t\t\t<\/div>\n\t\t\t\t<div class=\"elementor-element elementor-element-c2a3413 elementor-align-center elementor-widget elementor-widget-button\" data-id=\"c2a3413\" data-element_type=\"widget\" data-widget_type=\"button.default\">\n\t\t\t\t<div class=\"elementor-widget-container\">\n\t\t\t\t\t<div class=\"elementor-button-wrapper\">\n\t\t\t<a class=\"elementor-button elementor-button-link elementor-size-md\" href=\"https:\/\/cobem.com.br\/2023\/wp-content\/uploads\/2023\/06\/61Cobem_Ambiencias_Aprovadas.pdf\" target=\"_blank\">\n\t\t\t\t\t\t<span class=\"elementor-button-content-wrapper\">\n\t\t\t\t\t\t<span class=\"elementor-button-text\">AMBI\u00caNCIAS APROVADAS<\/span>\n\t\t<\/span>\n\t\t\t\t\t<\/a>\n\t\t<\/div>\n\t\t\t\t<\/div>\n\t\t\t\t<\/div>\n\t\t\t\t<div class=\"elementor-element elementor-element-6178aa3 elementor-widget-divider--view-line elementor-widget elementor-widget-divider\" data-id=\"6178aa3\" data-element_type=\"widget\" data-widget_type=\"divider.default\">\n\t\t\t\t<div class=\"elementor-widget-container\">\n\t\t\t\t\t<div class=\"elementor-divider\">\n\t\t\t<span class=\"elementor-divider-separator\">\n\t\t\t\t\t\t<\/span>\n\t\t<\/div>\n\t\t\t\t<\/div>\n\t\t\t\t<\/div>\n\t\t\t\t<div class=\"elementor-element elementor-element-ff81934 elementor-widget elementor-widget-heading\" data-id=\"ff81934\" data-element_type=\"widget\" data-widget_type=\"heading.default\">\n\t\t\t\t<div class=\"elementor-widget-container\">\n\t\t\t<h2 class=\"elementor-heading-title elementor-size-default\">EDITAL PARA A PROPOSI\u00c7\u00c3O DE AMBI\u00caNCIAS DURANTE O<br\/>\n61\u00ba CONGRESSO BRASILEIRO DE EDUCA\u00c7\u00c3O M\u00c9DICA\n<\/h2>\t\t<\/div>\n\t\t\t\t<\/div>\n\t\t\t\t<div class=\"elementor-element elementor-element-d05955b elementor-widget elementor-widget-heading\" data-id=\"d05955b\" data-element_type=\"widget\" data-widget_type=\"heading.default\">\n\t\t\t\t<div class=\"elementor-widget-container\">\n\t\t\t<h2 class=\"elementor-heading-title elementor-size-default\">INTEGRA\u00c7\u00c3O ENSINO-SERVI\u00c7O-GEST\u00c3O-COMUNIDADE PARA TRANSFORMAR A SA\u00daDE\n<\/h2>\t\t<\/div>\n\t\t\t\t<\/div>\n\t\t\t\t<div class=\"elementor-element elementor-element-d547ca5 elementor-widget elementor-widget-heading\" data-id=\"d547ca5\" data-element_type=\"widget\" data-widget_type=\"heading.default\">\n\t\t\t\t<div class=\"elementor-widget-container\">\n\t\t\t<h2 class=\"elementor-heading-title elementor-size-default\">5 a 8 de outubro, Fortaleza\/CE.\n<\/h2>\t\t<\/div>\n\t\t\t\t<\/div>\n\t\t\t\t<div class=\"elementor-element elementor-element-a304a24 elementor-widget elementor-widget-text-editor\" data-id=\"a304a24\" data-element_type=\"widget\" data-widget_type=\"text-editor.default\">\n\t\t\t\t<div class=\"elementor-widget-container\">\n\t\t\t\t\t\t\t\t<div class=\"elementor-text-editor elementor-clearfix\">\n\t\t\t\t<p>Compartilhamos por meio deste convite p\u00fablico um conjunto de diretrizes, para que voc\u00ea e suas parcerias possam nos enviar propostas de <strong>AMBI\u00caNCIAS<\/strong>, com finalidade de construirmos juntos o nosso 61\u00ba Congresso Brasileiro de Educa\u00e7\u00e3o M\u00e9dica. Concebidas com todo o cuidado, a realiza\u00e7\u00e3o da modalidade de trabalho cient\u00edfico que denominamos por <strong>AMBI\u00caNCIAS<\/strong> ser\u00e1 uma oportunidade para que docentes, discentes, preceptores e gestores dos cursos de Medicina e de outras \u00e1reas da sa\u00fade agreguem conhecimentos a partir de um modelo criativo de ensino, no 61\u00ba Congresso Brasileiro de Educa\u00e7\u00e3o M\u00e9dica.<\/p><p><strong>1. O QUE SERIAM ESTAS AMBI\u00caNCIAS?<\/strong><\/p><p>Alinhada a objetivos de integra\u00e7\u00e3o com base nas Diretrizes Curriculares Nacionais (DCNs) do curso de gradua\u00e7\u00e3o em Medicina (CNE\/CES n. 116\/2014), a experi\u00eancia em uma determinada <strong>AMBI\u00caNCIA<\/strong>, tal como aqui a concebemos, significa compreendermos os espa\u00e7os f\u00edsicos por n\u00f3s habitados como espa\u00e7os fundamentalmente sociais, criados com intencionalidade. Isto porque, enquanto dispositivo planejado, a <strong>AMBI\u00caNCIA<\/strong> diz respeito \u00e0 constru\u00e7\u00e3o de cen\u00e1rios profissionais prop\u00edcios para o estabelecimento e fortalecimento das rela\u00e7\u00f5es interpessoais, em sintonia com um projeto educativo voltado para a aten\u00e7\u00e3o acolhedora, resolutiva e humana no campo da sa\u00fade.<\/p><p>Neste 61\u00ba Cobem, em que nos dedicaremos a quest\u00f5es importantes no que concerne a integra\u00e7\u00e3o entre ENSINO-SERVI\u00c7O-GEST\u00c3O e COMUNIDADE, convidamos todos os que se interessarem a pensarmos juntos sobre a<strong> AMBI\u00caNCIA<\/strong>. A AMBI\u00caNCIA \u201cenquanto espa\u00e7o de encontro entre sujeitos, como um dispositivo que potencializa e facilita a capacidade de a\u00e7\u00e3o e reflex\u00e3o das pessoas envolvidas nos processos de trabalho, possibilitando a produ\u00e7\u00e3o de novas subjetividades\u201d, tal como nos sinaliza a Pol\u00edtica Nacional de Humaniza\u00e7\u00e3o, lan\u00e7ada em 2003.<\/p><p>Pretendemos, com isso, favorecer a amplia\u00e7\u00e3o da nossa criatividade, com o objetivo de melhorarmos a atmosfera de trabalho em nossas escolas m\u00e9dicas, em nossos congressos e em nossos servi\u00e7os de sa\u00fade, colocando em pr\u00e1tica os princ\u00edpios da universalidade, integralidade e equidade.<\/p><p>\u00c9 importante destacar que as ambi\u00eancias as quais nos referimos <strong>se distinguem das VIV\u00caNCIAS e das OFICINAS<\/strong> j\u00e1 consagradas nos congressos da ABEM: as ambi\u00eancias devem proporcionar reflex\u00e3o e acolhimento, despertar a capacidade do ser humano em se relacionar com e no ambiente de maneira respons\u00e1vel, criando condi\u00e7\u00f5es para tornar estes ambientes saud\u00e1veis, estimulando pr\u00e1ticas colaborativas e\/ou intervencionistas diante de problemas j\u00e1 identificados no \u00e2mbito do ensino, da gest\u00e3o e da assist\u00eancia.<\/p><p>Cada proposta de <strong>AMBI\u00caNCIA<\/strong> selecionada ser\u00e1 considerada como parte integrada ao congresso como um todo. As <strong>AMBI\u00caNCIAS<\/strong> propostas, nesta perspectiva de<strong> integralidade e transversalidade<\/strong>, acontecer\u00e3o em fluxo cont\u00ednuo, ou seja, simultaneamente \u00e0 programa\u00e7\u00e3o geral do evento. Todas as \u00e1reas disponibilizadas para o evento podem acolher uma Ambi\u00eancia em fluxo cont\u00ednuo, na categoria <strong>instala\u00e7\u00e3o art\u00edstica<\/strong>, inclusive \u00e1reas ao ar livre, desde que a proposta seja aprovada pela Comiss\u00e3o Organizadora, em resposta a este edital.<\/p><p><strong>2. INFORMA\u00c7\u00d5ES PARA QUE VOC\u00ca SE ORGANIZE:<\/strong> <br \/>2.1. As ambi\u00eancias acontecer\u00e3o de <strong>05\/10\/2023 a 08\/10\/2023<\/strong>, durante o Congresso.<\/p><p>2.2. As ambi\u00eancias dever\u00e3o ter formato distinto das OFICINAS e VIV\u00caNCIAS. Enfatizamos: Oficinas, Viv\u00eancias e Ambi\u00eancias obedecem a regras diferentes para a submiss\u00e3o de suas propostas.<\/p><p>2.3. O TEMA para cada ambi\u00eancia proposta \u00e9 LIVRE. Entretanto, somente ser\u00e3o aceitas ambi\u00eancias no campo da Educa\u00e7\u00e3o M\u00e9dica, com base nas Diretrizes Curriculares Nacionais (DCNs) do curso de gradua\u00e7\u00e3o em Medicina (CNE\/CES n. 116\/2014).<\/p><p>2.4. A inscri\u00e7\u00e3o de alguma proposta de Oficina ou de Viv\u00eancia n\u00e3o impede que o proponente tamb\u00e9m submeta uma proposta de Ambi\u00eancia.<\/p><p>2.5. As ambi\u00eancias ocorrer\u00e3o nas \u00e1reas comuns do congresso, com livre circula\u00e7\u00e3o das pessoas. Cabe \u00e0 comiss\u00e3o organizadora identificar o local de cada proposta selecionada.<\/p><p>2.6. Tamb\u00e9m ser\u00e3o aceitas as propostas cuja ambienta\u00e7\u00e3o requeira um espa\u00e7o pouco usual (escadas, corredores, banheiros etc.), dispon\u00edveis<strong> no pr\u00f3prio local do evento.<\/strong> Esta informa\u00e7\u00e3o deve ser apresentada no formul\u00e1rio de inscri\u00e7\u00e3o de propostas.<\/p><p>2.7. A proposta dever\u00e1 apresentar claramente quais os materiais\/equipamentos necess\u00e1rios \u00e0 atividade ser\u00e3o de responsabilidade dos proponentes e quais ser\u00e3o da responsabilidade da Comiss\u00e3o Organizadora, que buscar\u00e1 atender as demandas. Caso a solicita\u00e7\u00e3o n\u00e3o seja vi\u00e1vel, do ponto de vista t\u00e9cnico ou or\u00e7ament\u00e1rio, os autores ser\u00e3o informados e poder\u00e3o buscar meios pr\u00f3prios de prover os materiais\/equipamentos ou ajustar a proposta \u00e0 realidade dispon\u00edvel.<\/p><p>2.8. As propostas dever\u00e3o ser submetidas on-line, link: <span style=\"color: #ffa700;\"><a style=\"color: #ffa700;\" href=\"https:\/\/forms.gle\/JibvyGJQJmABoowc6\" target=\"_blank\" rel=\"noopener\">https:\/\/forms.gle\/JibvyGJQJmABoowc6<\/a><\/span> at\u00e9 a data limite de <strong>29\/05\/2023.<\/strong><\/p><p>2.9. Em hip\u00f3tese alguma ser\u00e3o aceitas propostas enviadas por qualquer outro meio de comunica\u00e7\u00e3o que n\u00e3o o estabelecido pelo item 2.8.<\/p><p>2.10. Todos\/as os autores\/as da proposta de AMBI\u00caNCIA, <strong>caso aprovada<\/strong>, devem ser associados\/as adimplentes da ABEM at\u00e9 <strong>15\/06\/2023.<\/strong><\/p><p>2.11. A realiza\u00e7\u00e3o das ambi\u00eancias selecionadas <strong>est\u00e1 condicionada ao pagamento da taxa de inscri\u00e7\u00e3o no 61\u00ba Cobem<\/strong> de TODOS\/AS os\/as proponentes da atividade, at\u00e9 o dia <strong>30\/06\/2023.<\/strong><\/p><p>2.12. N\u00e3o h\u00e1 n\u00famero m\u00e1ximo de coautores. Caso sejam mais de 6, ou autores e coautores, dever\u00e1 haver uma justificativa expressa para tal, descrevendo-se a fun\u00e7\u00e3o de cada um durante a ambi\u00eancia. Somente ser\u00e3o certificados (co)autores\/as associados\/as adimplentes, inscritos\/as no congresso e<strong> presentes na execu\u00e7\u00e3o e montagem da AMBI\u00caNCIA proposta.<\/strong><\/p><p>2.13. Cada autor ou autora, ao submeter uma proposta de Ambi\u00eancia, torna-se inteiramente respons\u00e1vel pelas informa\u00e7\u00f5es submetidas, uma vez que tais informa\u00e7\u00f5es <strong>n\u00e3o poder\u00e3o ser alteradas ap\u00f3s o in\u00edcio do processo de avalia\u00e7\u00e3o da proposta<\/strong>, nem mesmo para a corre\u00e7\u00e3o de nomes de autores.<\/p><p><strong><br \/>3. COMO AS AMBI\u00caNCIAS SER\u00c3O CLASSIFICADAS E SELECIONADAS?<\/strong> <br \/>3.1. Todas as ambi\u00eancias qualificadas ser\u00e3o avaliadas e selecionadas exclusivamente pela Comiss\u00e3o Organizadora do 61\u00ba Congresso Brasileiro de Educa\u00e7\u00e3o M\u00e9dica.<\/p><p>3.2. Ser\u00e3o desclassificadas as ambi\u00eancias que n\u00e3o estiverem dentro dos padr\u00f5es de metodologia indicados neste convite ou que n\u00e3o seguirem as diretrizes aqui apresentadas. Somente ser\u00e3o aceitas ambi\u00eancias que estiverem inseridas no campo da Educa\u00e7\u00e3o M\u00e9dica, com base nas Diretrizes Curriculares Nacionais (DCNs) do curso de gradua\u00e7\u00e3o em Medicina (CNE\/CES n. 116\/2014).<\/p><p>3.3. A Comiss\u00e3o Organizadora do 61\u00ba Congresso Brasileiro de Educa\u00e7\u00e3o M\u00e9dica priorizar\u00e1 as ambi\u00eancias de acordo com os seguintes crit\u00e9rios:<\/p><p><strong>a)<\/strong> relev\u00e2ncia do TEMA para a Educa\u00e7\u00e3o M\u00e9dica, com fundamenta\u00e7\u00e3o nas Diretrizes Curriculares Nacionais (DCNs) do curso de gradua\u00e7\u00e3o em Medicina (CNE\/CES n.116\/2014); <br \/><strong>b)<\/strong> originalidade, criatividade e inova\u00e7\u00e3o conceitual; <br \/><strong>c)<\/strong> coer\u00eancia entre as metodologias que ser\u00e3o adotadas e os objetivos propostos; <br \/><strong>d)<\/strong> clareza na reda\u00e7\u00e3o da proposta.<\/p><p>3.4. As ambi\u00eancias selecionadas ser\u00e3o divulgadas no site do congresso at\u00e9 o dia <strong>19\/06\/2023.<\/strong><\/p><p>3.5. Todas as ambi\u00eancias devem ser realizadas no 61\u00ba Congresso Brasileiro de Educa\u00e7\u00e3o M\u00e9dica por seus respectivos autores, conforme disposto no item 2.1.<\/p><p>3.6. Todos os proponentes cujas ambi\u00eancias forem selecionadas receber\u00e3o um certificado de \u201cautor\/a de <strong>AMBI\u00caNCIA<\/strong>\u201d no 61\u00ba Congresso Brasileiro de Educa\u00e7\u00e3o M\u00e9dica, assim como os seus respectivos coautores.<\/p><p>3.7. A condu\u00e7\u00e3o do processo de cada Ambi\u00eancia \u00e9 de total responsabilidade dos seus respectivos autores proponentes. As especificidades de log\u00edstica, metodologia e infraestrutura de cada Ambi\u00eancia devem estar detalhadamente descritas nas propostas enviadas, via ficha de inscri\u00e7\u00e3o, \u00e0 Comiss\u00e3o Organizadora. A montagem pr\u00e9via ao hor\u00e1rio estabelecido na programa\u00e7\u00e3o para cada<strong> AMBI\u00caNCIA<\/strong> \u00e9 de total responsabilidade dos seus respectivos autores. <strong>Isto inclui o transporte de todo o material necess\u00e1rio<\/strong>, bem como outros detalhes relevantes de infraestrutura. O n\u00e3o cumprimento da montagem da <strong>AMBI\u00caNCIA previamente ao in\u00edcio do congresso<\/strong> caracteriza <strong>abandono da atividade<\/strong>, acarretando o n\u00e3o recebimento do certificado como autor da atividade e a impossibilidade de futura proposi\u00e7\u00e3o de uma nova autoria de Ambi\u00eancia na edi\u00e7\u00e3o do Cobem seguinte. <strong>N\u00e3o<\/strong> ser\u00e1 considerado<strong> abandono da atividad<\/strong>e caso o impedimento da execu\u00e7\u00e3o da atividade seja avisado, por via do e-mail: <span style=\"color: #ffa700;\"><a style=\"color: #ffa700;\" href=\"mailto:atendimento@abem-educmed.org.br\" target=\"_blank\" rel=\"noopener\">atendimento@abem-educmed.org.br<\/a><\/span>, \u00e0 Comiss\u00e3o Organizadora, com pelo menos 02 dias (48 horas) de anteced\u00eancia ao in\u00edcio do evento. Demandas para a aquisi\u00e7\u00e3o de material e infraestrutura espec\u00edficas quanto ao local para a suas realiza\u00e7\u00f5es somente ser\u00e3o atendidas pela Comiss\u00e3o Organizadora mediante justificativa metodol\u00f3gica coerente com a demanda, descrita na proposta submetida via ficha de inscri\u00e7\u00e3o, se houver viabilidade e or\u00e7amento dispon\u00edvel. Caso a solicita\u00e7\u00e3o n\u00e3o seja vi\u00e1vel, do ponto de vista t\u00e9cnico ou or\u00e7ament\u00e1rio, os autores ser\u00e3o informados pela comiss\u00e3o organizadora quando receberem a notifica\u00e7\u00e3o sobre a aprova\u00e7\u00e3o da proposta, para que ainda possam, em tempo h\u00e1bil, buscar outros meios de prover os materiais\/equipamentos ou ajustar a proposta \u00e0 realidade dispon\u00edvel.<\/p><p>3.8. Os autores de cada Ambi\u00eancia aceitam que participar\u00e3o de um grupo de WhatsApp, criado pela comiss\u00e3o organizadora, com a finalidade metodol\u00f3gica de melhorar a qualidade da comunica\u00e7\u00e3o entre autores e organizadores do evento, visando dirimir as dificuldades de infraestrutura e favorecer a cria\u00e7\u00e3o de um ambiente colaborativo, mediado pelos bons afetos.<\/p><p>3.9. Os dados informados pelos proponentes de toda e qualquer Ambi\u00eancia ser\u00e3o protegidos pela ABEM em conformidade com a vigente Lei Geral de Prote\u00e7\u00e3o de Dados Pessoais \u2013 LGPD (Lei n\u00ba 13.709 de 14\/08\/2018), nos termos da sua Pol\u00edtica de Privacidade e Prote\u00e7\u00e3o de Dados Pessoais.<\/p><p><strong>4. REGISTRE EM SUA AGENDA AS SEGUINTES DATAS:<\/strong> <br \/>Os prazos se encerram \u00e0s 23:59 de cada dia, hor\u00e1rio de Bras\u00edlia (DF).<\/p><p>\u25cf IN\u00cdCIO DO PRAZO PARA SUBMISS\u00c3O DAS PROPOSTAS DE AMBI\u00caNCIAS: <strong>30\/03\/2023<\/strong> <br \/>\u25cf FIM DO PRAZO PARA SUBMISS\u00c3O DE AMBI\u00caNCIAS: <strong>29\/05\/2023<\/strong> <br \/>\u25cf DIVULGA\u00c7\u00c3O AOS AUTORES DAS AMBI\u00caNCIAS APROVADAS: <strong>19\/06\/2023 <\/strong><span style=\"color: #ff0000;\">(Adiado para o dia: <strong>23\/06\/2023<\/strong>)<\/span><br \/>\u25cf LIMITE PARA PAGAMENTO DA ANUIDADE DA ABEM (item 2.11) <strong>15\/06\/2023<\/strong> <br \/>\u25cf LIMITE PARA PAGAMENTO DA INSCRI\u00c7\u00c3O NO CONGRESSO (Item 2.12): <strong>30\/06\/2023<\/strong><\/p><p>A Comiss\u00e3o Organizadora reserva-se o direito de cancelar, interromper, suspender ou adiar a submiss\u00e3o e\/ou publica\u00e7\u00e3o das ambi\u00eancias no todo ou em parte, em caso fortuito ou de for\u00e7a maior. Os autores das propostas de ambi\u00eancias reconhecem e declaram, assumindo todas as responsabilidades legais, de forma irrevog\u00e1vel e irretrat\u00e1vel, que as ambi\u00eancias realizadas est\u00e3o coerentes com as informa\u00e7\u00f5es fornecidas e livres de direitos autorais restritivos.<\/p><p>A Comiss\u00e3o Organizadora \u00e9 incontestavelmente soberana nas suas decis\u00f5es, inexistindo a possibilidade de recursos ou manifesta\u00e7\u00f5es de qualquer esp\u00e9cie neste Congresso. Al\u00e9m disso, a inclus\u00e3o de qualquer ambi\u00eancia, desde que cumprindo as condi\u00e7\u00f5es aqui apresentadas, j\u00e1 caracteriza a aceita\u00e7\u00e3o irrestrita a todas as regras aqui previstas. Os casos aqui omissos ser\u00e3o analisados pelo colegiado que constitui a nossa Comiss\u00e3o Organizadora.<\/p><p>At\u00e9 breve!<\/p><p style=\"text-align: center;\">Comiss\u00e3o Organizadora do 61\u00ba Congresso Brasileiro de Educa\u00e7\u00e3o M\u00e9dica. <br \/>Bras\u00edlia, 30 de mar\u00e7o de 2023.<\/p>\t\t\t\t\t<\/div>\n\t\t\t\t\t\t<\/div>\n\t\t\t\t<\/div>\n\t\t\t\t<div class=\"elementor-element elementor-element-1e64017 elementor-widget elementor-widget-spacer\" data-id=\"1e64017\" data-element_type=\"widget\" data-widget_type=\"spacer.default\">\n\t\t\t\t<div class=\"elementor-widget-container\">\n\t\t\t\t\t<div class=\"elementor-spacer\">\n\t\t\t<div class=\"elementor-spacer-inner\"><\/div>\n\t\t<\/div>\n\t\t\t\t<\/div>\n\t\t\t\t<\/div>\n\t\t\t\t\t\t<\/div>\n\t\t\t\t\t<\/div>\n\t\t<\/div>\n\t\t\t\t\t\t\t\t<\/div>\n\t\t\t\t\t<\/div>\n\t\t<\/section>\n\t\t\t\t\t\t\t\t\t<\/div>\n\t\t\t<\/div>\n\t\t\t\t\t<\/div>\n\t\t","protected":false},"excerpt":{"rendered":"<p>AMBI\u00caNCIAS AMBI\u00caNCIAS APROVADAS Clique no bot\u00e3o abaixo para conferir a lista das Ambi\u00eancias aprovadas para o61\u00ba Congresso Brasileiro de Educa\u00e7\u00e3o M\u00e9dica AMBI\u00caNCIAS APROVADAS EDITAL PARA A PROPOSI\u00c7\u00c3O DE AMBI\u00caNCIAS DURANTE O 61\u00ba CONGRESSO BRASILEIRO DE EDUCA\u00c7\u00c3O M\u00c9DICA INTEGRA\u00c7\u00c3O ENSINO-SERVI\u00c7O-GEST\u00c3O-COMUNIDADE PARA TRANSFORMAR A SA\u00daDE 5 a 8 de outubro, Fortaleza\/CE. Compartilhamos por meio deste convite p\u00fablico [&hellip;]<\/p>\n","protected":false},"author":1,"featured_media":0,"parent":181,"menu_order":7,"comment_status":"closed","ping_status":"closed","template":"elementor_header_footer","meta":[],"_links":{"self":[{"href":"https:\/\/cobem.com.br\/2023\/wp-json\/wp\/v2\/pages\/1273"}],"collection":[{"href":"https:\/\/cobem.com.br\/2023\/wp-json\/wp\/v2\/pages"}],"about":[{"href":"https:\/\/cobem.com.br\/2023\/wp-json\/wp\/v2\/types\/page"}],"author":[{"embeddable":true,"href":"https:\/\/cobem.com.br\/2023\/wp-json\/wp\/v2\/users\/1"}],"replies":[{"embeddable":true,"href":"https:\/\/cobem.com.br\/2023\/wp-json\/wp\/v2\/comments?post=1273"}],"version-history":[{"count":33,"href":"https:\/\/cobem.com.br\/2023\/wp-json\/wp\/v2\/pages\/1273\/revisions"}],"predecessor-version":[{"id":1284,"href":"https:\/\/cobem.com.br\/2023\/wp-json\/wp\/v2\/pages\/1273\/revisions\/1284"}],"up":[{"embeddable":true,"href":"https:\/\/cobem.com.br\/2023\/wp-json\/wp\/v2\/pages\/181"}],"wp:attachment":[{"href":"https:\/\/cobem.com.br\/2023\/wp-json\/wp\/v2\/media?parent=1273"}],"curies":[{"name":"wp","href":"https:\/\/api.w.org\/{rel}","templated":true}]}}