{"id":183,"date":"2020-02-25T17:06:35","date_gmt":"2020-02-25T20:06:35","guid":{"rendered":"http:\/\/cobem.com.br\/2020\/website_provisorio\/?page_id=183"},"modified":"2022-10-03T22:13:25","modified_gmt":"2022-10-04T01:13:25","slug":"inscricoes","status":"publish","type":"page","link":"https:\/\/cobem.com.br\/2022\/inscricoes\/","title":{"rendered":"INSCREVA-SE"},"content":{"rendered":"\t\t<div data-elementor-type=\"wp-page\" data-elementor-id=\"183\" class=\"elementor elementor-183\">\n\t\t\t\t\t\t<div class=\"elementor-inner\">\n\t\t\t\t<div class=\"elementor-section-wrap\">\n\t\t\t\t\t\t\t\t\t<section class=\"elementor-section elementor-top-section elementor-element elementor-element-420c082 elementor-section-height-min-height elementor-section-items-top elementor-section-boxed elementor-section-height-default\" data-id=\"420c082\" data-element_type=\"section\" data-settings=\"{&quot;background_background&quot;:&quot;classic&quot;}\">\n\t\t\t\t\t\t<div class=\"elementor-container elementor-column-gap-no\">\n\t\t\t\t\t\t\t<div class=\"elementor-row\">\n\t\t\t\t\t<div class=\"elementor-column elementor-col-100 elementor-top-column elementor-element elementor-element-3365024\" data-id=\"3365024\" data-element_type=\"column\">\n\t\t\t<div class=\"elementor-column-wrap elementor-element-populated\">\n\t\t\t\t\t\t\t<div class=\"elementor-widget-wrap\">\n\t\t\t\t\t\t<div class=\"elementor-element elementor-element-cb49f57 elementor-widget elementor-widget-heading\" data-id=\"cb49f57\" data-element_type=\"widget\" data-widget_type=\"heading.default\">\n\t\t\t\t<div class=\"elementor-widget-container\">\n\t\t\t<h2 class=\"elementor-heading-title elementor-size-default\">INSCRI\u00c7\u00d5ES ON-LINE<\/h2>\t\t<\/div>\n\t\t\t\t<\/div>\n\t\t\t\t\t\t<\/div>\n\t\t\t\t\t<\/div>\n\t\t<\/div>\n\t\t\t\t\t\t\t\t<\/div>\n\t\t\t\t\t<\/div>\n\t\t<\/section>\n\t\t\t\t<section class=\"elementor-section elementor-top-section elementor-element elementor-element-f62d6f9 elementor-section-boxed elementor-section-height-default elementor-section-height-default\" data-id=\"f62d6f9\" data-element_type=\"section\" data-settings=\"{&quot;background_background&quot;:&quot;classic&quot;}\">\n\t\t\t\t\t\t<div class=\"elementor-container elementor-column-gap-default\">\n\t\t\t\t\t\t\t<div class=\"elementor-row\">\n\t\t\t\t\t<div class=\"elementor-column elementor-col-100 elementor-top-column elementor-element elementor-element-f16c5a4\" data-id=\"f16c5a4\" data-element_type=\"column\">\n\t\t\t<div class=\"elementor-column-wrap elementor-element-populated\">\n\t\t\t\t\t\t\t<div class=\"elementor-widget-wrap\">\n\t\t\t\t\t\t<div class=\"elementor-element elementor-element-774fd2e elementor-widget elementor-widget-heading\" data-id=\"774fd2e\" data-element_type=\"widget\" data-widget_type=\"heading.default\">\n\t\t\t\t<div class=\"elementor-widget-container\">\n\t\t\t<h2 class=\"elementor-heading-title elementor-size-default\">TABELA DE VALORES<\/h2>\t\t<\/div>\n\t\t\t\t<\/div>\n\t\t\t\t<div class=\"elementor-element elementor-element-9228efe elementor-widget elementor-widget-image\" data-id=\"9228efe\" data-element_type=\"widget\" data-widget_type=\"image.default\">\n\t\t\t\t<div class=\"elementor-widget-container\">\n\t\t\t\t\t\t\t\t<div class=\"elementor-image\">\n\t\t\t\t\t\t\t\t\t\t\t\t<img width=\"768\" height=\"408\" src=\"https:\/\/cobem.com.br\/2022\/wp-content\/uploads\/2022\/10\/60_cobem_tabela_valores_pt.png\" class=\"attachment-medium_large size-medium_large\" alt=\"\" loading=\"lazy\" \/>\t\t\t\t\t\t\t\t\t\t\t\t\t\t<\/div>\n\t\t\t\t\t\t<\/div>\n\t\t\t\t<\/div>\n\t\t\t\t<div class=\"elementor-element elementor-element-24c784f elementor-widget elementor-widget-text-editor\" data-id=\"24c784f\" data-element_type=\"widget\" data-widget_type=\"text-editor.default\">\n\t\t\t\t<div class=\"elementor-widget-container\">\n\t\t\t\t\t\t\t\t<div class=\"elementor-text-editor elementor-clearfix\">\n\t\t\t\t<p style=\"text-align: center;\"><strong><span style=\"color: #f07f3c;\">*\u00a0Este valor inclui desconto subsidiado pela Abem.<\/span><\/strong><\/p><p style=\"text-align: center;\"><strong><span style=\"color: #f07f3c;\">Todos os valores acima incluem o direito a duas refei\u00e7\u00f5es (almo\u00e7o nos dias 4 e 5\/11) no Centro de Conven\u00e7\u00f5es,<br \/>bem como ao coquetel na cerim\u00f4nia de abertura.<\/span><\/strong><\/p>\t\t\t\t\t<\/div>\n\t\t\t\t\t\t<\/div>\n\t\t\t\t<\/div>\n\t\t\t\t<div class=\"elementor-element elementor-element-3ec90e3 elementor-align-center elementor-widget elementor-widget-button\" data-id=\"3ec90e3\" data-element_type=\"widget\" data-widget_type=\"button.default\">\n\t\t\t\t<div class=\"elementor-widget-container\">\n\t\t\t\t\t<div class=\"elementor-button-wrapper\">\n\t\t\t<a href=\"https:\/\/admin.abem-nacional.com.br\/evento\/60-cobem\" target=\"_blank\" class=\"elementor-button-link elementor-button elementor-size-xs\" role=\"button\">\n\t\t\t\t\t\t<span class=\"elementor-button-content-wrapper\">\n\t\t\t\t\t\t<span class=\"elementor-button-text\">INSCREVA-SE (clique aqui)<\/span>\n\t\t<\/span>\n\t\t\t\t\t<\/a>\n\t\t<\/div>\n\t\t\t\t<\/div>\n\t\t\t\t<\/div>\n\t\t\t\t<div class=\"elementor-element elementor-element-a304a24 elementor-widget elementor-widget-text-editor\" data-id=\"a304a24\" data-element_type=\"widget\" data-widget_type=\"text-editor.default\">\n\t\t\t\t<div class=\"elementor-widget-container\">\n\t\t\t\t\t\t\t\t<div class=\"elementor-text-editor elementor-clearfix\">\n\t\t\t\t<p><strong>Observa\u00e7\u00f5es Importantes:<br><\/strong>a) As vagas para o evento s\u00e3o LIMITADAS!<br>b) Inscri\u00e7\u00f5es On-line: at\u00e9 o dia 24\/10\/2022<br>c) Formas de pagamentos dispon\u00edveis:<br>&#8211; Boleto Banc\u00e1rio (at\u00e9 o dia 24\/10\/2022)<br>&#8211; Cart\u00e3o de Cr\u00e9dito (em 5x at\u00e9 01\/08. Em 3x ap\u00f3s 01\/08)<br>&#8211; PIX<\/p>\n<p><b>Prazos para compensa\u00e7\u00e3o:<\/b><br>&#8211; Boleto Banc\u00e1rio: em at\u00e9 3 dias \u00fateis<br>&#8211; Cart\u00e3o de Cr\u00e9dito: em at\u00e9 1 hora<br>&#8211; PIX: 5 minutos<\/p>\t\t\t\t\t<\/div>\n\t\t\t\t\t\t<\/div>\n\t\t\t\t<\/div>\n\t\t\t\t<div class=\"elementor-element elementor-element-fe1b032 elementor-widget-divider--view-line elementor-widget elementor-widget-divider\" data-id=\"fe1b032\" data-element_type=\"widget\" data-widget_type=\"divider.default\">\n\t\t\t\t<div class=\"elementor-widget-container\">\n\t\t\t\t\t<div class=\"elementor-divider\">\n\t\t\t<span class=\"elementor-divider-separator\">\n\t\t\t\t\t\t<\/span>\n\t\t<\/div>\n\t\t\t\t<\/div>\n\t\t\t\t<\/div>\n\t\t\t\t<div class=\"elementor-element elementor-element-b806eac elementor-widget elementor-widget-heading\" data-id=\"b806eac\" data-element_type=\"widget\" data-widget_type=\"heading.default\">\n\t\t\t\t<div class=\"elementor-widget-container\">\n\t\t\t<h2 class=\"elementor-heading-title elementor-size-default\">PACOTE DE INSCRI\u00c7\u00d5ES<\/h2>\t\t<\/div>\n\t\t\t\t<\/div>\n\t\t\t\t<div class=\"elementor-element elementor-element-b5445a2 elementor-widget elementor-widget-text-editor\" data-id=\"b5445a2\" data-element_type=\"widget\" data-widget_type=\"text-editor.default\">\n\t\t\t\t<div class=\"elementor-widget-container\">\n\t\t\t\t\t\t\t\t<div class=\"elementor-text-editor elementor-clearfix\">\n\t\t\t\t<p>Ser\u00e3o aceitas inscri\u00e7\u00f5es por pacotes de pelo menos 10 (dez) inscri\u00e7\u00f5es, pagas em conjunto, de uma s\u00f3 vez, com emiss\u00e3o de boleto \u00fanico.<\/p><p>As inscri\u00e7\u00f5es podem ser realizadas por <strong>Pessoa Jur\u00eddica<\/strong> (escolas m\u00e9dicas ou outras Institui\u00e7\u00f5es) -associada a ABEM.<br \/>E por <strong>Pessoa F\u00edsica<\/strong>, atrav\u00e9s da realiza\u00e7\u00e3o <strong>SOMENTE do CADASTRO<\/strong> que vai gerar o (login + senha).<\/p><p>Para fazer o <strong>cadastro<\/strong>.<br \/>Clicar em \u201c<strong>inscreva-se aqui<\/strong>\u201d<br \/>Vai no MENU \u2013<strong> lado direito<\/strong> e clique em <strong>CADASTRO<\/strong>.<\/p><p><img loading=\"lazy\" class=\"alignnone size-full wp-image-1612\" src=\"https:\/\/cobem.com.br\/2022\/wp-content\/uploads\/2022\/04\/Cadastro_cobem.jpg\" alt=\"\" width=\"309\" height=\"126\" \/><\/p><p>Preencher seus dados pessoais (criando seu login e senha) e depois clicar em <strong>REGISTRAR<\/strong>. Agora voc\u00ea esta <strong>cadastrado no sistema do evento.<\/strong><\/p><p><span style=\"color: #339966;\"><strong>Observa\u00e7\u00e3o:<\/strong><br \/>Caso a Pessoa F\u00edsica, j\u00e1 tenha participados em qualquer congresso ABEM, nos \u00faltimos 02 (dois) anos, j\u00e1 possu\u00ed o CADASTRO.<\/span><\/p><p>As inscri\u00e7\u00f5es <strong>POR PACOTES<\/strong> dever\u00e3o ser realizadas atrav\u00e9s do painel do congressista no menu: <strong>INSCRI\u00c7\u00d5ES -&gt; PACOTE DE INSCRI\u00c7\u00d5ES.<\/strong><\/p><p><img loading=\"lazy\" class=\"alignnone size-full wp-image-1611\" src=\"https:\/\/cobem.com.br\/2022\/wp-content\/uploads\/2022\/04\/pacote_inscricoes_cobem.jpg\" alt=\"\" width=\"333\" height=\"173\" \/><\/p><p>Todos os congressistas, que ir\u00e3o compor o pacote, dever\u00e3o estar<span style=\"text-decoration: underline;\"><strong> previamente cadastrados no sistema.<\/strong><\/span> Caso contr\u00e1rio n\u00e3o ser\u00e1 poss\u00edvel inseri-los no pacote de inscri\u00e7\u00f5es.<\/p><p>Procedimento a seguir:<br \/><strong>Passo 1)<\/strong> A escola deve ter uma rela\u00e7\u00e3o de todos os participantes: com o Nome + CPF + categoria.<br \/><strong>Passo 2)<\/strong> depois cada participante, faz<strong> seu CADASTRO<\/strong>, que <span style=\"color: #ff0000;\">n\u00e3o<\/span> gera o BOLETO.<\/p><p><strong>Passo 3)<\/strong> ap\u00f3s isso a escola ou o participante respons\u00e1vel pelo <strong>PACOTE<\/strong> com seu <strong>LOGIN + SENHA<\/strong>, entra no sistema com o<strong> CPF e categoria<\/strong> de cada participante e insere os participantes do PACOTE. Ao final gera o Boleto \u00danico, imprime e realiza o pagamento.<br \/><strong>Observa\u00e7\u00e3o:<\/strong><br \/><strong> Caso a escola n\u00e3o lembre de seu acesso, digo (login + senha) \u00e9 s\u00f3 entrar em contato com o financeiro, pelo e-mail <span style=\"color: #339966;\">(adm@abem-educmed.org.br)<\/span> que a ser\u00e1 enviado no mesmo momento.<\/strong><\/p><p>Abaixo a tabela de desconto referente ao n\u00famero de congressistas por pacote.<br \/>DATA LIMITE para solicita\u00e7\u00e3o de Pacote at\u00e9 o dia: <strong>24\/10\/2022<\/strong><\/p><ul><li>Pacote de 10 a 20 inscritos, desconto de <strong>10%<\/strong><\/li><li>Pacote de 21 a 30 inscritos, desconto de <strong>15%<\/strong><\/li><li>Pacote de 31 a 50 inscritos, desconto de <strong>20%<\/strong><\/li><li>Pacote acima de 50 inscritos, desconto de <strong>25%<\/strong><\/li><\/ul>\t\t\t\t\t<\/div>\n\t\t\t\t\t\t<\/div>\n\t\t\t\t<\/div>\n\t\t\t\t<div class=\"elementor-element elementor-element-700cd63 elementor-widget-divider--view-line elementor-widget elementor-widget-divider\" data-id=\"700cd63\" data-element_type=\"widget\" data-widget_type=\"divider.default\">\n\t\t\t\t<div class=\"elementor-widget-container\">\n\t\t\t\t\t<div class=\"elementor-divider\">\n\t\t\t<span class=\"elementor-divider-separator\">\n\t\t\t\t\t\t<\/span>\n\t\t<\/div>\n\t\t\t\t<\/div>\n\t\t\t\t<\/div>\n\t\t\t\t<div class=\"elementor-element elementor-element-f5081ae elementor-widget elementor-widget-heading\" data-id=\"f5081ae\" data-element_type=\"widget\" data-widget_type=\"heading.default\">\n\t\t\t\t<div class=\"elementor-widget-container\">\n\t\t\t<h2 class=\"elementor-heading-title elementor-size-default\">INSCRI\u00c7\u00d5ES POR EMPENHO<\/h2>\t\t<\/div>\n\t\t\t\t<\/div>\n\t\t\t\t<div class=\"elementor-element elementor-element-b322b84 elementor-widget elementor-widget-text-editor\" data-id=\"b322b84\" data-element_type=\"widget\" data-widget_type=\"text-editor.default\">\n\t\t\t\t<div class=\"elementor-widget-container\">\n\t\t\t\t\t\t\t\t<div class=\"elementor-text-editor elementor-clearfix\">\n\t\t\t\t<p>1) Fazer contato a Secretaria da Abem, atrav\u00e9s dos e-mails: <span style=\"color: #008000;\"><strong>gerencia@abem-educmed.org.br<\/strong> \/ <strong>adm@abem-educmed.org.br<\/strong><\/span> ou pelos telefones (61)3024-8013 ou 3024-9978.<\/p><p>2) Solicitar a cada participante <strong>integrante do EMPENHO<\/strong> que fa\u00e7a seu cadastro, individualmente, no site do evento, pois os dados pessoais necessitam ser preenchidos pelo pr\u00f3prio congressista.<\/p><p>3) Posteriormente enviar a NOTA de EMPENHO (digitalizada), juntamente com a rela\u00e7\u00e3o nominal dos inscritos e seus respectivos CPFs e categoria de inscri\u00e7\u00e3o para os e-mails: <strong><span style=\"color: #008000;\">gerencia@abem-educmed.org.br \/ adm@abem-educmed.org.br<\/span><\/strong><br \/>**Citar ASSUNTO: <strong>Empenho 60\u00ba COBEM.<\/strong><\/p><p><strong>Confirma\u00e7\u00e3o de Inscri\u00e7\u00e3o:<\/strong><br \/>Ap\u00f3s a confirma\u00e7\u00e3o do recebimento da <strong>NOTA de EMPENHO<\/strong> pelo setor financeiro da Secretaria da ABEM, a baixa ser\u00e1 realizada no sistema de inscri\u00e7\u00f5es em at\u00e9 3 dias \u00fateis.<br \/>Observa\u00e7\u00e3o: Para fins de melhor estrutura e acomoda\u00e7\u00e3o de todos os participantes, informamos que as inscri\u00e7\u00f5es mediante EMPENHO, se encerram no dia <strong>24\/10\/2022<\/strong>.<\/p>\t\t\t\t\t<\/div>\n\t\t\t\t\t\t<\/div>\n\t\t\t\t<\/div>\n\t\t\t\t<div class=\"elementor-element elementor-element-24277b3 elementor-hidden-desktop elementor-hidden-tablet elementor-hidden-mobile elementor-widget-divider--view-line elementor-widget elementor-widget-divider\" data-id=\"24277b3\" data-element_type=\"widget\" data-widget_type=\"divider.default\">\n\t\t\t\t<div class=\"elementor-widget-container\">\n\t\t\t\t\t<div class=\"elementor-divider\">\n\t\t\t<span class=\"elementor-divider-separator\">\n\t\t\t\t\t\t<\/span>\n\t\t<\/div>\n\t\t\t\t<\/div>\n\t\t\t\t<\/div>\n\t\t\t\t<div class=\"elementor-element elementor-element-9ee470f elementor-hidden-desktop elementor-hidden-tablet elementor-hidden-mobile elementor-widget elementor-widget-heading\" data-id=\"9ee470f\" data-element_type=\"widget\" data-widget_type=\"heading.default\">\n\t\t\t\t<div class=\"elementor-widget-container\">\n\t\t\t<h2 class=\"elementor-heading-title elementor-size-default\">EDITAL DE A\u00c7\u00d5ES AFIRMATIVAS<\/h2>\t\t<\/div>\n\t\t\t\t<\/div>\n\t\t\t\t<div class=\"elementor-element elementor-element-642b3e2 elementor-hidden-desktop elementor-hidden-tablet elementor-hidden-mobile elementor-widget elementor-widget-text-editor\" data-id=\"642b3e2\" data-element_type=\"widget\" data-widget_type=\"text-editor.default\">\n\t\t\t\t<div class=\"elementor-widget-container\">\n\t\t\t\t\t\t\t\t<div class=\"elementor-text-editor elementor-clearfix\">\n\t\t\t\t<p><span style=\"color: #3b3b3b;\">A realiza\u00e7\u00e3o do edital de a\u00e7\u00f5es afirmativas tem por objetivo criar oportunidade para que estudantes se inscrevam com isen\u00e7\u00e3o de taxa de inscri\u00e7\u00e3o no COBEM. Diante das desigualdades e opress\u00f5es que historicamente organizaram nossa sociedade, o edital buscar\u00e1 ter no horizonte o combate a essas quest\u00f5es estruturantes na distribui\u00e7\u00e3o destas vagas, objetivando um congresso mais representativo e plural.<\/span><\/p><p><span style=\"color: #ff0000;\"><a style=\"color: #ff0000;\" href=\"https:\/\/cobem.com.br\/2022\/wp-content\/uploads\/2022\/08\/EDITAL_DE_ACOES_AFIRMATIVAS_COBEM_2022.pdf\" target=\"_blank\" rel=\"noopener\"><span style=\"text-decoration: underline;\"><strong><span style=\"color: #3b3b3b; text-decoration: underline;\">CLIQUE AQUI PARA VISUALIZAR O EDITAL COMPLETO.<\/span><\/strong><\/span><\/a><\/span><\/p>\t\t\t\t\t<\/div>\n\t\t\t\t\t\t<\/div>\n\t\t\t\t<\/div>\n\t\t\t\t<div class=\"elementor-element elementor-element-8cddfc6 elementor-widget-divider--view-line elementor-widget elementor-widget-divider\" data-id=\"8cddfc6\" data-element_type=\"widget\" data-widget_type=\"divider.default\">\n\t\t\t\t<div class=\"elementor-widget-container\">\n\t\t\t\t\t<div class=\"elementor-divider\">\n\t\t\t<span class=\"elementor-divider-separator\">\n\t\t\t\t\t\t<\/span>\n\t\t<\/div>\n\t\t\t\t<\/div>\n\t\t\t\t<\/div>\n\t\t\t\t<div class=\"elementor-element elementor-element-762e728 elementor-widget elementor-widget-heading\" data-id=\"762e728\" data-element_type=\"widget\" data-widget_type=\"heading.default\">\n\t\t\t\t<div class=\"elementor-widget-container\">\n\t\t\t<h2 class=\"elementor-heading-title elementor-size-default\">CERTIFICADOS<\/h2>\t\t<\/div>\n\t\t\t\t<\/div>\n\t\t\t\t<div class=\"elementor-element elementor-element-a57996a elementor-widget elementor-widget-text-editor\" data-id=\"a57996a\" data-element_type=\"widget\" data-widget_type=\"text-editor.default\">\n\t\t\t\t<div class=\"elementor-widget-container\">\n\t\t\t\t\t\t\t\t<div class=\"elementor-text-editor elementor-clearfix\">\n\t\t\t\t<p>Os certificados\u00a0<strong>DE PARTICIPA\u00c7\u00c3O<\/strong> ser\u00e3o disponibilizados, no painel do congressista, 15 (quinze) dias \u00fateis ap\u00f3s o t\u00e9rmino do evento. N\u00e3o haver\u00e1 emiss\u00e3o de certificados de participa\u00e7\u00e3o no local do evento.<\/p>\t\t\t\t\t<\/div>\n\t\t\t\t\t\t<\/div>\n\t\t\t\t<\/div>\n\t\t\t\t<div class=\"elementor-element elementor-element-83f8a03 elementor-widget-divider--view-line elementor-widget elementor-widget-divider\" data-id=\"83f8a03\" data-element_type=\"widget\" data-widget_type=\"divider.default\">\n\t\t\t\t<div class=\"elementor-widget-container\">\n\t\t\t\t\t<div class=\"elementor-divider\">\n\t\t\t<span class=\"elementor-divider-separator\">\n\t\t\t\t\t\t<\/span>\n\t\t<\/div>\n\t\t\t\t<\/div>\n\t\t\t\t<\/div>\n\t\t\t\t<div class=\"elementor-element elementor-element-b263e40 elementor-widget elementor-widget-heading\" data-id=\"b263e40\" data-element_type=\"widget\" data-widget_type=\"heading.default\">\n\t\t\t\t<div class=\"elementor-widget-container\">\n\t\t\t<h2 class=\"elementor-heading-title elementor-size-default\">POL\u00cdTICA DE REEMBOLSO<\/h2>\t\t<\/div>\n\t\t\t\t<\/div>\n\t\t\t\t<div class=\"elementor-element elementor-element-ba402a8 elementor-widget elementor-widget-text-editor\" data-id=\"ba402a8\" data-element_type=\"widget\" data-widget_type=\"text-editor.default\">\n\t\t\t\t<div class=\"elementor-widget-container\">\n\t\t\t\t\t\t\t\t<div class=\"elementor-text-editor elementor-clearfix\">\n\t\t\t\t<p><strong style=\"font-size: 14px;\">Sem Justificativa:<\/strong><span style=\"font-size: 14px;\">\u00a0Prazo para solicita\u00e7\u00e3o: at\u00e9 30 (trinta) dias antes do evento.<br \/>Valor a ser reembolsado: 80% do valor pago.<br \/><\/span><span style=\"font-family: Montserrat, sans-serif; font-size: 14px; font-style: normal; font-variant-ligatures: normal; font-variant-caps: normal; font-weight: 400;\">Deve-se acessar o painel do congressista, no menu superior clicar em &#8220;Inscri\u00e7\u00f5es -&gt; Minhas Inscri\u00e7\u00f5es&#8221; e solicitar o reembolso da fatura referente a inscri\u00e7\u00e3o no evento.<\/span><span style=\"font-size: 14px;\"><br \/><\/span><\/p><p><strong>Problemas de Sa\u00fade:<\/strong>\u00a0Prazo para solicita\u00e7\u00e3o: at\u00e9 3 (tr\u00eas) dias antes do evento. <br \/>Valor a ser reembolsado: 80% do valor pago.\u00a0<br \/><span style=\"font-family: Montserrat, sans-serif; font-size: 14px; font-style: normal; font-variant-ligatures: normal; font-variant-caps: normal; font-weight: 400;\">Deve-se acessar o painel do congressista, no menu superior clicar em &#8220;Inscri\u00e7\u00f5es -&gt; Minhas Inscri\u00e7\u00f5es&#8221; e solicitar o reembolso da fatura referente a inscri\u00e7\u00e3o no evento.<\/span><\/p><p><strong>Duplicidade de Pagamento:<\/strong>\u00a0<span style=\"font-family: Montserrat, sans-serif; font-size: 14px; font-style: normal; font-variant-ligatures: normal; font-variant-caps: normal; font-weight: 400;\">Prazo para solicita\u00e7\u00e3o: at\u00e9 3 (tr\u00eas) dias antes do evento.<br \/>Valor a ser reembolsado: 100% do valor pago.\u00a0<br \/><\/span><span style=\"font-family: Montserrat, sans-serif; font-size: 14px; font-style: normal; font-variant-ligatures: normal; font-variant-caps: normal; font-weight: 400;\">Deve-se acessar o painel do congressista, no menu superior clicar em &#8220;Inscri\u00e7\u00f5es -&gt; Minhas Inscri\u00e7\u00f5es&#8221; e solicitar o reembolso da fatura referente a inscri\u00e7\u00e3o no evento.<\/span><\/p><p><strong>N\u00e3o Comparecimento:\u00a0<\/strong>Em caso de n\u00e3o comparecimento, o valor pago pela inscri\u00e7\u00e3o do evento ou oficina n\u00e3o ser\u00e1 devolvido.<\/p>\t\t\t\t\t<\/div>\n\t\t\t\t\t\t<\/div>\n\t\t\t\t<\/div>\n\t\t\t\t<div class=\"elementor-element elementor-element-803466b elementor-widget elementor-widget-text-editor\" data-id=\"803466b\" data-element_type=\"widget\" data-widget_type=\"text-editor.default\">\n\t\t\t\t<div class=\"elementor-widget-container\">\n\t\t\t\t\t\t\t\t<div class=\"elementor-text-editor elementor-clearfix\">\n\t\t\t\t\t\t\t\t\t<\/div>\n\t\t\t\t\t\t<\/div>\n\t\t\t\t<\/div>\n\t\t\t\t\t\t<\/div>\n\t\t\t\t\t<\/div>\n\t\t<\/div>\n\t\t\t\t\t\t\t\t<\/div>\n\t\t\t\t\t<\/div>\n\t\t<\/section>\n\t\t\t\t\t\t\t\t\t<\/div>\n\t\t\t<\/div>\n\t\t\t\t\t<\/div>\n\t\t","protected":false},"excerpt":{"rendered":"<p>INSCRI\u00c7\u00d5ES ON-LINE TABELA DE VALORES *\u00a0Este valor inclui desconto subsidiado pela Abem. Todos os valores acima incluem o direito a duas refei\u00e7\u00f5es (almo\u00e7o nos dias 4 e 5\/11) no Centro de Conven\u00e7\u00f5es,bem como ao coquetel na cerim\u00f4nia de abertura. INSCREVA-SE (clique aqui) Observa\u00e7\u00f5es Importantes:a) As vagas para o evento s\u00e3o LIMITADAS!b) Inscri\u00e7\u00f5es On-line: at\u00e9 o [&hellip;]<\/p>\n","protected":false},"author":1,"featured_media":0,"parent":0,"menu_order":5,"comment_status":"closed","ping_status":"closed","template":"elementor_header_footer","meta":[],"_links":{"self":[{"href":"https:\/\/cobem.com.br\/2022\/wp-json\/wp\/v2\/pages\/183"}],"collection":[{"href":"https:\/\/cobem.com.br\/2022\/wp-json\/wp\/v2\/pages"}],"about":[{"href":"https:\/\/cobem.com.br\/2022\/wp-json\/wp\/v2\/types\/page"}],"author":[{"embeddable":true,"href":"https:\/\/cobem.com.br\/2022\/wp-json\/wp\/v2\/users\/1"}],"replies":[{"embeddable":true,"href":"https:\/\/cobem.com.br\/2022\/wp-json\/wp\/v2\/comments?post=183"}],"version-history":[{"count":147,"href":"https:\/\/cobem.com.br\/2022\/wp-json\/wp\/v2\/pages\/183\/revisions"}],"predecessor-version":[{"id":2106,"href":"https:\/\/cobem.com.br\/2022\/wp-json\/wp\/v2\/pages\/183\/revisions\/2106"}],"wp:attachment":[{"href":"https:\/\/cobem.com.br\/2022\/wp-json\/wp\/v2\/media?parent=183"}],"curies":[{"name":"wp","href":"https:\/\/api.w.org\/{rel}","templated":true}]}}