{"id":1938,"date":"2022-08-06T10:35:03","date_gmt":"2022-08-06T13:35:03","guid":{"rendered":"https:\/\/cobem.com.br\/2022\/?page_id=1938"},"modified":"2022-10-19T14:52:48","modified_gmt":"2022-10-19T17:52:48","slug":"alojamento-comunitario","status":"publish","type":"page","link":"https:\/\/cobem.com.br\/2022\/es\/o-cobem\/alojamento-comunitario\/","title":{"rendered":"ALOJAMENTO"},"content":{"rendered":"<div data-elementor-type=\"wp-page\" data-elementor-id=\"1938\" class=\"elementor elementor-1938\">\n\t\t\t\t\t\t<div class=\"elementor-inner\">\n\t\t\t\t<div class=\"elementor-section-wrap\">\n\t\t\t\t\t\t\t\t\t<section class=\"elementor-section elementor-top-section elementor-element elementor-element-420c082 elementor-section-height-min-height elementor-section-items-top elementor-section-boxed elementor-section-height-default\" data-id=\"420c082\" data-element_type=\"section\" data-settings=\"{&quot;background_background&quot;:&quot;classic&quot;}\">\n\t\t\t\t\t\t<div class=\"elementor-container elementor-column-gap-default\">\n\t\t\t\t\t\t\t<div class=\"elementor-row\">\n\t\t\t\t\t<div class=\"elementor-column elementor-col-100 elementor-top-column elementor-element elementor-element-3365024\" data-id=\"3365024\" data-element_type=\"column\">\n\t\t\t<div class=\"elementor-column-wrap elementor-element-populated\">\n\t\t\t\t\t\t\t<div class=\"elementor-widget-wrap\">\n\t\t\t\t\t\t<div class=\"elementor-element elementor-element-cb49f57 elementor-widget elementor-widget-heading\" data-id=\"cb49f57\" data-element_type=\"widget\" data-widget_type=\"heading.default\">\n\t\t\t\t<div class=\"elementor-widget-container\">\n\t\t\t<h2 class=\"elementor-heading-title elementor-size-default\">ALOJAMENTO ESTUDANTIL<\/h2>\t\t<\/div>\n\t\t\t\t<\/div>\n\t\t\t\t\t\t<\/div>\n\t\t\t\t\t<\/div>\n\t\t<\/div>\n\t\t\t\t\t\t\t\t<\/div>\n\t\t\t\t\t<\/div>\n\t\t<\/section>\n\t\t\t\t<section class=\"elementor-section elementor-top-section elementor-element elementor-element-f62d6f9 elementor-section-boxed elementor-section-height-default elementor-section-height-default\" data-id=\"f62d6f9\" data-element_type=\"section\" data-settings=\"{&quot;background_background&quot;:&quot;classic&quot;}\">\n\t\t\t\t\t\t<div class=\"elementor-container elementor-column-gap-default\">\n\t\t\t\t\t\t\t<div class=\"elementor-row\">\n\t\t\t\t\t<div class=\"elementor-column elementor-col-100 elementor-top-column elementor-element elementor-element-f16c5a4\" data-id=\"f16c5a4\" data-element_type=\"column\">\n\t\t\t<div class=\"elementor-column-wrap elementor-element-populated\">\n\t\t\t\t\t\t\t<div class=\"elementor-widget-wrap\">\n\t\t\t\t\t\t<div class=\"elementor-element elementor-element-774fd2e elementor-widget elementor-widget-heading\" data-id=\"774fd2e\" data-element_type=\"widget\" data-widget_type=\"heading.default\">\n\t\t\t\t<div class=\"elementor-widget-container\">\n\t\t\t<h2 class=\"elementor-heading-title elementor-size-default\">ALOJAMENTO COMUNIT\u00c1RIO ESTUDANTIL<br>\n60\u00ba CONGRESO BRASILE\u00d1O DE EDUCACI\u00d3N M\u00c9DICA\n<\/h2>\t\t<\/div>\n\t\t\t\t<\/div>\n\t\t\t\t<div class=\"elementor-element elementor-element-a304a24 elementor-widget elementor-widget-text-editor\" data-id=\"a304a24\" data-element_type=\"widget\" data-widget_type=\"text-editor.default\">\n\t\t\t\t<div class=\"elementor-widget-container\">\n\t\t\t\t\t\t\t\t<div class=\"elementor-text-editor elementor-clearfix\">\n\t\t\t\t<p><strong>EST\u00c3O ABERTAS AS INSCRI\u00c7\u00d5ES PARA O ALOJAMENTO ESTUDANTIL DO 60\u00ba COBEM!<\/strong><\/p><p>O alojamento tem vagas limitadas!<\/p><p><strong>Para participar, a\/o discente deve:<\/strong><\/p><ul><li>Estar com sua inscri\u00e7\u00e3o no congresso confirmada (paga);<\/li><li>Realizar a inscri\u00e7\u00e3o para o alojamento no painel do congressista do evento, no menu: <span style=\"text-decoration: underline;\"><strong>Inscri\u00e7\u00e3o -&gt; Inscreva-se<\/strong><\/span>\u00a0(<span style=\"color: #008000;\"><a style=\"color: #008000;\" href=\"https:\/\/admin.abem-nacional.com.br\/evento\/60-cobem\/login\" target=\"_blank\" rel=\"noopener\">clique aqui<\/a>)<\/span>;<\/li><li>Confirmar sua inscri\u00e7\u00e3o no alojamento pagando a taxa de R$ 50,00 no prazo do boleto e comprometer-se com o regulamento dispon\u00edvel abaixo.<\/li><li>Al\u00e9m da hospedagem, ser\u00e1 oferecido caf\u00e9 da manh\u00e3 no alojamento (nos dias 03, 04, 05 e 06\/11)\u00a0 e tamb\u00e9m transporte para o local do congresso. Para mais informa\u00e7\u00f5es, escreva para <span style=\"text-decoration: underline;\">alojamento.cobem@gmail.com<\/span><\/li><\/ul>\t\t\t\t\t<\/div>\n\t\t\t\t\t\t<\/div>\n\t\t\t\t<\/div>\n\t\t\t\t<div class=\"elementor-element elementor-element-5ca17c2 elementor-widget-divider--view-line elementor-widget elementor-widget-divider\" data-id=\"5ca17c2\" data-element_type=\"widget\" data-widget_type=\"divider.default\">\n\t\t\t\t<div class=\"elementor-widget-container\">\n\t\t\t\t\t<div class=\"elementor-divider\">\n\t\t\t<span class=\"elementor-divider-separator\">\n\t\t\t\t\t\t<\/span>\n\t\t<\/div>\n\t\t\t\t<\/div>\n\t\t\t\t<\/div>\n\t\t\t\t<div class=\"elementor-element elementor-element-99c8d48 elementor-widget elementor-widget-text-editor\" data-id=\"99c8d48\" data-element_type=\"widget\" data-widget_type=\"text-editor.default\">\n\t\t\t\t<div class=\"elementor-widget-container\">\n\t\t\t\t\t\t\t\t<div class=\"elementor-text-editor elementor-clearfix\">\n\t\t\t\t<p><strong>REGULAMENTO PARA USO DO ALOJAMENTO COMUNIT\u00c1RIO ESTUDANTIL:<\/strong><\/p><p><strong>1. CONSIDERA\u00c7\u00d5ES GERAIS<\/strong><\/p><p>1.1. O presente regulamento cont\u00e9m as normas das inscri\u00e7\u00f5es para o alojamento comunit\u00e1rio a ser oferecido durante o 60\u00b0 Congresso de Educa\u00e7\u00e3o M\u00e9dica \u2013 COBEM, bem como sobre as normas de funcionamento. O evento acontecer\u00e1 entre os dias 3 e 6 de novembro de 2022 em Foz do Igua\u00e7u, no Rafain Palace Hotel. O alojamento comunit\u00e1rio estar\u00e1 localizado no Gin\u00e1sio da UNILA.<\/p><p><strong>\u2013 Data de entrada no alojamento: 02\/11\/22 (a partir das 18h)<\/strong><br \/><strong>\u2013 Data de sa\u00edda do alojamento: 07\/11\/22 (at\u00e9 as 10h)<\/strong><\/p><p><strong><br \/>2. INSCRI\u00c7\u00c3O<\/strong><\/p><p>2.1. Ser\u00e3o disponibilizadas 350 vagas para todas as 9 Regionais da Abem.<br \/>\u00a0 \u00a0 \u00a0 \u00a02.1.1. Em continuidade \u00e0 pol\u00edtica de a\u00e7\u00f5es afirmativas da Abem, a Comiss\u00e3o Organizadora do Cobem definiu que parte dessas vagas estar\u00e3o acondicionadas com gratuidade para os estudantes contemplados no edital de A\u00e7\u00f5es Afirmativas do 60\u00ba Cobem, desde que manifestem a confirma\u00e7\u00e3o de interesse realizando sua inscri\u00e7\u00e3o no alojamento conforme definido neste regulamento.<br \/>\u00a0 \u00a0 \u00a0 \u00a02.1.2. A inscri\u00e7\u00e3o dos candidatos neste edital se encerrar\u00e1 no dia 01\/11\/2022 ou quando acabarem as vagas.<strong><br \/><\/strong><\/p><p>2.2. As vagas contemplam estudantes devidamente matriculados em Institui\u00e7\u00e3o de Ensino Superior (IES) autorizadas pelo Minist\u00e9rio da Educa\u00e7\u00e3o.<\/p><p>2.3. No caso de preenchimento de todas as vagas, a Comiss\u00e3o Organizadora avaliar\u00e1 a possibilidade de expans\u00e3o de seu quantitativo.<\/p><p>2.4. O acad\u00eamico dever\u00e1 pagar o valor de R$ 50,00 (Cinquenta Reais) para sua inscri\u00e7\u00e3o ao alojamento. Somente ser\u00e1 confirmada a inscri\u00e7\u00e3o ap\u00f3s compensa\u00e7\u00e3o do pagamento da fatura gerada no ato da inscri\u00e7\u00e3o. A reserva \u00e9 feita por ordem de pagamento.\u00a0<strong>Na ocorr\u00eancia do n\u00e3o pagamento, a reserva ser\u00e1 cancelada automaticamente.<br \/><\/strong><strong>\u00a0 \u00a0 \u00a0 \u00a02.4.1. Em caso de n\u00e3o comparecimento ou cancelamento, o valor pago pela inscri\u00e7\u00e3o n\u00e3o ser\u00e1 devolvido. A inscri\u00e7\u00e3o \u00e9 intransfer\u00edvel, ou seja, n\u00e3o \u00e9 poss\u00edvel transferir a inscri\u00e7\u00e3o para outra pessoa.<\/strong><\/p><p>2.5. A inscri\u00e7\u00e3o no alojamento estar\u00e1 dispon\u00edvel apenas aos congressistas j\u00e1 inscritos no evento e dever\u00e1 ser feita, no per\u00edodo de 10\/08\/2022 a 01\/11\/2022, pelo painel do congressista do evento no menu: <strong><u>Inscri\u00e7\u00e3o -&gt; Inscreva-se.<\/u><\/strong><\/p><p>2.6. N\u00e3o ser\u00e3o aceitas inscri\u00e7\u00f5es realizadas ou solicitadas por qualquer outro meio que n\u00e3o o especificado no Item 2.5.<\/p><p><strong><br \/>3. SOBRE A MODALIDADE \u201cALOJAMENTO COMUNIT\u00c1RIO\u201d<\/strong><\/p><p>3.1. A modalidade consiste em oferecer alojamento comunit\u00e1rio aos congressistas discentes interessados, a qual ser\u00e1 disponibilizada no\u00a0<strong>Gin\u00e1sio da Universidade Federal da Integra\u00e7\u00e3o Latino-Americanas \u2013 UNILA<\/strong>, entre os dias 2 e 7 de novembro de 2022.<\/p><p>3.2. O alojamento est\u00e1 localizado na Avenida Tarqu\u00ednio Joslin dos Santos, 1000 \u2013 Lot. Universit\u00e1rio das Am\u00e9ricas, Foz do Igua\u00e7u \u2013 PR, 85870-650.<\/p><p>3.3. O alojamento do Gin\u00e1sio da UNILA disp\u00f5e de 350 (trezentos e cinquenta) vagas, com banheiros distintos para homens, mulheres e adaptado para cadeirantes.<\/p><p>3.4. A entrada no alojamento s\u00f3 ser\u00e1 permitida mediante identifica\u00e7\u00e3o entregue \u00e0 Comiss\u00e3o Organizadora na chegada ao alojamento, que ser\u00e1 sua garantia de livre acesso \u00e0s depend\u00eancias do alojamento.<\/p><p><strong>4. DOS DIREITOS E DEVERES<\/strong><\/p><p>4.1. O alojamento \u00e9 exclusivo aos congressistas discentes inscritos do 60\u00b0 COBEM.<\/p><p>4.2. Dos deveres dos usu\u00e1rios do alojamento:<br \/>\u00a0 \u00a0 \u00a0 \u00a04.2.1. Levar, para fins de uso pessoal, objetos de higiene (toalha de banho, sabonete, escova e creme dental, shampoo, etc.);<br \/>\u00a0 \u00a0 \u00a0 \u00a04.2.2. Levar colch\u00e3o e\/ou barraca para se acomodar de forma confort\u00e1vel durante a estadia;<br \/>\u00a0 \u00a0 \u00a0 \u00a04.2.3. Cooperar e zelar pela manuten\u00e7\u00e3o da ordem, limpeza e seguran\u00e7a do alojamento comunit\u00e1rio;<br \/>\u00a0 \u00a0 \u00a0 \u00a04.2.4. Manter quarto e banheiros limpos;<br \/>\u00a0 \u00a0 \u00a0 \u00a04.2.5. N\u00e3o perturbar o repouso noturno entre 00h e 7h, bem como n\u00e3o fazer barulhos excessivos em qualquer hor\u00e1rio;<br \/>\u00a0 \u00a0 \u00a0 \u00a04.2.6. N\u00e3o s\u00e3o permitidas, nesse per\u00edodo de realiza\u00e7\u00e3o do evento, festas no alojamento comunit\u00e1rio;<br \/>\u00a0 \u00a0 \u00a0 \u00a04.2.7. Assumir obriga\u00e7\u00e3o solid\u00e1ria, com os demais benefici\u00e1rios de vaga no alojamento, pela conserva\u00e7\u00e3o das \u00e1reas de uso comum;<br \/>\u00a0 \u00a0 \u00a0 \u00a04.2.8. Zelar pelos m\u00f3veis, instala\u00e7\u00f5es e equipamentos do alojamento e responsabilizar-se pela indeniza\u00e7\u00e3o dos preju\u00edzos causados por estragos ou desvios dos mesmos, uma vez comprovada a culpa ou dolo;<br \/>\u00a0 \u00a0 \u00a0 \u00a04.2.9. Verificar, ao sair do local em que ocupar vaga no alojamento, se as janelas e torneiras est\u00e3o fechadas, as luzes apagadas e as instala\u00e7\u00f5es el\u00e9tricas desligadas;<br \/>\u00a0 \u00a0 \u00a0 \u00a04.2.10. Zelar pela conviv\u00eancia harmoniosa, respeitando princ\u00edpios de foro \u00edntimo dos demais beneficiados com a concess\u00e3o de vaga no alojamento;<br \/>\u00a0 \u00a0 \u00a0 \u00a04.2.11. Levar medicamentos de uso pessoal, se utilizados, responsabilizando-se por seu armazenamento e por sua utiliza\u00e7\u00e3o.<\/p><p>4.3. Dos direitos dos usu\u00e1rios do alojamento:<br \/>\u00a0 \u00a0 \u00a0 \u00a04.3.1. Usufruir do patrim\u00f4nio do alojamento; o congressista disp\u00f5e de: box individual para banho; equipe de seguran\u00e7a 24 horas; equipe di\u00e1ria de limpeza.<br \/>\u00a0 \u00a0 \u00a0 \u00a04.3.2. Usufruir da vaga que lhe foi destinada, salvaguardando e garantindo a integridade da \u00e1rea ocupada, assim como dos bens patrimoniais que a guarnecem;<br \/>\u00a0 \u00a0 \u00a0 \u00a04.3.3. Caf\u00e9 da manh\u00e3, durante todos os dias do evento (nos dias 03, 04, 05 e 06\/11);<br \/>\u00a0 \u00a0 \u00a0 \u00a04.3.4. Utilizar o transporte disponibilizado pelo evento para translado de ida e volta entre o alojamento e o local do evento, nos hor\u00e1rios definidos pela comiss\u00e3o organizadora.<\/p><p>4.4. Dos deveres da organiza\u00e7\u00e3o do Evento:<br \/>\u00a0 \u00a0 \u00a0 \u00a04.4.1. Oferecer caf\u00e9 da manh\u00e3 diariamente aos h\u00f3spedes no alojamento, o qual estar\u00e1 dispon\u00edvel no hor\u00e1rio de 7h;<br \/>\u00a0 \u00a0 \u00a0 \u00a04.4.2. Organizar a sa\u00edda dos congressistas no hor\u00e1rio de 7h30min e hor\u00e1rio de chegada ap\u00f3s as 16h, pontualmente;<br \/>\u00a0 \u00a0 \u00a0 \u00a04.4.3. Hospedar os congressistas entre os dias 2 e 7 de novembro de 2022;<br \/>\u00a0 \u00a0 \u00a0 \u00a04.4.4. A Comiss\u00e3o Organizadora n\u00e3o assume qualquer responsabilidade pelos pertences e objetos de valor deixados no interior do Alojamento.<\/p><p><strong>5. DAS FINALIDADES<\/strong><\/p><p>5.1. S\u00e3o finalidades a ambas as partes envolvidas, alojado e organiza\u00e7\u00e3o:<br \/>\u00a0 \u00a0 \u00a0 \u00a05.1.1. Oferecer alojamento de baixo custo aos estudantes;<br \/>\u00a0 \u00a0 \u00a0 \u00a05.1.2. Conhecer a realidade de estudantes de medicina de diferentes faculdades e\/ou universidades.<\/p><p><strong>6. DAS PROIBI\u00c7\u00d5ES<\/strong><\/p><p>6.1. \u00c9 terminantemente proibido aos beneficiados com a concess\u00e3o de vaga no alojamento:<br \/>\u00a0 \u00a0 \u00a0 \u00a06.1.1. A\u00e7\u00f5es de discrimina\u00e7\u00e3o de qualquer natureza; racismo; lgbtfobia; machismo; capacitismo; xenofobia e quaisquer outras formas de preconceito e intoler\u00e2ncia;<br \/>\u00a0 \u00a0 \u00a0 \u00a06.1.2. Entrar no alojamento comunit\u00e1rio e suas depend\u00eancias com bebidas alco\u00f3licas;<br \/>\u00a0 \u00a0 \u00a0 \u00a06.1.3. Fazer uso de fumo de qualquer esp\u00e9cie (cigarro eletr\u00f4nico, cigarro artesanal, narguil\u00e9, etc.) e portar ou consumir qualquer tipo de drogas il\u00edcitas;<br \/>\u00a0 \u00a0 \u00a0 \u00a06.1.4. Utilizar os equipamentos de combate a inc\u00eandio, bem como as escadas, para outros fins que n\u00e3o sejam os de seguran\u00e7a;<br \/>\u00a0 \u00a0 \u00a0 \u00a06.1.5. Manter armas de fogo em qualquer depend\u00eancia do alojamento;<br \/>\u00a0 \u00a0 \u00a0 \u00a06.1.6. Levar ou manter animais no alojamento;<br \/>\u00a0 \u00a0 \u00a0 \u00a06.1.7. Permitir ou facilitar a entrada de pessoas estranhas, sem estarem devidamente identificadas e autorizadas pela organiza\u00e7\u00e3o;<br \/>\u00a0 \u00a0 \u00a0 \u00a06.1.8. N\u00e3o observar conduta adequada no trajar, sendo terminantemente proibido transitar vestindo biqu\u00ednis, sungas ou roupas que possam causar constrangimento \u00e0s demais pessoas;<br \/>\u00a0 \u00a0 \u00a0 \u00a06.1.9. Retirar bens patrimoniais que guarne\u00e7am os pr\u00e9dios e ou locais em que estiverem ocupando vaga no alojamento;<br \/>\u00a0 \u00a0 \u00a0 \u00a06.1.10. Instalar no alojamento fog\u00f5es el\u00e9tricos ou a g\u00e1s, fogareiros el\u00e9tricos, a g\u00e1s ou a \u00e1lcool, fornos el\u00e9tricos simples ou microondas, m\u00e1quinas de lavar, secadoras de roupas, torneiras el\u00e9tricas, impressoras, freezer, ebulidores, aquecedores de ambiente, ou panelas, cafeteiras, torradeiras e fritadeiras el\u00e9tricas, entre outros equipamentos;<br \/>\u00a0 \u00a0 \u00a0 \u00a06.1.11. Manter ou utilizar subst\u00e2ncias t\u00f3xicas, explosivas ou inflam\u00e1veis em qualquer \u00e1rea do alojamento;<br \/>\u00a0 \u00a0 \u00a0 \u00a06.1.12. Depositar lixo fora dos locais espec\u00edficos para esta finalidade;<br \/>\u00a0 \u00a0 \u00a0 \u00a06.1.13. Utilizar o local em que estiver ocupando vaga ou qualquer \u00e1rea do alojamento para fins comerciais;<br \/>\u00a0 \u00a0 \u00a0 \u00a06.1.14. Perturbar o bom funcionamento do alojamento;<br \/>\u00a0 \u00a0 \u00a0 \u00a06.1.15. Promover festas, churrascos ou eventos similares nas \u00e1reas comuns.<\/p><p><strong>7. DAS DISPOSI\u00c7\u00d5ES FINAIS<\/strong><\/p><p>7.1. A inscri\u00e7\u00e3o neste edital denota a concord\u00e2ncia esclarecida com o compromisso de indeniza\u00e7\u00e3o por qualquer dano causado ao patrim\u00f4nio da UNILA.<\/p><p>7.2. A Abem e o Cobem n\u00e3o se responsabilizam por pertences deixados no local, perdidos ou extraviados, devendo cada um dos estudantes alojados supervisionar e zelar por seus pertences e os dos demais.<\/p><p>7.3. Os casos omissos ser\u00e3o resolvidos pela comiss\u00e3o organizadora do COBEM. Em caso de d\u00favidas\/questionamentos, basta encaminhar e-mail para o endere\u00e7o: <strong><span style=\"text-decoration: underline;\">alojamento.cobem@gmail.com<\/span><\/strong> ou procurar um respons\u00e1vel da Comiss\u00e3o de apoio ao discente do COBEM. Este Regulamento entra em vigor na data de sua publica\u00e7\u00e3o, revogadas as disposi\u00e7\u00f5es em contr\u00e1rio.<\/p><p style=\"text-align: right;\">Foz do Igua\u00e7u, 10 de agosto de 2022<br \/><strong>60\u00ba Congreso Brasile\u00f1o de Educaci\u00f3n M\u00e9dica<\/strong><br \/>Comisi\u00f3n Organizadora:<\/p>\t\t\t\t\t<\/div>\n\t\t\t\t\t\t<\/div>\n\t\t\t\t<\/div>\n\t\t\t\t<div class=\"elementor-element elementor-element-fc4834d elementor-widget elementor-widget-spacer\" data-id=\"fc4834d\" data-element_type=\"widget\" data-widget_type=\"spacer.default\">\n\t\t\t\t<div class=\"elementor-widget-container\">\n\t\t\t\t\t<div class=\"elementor-spacer\">\n\t\t\t<div class=\"elementor-spacer-inner\"><\/div>\n\t\t<\/div>\n\t\t\t\t<\/div>\n\t\t\t\t<\/div>\n\t\t\t\t\t\t<\/div>\n\t\t\t\t\t<\/div>\n\t\t<\/div>\n\t\t\t\t\t\t\t\t<\/div>\n\t\t\t\t\t<\/div>\n\t\t<\/section>\n\t\t\t\t\t\t\t\t\t<\/div>\n\t\t\t<\/div>\n\t\t\t\t\t<\/div>","protected":false},"excerpt":{"rendered":"<p>ALOJAMENTO ESTUDANTIL ALOJAMENTO COMUNIT\u00c1RIO ESTUDANTIL 60\u00ba CONGRESSO BRASILEIRO DE EDUCA\u00c7\u00c3O M\u00c9DICA EST\u00c3O ABERTAS AS INSCRI\u00c7\u00d5ES PARA O ALOJAMENTO ESTUDANTIL DO 60\u00ba COBEM! O alojamento tem vagas limitadas! Para participar, a\/o discente deve: Estar com sua inscri\u00e7\u00e3o no congresso confirmada (paga); Realizar a inscri\u00e7\u00e3o para o alojamento no painel do congressista do evento, no menu: Inscri\u00e7\u00e3o [&hellip;]<\/p>","protected":false},"author":1,"featured_media":0,"parent":181,"menu_order":4,"comment_status":"closed","ping_status":"closed","template":"elementor_header_footer","meta":[],"_links":{"self":[{"href":"https:\/\/cobem.com.br\/2022\/es\/wp-json\/wp\/v2\/pages\/1938"}],"collection":[{"href":"https:\/\/cobem.com.br\/2022\/es\/wp-json\/wp\/v2\/pages"}],"about":[{"href":"https:\/\/cobem.com.br\/2022\/es\/wp-json\/wp\/v2\/types\/page"}],"author":[{"embeddable":true,"href":"https:\/\/cobem.com.br\/2022\/es\/wp-json\/wp\/v2\/users\/1"}],"replies":[{"embeddable":true,"href":"https:\/\/cobem.com.br\/2022\/es\/wp-json\/wp\/v2\/comments?post=1938"}],"version-history":[{"count":19,"href":"https:\/\/cobem.com.br\/2022\/es\/wp-json\/wp\/v2\/pages\/1938\/revisions"}],"predecessor-version":[{"id":2178,"href":"https:\/\/cobem.com.br\/2022\/es\/wp-json\/wp\/v2\/pages\/1938\/revisions\/2178"}],"up":[{"embeddable":true,"href":"https:\/\/cobem.com.br\/2022\/es\/wp-json\/wp\/v2\/pages\/181"}],"wp:attachment":[{"href":"https:\/\/cobem.com.br\/2022\/es\/wp-json\/wp\/v2\/media?parent=1938"}],"curies":[{"name":"wp","href":"https:\/\/api.w.org\/{rel}","templated":true}]}}