{"id":1639,"date":"2022-05-12T15:06:31","date_gmt":"2022-05-12T18:06:31","guid":{"rendered":"https:\/\/cobem.com.br\/2022\/?page_id=1639"},"modified":"2022-07-20T13:35:42","modified_gmt":"2022-07-20T16:35:42","slug":"acoes-afirmativas","status":"publish","type":"page","link":"https:\/\/cobem.com.br\/2022\/es\/o-cobem\/acoes-afirmativas\/","title":{"rendered":"A\u00c7\u00d5ES AFIRMATIVAS"},"content":{"rendered":"<div data-elementor-type=\"wp-page\" data-elementor-id=\"1639\" class=\"elementor elementor-1639\">\n\t\t\t\t\t\t<div class=\"elementor-inner\">\n\t\t\t\t<div class=\"elementor-section-wrap\">\n\t\t\t\t\t\t\t\t\t<section class=\"elementor-section elementor-top-section elementor-element elementor-element-420c082 elementor-section-height-min-height elementor-section-items-top elementor-section-boxed elementor-section-height-default\" data-id=\"420c082\" data-element_type=\"section\" data-settings=\"{&quot;background_background&quot;:&quot;classic&quot;}\">\n\t\t\t\t\t\t<div class=\"elementor-container elementor-column-gap-default\">\n\t\t\t\t\t\t\t<div class=\"elementor-row\">\n\t\t\t\t\t<div class=\"elementor-column elementor-col-100 elementor-top-column elementor-element elementor-element-3365024\" data-id=\"3365024\" data-element_type=\"column\">\n\t\t\t<div class=\"elementor-column-wrap elementor-element-populated\">\n\t\t\t\t\t\t\t<div class=\"elementor-widget-wrap\">\n\t\t\t\t\t\t<div class=\"elementor-element elementor-element-cb49f57 elementor-widget elementor-widget-heading\" data-id=\"cb49f57\" data-element_type=\"widget\" data-widget_type=\"heading.default\">\n\t\t\t\t<div class=\"elementor-widget-container\">\n\t\t\t<h2 class=\"elementor-heading-title elementor-size-default\">A\u00c7\u00d5ES AFIRMATIVAS<\/h2>\t\t<\/div>\n\t\t\t\t<\/div>\n\t\t\t\t\t\t<\/div>\n\t\t\t\t\t<\/div>\n\t\t<\/div>\n\t\t\t\t\t\t\t\t<\/div>\n\t\t\t\t\t<\/div>\n\t\t<\/section>\n\t\t\t\t<section class=\"elementor-section elementor-top-section elementor-element elementor-element-f62d6f9 elementor-section-boxed elementor-section-height-default elementor-section-height-default\" data-id=\"f62d6f9\" data-element_type=\"section\" data-settings=\"{&quot;background_background&quot;:&quot;classic&quot;}\">\n\t\t\t\t\t\t<div class=\"elementor-container elementor-column-gap-default\">\n\t\t\t\t\t\t\t<div class=\"elementor-row\">\n\t\t\t\t\t<div class=\"elementor-column elementor-col-100 elementor-top-column elementor-element elementor-element-f16c5a4\" data-id=\"f16c5a4\" data-element_type=\"column\">\n\t\t\t<div class=\"elementor-column-wrap elementor-element-populated\">\n\t\t\t\t\t\t\t<div class=\"elementor-widget-wrap\">\n\t\t\t\t\t\t<div class=\"elementor-element elementor-element-774fd2e elementor-widget elementor-widget-heading\" data-id=\"774fd2e\" data-element_type=\"widget\" data-widget_type=\"heading.default\">\n\t\t\t\t<div class=\"elementor-widget-container\">\n\t\t\t<h2 class=\"elementor-heading-title elementor-size-default\">Edital de A\u00e7\u00f5es Afirmativas<br\/>Lista de classifica\u00e7\u00e3o por Regional<\/h2>\t\t<\/div>\n\t\t\t\t<\/div>\n\t\t\t\t<div class=\"elementor-element elementor-element-a304a24 elementor-widget elementor-widget-text-editor\" data-id=\"a304a24\" data-element_type=\"widget\" data-widget_type=\"text-editor.default\">\n\t\t\t\t<div class=\"elementor-widget-container\">\n\t\t\t\t\t\t\t\t<div class=\"elementor-text-editor elementor-clearfix\">\n\t\t\t\t<p><strong>ORIENTA\u00c7\u00d5ES<\/strong><\/p><p>&#8211; Os classificados ter\u00e3o at\u00e9 o dia <strong>30\/07\/22<\/strong> \u00e0s 23:59 (hor\u00e1rio de Bras\u00edlia) para se cadastrar no evento. N\u00e3o \u00e9 necess\u00e1rio se inscrever no evento, apenas se cadastrar (gerar login e senha para acesso ao painel do congressista). Caso j\u00e1 possua cadastro na Abem (por ser associado ou ja ter participado de um evento recente) n\u00e3o \u00e9 necess\u00e1rio realizar nenhuma a\u00e7\u00e3o.<\/p><p>&#8211; Os classificados ter\u00e3o a isen\u00e7\u00e3o total da taxa de inscri\u00e7\u00e3o do evento, incluindo dois almo\u00e7os e um coquetel. Esta isen\u00e7\u00e3o ser\u00e1 realizada internamente pela secretaria da Abem.<\/p><p>&#8211; Caso n\u00e3o seja localizado o cadastro do usu\u00e1rio e o mesmo n\u00e3o tenha retornado eventuais e-mails da secretaria at\u00e9 a data de 30\/07\/22, n\u00e3o ser\u00e1 poss\u00edvel atribuir a isen\u00e7\u00e3o da taxa de inscri\u00e7\u00e3o.<\/p>\t\t\t\t\t<\/div>\n\t\t\t\t\t\t<\/div>\n\t\t\t\t<\/div>\n\t\t\t\t<div class=\"elementor-element elementor-element-f85a267 elementor-align-center elementor-widget elementor-widget-button\" data-id=\"f85a267\" data-element_type=\"widget\" data-widget_type=\"button.default\">\n\t\t\t\t<div class=\"elementor-widget-container\">\n\t\t\t\t\t<div class=\"elementor-button-wrapper\">\n\t\t\t<a href=\"https:\/\/cobem.com.br\/2022\/wp-content\/uploads\/2022\/07\/60CObem_Acoes_Afirmativas.pdf\" target=\"_blank\" class=\"elementor-button-link elementor-button elementor-size-sm\" role=\"button\">\n\t\t\t\t\t\t<span class=\"elementor-button-content-wrapper\">\n\t\t\t\t\t\t<span class=\"elementor-button-text\">VISUALIZAR CLASSIFICA\u00c7\u00c3O<\/span>\n\t\t<\/span>\n\t\t\t\t\t<\/a>\n\t\t<\/div>\n\t\t\t\t<\/div>\n\t\t\t\t<\/div>\n\t\t\t\t<div class=\"elementor-element elementor-element-1c8938c elementor-widget-divider--view-line elementor-widget elementor-widget-divider\" data-id=\"1c8938c\" data-element_type=\"widget\" data-widget_type=\"divider.default\">\n\t\t\t\t<div class=\"elementor-widget-container\">\n\t\t\t\t\t<div class=\"elementor-divider\">\n\t\t\t<span class=\"elementor-divider-separator\">\n\t\t\t\t\t\t<\/span>\n\t\t<\/div>\n\t\t\t\t<\/div>\n\t\t\t\t<\/div>\n\t\t\t\t<div class=\"elementor-element elementor-element-d180e5d elementor-widget elementor-widget-heading\" data-id=\"d180e5d\" data-element_type=\"widget\" data-widget_type=\"heading.default\">\n\t\t\t\t<div class=\"elementor-widget-container\">\n\t\t\t<h2 class=\"elementor-heading-title elementor-size-default\">EDITAL DE A\u00c7\u00d5ES AFIRMATIVAS<br>\n60\u00ba CONGRESO BRASILE\u00d1O DE EDUCACI\u00d3N M\u00c9DICA\n<\/h2>\t\t<\/div>\n\t\t\t\t<\/div>\n\t\t\t\t<div class=\"elementor-element elementor-element-2af4fbf elementor-widget elementor-widget-heading\" data-id=\"2af4fbf\" data-element_type=\"widget\" data-widget_type=\"heading.default\">\n\t\t\t\t<div class=\"elementor-widget-container\">\n\t\t\t<h2 class=\"elementor-heading-title elementor-size-default\">Ciencia, cuidado y resiliencia en la Educaci\u00f3n M\u00e9dica\n<\/h2>\t\t<\/div>\n\t\t\t\t<\/div>\n\t\t\t\t<div class=\"elementor-element elementor-element-da412b3 elementor-widget elementor-widget-text-editor\" data-id=\"da412b3\" data-element_type=\"widget\" data-widget_type=\"text-editor.default\">\n\t\t\t\t<div class=\"elementor-widget-container\">\n\t\t\t\t\t\t\t\t<div class=\"elementor-text-editor elementor-clearfix\">\n\t\t\t\t<p><strong>1. DEL EVENTO<\/strong><\/p><p>1.1. As regras a seguir dizem respeito a a\u00e7\u00f5es afirmativas para inscri\u00e7\u00f5es no 60\u00ba Congresso Brasileiro de Educa\u00e7\u00e3o M\u00e9dica, que ocorrer\u00e1 nos dias <strong>03\/11\/2022 el 06\/11\/2022<\/strong>, presencial em Foz do Igua\u00e7u.<\/p><p>1.2. A realiza\u00e7\u00e3o do edital de a\u00e7\u00f5es afirmativas tem por objetivo criar oportunidade para que estudantes se inscrevam com isen\u00e7\u00e3o de taxa de inscri\u00e7\u00e3o no COBEM. Diante das desigualdades e opress\u00f5es que historicamente organizaram nossa sociedade, o edital buscar\u00e1 ter no horizonte o combate a essas quest\u00f5es estruturantes na distribui\u00e7\u00e3o destas vagas, objetivando um congresso mais representativo e plural.<\/p><p><strong><br \/>2. DAS VAGAS<\/strong><\/p><p>2.1. Ser\u00e3o disponibilizadas<strong> 20 vagas<\/strong> por cada uma das <strong>9 Regionais da ABEM<\/strong> (Norte, Nordeste 2, Nordeste 1, Centro-Oeste, Minas Gerais, S\u00e3o Paulo, Rio de Janeiro\/Esp\u00edrito Santo, Sul 2 e Sul 1), totalizando <strong>180 vagas<\/strong> neste edital.<\/p><p>2.2. As vagas contemplam estudantes de medicina devidamente matriculados em Institui\u00e7\u00e3o de Ensino Superior (IES) autorizadas pelo Minist\u00e9rio da Educa\u00e7\u00e3o.<\/p><p>2.3. O estudante contemplado com uma das vagas deste edital ter\u00e1 sua inscri\u00e7\u00e3o realizada no 60\u00ba COBEM com <strong>isen\u00e7\u00e3o completa do valor, al\u00e9m da garantia das refei\u00e7\u00f5es inclu\u00eddas.<\/strong><\/p><p>2.4. Cada estudante pleitear\u00e1 uma vaga dentro das dispon\u00edveis para sua regional.<\/p><p>2.5. No caso de n\u00e3o preenchimento das vagas de qualquer uma das regionais, as vagas excedentes ser\u00e3o disponibilizadas em uma lista geral para todos os inscritos no edital e n\u00e3o contemplados, independente da regional de origem.<\/p><p><strong><br \/>3. DA INSCRI\u00c7\u00c3O<\/strong><\/p><p>3.1. O candidato dever\u00e1 se inscrever no Edital atrav\u00e9s do preenchimento do link: <span style=\"color: #ff6600;\"><a style=\"color: #ff6600;\" href=\"https:\/\/bit.ly\/Afirma60Cobem\" target=\"_blank\" rel=\"noopener\">https:\/\/bit.ly\/Afirma60Cobem<\/a><\/span><\/p><p>3.2. N\u00e3o ser\u00e3o aceitas inscri\u00e7\u00f5es realizadas ou solicitadas por qualquer outro meio que n\u00e3o o especificado no Item 3.1.<\/p><p>3.3. A inscri\u00e7\u00e3o dos candidatos neste edital se encerrar\u00e1 em <strong>01\/07\/2022 \u00e0s 23:59h<\/strong> (hor\u00e1rio de Bras\u00edlia).<\/p><p>3.4. O Edital contemplar\u00e1 apenas candidatos que ainda <strong>n\u00e3o pagaram<\/strong> sua inscri\u00e7\u00e3o no COBEM.<\/p><p>3.5. Os candidatos que se inscreverem no Edital e j\u00e1 tiverem efetuado o pagamento de suas inscri\u00e7\u00f5es ser\u00e3o desclassificados, haja visto n\u00e3o estar previsto reembolso do valor de inscri\u00e7\u00e3o.<\/p><p><strong><br \/>4. DA PONTUA\u00c7\u00c3O<\/strong><strong>\u00a0<\/strong><\/p><p>4.1. A pontua\u00e7\u00e3o do candidato ser\u00e1 contabilizada a partir do preenchimento do formul\u00e1rio especificado no Item 3.1.<\/p><p>4.2. Cada candidato poder\u00e1 pontuar uma vez em cada um dos crit\u00e9rios, desde que preencha e envie as documenta\u00e7\u00f5es comprobat\u00f3rias definidas no item 5.<\/p><p>4.3. Os itens que pontuam no question\u00e1rio de inscri\u00e7\u00e3o s\u00e3o:<\/p><p><strong>&#8211; CRIT\u00c9RIO G\u00caNERO &#8211;<\/strong><\/p><ul><li>Homem Trans | +10 pontos<\/li><li>Homem Cis | +0 pontos<\/li><li>Mulher Trans | +10 pontos<\/li><li>Mulher Cis | +0 pontos<\/li><li>Pessoa N\u00e3o-bin\u00e1ria | + 05 pontos<\/li><\/ul><p><strong>&#8211; CRIT\u00c9RIO COR\/ETNIA &#8211;<\/strong><\/p><ul><li>Branca(o) | +0 pontos<\/li><li>Parda(o) | +10 pontos<\/li><li>Preta(o) | +10 pontos<\/li><li>Amarela(o) | +10 pontos<\/li><li>Ind\u00edgena | +10 pontos<\/li><\/ul><p><strong>&#8211; CRIT\u00c9RIO BOLSISTA &#8211;<\/strong><\/p><ul><li>Bolsista ProUni\/FIES\/Institucional | +10 pontos<\/li><li>Bolsista de assist\u00eancia\/perman\u00eancia estudantil na IES | +10 pontos<\/li><\/ul><p><strong>&#8211; CRIT\u00c9RIO PERCURSO ESTUDANTIL &#8211;<\/strong><\/p><ul><li>Ensino Fundamental (completo ou n\u00e3o) em Escola P\u00fablica | +05 pontos<\/li><li>Ensino M\u00e9dio (completo ou n\u00e3o) em Escola P\u00fablica | +05 pontos<\/li><\/ul><p><strong>&#8211; CRIT\u00c9RIO RENDA &#8211;<\/strong><\/p><ul><li>Renda per capita familiar menor que 1 sal\u00e1rio-m\u00ednimo | +10 pontos<\/li><li>Renda per capita familiar entre 1 e 2 sal\u00e1rios-m\u00ednimos | +05 pontos<\/li><li>Renda per capita familiar maior que 2 sal\u00e1rios-m\u00ednimos | +0 pontos<\/li><\/ul><p><strong>&#8211; OUTROS CRIT\u00c9RIOS &#8211;<\/strong><\/p><ul><li>Pessoa com defici\u00eancia | +10 pontos<\/li><li>Pessoas refugiadas\/ em situa\u00e7\u00e3o de migra\u00e7\u00e3o compuls\u00f3ria | +10 pontos<\/li><\/ul><p><strong><br \/>5. DA COMPROVA\u00c7\u00c3O DAS INFORMA\u00c7\u00d5ES<\/strong><\/p><p>5.1. Para comprova\u00e7\u00e3o das informa\u00e7\u00f5es declaradas ser\u00e3o necess\u00e1rios documentos espec\u00edficos para cada crit\u00e9rio.<\/p><p>5.2. Os itens dos 1. CRIT\u00c9RIOS G\u00caNERO, 2. COR\/ETNIA E 6. OUTROS CRIT\u00c9RIOS ser\u00e3o definidos por autodeclara\u00e7\u00e3o, n\u00e3o sendo assim necess\u00e1rio qualquer tipo de comprovante.<\/p><p>5.3 Dever\u00e1 ser anexada ao formul\u00e1rio descrito no Item 3.1<strong> documento de Identidade com foto e comprovante de matr\u00edcula na IES no per\u00edodo vigente.<\/strong><\/p><p>5.4. Dever\u00e1 ser anexado ao formul\u00e1rio descrito no Item 3.1, caso o candidato se enquadre neste crit\u00e9rio, documento que comprove a condi\u00e7\u00e3o de bolsista (integral ou parcial) ProUni, FIES, ou por qualquer programa institucional de concess\u00e3o de bolsa.<\/p><p>5.5. Dever\u00e1 ser anexado ao formul\u00e1rio descrito no Item 3.1, caso o candidato se enquadre neste crit\u00e9rio, documento que comprove estudo durante ensino fundamental e\/ou m\u00e9dio em institui\u00e7\u00e3o p\u00fablica.<\/p><p>5.6. Dever\u00e1 ser anexado ao formul\u00e1rio descrito no Item 3.1, caso o candidato se enquadre neste crit\u00e9rio, documento que comprove ades\u00e3o a programa de a\u00e7\u00e3o\/bolsa de assist\u00eancia\/perman\u00eancia estudantil.<\/p><p>5.7. O CRIT\u00c9RIO RENDA ser\u00e1 calculado pela divis\u00e3o da renda familiar total pelo n\u00famero de pessoas que vivem com esta renda, n\u00e3o sendo necess\u00e1rio o envio de documenta\u00e7\u00e3o comprobat\u00f3ria neste crit\u00e9rio.<\/p><p>5.8. O candidato ao se inscrever no edital declara que todas as informa\u00e7\u00f5es que enviou s\u00e3o verdadeiras e, por isso, pass\u00edveis de san\u00e7\u00f5es legais em caso de irregularidades.<\/p><p>5.9. O n\u00e3o envio dos documentos obrigat\u00f3rios do item 5.3 implica em desclassifica\u00e7\u00e3o do processo.<\/p><p>5.10. O n\u00e3o envio de quaisquer outros documentos comprobat\u00f3rios solicitados implica em n\u00e3o pontua\u00e7\u00e3o no respectivo crit\u00e9rio.<\/p><p><strong><br \/>6. DA APROVA\u00c7\u00c3O\/CLASSIFICA\u00c7\u00c3O<\/strong><\/p><p>6.1. Ser\u00e3o aprovados todos os candidatos que fizerem mais do que 0 (zero) pontos.<\/p><p>6.2. Ser\u00e3o classificados tantos candidatos quanto as vagas dispon\u00edveis.<\/p><p>6.3. A classifica\u00e7\u00e3o ser\u00e1 feita por ordem decrescente de pontua\u00e7\u00e3o dentro de cada Regional da ABEM.<\/p><p>6.4. Em caso de empate na pontua\u00e7\u00e3o, os crit\u00e9rios de desempate ser\u00e3o RENDA seguido do crit\u00e9rio BOLSISTA.<\/p><p>6.5. Mantendo-se o empate ser\u00e1 considerado a maior idade (em anos) como crit\u00e9rio de desempate.<\/p><p>6.6. <strong>O resultado deste Edital ser\u00e1 divulgado em 20\/07\/2022.<\/strong><\/p><p>6.7. N\u00e3o ser\u00e1 divulgado o nome completo de qualquer candidato nas m\u00eddias da ABEM.<\/p><p>6.8. A lista de classifica\u00e7\u00e3o por regional ser\u00e1 identificada por iniciais do nome do candidato e data de nascimento.<\/p><p>6.9. A Comiss\u00e3o de A\u00e7\u00f5es Afirmativas do COBEM entrar\u00e1 em contato com cada um dos candidatos por e-mail para esclarecimento dos procedimentos de inscri\u00e7\u00e3o.<\/p><p><strong><br \/>7. DO CRONOGRAMA<\/strong><br \/>Los plazos terminan a las 23:59 de los d\u00edas correspondientes (hora de Brasilia).<\/p><p><strong>&#8211; IN\u00cdCIO DO PRAZO PARA INSCRI\u00c7\u00c3O:<\/strong> 13\/05\/2022<br \/><strong>&#8211; FIM DO PRAZO PARA INSCRI\u00c7\u00c3O:<\/strong> 01\/07\/2022<br \/><strong>&#8211; DIVULGA\u00c7\u00c3O DO RESULTADO DO EDITAL:<\/strong> 20\/07\/2022<\/p><p><strong><br \/>8. DISPOSI\u00c7\u00d5ES FINAIS<\/strong><\/p><p>8.1. Os estudantes inscritos na pol\u00edtica de a\u00e7\u00f5es afirmativas e n\u00e3o contemplados neste edital, caso desejem participara do 60\u00ba Cobem pagar\u00e3o o valor de inscri\u00e7\u00e3o correspondente ao lote vigente no momento da sua inscri\u00e7\u00e3o.<\/p><p>8.2. A Comiss\u00e3o Organizadora reserva-se o direito de cancelar, interromper, suspender ou adiar este edital no todo ou em parte, em caso fortuito ou de for\u00e7a maior.<\/p><p>8.3. Os candidatos reconhecem e declaram, assumindo todas as responsabilidades legais, de forma irrevog\u00e1vel e irretrat\u00e1vel, que todas as informa\u00e7\u00f5es fornecidas s\u00e3o verdadeiras e correspondem \u00e0 realidade.<\/p><p>8.4. A Comiss\u00e3o Organizadora \u00e9 incontestavelmente soberana nas suas decis\u00f5es, inexistindo a possibilidade de recursos ou manifesta\u00e7\u00f5es de qualquer esp\u00e9cie neste Congresso.<\/p><p>8.5. A inscri\u00e7\u00e3o neste edital, desde que cumprindo as condi\u00e7\u00f5es aqui apresentadas, j\u00e1 caracteriza a aceita\u00e7\u00e3o irrestrita a todas as regras previstas.<\/p><p>8.6. Os casos aqui omissos ser\u00e3o analisados pela Comiss\u00e3o de A\u00e7\u00f5es Afirmativas.<\/p><p style=\"text-align: right;\">Brasilia, 13 de mayo de 2022<br \/><strong>60\u00ba Congreso Brasile\u00f1o de Educaci\u00f3n M\u00e9dica<\/strong><br \/>Comisi\u00f3n Organizadora:<\/p>\t\t\t\t\t<\/div>\n\t\t\t\t\t\t<\/div>\n\t\t\t\t<\/div>\n\t\t\t\t<div class=\"elementor-element elementor-element-cda17dd elementor-align-center elementor-widget elementor-widget-button\" data-id=\"cda17dd\" data-element_type=\"widget\" data-widget_type=\"button.default\">\n\t\t\t\t<div class=\"elementor-widget-container\">\n\t\t\t\t\t<div class=\"elementor-button-wrapper\">\n\t\t\t<a href=\"https:\/\/bit.ly\/Afirma60Cobem\" target=\"_blank\" class=\"elementor-button-link elementor-button elementor-size-md\" role=\"button\">\n\t\t\t\t\t\t<span class=\"elementor-button-content-wrapper\">\n\t\t\t\t\t\t<span class=\"elementor-button-text\">PREENCHER FORMUL\u00c1RIO<\/span>\n\t\t<\/span>\n\t\t\t\t\t<\/a>\n\t\t<\/div>\n\t\t\t\t<\/div>\n\t\t\t\t<\/div>\n\t\t\t\t<div class=\"elementor-element elementor-element-fc4834d elementor-widget elementor-widget-spacer\" data-id=\"fc4834d\" data-element_type=\"widget\" data-widget_type=\"spacer.default\">\n\t\t\t\t<div class=\"elementor-widget-container\">\n\t\t\t\t\t<div class=\"elementor-spacer\">\n\t\t\t<div class=\"elementor-spacer-inner\"><\/div>\n\t\t<\/div>\n\t\t\t\t<\/div>\n\t\t\t\t<\/div>\n\t\t\t\t\t\t<\/div>\n\t\t\t\t\t<\/div>\n\t\t<\/div>\n\t\t\t\t\t\t\t\t<\/div>\n\t\t\t\t\t<\/div>\n\t\t<\/section>\n\t\t\t\t\t\t\t\t\t<\/div>\n\t\t\t<\/div>\n\t\t\t\t\t<\/div>","protected":false},"excerpt":{"rendered":"<p>A\u00c7\u00d5ES AFIRMATIVAS Edital de A\u00e7\u00f5es AfirmativasLista de classifica\u00e7\u00e3o por Regional ORIENTA\u00c7\u00d5ES &#8211; Os classificados ter\u00e3o at\u00e9 o dia 30\/07\/22 \u00e0s 23:59 (hor\u00e1rio de Bras\u00edlia) para se cadastrar no evento. N\u00e3o \u00e9 necess\u00e1rio se inscrever no evento, apenas se cadastrar (gerar login e senha para acesso ao painel do congressista). Caso j\u00e1 possua cadastro na Abem [&hellip;]<\/p>","protected":false},"author":1,"featured_media":0,"parent":181,"menu_order":4,"comment_status":"closed","ping_status":"closed","template":"elementor_header_footer","meta":[],"_links":{"self":[{"href":"https:\/\/cobem.com.br\/2022\/es\/wp-json\/wp\/v2\/pages\/1639"}],"collection":[{"href":"https:\/\/cobem.com.br\/2022\/es\/wp-json\/wp\/v2\/pages"}],"about":[{"href":"https:\/\/cobem.com.br\/2022\/es\/wp-json\/wp\/v2\/types\/page"}],"author":[{"embeddable":true,"href":"https:\/\/cobem.com.br\/2022\/es\/wp-json\/wp\/v2\/users\/1"}],"replies":[{"embeddable":true,"href":"https:\/\/cobem.com.br\/2022\/es\/wp-json\/wp\/v2\/comments?post=1639"}],"version-history":[{"count":40,"href":"https:\/\/cobem.com.br\/2022\/es\/wp-json\/wp\/v2\/pages\/1639\/revisions"}],"predecessor-version":[{"id":1932,"href":"https:\/\/cobem.com.br\/2022\/es\/wp-json\/wp\/v2\/pages\/1639\/revisions\/1932"}],"up":[{"embeddable":true,"href":"https:\/\/cobem.com.br\/2022\/es\/wp-json\/wp\/v2\/pages\/181"}],"wp:attachment":[{"href":"https:\/\/cobem.com.br\/2022\/es\/wp-json\/wp\/v2\/media?parent=1639"}],"curies":[{"name":"wp","href":"https:\/\/api.w.org\/{rel}","templated":true}]}}