{"id":149,"date":"2020-02-25T15:23:41","date_gmt":"2020-02-25T18:23:41","guid":{"rendered":"http:\/\/cobem.com.br\/2020\/website_provisorio\/?page_id=149"},"modified":"2022-09-12T09:48:09","modified_gmt":"2022-09-12T12:48:09","slug":"organizacao","status":"publish","type":"page","link":"https:\/\/cobem.com.br\/2022\/es\/o-cobem\/organizacao\/","title":{"rendered":"ORGANIZACI\u00d3N"},"content":{"rendered":"<div data-elementor-type=\"wp-page\" data-elementor-id=\"149\" class=\"elementor elementor-149\">\n\t\t\t\t\t\t<div class=\"elementor-inner\">\n\t\t\t\t<div class=\"elementor-section-wrap\">\n\t\t\t\t\t\t\t\t\t<section class=\"elementor-section elementor-top-section elementor-element elementor-element-420c082 elementor-section-height-min-height elementor-section-items-top elementor-section-boxed elementor-section-height-default\" data-id=\"420c082\" data-element_type=\"section\" data-settings=\"{&quot;background_background&quot;:&quot;classic&quot;}\">\n\t\t\t\t\t\t<div class=\"elementor-container elementor-column-gap-default\">\n\t\t\t\t\t\t\t<div class=\"elementor-row\">\n\t\t\t\t\t<div class=\"elementor-column elementor-col-100 elementor-top-column elementor-element elementor-element-3365024\" data-id=\"3365024\" data-element_type=\"column\">\n\t\t\t<div class=\"elementor-column-wrap elementor-element-populated\">\n\t\t\t\t\t\t\t<div class=\"elementor-widget-wrap\">\n\t\t\t\t\t\t<div class=\"elementor-element elementor-element-cb49f57 elementor-widget elementor-widget-heading\" data-id=\"cb49f57\" data-element_type=\"widget\" data-widget_type=\"heading.default\">\n\t\t\t\t<div class=\"elementor-widget-container\">\n\t\t\t<h2 class=\"elementor-heading-title elementor-size-default\">ORGANIZACI\u00d3N<\/h2>\t\t<\/div>\n\t\t\t\t<\/div>\n\t\t\t\t\t\t<\/div>\n\t\t\t\t\t<\/div>\n\t\t<\/div>\n\t\t\t\t\t\t\t\t<\/div>\n\t\t\t\t\t<\/div>\n\t\t<\/section>\n\t\t\t\t<section class=\"elementor-section elementor-top-section elementor-element elementor-element-f62d6f9 elementor-section-boxed elementor-section-height-default elementor-section-height-default\" data-id=\"f62d6f9\" data-element_type=\"section\" data-settings=\"{&quot;background_background&quot;:&quot;classic&quot;}\">\n\t\t\t\t\t\t<div class=\"elementor-container elementor-column-gap-default\">\n\t\t\t\t\t\t\t<div class=\"elementor-row\">\n\t\t\t\t\t<div class=\"elementor-column elementor-col-100 elementor-top-column elementor-element elementor-element-f16c5a4\" data-id=\"f16c5a4\" data-element_type=\"column\">\n\t\t\t<div class=\"elementor-column-wrap elementor-element-populated\">\n\t\t\t\t\t\t\t<div class=\"elementor-widget-wrap\">\n\t\t\t\t\t\t<div class=\"elementor-element elementor-element-774fd2e elementor-widget elementor-widget-heading\" data-id=\"774fd2e\" data-element_type=\"widget\" data-widget_type=\"heading.default\">\n\t\t\t\t<div class=\"elementor-widget-container\">\n\t\t\t<h2 class=\"elementor-heading-title elementor-size-default\">Comisi\u00f3n Organizadora<\/h2>\t\t<\/div>\n\t\t\t\t<\/div>\n\t\t\t\t<div class=\"elementor-element elementor-element-a304a24 elementor-widget elementor-widget-text-editor\" data-id=\"a304a24\" data-element_type=\"widget\" data-widget_type=\"text-editor.default\">\n\t\t\t\t<div class=\"elementor-widget-container\">\n\t\t\t\t\t\t\t\t<div class=\"elementor-text-editor elementor-clearfix\">\n\t\t\t\t<p><strong>Presidente Docente:<\/strong><br>Luis Fernando Boff Zarpelon<\/p>\n<p><strong>Presidente Alumno:<\/strong><br>Gabriel Nagaoka<\/p>\n<p><strong>Comisi\u00f3n Trabajos Cient\u00edficos:<\/strong><br>Robson Zazula<br>Ana Maria Machado<br>Roberto Esteves<br>Ludmila Mour\u00e3o<br>Tatiane Muniz Barbosa<\/p>\n<p><strong>Comiss\u00e3o&nbsp; Programa\u00e7\u00e3o Cient\u00edfica:<\/strong><br>Marco Aur\u00e9lio Marangoni<br>Izabel Coelho<br>Evelin Muraguchi<br>Jos\u00e9 Knopfholz<br>Matheus Henrique Corbalan Barbosa Del Cistia<\/p>\n<p><strong>Comisi\u00f3n de Infraestructura y Marketing:<\/strong><br>Maria Leandra Terencio<br>Ademir Garcia Rebert<br>Matheus Juc\u00e1<\/p>\n<p><strong>Comisi\u00f3n Cultural:<\/strong><br>Fabiana Aidar Fermino<br>Luciana Brand\u00e3o Carreira<br>Nathalia Milanez Suzigan<br>Mara Estefani Ferrer<br>Luiza Menegazzo<br>Jessica Albino<\/p>\n<p><strong>Comiss\u00e3o &#8211; Abem Regional (Sul II):<\/strong><br>Lara Cristina Leite Guimar\u00e3es Machado<\/p>\n<p><strong>Comiss\u00e3o &#8211; Conselho Diretor Abem:<\/strong><br>Nildo Alves Batista<br>Sandro Schreiber de Oliveira<br>Denise Herdy Afonso<br>Eliana Goldfarb Cyrino<br>Eduardo Arquimino Postal<br>Andre Ferreira de Abreu Jr.<br>Carlos Eduardo Merss<\/p>\n<p><strong>Apoyo:<\/strong><br>Rozane Landskron<br>Svendla Chaves<br>Luis Cartezani<\/p>\n<p><strong>Producci\u00f3n:<\/strong><br>Acontece Eventos<\/p>\t\t\t\t\t<\/div>\n\t\t\t\t\t\t<\/div>\n\t\t\t\t<\/div>\n\t\t\t\t<div class=\"elementor-element elementor-element-1e64017 elementor-widget elementor-widget-spacer\" data-id=\"1e64017\" data-element_type=\"widget\" data-widget_type=\"spacer.default\">\n\t\t\t\t<div class=\"elementor-widget-container\">\n\t\t\t\t\t<div class=\"elementor-spacer\">\n\t\t\t<div class=\"elementor-spacer-inner\"><\/div>\n\t\t<\/div>\n\t\t\t\t<\/div>\n\t\t\t\t<\/div>\n\t\t\t\t\t\t<\/div>\n\t\t\t\t\t<\/div>\n\t\t<\/div>\n\t\t\t\t\t\t\t\t<\/div>\n\t\t\t\t\t<\/div>\n\t\t<\/section>\n\t\t\t\t\t\t\t\t\t<\/div>\n\t\t\t<\/div>\n\t\t\t\t\t<\/div>","protected":false},"excerpt":{"rendered":"<p>ORGANIZA\u00c7\u00c3O COMISS\u00c3O ORGANIZADORA Presidente Docente:Luis Fernando Boff Zarpelon Presidente Discente:Gabriel Nagaoka Comiss\u00e3o Trabalhos Cient\u00edficos:Robson ZazulaAna Maria MachadoRoberto EstevesLudmila Mour\u00e3oTatiane Muniz Barbosa Comiss\u00e3o&nbsp; Programa\u00e7\u00e3o Cient\u00edfica:Marco Aur\u00e9lio MarangoniIzabel CoelhoEvelin MuraguchiJos\u00e9 KnopfholzMatheus Henrique Corbalan Barbosa Del Cistia Comiss\u00e3o de Infraestrutura e Marketing:Maria Leandra TerencioAdemir Garcia RebertMatheus Juc\u00e1 Comiss\u00e3o Cultural:Fabiana Aidar FerminoLuciana Brand\u00e3o CarreiraNathalia Milanez SuziganMara Estefani FerrerLuiza MenegazzoJessica [&hellip;]<\/p>","protected":false},"author":1,"featured_media":0,"parent":181,"menu_order":2,"comment_status":"closed","ping_status":"closed","template":"elementor_header_footer","meta":[],"_links":{"self":[{"href":"https:\/\/cobem.com.br\/2022\/es\/wp-json\/wp\/v2\/pages\/149"}],"collection":[{"href":"https:\/\/cobem.com.br\/2022\/es\/wp-json\/wp\/v2\/pages"}],"about":[{"href":"https:\/\/cobem.com.br\/2022\/es\/wp-json\/wp\/v2\/types\/page"}],"author":[{"embeddable":true,"href":"https:\/\/cobem.com.br\/2022\/es\/wp-json\/wp\/v2\/users\/1"}],"replies":[{"embeddable":true,"href":"https:\/\/cobem.com.br\/2022\/es\/wp-json\/wp\/v2\/comments?post=149"}],"version-history":[{"count":69,"href":"https:\/\/cobem.com.br\/2022\/es\/wp-json\/wp\/v2\/pages\/149\/revisions"}],"predecessor-version":[{"id":2079,"href":"https:\/\/cobem.com.br\/2022\/es\/wp-json\/wp\/v2\/pages\/149\/revisions\/2079"}],"up":[{"embeddable":true,"href":"https:\/\/cobem.com.br\/2022\/es\/wp-json\/wp\/v2\/pages\/181"}],"wp:attachment":[{"href":"https:\/\/cobem.com.br\/2022\/es\/wp-json\/wp\/v2\/media?parent=149"}],"curies":[{"name":"wp","href":"https:\/\/api.w.org\/{rel}","templated":true}]}}