{"id":983,"date":"2021-07-31T11:49:34","date_gmt":"2021-07-31T14:49:34","guid":{"rendered":"https:\/\/cobem.com.br\/2021\/?page_id=983"},"modified":"2021-08-04T17:38:41","modified_gmt":"2021-08-04T20:38:41","slug":"oficinas-aprovadas","status":"publish","type":"page","link":"https:\/\/cobem.com.br\/2021\/o-cobem\/oficinas-aprovadas\/","title":{"rendered":"OFICINAS APROVADAS"},"content":{"rendered":"\t\t<div data-elementor-type=\"wp-page\" data-elementor-id=\"983\" class=\"elementor elementor-983\" data-elementor-settings=\"[]\">\n\t\t\t\t\t\t<div class=\"elementor-inner\">\n\t\t\t\t\t\t\t<div class=\"elementor-section-wrap\">\n\t\t\t\t\t\t\t<section class=\"elementor-section elementor-top-section elementor-element elementor-element-420c082 elementor-section-height-min-height elementor-section-items-top elementor-section-boxed elementor-section-height-default\" data-id=\"420c082\" data-element_type=\"section\" data-settings=\"{&quot;background_background&quot;:&quot;classic&quot;}\">\n\t\t\t\t\t\t<div class=\"elementor-container elementor-column-gap-default\">\n\t\t\t\t\t\t\t<div class=\"elementor-row\">\n\t\t\t\t\t<div class=\"elementor-column elementor-col-100 elementor-top-column elementor-element elementor-element-3365024\" data-id=\"3365024\" data-element_type=\"column\">\n\t\t\t<div class=\"elementor-column-wrap elementor-element-populated\">\n\t\t\t\t\t\t\t<div class=\"elementor-widget-wrap\">\n\t\t\t\t\t\t<div class=\"elementor-element elementor-element-cb49f57 elementor-widget elementor-widget-heading\" data-id=\"cb49f57\" data-element_type=\"widget\" data-widget_type=\"heading.default\">\n\t\t\t\t<div class=\"elementor-widget-container\">\n\t\t\t<h2 class=\"elementor-heading-title elementor-size-default\">OFICINAS APROVADAS<\/h2>\t\t<\/div>\n\t\t\t\t<\/div>\n\t\t\t\t\t\t<\/div>\n\t\t\t\t\t<\/div>\n\t\t<\/div>\n\t\t\t\t\t\t\t\t<\/div>\n\t\t\t\t\t<\/div>\n\t\t<\/section>\n\t\t\t\t<section class=\"elementor-section elementor-top-section elementor-element elementor-element-f62d6f9 elementor-section-boxed elementor-section-height-default elementor-section-height-default\" data-id=\"f62d6f9\" data-element_type=\"section\" data-settings=\"{&quot;background_background&quot;:&quot;classic&quot;}\">\n\t\t\t\t\t\t<div class=\"elementor-container elementor-column-gap-default\">\n\t\t\t\t\t\t\t<div class=\"elementor-row\">\n\t\t\t\t\t<div class=\"elementor-column elementor-col-100 elementor-top-column elementor-element elementor-element-f16c5a4\" data-id=\"f16c5a4\" data-element_type=\"column\">\n\t\t\t<div class=\"elementor-column-wrap elementor-element-populated\">\n\t\t\t\t\t\t\t<div class=\"elementor-widget-wrap\">\n\t\t\t\t\t\t<div class=\"elementor-element elementor-element-774fd2e elementor-widget elementor-widget-heading\" data-id=\"774fd2e\" data-element_type=\"widget\" data-widget_type=\"heading.default\">\n\t\t\t\t<div class=\"elementor-widget-container\">\n\t\t\t<h2 class=\"elementor-heading-title elementor-size-default\">OFICINAS APROVADAS<br>\n59\u00ba CONGRESSO BRASILEIRO DE EDUCA\u00c7\u00c3O M\u00c9DICA<\/h2>\t\t<\/div>\n\t\t\t\t<\/div>\n\t\t\t\t<div class=\"elementor-element elementor-element-2af4fbf elementor-widget elementor-widget-heading\" data-id=\"2af4fbf\" data-element_type=\"widget\" data-widget_type=\"heading.default\">\n\t\t\t\t<div class=\"elementor-widget-container\">\n\t\t\t<h2 class=\"elementor-heading-title elementor-size-default\">EDUCA\u00c7\u00c3O M\u00c9DICA TRANSFORMADORA: REVISITANDO O PASSADO,<br\/>VIVENDO O PRESENTE E ESPERAN\u00c7ANDO O FUTURO.\n<\/h2>\t\t<\/div>\n\t\t\t\t<\/div>\n\t\t\t\t<div class=\"elementor-element elementor-element-a304a24 elementor-widget elementor-widget-text-editor\" data-id=\"a304a24\" data-element_type=\"widget\" data-widget_type=\"text-editor.default\">\n\t\t\t\t<div class=\"elementor-widget-container\">\n\t\t\t\t\t\t\t\t<div class=\"elementor-text-editor elementor-clearfix\">\n\t\t\t\t<p>Prezados autores de Propostas de Oficinas para o 59\u00ba Cobem<\/p><p>Iniciamos <strong>agradecendo sua confian\u00e7a no evento<\/strong> expressa no interesse em oferecer sua expertise para o desenvolvimento da nossa comunidade acad\u00eamica.<\/p><p>Recebemos um n\u00famero expressivo de propostas e, apesar de <strong>aumentar em 150% o n\u00famero de salas em rela\u00e7\u00e3o a edi\u00e7\u00e3o do ano passado<\/strong> do Cobem, n\u00e3o conseguimos contemplar todas.<\/p><p>Utilizamos os crit\u00e9rios expressos no edital de submiss\u00e3o: <strong>relev\u00e2ncia do tema, qualidade e coer\u00eancia da proposta e inova\u00e7\u00e3o\/contribui\u00e7\u00e3o para a educa\u00e7\u00e3o m\u00e9dica.\u00a0<\/strong><\/p><p>O <strong>processo de avalia\u00e7\u00e3o<\/strong> foi &#8220;cego&#8221; quanto \u00e0 autoria e institui\u00e7\u00e3o e realizado por 2 avaliadores independentes, membros da Comiss\u00e3o Cient\u00edfica do evento. Em tempos de Olimp\u00edadas, e para facilitar a compreens\u00e3o de todos, as <strong>diferen\u00e7as foram por d\u00e9cimos de pontos.<\/strong><\/p><p>Estaremos juntos, muito em breve, fazendo nosso 59\u00ba COBEM acontecer.<\/p><hr \/><p>\u00a0<\/p><p><strong>CRONOGRAMA<\/strong><\/p><p>Conforme o Item 2.9 do Edital de Submiss\u00e3o de Oficinas do 59\u00ba COBEM, a realiza\u00e7\u00e3o das oficinas selecionadas ser\u00e1 condicionada ao pagamento da taxa de inscri\u00e7\u00e3o\u00a0por ao menos um dos oficineiros at\u00e9 o dia o dia 13\/08\/2021. Fiquem atentos(as) aos prazos!<\/p><p><strong>LIMITE PARA PAGAMENTO DA INSCRI\u00c7\u00c3O:<\/strong> 13\/08\/2021<br \/><strong>ABERTURA DA INSCRI\u00c7\u00c3O PARA CONGRESSISTAS:<\/strong> 17\/08\/2021 <br \/><strong>ENCERRAMENTO DE INSCRI\u00c7\u00c3O NAS OFICINAS:<\/strong> 27\/08\/2021<\/p><p>\u00a0<\/p><p><strong>OFICINAS APROVADAS:<\/strong><\/p><p><strong>01 &#8211; T\u00edtulo da Oficina:<\/strong><br \/>Acessibilidade no Ensino de Medicina<br \/><strong><br \/>Oficineiros:<\/strong><br \/><span data-sheets-value=\"{\" data-sheets-userformat=\"{\">Francis Solange Vieira Tourinho, Janete Lopes Monteiro, Vivian Ferreira Dias, Bianca Costa Silva de Souza.<\/span><\/p><hr \/><p><strong><br \/>02 &#8211; T\u00edtulo da Oficina:<br \/><\/strong>Atendimento Simulado em ambiente virtual: integrando habilidades cl\u00ednicas e abordagem centrada na pessoa atrav\u00e9s do Teatro F\u00f3rum adaptado<br \/><strong><br \/>Oficineiros:<br \/><\/strong>Eduardo Simon, <span data-sheets-value=\"{\" data-sheets-userformat=\"{\">Denise Mota Araripe Fernandes Pereira.<\/span><strong><br \/><\/strong><\/p><hr \/><p><strong>03 &#8211; T\u00edtulo da Oficina:<\/strong><br \/><span data-sheets-value=\"{\" data-sheets-userformat=\"{\">Capacitismo na educa\u00e7\u00e3o m\u00e9dica: como as escolas de medicina se preparam para receber alunos com defici\u00eancia e como o assunto est\u00e1 presente na forma\u00e7\u00e3o profissional?<\/span><br \/><strong><br \/>Oficineiros:<br \/><\/strong>Mariana Bteshe, Fernanda Shcolnik, Mariana Malheiros Caroni, Elisa Hypolito Montovani, Isadora Fiaux Lessa, Thiago Fillip Almeida Pontes<strong><br \/><\/strong><\/p><hr \/><p><strong>04 &#8211; T\u00edtulo da Oficina:<br \/><\/strong>Combate a desigualdade e discrimina\u00e7\u00e3o de g\u00eanero na escola m\u00e9dica: ferramentas para potencializar o empoderamento feminino<br \/><strong><br \/>Oficineiros:<br \/><\/strong>Carolina Vissoci Lima, Beatriz Corr\u00eaa Lyrio, Helena Nassif Ortolani Mendon\u00e7a, Gabriela Rodrigues Sousa, Marina Luiza do Nascimento Ramos, Let\u00edcia Nunes Campos<strong><br \/><\/strong><\/p><hr \/><p><strong>05 &#8211; T\u00edtulo da Oficina:<\/strong><br \/><span data-sheets-value=\"{\" data-sheets-userformat=\"{\">Comunica\u00e7\u00e3o n\u00e3o-violenta como ferramenta para o desenvolvimento de rela\u00e7\u00f5es saud\u00e1veis na forma\u00e7\u00e3o m\u00e9dica<br \/><\/span><strong><br \/>Oficineiros:<br \/><\/strong>Maria Eduarda de F. Mesquita do Nascimento, J\u00falia Santos do Cabo, Pedro S\u00e1 de Oliveira Costa, Renata Rocha Barreto Giaxa<\/p><hr \/><p><strong>06 &#8211; T\u00edtulo da Oficina:<br \/><\/strong>Constru\u00e7\u00e3o de Cen\u00e1rios de Avalia\u00e7\u00e3o Pr\u00e1tica<br \/><strong><br \/>Oficineiros:<\/strong><br \/><span data-sheets-value=\"{\" data-sheets-userformat=\"{\">Marcos Antonio Marton Filho, Rodrigo Magri Bernardes.<\/span><\/p><hr \/><p><strong>07 &#8211; T\u00edtulo da Oficina:<\/strong><br \/><span data-sheets-value=\"{\" data-sheets-userformat=\"{\">Construindo bases para uma Escola M\u00e9dica que combate o Racismo<br \/><\/span><strong><br \/>Oficineiros:<\/strong><br \/><span data-sheets-value=\"{\" data-sheets-userformat=\"{\">Vanessa Cristina Ribeiro Fredrich, Denize Ornelas Pereira Salvador de Oliveira, Rita Helena do Esp\u00edrito Santo Borret, Coletivo NegreX<\/span><\/p><hr \/><p><strong>08 &#8211; T\u00edtulo da Oficina:<\/strong><br \/><span data-sheets-value=\"{\" data-sheets-userformat=\"{\">Diretrizes para o Internato em Aten\u00e7\u00e3o Prim\u00e1ria \u00e0 Sa\u00fade<br \/><\/span><strong><br \/>Oficineiros:<\/strong><br \/><span data-sheets-value=\"{\" data-sheets-userformat=\"{\">Ricardo Heinzelmann, Alexandre Melo, Matco T\u00falio<\/span><\/p><hr \/><p><strong>09 &#8211; T\u00edtulo da Oficina:<br \/><\/strong>Educadores do Amanh\u00e3 &#8211; Desenvolvimento Estudantil em Educa\u00e7\u00e3o M\u00e9dica<\/p><p>Oficineiros:<br \/>Joana Bragan\u00e7a Bastos, Ugo Caramori, Eliana Amaral<strong><br \/><\/strong><\/p><hr \/><p><strong>10 &#8211; T\u00edtulo da Oficina:<br \/><\/strong>Engajamento estudantil no contexto de adapta\u00e7\u00e3o ao ensino h\u00edbrido<\/p><p>Oficineiros:<br \/>Alexandre da Silva Santos, Julia Valle Pezzini, Lucas Dias Vasconcelos, Igor Barreto Leite, B\u00e1rbara Milani Gimenez, Thiago Belmino A. Bernardo Evangelista<strong><br \/><\/strong><\/p><hr \/><p><strong>11 &#8211; T\u00edtulo da Oficina:<br \/><\/strong>Espiritualidade na forma\u00e7\u00e3o profissional para um cuidado integral<\/p><p>Oficineiros:<br \/>Simone Regina Souza da Silva Conde, Giancarlo Lucchetti, Ana Cl\u00e1udia Santos Chazan, Carlos Roberto Figueiredo Coelho, Paulo Othavio de Ara\u00fajo Almeida, Elena Zuliani Martins<strong><br \/><\/strong><\/p><hr \/><p><strong>12 &#8211; T\u00edtulo da Atividade:<\/strong><br \/><span data-sheets-value=\"{\" data-sheets-userformat=\"{\">Exame de Ordem na Medicina: uma boa ideia? <\/span><\/p><p><strong>Oficineiros:<\/strong><br \/><span data-sheets-value=\"{\" data-sheets-userformat=\"{\">Brenda Vieira Pinheiro, Elise Kanashiro, Felipe Jacobovitz, Murilo Silveira Echeverria, Bruna Hellen Barbosa Mutz<\/span><\/p><hr \/><p><strong>13 &#8211; T\u00edtulo da Atividade:<\/strong><br \/><span data-sheets-value=\"{\" data-sheets-userformat=\"{\">Forma\u00e7\u00e3o do profissional de sa\u00fade do s\u00e9culo XXI: desafios e possibilidades <\/span><\/p><p><strong>Oficineiros:<\/strong><br \/><span data-sheets-value=\"{\" data-sheets-userformat=\"{\">Rosana Alves, Suely Grosseman<\/span><\/p><hr \/><p><strong>14 &#8211; T\u00edtulo da Oficina:<\/strong><br \/><span data-sheets-value=\"{\" data-sheets-userformat=\"{\">Forma\u00e7\u00e3o m\u00e9dica para o cuidado em sa\u00fade das pessoas migrantes e refugiadas<\/span><\/p><p><strong>Oficineiros:<\/strong><br \/><span data-sheets-value=\"{\" data-sheets-userformat=\"{\">Gustavo Antonio Raimondi, Muna Muhammad Odeh, Instituto Migra\u00e7\u00f5es e Direitos Humanos<\/span><\/p><hr \/><p><strong>15 &#8211; T\u00edtulo da Oficina:<\/strong><br \/><span data-sheets-value=\"{\" data-sheets-userformat=\"{\">Iniquidades sociais e inova\u00e7\u00e3o em sa\u00fade: abordagens te\u00f3ricas e metodol\u00f3gicas para estudos e mudan\u00e7as na forma\u00e7\u00e3o m\u00e9dica<\/span><\/p><p><strong>Oficineiros:<\/strong><br \/><span data-sheets-value=\"{\" data-sheets-userformat=\"{\">Liliana Santos, Estev\u00e3o Toffoli Rodrigues, Sandro Schreiber de Oliveira, Ana Maria Rico, Lorene Louise Silva Pinto<\/span><\/p><hr \/><p><strong>16 &#8211; T\u00edtulo da Oficina:<\/strong><br \/><span data-sheets-value=\"{\" data-sheets-userformat=\"{\">Internato m\u00e9dico baseado em compet\u00eancias: integra\u00e7\u00e3o b\u00e1sico-cl\u00ednica e da extens\u00e3o como base para um perfil de egresso desejado <\/span><\/p><p><strong>Oficineiros:<\/strong><br \/><span data-sheets-value=\"{\" data-sheets-userformat=\"{\">Simone Appenzeller, Joana Fr\u00f3es Bragan\u00e7a Bastos, Fabio Husemann Menezes, S\u00edlvio Roberto Consonni, Ugo Caramori, Silvia Maria Riceto Ronchim Passeri <\/span><\/p><hr \/><p><strong>17 &#8211; T\u00edtulo da Oficina:<\/strong><br \/><span data-sheets-value=\"{\" data-sheets-userformat=\"{\">Intra Domum<\/span><\/p><p><strong>Oficineiros:<\/strong><br \/><span data-sheets-value=\"{\" data-sheets-userformat=\"{\">Regina Gon\u00e7alves de Moura, Tha\u00eds Sayuri Yamamoto, D\u00e9bora da Silva Teixeira, Rafael Cangemi Reis, Daniel Stort Netto Puig<\/span><\/p><hr \/><p><strong>18 &#8211; Titulo da Oficina:<\/strong><br \/><span data-sheets-value=\"{\" data-sheets-userformat=\"{\">O di\u00e1logo da Pedagogia da Autonomia com a pr\u00e1tica da Mentoria<\/span><\/p><p><strong>Oficineiros:<\/strong><br \/><span data-sheets-value=\"{\" data-sheets-userformat=\"{\">Lia Marcia Cruz da Silveira, Denise Herdy Afonso, Patricia Bellodi.<\/span><\/p><hr \/><p><strong>19 &#8211; T\u00edtulo da Oficina:<\/strong><br \/><span data-sheets-value=\"{\" data-sheets-userformat=\"{\">O peer mentoring como estrat\u00e9gia de adapta\u00e7\u00e3o ao universo acad\u00eamico e \u00e0 m\u00e9todos ativos de ensino-aprendizagem<\/span><\/p><p><strong>Oficineiros:<\/strong><br \/><span data-sheets-value=\"{\" data-sheets-userformat=\"{\">Andrea Taborda Ribas da Cunha, Dayane Patricia Ferreira Menezes, L\u00e1zaro Fabr\u00edcio de Fran\u00e7a Souza, Pedro Henrique Silva Ribeiro, Rhayan Rocha Ramalho, Gabriel Silva do Ros\u00e1rio<\/span><\/p><hr \/><p><strong>20 &#8211; T\u00edtulo da Oficina:<\/strong><br \/><span data-sheets-value=\"{\" data-sheets-userformat=\"{\">Perfil sociodemogr\u00e1fico e percep\u00e7\u00e3o de discrimina\u00e7\u00e3o em estudantes de Medicina das 5 regi\u00f5es do Brasil<\/span><\/p><p><strong>Oficineiros:<\/strong><br \/><span data-sheets-value=\"{\" data-sheets-userformat=\"{\">Camila Graczyk Corr\u00eaa, Angela Theresa Zuffo Yabrude, Rebeca Co\u00ealho Linhares.<\/span><\/p><hr \/><p><strong>21 &#8211; T\u00edtulo da Oficina:<\/strong><br \/><span data-sheets-value=\"{\" data-sheets-userformat=\"{\">Pr\u00e1ticas narrativas na pandemia: se os problemas vividos pelas pessoas pudessem falar, o que eles contariam?<\/span><\/p><p><strong>Oficineiros:<\/strong><br \/><span data-sheets-value=\"{\" data-sheets-userformat=\"{\">Gisele Curi de Barros, Victor Evangelista de Faria Ferraz, Rodrigo Humberto Flauzino, Cristiane Martins Peres, Karolina Murakami<\/span><\/p><hr \/><p><strong>22 &#8211; T\u00edtulo da Oficina<\/strong><br \/><span data-sheets-value=\"{\" data-sheets-userformat=\"{\">Roda de Terapia Comunit\u00e1ria Integrativa (TCI): Aprender a Cuidar de Si para Cuidar do Outro<\/span><\/p><p><strong>Oficineiros:<\/strong><br \/><span data-sheets-value=\"{\" data-sheets-userformat=\"{\">S\u00edlvia Mello dos Santos, \u00c2ngela Schachter Guidoreni, Ana Cl\u00e1udia Santos Chazan.<\/span><\/p><hr \/><p><strong>23 &#8211; T\u00edtulo da Oficina:<\/strong><br \/><span data-sheets-value=\"{\" data-sheets-userformat=\"{\">Sa\u00fade LGBTQIA+: o qu\u00ea e como ensinar na escola m\u00e9dica<\/span><\/p><p><strong>Oficineiros:<\/strong><br \/><span data-sheets-value=\"{\" data-sheets-userformat=\"{\">Ademir Lopes Junior, Andre Hercowitz, Saulo Ciasca<\/span><\/p><hr \/><p><strong>24 &#8211; T\u00edtulo da Oficina:<\/strong><br \/><span data-sheets-value=\"{\" data-sheets-userformat=\"{\">Telessimula\u00e7\u00e3o: ferramentas e solu\u00e7\u00f5es para o ensino e avalia\u00e7\u00e3o de habilidades cl\u00ednicas<\/span><\/p><p><strong>Oficineiros:<\/strong><br \/><span data-sheets-value=\"{\" data-sheets-userformat=\"{\">Ahmed Haydar, Rodrigo Marques Gon\u00e7alves, Fabricio Furtado<\/span><\/p><hr \/><p><strong>25 &#8211; T\u00edtulo da Oficina:<\/strong><br \/><span data-sheets-value=\"{\" data-sheets-userformat=\"{\">TOSCE na avalia\u00e7\u00e3o virtual de compet\u00eancias transversais em tempos de COVID-19<\/span><\/p><p><strong>Oficineiros:<\/strong><br \/><span data-sheets-value=\"{\" data-sheets-userformat=\"{\">Eliane Dias Gontijo, Cristina Alvim, Marco Antonio Rodrigues, Gabriel Rocha, Luciana Costa Faria <\/span><\/p><hr \/><p><strong>26 &#8211; T\u00edtulo da Oficina:<\/strong><br \/><span data-sheets-value=\"{\" data-sheets-userformat=\"{\">XVI F\u00f3rum Nacional de Servi\u00e7os de Apoio aos Estudantes de Medicina<\/span><\/p><p><strong>Oficineiros:<\/strong><\/p>\t\t\t\t\t<\/div>\n\t\t\t\t\t\t<\/div>\n\t\t\t\t<\/div>\n\t\t\t\t<div class=\"elementor-element elementor-element-cda17dd elementor-align-center elementor-widget elementor-widget-button\" data-id=\"cda17dd\" data-element_type=\"widget\" data-widget_type=\"button.default\">\n\t\t\t\t<div class=\"elementor-widget-container\">\n\t\t\t\t\t<div class=\"elementor-button-wrapper\">\n\t\t\t<a href=\"https:\/\/forms.gle\/SgiPdQkV98YPakvb8\" target=\"_blank\" class=\"elementor-button-link elementor-button elementor-size-md\" role=\"button\">\n\t\t\t\t\t\t<span class=\"elementor-button-content-wrapper\">\n\t\t\t\t\t\t<span class=\"elementor-button-text\">ENVIAR PROPOSTA DE OFICINA<\/span>\n\t\t<\/span>\n\t\t\t\t\t<\/a>\n\t\t<\/div>\n\t\t\t\t<\/div>\n\t\t\t\t<\/div>\n\t\t\t\t<div class=\"elementor-element elementor-element-fc4834d elementor-widget elementor-widget-spacer\" data-id=\"fc4834d\" data-element_type=\"widget\" data-widget_type=\"spacer.default\">\n\t\t\t\t<div class=\"elementor-widget-container\">\n\t\t\t\t\t<div class=\"elementor-spacer\">\n\t\t\t<div class=\"elementor-spacer-inner\"><\/div>\n\t\t<\/div>\n\t\t\t\t<\/div>\n\t\t\t\t<\/div>\n\t\t\t\t\t\t<\/div>\n\t\t\t\t\t<\/div>\n\t\t<\/div>\n\t\t\t\t\t\t\t\t<\/div>\n\t\t\t\t\t<\/div>\n\t\t<\/section>\n\t\t\t\t\t\t<\/div>\n\t\t\t\t\t\t<\/div>\n\t\t\t\t\t<\/div>\n\t\t","protected":false},"excerpt":{"rendered":"<p>OFICINAS APROVADAS OFICINAS APROVADAS 59\u00ba CONGRESSO BRASILEIRO DE EDUCA\u00c7\u00c3O M\u00c9DICA EDUCA\u00c7\u00c3O M\u00c9DICA TRANSFORMADORA: REVISITANDO O PASSADO,VIVENDO O PRESENTE E ESPERAN\u00c7ANDO O FUTURO. Prezados autores de Propostas de Oficinas para o 59\u00ba Cobem Iniciamos agradecendo sua confian\u00e7a no evento expressa no interesse em oferecer sua expertise para o desenvolvimento da nossa comunidade acad\u00eamica. Recebemos um n\u00famero [&hellip;]<\/p>\n","protected":false},"author":1,"featured_media":0,"parent":181,"menu_order":4,"comment_status":"closed","ping_status":"closed","template":"elementor_header_footer","meta":[],"_links":{"self":[{"href":"https:\/\/cobem.com.br\/2021\/wp-json\/wp\/v2\/pages\/983"}],"collection":[{"href":"https:\/\/cobem.com.br\/2021\/wp-json\/wp\/v2\/pages"}],"about":[{"href":"https:\/\/cobem.com.br\/2021\/wp-json\/wp\/v2\/types\/page"}],"author":[{"embeddable":true,"href":"https:\/\/cobem.com.br\/2021\/wp-json\/wp\/v2\/users\/1"}],"replies":[{"embeddable":true,"href":"https:\/\/cobem.com.br\/2021\/wp-json\/wp\/v2\/comments?post=983"}],"version-history":[{"count":10,"href":"https:\/\/cobem.com.br\/2021\/wp-json\/wp\/v2\/pages\/983\/revisions"}],"predecessor-version":[{"id":997,"href":"https:\/\/cobem.com.br\/2021\/wp-json\/wp\/v2\/pages\/983\/revisions\/997"}],"up":[{"embeddable":true,"href":"https:\/\/cobem.com.br\/2021\/wp-json\/wp\/v2\/pages\/181"}],"wp:attachment":[{"href":"https:\/\/cobem.com.br\/2021\/wp-json\/wp\/v2\/media?parent=983"}],"curies":[{"name":"wp","href":"https:\/\/api.w.org\/{rel}","templated":true}]}}