{"id":874,"date":"2021-06-28T11:58:34","date_gmt":"2021-06-28T14:58:34","guid":{"rendered":"https:\/\/cobem.com.br\/2021\/?page_id=874"},"modified":"2021-07-31T11:49:50","modified_gmt":"2021-07-31T14:49:50","slug":"oficinas","status":"publish","type":"page","link":"https:\/\/cobem.com.br\/2021\/o-cobem\/oficinas\/","title":{"rendered":"EDITAL OFICINAS"},"content":{"rendered":"\t\t<div data-elementor-type=\"wp-page\" data-elementor-id=\"874\" class=\"elementor elementor-874\" data-elementor-settings=\"[]\">\n\t\t\t\t\t\t<div class=\"elementor-inner\">\n\t\t\t\t\t\t\t<div class=\"elementor-section-wrap\">\n\t\t\t\t\t\t\t<section class=\"elementor-section elementor-top-section elementor-element elementor-element-420c082 elementor-section-height-min-height elementor-section-items-top elementor-section-boxed elementor-section-height-default\" data-id=\"420c082\" data-element_type=\"section\" data-settings=\"{&quot;background_background&quot;:&quot;classic&quot;}\">\n\t\t\t\t\t\t<div class=\"elementor-container elementor-column-gap-default\">\n\t\t\t\t\t\t\t<div class=\"elementor-row\">\n\t\t\t\t\t<div class=\"elementor-column elementor-col-100 elementor-top-column elementor-element elementor-element-3365024\" data-id=\"3365024\" data-element_type=\"column\">\n\t\t\t<div class=\"elementor-column-wrap elementor-element-populated\">\n\t\t\t\t\t\t\t<div class=\"elementor-widget-wrap\">\n\t\t\t\t\t\t<div class=\"elementor-element elementor-element-cb49f57 elementor-widget elementor-widget-heading\" data-id=\"cb49f57\" data-element_type=\"widget\" data-widget_type=\"heading.default\">\n\t\t\t\t<div class=\"elementor-widget-container\">\n\t\t\t<h2 class=\"elementor-heading-title elementor-size-default\">SUBMISS\u00c3O DE OFICINAS<\/h2>\t\t<\/div>\n\t\t\t\t<\/div>\n\t\t\t\t\t\t<\/div>\n\t\t\t\t\t<\/div>\n\t\t<\/div>\n\t\t\t\t\t\t\t\t<\/div>\n\t\t\t\t\t<\/div>\n\t\t<\/section>\n\t\t\t\t<section class=\"elementor-section elementor-top-section elementor-element elementor-element-f62d6f9 elementor-section-boxed elementor-section-height-default elementor-section-height-default\" data-id=\"f62d6f9\" data-element_type=\"section\" data-settings=\"{&quot;background_background&quot;:&quot;classic&quot;}\">\n\t\t\t\t\t\t<div class=\"elementor-container elementor-column-gap-default\">\n\t\t\t\t\t\t\t<div class=\"elementor-row\">\n\t\t\t\t\t<div class=\"elementor-column elementor-col-100 elementor-top-column elementor-element elementor-element-f16c5a4\" data-id=\"f16c5a4\" data-element_type=\"column\">\n\t\t\t<div class=\"elementor-column-wrap elementor-element-populated\">\n\t\t\t\t\t\t\t<div class=\"elementor-widget-wrap\">\n\t\t\t\t\t\t<div class=\"elementor-element elementor-element-774fd2e elementor-widget elementor-widget-heading\" data-id=\"774fd2e\" data-element_type=\"widget\" data-widget_type=\"heading.default\">\n\t\t\t\t<div class=\"elementor-widget-container\">\n\t\t\t<h2 class=\"elementor-heading-title elementor-size-default\">EDITAL DE SUBMISS\u00c3O DE OFICINAS<br\/>\n59\u00ba CONGRESSO BRASILEIRO DE EDUCA\u00c7\u00c3O M\u00c9DICA\n<\/h2>\t\t<\/div>\n\t\t\t\t<\/div>\n\t\t\t\t<div class=\"elementor-element elementor-element-2af4fbf elementor-widget elementor-widget-heading\" data-id=\"2af4fbf\" data-element_type=\"widget\" data-widget_type=\"heading.default\">\n\t\t\t\t<div class=\"elementor-widget-container\">\n\t\t\t<h2 class=\"elementor-heading-title elementor-size-default\">EDUCA\u00c7\u00c3O M\u00c9DICA TRANSFORMADORA: REVISITANDO O PASSADO,<br\/>VIVENDO O PRESENTE E ESPERAN\u00c7ANDO O FUTURO.\n<\/h2>\t\t<\/div>\n\t\t\t\t<\/div>\n\t\t\t\t<div class=\"elementor-element elementor-element-a304a24 elementor-widget elementor-widget-text-editor\" data-id=\"a304a24\" data-element_type=\"widget\" data-widget_type=\"text-editor.default\">\n\t\t\t\t<div class=\"elementor-widget-container\">\n\t\t\t\t\t\t\t\t<div class=\"elementor-text-editor elementor-clearfix\">\n\t\t\t\t<p><strong>1. DO EVENTO<\/strong><\/p><p>1.1. As regras a seguir dizem respeito \u00e0 submiss\u00e3o de oficinas para o 59\u00ba Congresso Brasileiro de Educa\u00e7\u00e3o M\u00e9dica, que ocorrer\u00e1 nos dias <strong>18\/09\/2021 a 22\/09\/2021, <\/strong>no formato virtual<strong>.<\/strong><\/p><p>1.2. A realiza\u00e7\u00e3o de oficinas no evento \u00e9 uma oportunidade para docentes e discentes do curso de Medicina e de outros cursos da \u00e1rea da sa\u00fade compartilharem com os congressistas suas experi\u00eancias locais e produ\u00e7\u00e3o de conhecimento, al\u00e9m de reflex\u00f5es sobre o processo de educa\u00e7\u00e3o.<\/p><p><strong>2. DAS OFICINAS<\/strong><\/p><p>2.1. As oficinas acontecer\u00e3o no <strong>DOMINGO, dia<\/strong> <span style=\"color: #ff0000;\"><strong>19\/09\/2021, das 14 \u00e0s 17h.<\/strong><\/span><\/p><p>2.2. A proposta de oficina dever\u00e1 estar relacionada com a tem\u00e1tica do congresso e seus eixos de programa\u00e7\u00e3o.<\/p><p>2.3. Cada oficina somente poder\u00e1 ser inscrita uma \u00fanica vez no Congresso, mesmo que autores ou institui\u00e7\u00f5es envolvidas sejam diferentes.<\/p><p>2.4. As oficinas dever\u00e3o ter dura\u00e7\u00e3o m\u00e1xima de 3 (tr\u00eas) horas e ser\u00e3o realizadas em uma sala da plataforma Zoom que poder\u00e1 ser dividida em salas para trabalho com grupos .<\/p><p>2.5. As oficinas dever\u00e3o incentivar a participa\u00e7\u00e3o e protagonismo dos interessados, priorizando\u00a0 metodologias ativas de ensino-aprendizado.<\/p><p>2.6. As propostas dever\u00e3o ser submetidas on-line, atrav\u00e9s do link: <a href=\"https:\/\/forms.gle\/SgiPdQkV98YPakvb8\" target=\"_blank\" rel=\"noopener\"><span style=\"color: #ff0000;\">https:\/\/forms.gle\/SgiPdQkV98YPakvb8<\/span><\/a><a href=\"https:\/\/forms.gle\/SgiPdQkV98YPakvb8\"><strong>\u00a0<\/strong><\/a>at\u00e9 a data limite de <span style=\"color: #ff0000;\"><strong>23\/07\/2021<\/strong>.<\/span><\/p><p>2.7. Em hip\u00f3tese alguma ser\u00e3o aceitas oficinas enviadas por e-mail, correspond\u00eancia, fax ou qualquer outro meio de comunica\u00e7\u00e3o que n\u00e3o o estabelecido pelo item 2.6.<\/p><p>2.8. <strong>Pelo menos um dos autores da proposta de Oficina deve ser associado adimplente da ABEM.<\/strong><\/p><p>2.9. A realiza\u00e7\u00e3o das oficinas selecionadas, durante o 59\u00ba COBEM, <strong>ser\u00e1 condicionada ao pagamento da taxa de inscri\u00e7\u00e3o<\/strong> por ao menos um dos oficineiros at\u00e9 o dia <span style=\"color: #ff0000;\"><strong>13\/08\/2021<\/strong><strong>.<\/strong><\/span><\/p><p>2.10. <strong>Ap\u00f3s divulga\u00e7\u00e3o da lista de Oficinas selecionadas, n\u00e3o ser\u00e1 poss\u00edvel a inscri\u00e7\u00e3o de outros autores;<\/strong><\/p><p>2.11. Oficineiros que n\u00e3o estejam inscritos no 59\u00ba COBEM receber\u00e3o link para acesso <strong>apenas a sala de sua Oficina.<\/strong><\/p><p>2.12. Eixos e tem\u00e1ticas para a submiss\u00e3o das oficinas:<\/p><p><strong>TEMA DO CONGRESSO:<br \/><\/strong>EDUCA\u00c7\u00c3O M\u00c9DICA TRANSFORMADORA: REVISITANDO O PASSADO, VIVENDO O PRESENTE E ESPERAN\u00c7ANDO O FUTURO.<strong><br \/><\/strong><\/p><p style=\"text-align: center;\"><strong>EIXO 1:<br \/><\/strong><strong>Paulo Freire e a Escola M\u00e9dica Brasileira<\/strong><\/p><p style=\"text-align: left;\">Paulo Freire, sem d\u00favida, representa uma grandiosa produ\u00e7\u00e3o e inestim\u00e1vel colabora\u00e7\u00e3o em defesa de uma educa\u00e7\u00e3o socialmente referenciada, emancipat\u00f3ria e valorizadora do indiv\u00edduo e dos atores envolvidos no processo de ensino e aprendizagem, ou seja, docentes e estudantes. Sua contribui\u00e7\u00e3o se reflete diretamente na discuss\u00e3o das rela\u00e7\u00f5es entre professor\/a-estudante-paciente-fam\u00edlia-comunidade baseadas no di\u00e1logo, na valoriza\u00e7\u00e3o dos diferentes saberes\/experi\u00eancias e na fundamenta\u00e7\u00e3o da educa\u00e7\u00e3o popular em sa\u00fade. D\u00e1-se \u00eanfase \u00e0 sua contribui\u00e7\u00e3o para a discuss\u00e3o das metodologias ativas, especialmente na Metodologia da Problematiza\u00e7\u00e3o, assumindo a import\u00e2ncia da articula\u00e7\u00e3o teoria e pr\u00e1tica a partir da realidade.<\/p><p>Nestes momentos de incerteza, Paulo Freire nos convida: <em>\u201c\u00c9 preciso ter esperan\u00e7a, mas ter esperan\u00e7a do verbo esperan\u00e7ar; porque tem gente que tem esperan\u00e7a do verbo esperar. E esperan\u00e7a do verbo esperar n\u00e3o \u00e9 esperan\u00e7a, \u00e9 espera. Esperan\u00e7ar \u00e9 se levantar, esperan\u00e7ar \u00e9 ir atr\u00e1s, esperan\u00e7ar \u00e9 construir, esperan\u00e7ar \u00e9 n\u00e3o desistir! Esperan\u00e7ar \u00e9 levar adiante, esperan\u00e7ar \u00e9 juntar-se com outros para fazer de outro modo\u2026\u201d.<\/em><\/p><p><strong>Este eixo, para al\u00e9m de prestar uma homenagem a Paulo Freire no centen\u00e1rio de seu nascimento, congrega todas e todos para discutirmos a relev\u00e2ncia de sua obra e seus reflexos na educa\u00e7\u00e3o m\u00e9dica brasileira, tanto na programa\u00e7\u00e3o cient\u00edfica do 59\u00ba Cobem como na chamada de trabalhos cient\u00edficos.<\/strong><\/p><p style=\"text-align: center;\"><strong>EIXO 2:<br \/><\/strong><strong>Forma\u00e7\u00e3o social, pol\u00edtica e cidad\u00e3 na medicina brasileira<\/strong><\/p><p style=\"text-align: left;\">A pandemia da Covid-19 provocou diversas mudan\u00e7as nos caminhos da educa\u00e7\u00e3o m\u00e9dica brasileira. Discutimos essa mudan\u00e7a em uma perspectiva instrumental, sucessivas vezes, ao longo do \u00faltimo ano. Nesse per\u00edodo, contudo, a despeito da exist\u00eancia de Diretrizes Curriculares Nacionais para gradua\u00e7\u00e3o em Medicina que sinalizam claramente o perfil do m\u00e9dico egresso para atuar no s\u00e9culo 21, colocou-se em cheque a constru\u00e7\u00e3o hist\u00f3rica do que se entende por forma\u00e7\u00e3o m\u00e9dica.<\/p><p>No que tange \u00e0 sua sensibilidade ao cuidado, sua vis\u00e3o pol\u00edtica de mundo e sua criticidade sobre a ci\u00eancia, a forma\u00e7\u00e3o m\u00e9dica tem sido suficiente? Em um momento hist\u00f3rico de ascens\u00e3o do autoritarismo, do protofascismo e do negacionismo \u201cantivacina, anti-isolamento, antim\u00e1scaras\u201d, como os profissionais que j\u00e1 formamos e os que formaremos est\u00e3o se posicionando?<\/p><p><strong>Este eixo, \u00e0 luz da m\u00e1xima de Paulo Freire, &#8220;Educa\u00e7\u00e3o n\u00e3o transforma o mundo. Educa\u00e7\u00e3o muda as pessoas. Pessoas transformam o mundo\u201d, se prop\u00f5e a discutir acerca da forma\u00e7\u00e3o pol\u00edtica, social e cidad\u00e3 do m\u00e9dico, sobre a medicina e sua rela\u00e7\u00e3o com a sociedade, al\u00e9m de buscar entender o percurso hist\u00f3rico que nos trouxe \u00e0s circunst\u00e2ncias atuais.<\/strong><\/p><p style=\"text-align: center;\"><strong>EIXO 3:<br \/><\/strong><strong>Releitura curricular em tempos de pandemia<\/strong><\/p><p>A pandemia trouxe uma s\u00e9rie de transforma\u00e7\u00f5es no mundo que impactaram as escolas m\u00e9dicas e a necessidade de releitura de seus curr\u00edculos. H\u00e1 necessidade de rever o que estamos privilegiando nos nossos projetos pedag\u00f3gicos e como estamos integrando teoria e pr\u00e1tica, reconciliando o ensino da sa\u00fade coletiva com a cl\u00ednica. O ensino m\u00e9dico precisou, em tempo real, mudar para incluir ou ampliar quest\u00f5es espec\u00edficas relacionadas \u00e0 infec\u00e7\u00e3o por uma doen\u00e7a pouco conhecida e seu impacto na sociedade, na vida das pessoas e no cotidiano do processo de trabalho na sa\u00fade. A epidemiologia nunca foi t\u00e3o destacada. A determina\u00e7\u00e3o social ficou evidente. H\u00e1 necessidade de uma forma\u00e7\u00e3o que privilegie a viv\u00eancia na rede de cuidados valorizando a aten\u00e7\u00e3o prim\u00e1ria como espa\u00e7o de: promo\u00e7\u00e3o, preven\u00e7\u00e3o com \u00eanfase na vacina\u00e7\u00e3o e de assist\u00eancia individual, familiar, coletiva, realiza\u00e7\u00e3o de exames laboratoriais, novas estrat\u00e9gias como telemedicina ou telessa\u00fade, aten\u00e7\u00e3o domiciliar, assim como a necessidade de forma\u00e7\u00e3o na emerg\u00eancia, urg\u00eancia e na hospitaliza\u00e7\u00e3o e reabilita\u00e7\u00e3o.<\/p><p><strong>Este eixo nos convida a compartilhar quest\u00f5es como evid\u00eancias cient\u00edficas, racionaliza\u00e7\u00e3o de recursos, seguran\u00e7a do trabalho, do profissional e do paciente, cuidado ao paciente, autonomia e restri\u00e7\u00f5es pessoais que devem ser tratadas \u00e0 luz de conceitos da \u00e9tica e das ci\u00eancias humanas. Podemos problematizar e ampliar a educa\u00e7\u00e3o interprofissional, interdisciplinar e o trabalho colaborativo, a forma\u00e7\u00e3o profissional para o cuidado que considere pessoas e comunidades invisibilizadas e a voz dos pacientes.<\/strong><\/p><p>Neste sentido, com base em Paulo Freire, podemos dizer que a educa\u00e7\u00e3o problematizadora n\u00e3o se funda em uma compreens\u00e3o dos homens como seres vazios a quem o mundo ou a escola m\u00e9dica possam encher de conte\u00fados. A educa\u00e7\u00e3o problematizadora considera a realidade cotidiana vivida como essencial \u00e0 forma\u00e7\u00e3o transformadora. Assim, chamamos \u00e0 forma\u00e7\u00e3o que v\u00e1 ao encontro das necessidades em sa\u00fade das popula\u00e7\u00f5es e que responda \u00e0s demandas do SUS. Chamamos \u00e0 oportunidade de vivenciar pr\u00e1ticas, aprofundar conhecimentos, refletir criticamente e atuar com as equipes no cuidado da pandemia como experi\u00eancia \u00fanica de forma\u00e7\u00e3o.<\/p><p style=\"text-align: center;\"><strong>EIXO 4:<br \/><\/strong><strong>Avalia\u00e7\u00e3o no processo de ensinar e aprender<\/strong><\/p><p>O processo de ensino-aprendizagem vem passando por mudan\u00e7as substanciais de concep\u00e7\u00e3o, modelo, planejamento e execu\u00e7\u00e3o, a partir das novas necessidades colocadas no cotidiano do afastamento social. Novas maneiras de ensinar e aprender no mundo virtual, integradas \u00e0 reflex\u00e3o sobre as experi\u00eancias nos cen\u00e1rios de pr\u00e1tica, tiveram um espa\u00e7o in\u00e9dito nos curr\u00edculos das escolas m\u00e9dicas, no Brasil e no mundo, somadas \u00e0 paralisa\u00e7\u00e3o ou suspens\u00e3o parcial e tempor\u00e1ria das atividades pr\u00e1ticas nos anos iniciais. Esses fatos influenciaram a abertura de um caminho nunca antes explorado no aprendizado em ambiente presencial ou virtual. Nesse contexto, se faz necess\u00e1rio ampliar o debate sobre o sistema de avalia\u00e7\u00e3o como parte desse processo de ensino-aprendizagem, na pertin\u00eancia dos m\u00e9todos avaliativos e da coer\u00eancia entre as pr\u00e1ticas e rotinas em avalia\u00e7\u00e3o em todos os \u00e2mbitos (formativa, informativa e somativa) com a proposta pedag\u00f3gica. \u00c9 preciso ressignificar tamb\u00e9m os processos de avalia\u00e7\u00e3o, monitoramento e acompanhamento de nossas institui\u00e7\u00f5es, impactados pela pandemia e suas exig\u00eancias de adequa\u00e7\u00e3o.<\/p><p><strong>Este eixo nos convida a refletir, trocar experi\u00eancias e consolidar an\u00e1lises que ter\u00e3o como alvo quantificar o impacto dessas ferramentas no processo de ensino da pessoa aprendiz e no desenvolvimento de compet\u00eancias de seus educadores. Entender os impactos dessas mudan\u00e7as no desenvolvimento das habilidades e do ser social \u00e9 fundamental para a forma\u00e7\u00e3o m\u00e9dica.<\/strong> Nossas escolhas se aproximam do conceito direcionador da avalia\u00e7\u00e3o que nos ensina Paulo Freire: <em>\u201cA avalia\u00e7\u00e3o \u00e9 a media\u00e7\u00e3o entre o ensino do professor e as aprendizagens do professor e as aprendizagens do aluno, \u00e9 o fio da comunica\u00e7\u00e3o entre formas de ensinar e formas de aprender. \u00c9 preciso considerar que os alunos aprendem diferentemente porque t\u00eam hist\u00f3rias de vida diferentes, s\u00e3o sujeitos hist\u00f3ricos, e isso condiciona sua rela\u00e7\u00e3o com o mundo e influencia sua forma de aprender. Avaliar, ent\u00e3o, \u00e9 tamb\u00e9m buscar informa\u00e7\u00f5es sobre o aluno (sua vida, sua comunidade, sua fam\u00edlia, seus sonhos\u2026), \u00e9 conhecer o sujeito e seu jeito de aprender\u201d.<\/em><\/p><p style=\"text-align: center;\"><strong>EIXO 5:<br \/><\/strong><strong>Cuidado como ato pedag\u00f3gico e coletivo<\/strong><\/p><p>Desde mar\u00e7o de 2020 a educa\u00e7\u00e3o m\u00e9dica brasileira, representada na escola m\u00e9dica, em seus educadores, educandos, gestores e comunidade, reconheceu a import\u00e2ncia de aprendizados advindos da experi\u00eancia coletiva da pandemia. A compreens\u00e3o da educa\u00e7\u00e3o como uma pr\u00e1tica social contextualizada e atenta \u00e0s necessidades de seu povo e do ato educativo\/pedag\u00f3gico como refer\u00eancia para o ato de cuidado dos profissionais de sa\u00fade que formamos traz a dimens\u00e3o da responsabilidade da escola m\u00e9dica. Paulo Freire nos ensina o que \u00e9 ato pedag\u00f3gico como pr\u00e1tica de cuidado com compromisso coletivo quando afirma que \u201c\u00e9 preciso que a educa\u00e7\u00e3o esteja \u2013 em seu<\/p><p>conte\u00fado, em seus programas e em seus m\u00e9todos \u2013 adaptada ao fim que se persegue: permitir ao homem chegar a ser sujeito, construir-se como pessoa, transformar o mundo, estabelecer com os outros homens rela\u00e7\u00f5es de reciprocidade, fazer a cultura e a hist\u00f3ria [\u2026] uma educa\u00e7\u00e3o que liberte, que n\u00e3o adapte, domestique ou subjugue\u201d. Nossa fr\u00e1gil humanidade se revelou no enfrentamento da pandemia e nos permitiu n\u00e3o saber, valorizar as respostas constru\u00eddas de forma coletiva, aprender juntos, exercitar a solidariedade e o autocuidado que se expande e alcan\u00e7a o cuidado com os demais.<\/p><p><strong>Este eixo nos convida a confiar na nossa capacidade de transformar, de transpor, de transcender. E a compartilhar pr\u00e1ticas de cuidado e educa\u00e7\u00e3o que se conectam no processo de (trans)forma\u00e7\u00e3o de pessoas. Ao cuidarmos da vida em nossos atos pedag\u00f3gicos dentro da escola ensinaremos um modelo de cuidado que considera as singularidades, admira as trajet\u00f3rias, preocupa-se verdadeiramente com o outro, reconhece a complexidade e busca construir juntos as melhores estrat\u00e9gias de seguran\u00e7a, equil\u00edbrio e liberdade para seguir a vida l\u00e1 fora, al\u00e9m da escola de medicina.<\/strong><\/p><p><strong>3. DA FORMA DE AVALIA\u00c7\u00c3O<\/strong><\/p><p>3.1. Ser\u00e3o desclassificadas as oficinas que n\u00e3o estiverem dentro dos padr\u00f5es de metodologia proposta ou n\u00e3o seguirem as regras aqui apresentadas.<\/p><p>3.2 Todas as oficinas qualificadas ser\u00e3o avaliadas e selecionadas exclusivamente pela Comiss\u00e3o Organizadora do 59\u00ba Congresso Brasileiro de Educa\u00e7\u00e3o M\u00e9dica, sem men\u00e7\u00e3o a autores ou a institui\u00e7\u00f5es relacionadas.<\/p><p>3.3. A Comiss\u00e3o Organizadora do 59\u00ba Congresso Brasileiro de Educa\u00e7\u00e3o M\u00e9dica ser\u00e1 respons\u00e1vel pela avalia\u00e7\u00e3o das oficinas, de acordo com os seguintes crit\u00e9rios:<\/p><p>\u2013 Relev\u00e2ncia do tema;<\/p><p>\u2013 Qualidade e coer\u00eancia da proposta;<\/p><p>\u2013 Inova\u00e7\u00e3o e contribui\u00e7\u00e3o dos produtos para o avan\u00e7o no campo da educa\u00e7\u00e3o m\u00e9dica;<\/p><p>3.4. As oficinas selecionadas ser\u00e3o divulgadas, aos autores, no painel do congressista at\u00e9 o dia <span style=\"color: #ff0000;\"><strong>30\/07\/2021<\/strong><strong>.<\/strong><\/span><\/p><p>3.5. Todas as oficinas selecionadas devem ser realizadas no 59\u00ba Congresso Brasileiro de Educa\u00e7\u00e3o M\u00e9dica por seus respectivos autores indicados no momento da inscri\u00e7\u00e3o, em dia e hor\u00e1rio definido no item 2.1.<\/p><p><strong>4. DA INSCRI\u00c7\u00c3O DOS CONGRESSISTAS NAS OFICINAS<\/strong><strong>\u00a0<\/strong><\/p><p>4.1. A divulga\u00e7\u00e3o das oficinas selecionadas ser\u00e1 feita no site do Congresso.<\/p><p>4.2. A inscri\u00e7\u00e3o nas oficinas estar\u00e1 dispon\u00edvel apenas para os inscritos no congresso atrav\u00e9s do Painel do Congressista, a partir de <span style=\"color: #ff0000;\"><strong>17\/08\/2021.<\/strong><\/span><\/p><p>4.3. O interessado poder\u00e1 se inscrever em uma \u00fanica oficina, pois todas as oficinas acontecer\u00e3o no mesmo hor\u00e1rio.<\/p><p>4.4. A participa\u00e7\u00e3o na oficina ficar\u00e1 limitada pelo n\u00famero m\u00e1ximo de participantes definido pela proposta submetida no edital.<\/p><p>4.5. O prazo m\u00e1ximo para inscri\u00e7\u00e3o nas oficinas \u00e9 at\u00e9 <span style=\"color: #ff0000;\"><strong>27\/08\/2021.<\/strong><\/span><\/p><p><strong>5. DO CRONOGRAMA<\/strong><\/p><p><strong>IN\u00cdCIO DO PRAZO PARA SUBMISS\u00c3O: <\/strong><span style=\"color: #ff0000;\">28\/06\/2021<\/span><br \/><strong>FIM DO PRAZO PARA SUBMISS\u00c3O: <\/strong><span style=\"color: #ff0000;\">23\/07\/2021<\/span><br \/><strong>DIVULGA\u00c7\u00c3O DAS OFICINAS APROVADAS AOS AUTORES: <\/strong><span style=\"color: #ff0000;\">30\/07\/2021<\/span><br \/><strong>LIMITE PARA PAGAMENTO DA INSCRI\u00c7\u00c3O (Item 2.8): <\/strong><span style=\"color: #ff0000;\">13\/08\/2021<\/span><br \/><strong>ABERTURA DA INSCRI\u00c7\u00c3O PARA CONGRESSISTAS: <\/strong><span style=\"color: #ff0000;\">17\/08\/2021\u00a0<\/span><br \/><strong>ENCERRAMENTO DE INSCRI\u00c7\u00c3O NAS OFICINAS: <\/strong><span style=\"color: #ff0000;\">27\/08\/2021<\/span><\/p><p><strong>6. DISPOSI\u00c7\u00d5ES FINAIS<\/strong><\/p><p>6.1. A Comiss\u00e3o Organizadora reserva-se o direito de cancelar, interromper, suspender ou adiar a submiss\u00e3o e\/ou publica\u00e7\u00e3o das oficinas no todo ou em parte, em caso fortuito ou de for\u00e7a maior.<\/p><p>6.2. Os autores das oficinas reconhecem e declaram, assumindo todas as responsabilidades legais, de forma irrevog\u00e1vel e irretrat\u00e1vel, que todas as informa\u00e7\u00f5es fornecidas, bem como o conte\u00fado da oficina inscrita, s\u00e3o verdadeiras, pr\u00f3prias e originais.<\/p><p>6.3. A Comiss\u00e3o Organizadora \u00e9 incontestavelmente soberana nas suas decis\u00f5es, inexistindo a possibilidade de recursos ou manifesta\u00e7\u00f5es de qualquer esp\u00e9cie neste Congresso.<\/p><p>6.4. A inclus\u00e3o de qualquer oficina, desde que cumprindo as condi\u00e7\u00f5es aqui apresentadas, j\u00e1 caracteriza a aceita\u00e7\u00e3o irrestrita a todas as regras aqui previstas.<\/p><p>6.5. Os casos aqui omissos ser\u00e3o analisados pela Comiss\u00e3o Organizadora.<\/p><p style=\"text-align: right;\">Bras\u00edlia, 28 de junho de 2021<br \/>59\u00ba Congresso Brasileiro de Educa\u00e7\u00e3o M\u00e9dica<br \/>Comiss\u00e3o Organizadora<\/p>\t\t\t\t\t<\/div>\n\t\t\t\t\t\t<\/div>\n\t\t\t\t<\/div>\n\t\t\t\t<div class=\"elementor-element elementor-element-cda17dd elementor-align-center elementor-widget elementor-widget-button\" data-id=\"cda17dd\" data-element_type=\"widget\" data-widget_type=\"button.default\">\n\t\t\t\t<div class=\"elementor-widget-container\">\n\t\t\t\t\t<div class=\"elementor-button-wrapper\">\n\t\t\t<a href=\"https:\/\/forms.gle\/SgiPdQkV98YPakvb8\" target=\"_blank\" class=\"elementor-button-link elementor-button elementor-size-md\" role=\"button\">\n\t\t\t\t\t\t<span class=\"elementor-button-content-wrapper\">\n\t\t\t\t\t\t<span class=\"elementor-button-text\">ENVIAR PROPOSTA DE OFICINA<\/span>\n\t\t<\/span>\n\t\t\t\t\t<\/a>\n\t\t<\/div>\n\t\t\t\t<\/div>\n\t\t\t\t<\/div>\n\t\t\t\t<div class=\"elementor-element elementor-element-fc4834d elementor-widget elementor-widget-spacer\" data-id=\"fc4834d\" data-element_type=\"widget\" data-widget_type=\"spacer.default\">\n\t\t\t\t<div class=\"elementor-widget-container\">\n\t\t\t\t\t<div class=\"elementor-spacer\">\n\t\t\t<div class=\"elementor-spacer-inner\"><\/div>\n\t\t<\/div>\n\t\t\t\t<\/div>\n\t\t\t\t<\/div>\n\t\t\t\t\t\t<\/div>\n\t\t\t\t\t<\/div>\n\t\t<\/div>\n\t\t\t\t\t\t\t\t<\/div>\n\t\t\t\t\t<\/div>\n\t\t<\/section>\n\t\t\t\t\t\t<\/div>\n\t\t\t\t\t\t<\/div>\n\t\t\t\t\t<\/div>\n\t\t","protected":false},"excerpt":{"rendered":"<p>SUBMISS\u00c3O DE OFICINAS EDITAL DE SUBMISS\u00c3O DE OFICINAS 59\u00ba CONGRESSO BRASILEIRO DE EDUCA\u00c7\u00c3O M\u00c9DICA EDUCA\u00c7\u00c3O M\u00c9DICA TRANSFORMADORA: REVISITANDO O PASSADO,VIVENDO O PRESENTE E ESPERAN\u00c7ANDO O FUTURO. 1. DO EVENTO 1.1. As regras a seguir dizem respeito \u00e0 submiss\u00e3o de oficinas para o 59\u00ba Congresso Brasileiro de Educa\u00e7\u00e3o M\u00e9dica, que ocorrer\u00e1 nos dias 18\/09\/2021 a 22\/09\/2021, [&hellip;]<\/p>\n","protected":false},"author":1,"featured_media":0,"parent":181,"menu_order":4,"comment_status":"closed","ping_status":"closed","template":"elementor_header_footer","meta":[],"_links":{"self":[{"href":"https:\/\/cobem.com.br\/2021\/wp-json\/wp\/v2\/pages\/874"}],"collection":[{"href":"https:\/\/cobem.com.br\/2021\/wp-json\/wp\/v2\/pages"}],"about":[{"href":"https:\/\/cobem.com.br\/2021\/wp-json\/wp\/v2\/types\/page"}],"author":[{"embeddable":true,"href":"https:\/\/cobem.com.br\/2021\/wp-json\/wp\/v2\/users\/1"}],"replies":[{"embeddable":true,"href":"https:\/\/cobem.com.br\/2021\/wp-json\/wp\/v2\/comments?post=874"}],"version-history":[{"count":26,"href":"https:\/\/cobem.com.br\/2021\/wp-json\/wp\/v2\/pages\/874\/revisions"}],"predecessor-version":[{"id":984,"href":"https:\/\/cobem.com.br\/2021\/wp-json\/wp\/v2\/pages\/874\/revisions\/984"}],"up":[{"embeddable":true,"href":"https:\/\/cobem.com.br\/2021\/wp-json\/wp\/v2\/pages\/181"}],"wp:attachment":[{"href":"https:\/\/cobem.com.br\/2021\/wp-json\/wp\/v2\/media?parent=874"}],"curies":[{"name":"wp","href":"https:\/\/api.w.org\/{rel}","templated":true}]}}