{"id":339,"date":"2020-02-27T09:03:27","date_gmt":"2020-02-27T12:03:27","guid":{"rendered":"http:\/\/cobem.com.br\/2020\/?page_id=339"},"modified":"2021-08-11T18:49:28","modified_gmt":"2021-08-11T21:49:28","slug":"programacao","status":"publish","type":"page","link":"https:\/\/cobem.com.br\/2021\/programacao\/","title":{"rendered":"PROGRAMA\u00c7\u00c3O"},"content":{"rendered":"\t\t<div data-elementor-type=\"wp-page\" data-elementor-id=\"339\" class=\"elementor elementor-339\" data-elementor-settings=\"[]\">\n\t\t\t\t\t\t<div class=\"elementor-inner\">\n\t\t\t\t\t\t\t<div class=\"elementor-section-wrap\">\n\t\t\t\t\t\t\t<section class=\"elementor-section elementor-top-section elementor-element elementor-element-420c082 elementor-section-height-min-height elementor-section-items-top elementor-section-boxed elementor-section-height-default\" data-id=\"420c082\" data-element_type=\"section\" data-settings=\"{&quot;background_background&quot;:&quot;classic&quot;}\">\n\t\t\t\t\t\t<div class=\"elementor-container elementor-column-gap-no\">\n\t\t\t\t\t\t\t<div class=\"elementor-row\">\n\t\t\t\t\t<div class=\"elementor-column elementor-col-100 elementor-top-column elementor-element elementor-element-3365024\" data-id=\"3365024\" data-element_type=\"column\">\n\t\t\t<div class=\"elementor-column-wrap elementor-element-populated\">\n\t\t\t\t\t\t\t<div class=\"elementor-widget-wrap\">\n\t\t\t\t\t\t<div class=\"elementor-element elementor-element-cb49f57 elementor-widget elementor-widget-heading\" data-id=\"cb49f57\" data-element_type=\"widget\" data-widget_type=\"heading.default\">\n\t\t\t\t<div class=\"elementor-widget-container\">\n\t\t\t<h2 class=\"elementor-heading-title elementor-size-default\">PROGRAMA\u00c7\u00c3O<\/h2>\t\t<\/div>\n\t\t\t\t<\/div>\n\t\t\t\t\t\t<\/div>\n\t\t\t\t\t<\/div>\n\t\t<\/div>\n\t\t\t\t\t\t\t\t<\/div>\n\t\t\t\t\t<\/div>\n\t\t<\/section>\n\t\t\t\t<section class=\"elementor-section elementor-top-section elementor-element elementor-element-abe8e1a elementor-section-boxed elementor-section-height-default elementor-section-height-default\" data-id=\"abe8e1a\" data-element_type=\"section\">\n\t\t\t\t\t\t<div class=\"elementor-container elementor-column-gap-default\">\n\t\t\t\t\t\t\t<div class=\"elementor-row\">\n\t\t\t\t\t<div class=\"elementor-column elementor-col-100 elementor-top-column elementor-element elementor-element-5ffba12\" data-id=\"5ffba12\" data-element_type=\"column\">\n\t\t\t<div class=\"elementor-column-wrap elementor-element-populated\">\n\t\t\t\t\t\t\t<div class=\"elementor-widget-wrap\">\n\t\t\t\t\t\t<div class=\"elementor-element elementor-element-3095c24 elementor-widget elementor-widget-html\" data-id=\"3095c24\" data-element_type=\"widget\" data-widget_type=\"html.default\">\n\t\t\t\t<div class=\"elementor-widget-container\">\n\t\t\t<script type=\"text\/javascript\">\n \n\n    function resize_iframe(size){\n      let iframe = document.getElementById('iframe-eventos');\n      iframe.height = size + \"px\";\n    }\n  window.addEventListener('message', event => {\n    console.log('Recebeu a mensagem', event)\n    \/\/ IMPORTANT: check the origin of the data! \n    if (event.origin.startsWith('https:\/\/admin.abem-nacional.com.br')) { \n      resize_iframe(event.data);\n        console.log(event.data);\n    } else {\n        \/\/ The data was NOT sent from your site! \n        \/\/ Be careful! Do not use it. This else branch is\n        \/\/ here just for clarity, you usually shouldn't need it.\n        return; \n    }\n}, true); <\/script>\n<iframe id=\"iframe-eventos\" src=\"https:\/\/admin.abem-nacional.com.br\/evento\/59-cobem\/site\/sub-eventos\" width=\"100%\" frameborder=\"0\" scrolling=\"no\"> <\/iframe>\t\t<\/div>\n\t\t\t\t<\/div>\n\t\t\t\t\t\t<\/div>\n\t\t\t\t\t<\/div>\n\t\t<\/div>\n\t\t\t\t\t\t\t\t<\/div>\n\t\t\t\t\t<\/div>\n\t\t<\/section>\n\t\t\t\t<section class=\"elementor-section elementor-top-section elementor-element elementor-element-f62d6f9 elementor-section-boxed elementor-section-height-default elementor-section-height-default\" data-id=\"f62d6f9\" data-element_type=\"section\" data-settings=\"{&quot;background_background&quot;:&quot;classic&quot;}\">\n\t\t\t\t\t\t<div class=\"elementor-container elementor-column-gap-default\">\n\t\t\t\t\t\t\t<div class=\"elementor-row\">\n\t\t\t\t\t<div class=\"elementor-column elementor-col-100 elementor-top-column elementor-element elementor-element-f16c5a4\" data-id=\"f16c5a4\" data-element_type=\"column\">\n\t\t\t<div class=\"elementor-column-wrap elementor-element-populated\">\n\t\t\t\t\t\t\t<div class=\"elementor-widget-wrap\">\n\t\t\t\t\t\t<div class=\"elementor-element elementor-element-a304a24 elementor-widget elementor-widget-text-editor\" data-id=\"a304a24\" data-element_type=\"widget\" data-widget_type=\"text-editor.default\">\n\t\t\t\t<div class=\"elementor-widget-container\">\n\t\t\t\t\t\t\t\t<div class=\"elementor-text-editor elementor-clearfix\">\n\t\t\t\t<p>O 59\u00ba Congresso Brasileiro de Educa\u00e7\u00e3o M\u00e9dica contar\u00e1 com mais uma grande inova\u00e7\u00e3o na sua programa\u00e7\u00e3o!<\/p><p>O Est\u00fadio Paulo Freire ir\u00e1 possibilitar atividades mais interativas e participativas entre os palestrantes e o p\u00fablico do congresso. Contaremos com parte da programa\u00e7\u00e3o ao vivo em est\u00fadio com participa\u00e7\u00e3o s\u00edncrona de debatedores por todo o Brasil.<\/p>\t\t\t\t\t<\/div>\n\t\t\t\t\t\t<\/div>\n\t\t\t\t<\/div>\n\t\t\t\t<div class=\"elementor-element elementor-element-029cdba elementor-widget elementor-widget-image\" data-id=\"029cdba\" data-element_type=\"widget\" data-widget_type=\"image.default\">\n\t\t\t\t<div class=\"elementor-widget-container\">\n\t\t\t\t\t\t\t\t<div class=\"elementor-image\">\n\t\t\t\t\t\t\t\t\t\t\t\t<img width=\"1024\" height=\"576\" src=\"https:\/\/cobem.com.br\/2021\/wp-content\/uploads\/2021\/06\/COBEM_arte_estudioPauloFreire-1024x576.png\" class=\"attachment-large size-large\" alt=\"\" loading=\"lazy\" srcset=\"https:\/\/cobem.com.br\/2021\/wp-content\/uploads\/2021\/06\/COBEM_arte_estudioPauloFreire-1024x576.png 1024w, https:\/\/cobem.com.br\/2021\/wp-content\/uploads\/2021\/06\/COBEM_arte_estudioPauloFreire-300x169.png 300w, https:\/\/cobem.com.br\/2021\/wp-content\/uploads\/2021\/06\/COBEM_arte_estudioPauloFreire-768x432.png 768w, https:\/\/cobem.com.br\/2021\/wp-content\/uploads\/2021\/06\/COBEM_arte_estudioPauloFreire-1536x864.png 1536w, https:\/\/cobem.com.br\/2021\/wp-content\/uploads\/2021\/06\/COBEM_arte_estudioPauloFreire.png 1920w\" sizes=\"(max-width: 1024px) 100vw, 1024px\" \/>\t\t\t\t\t\t\t\t\t\t\t\t\t\t<\/div>\n\t\t\t\t\t\t<\/div>\n\t\t\t\t<\/div>\n\t\t\t\t<div class=\"elementor-element elementor-element-21bf528 elementor-widget elementor-widget-text-editor\" data-id=\"21bf528\" data-element_type=\"widget\" data-widget_type=\"text-editor.default\">\n\t\t\t\t<div class=\"elementor-widget-container\">\n\t\t\t\t\t\t\t\t<div class=\"elementor-text-editor elementor-clearfix\">\n\t\t\t\t<div>Confira uma pr\u00e9via do que lhe espera no 59\u00ba COBEM, n\u00e3o deixe de se inscrever!<\/div><div><b>\u00a0<\/b><\/div><div><p><b>EIXO I<\/b>\u00a0\u2013<b>\u00a0Paulo Freire e a escola m\u00e9dica brasileira<\/b><\/p><\/div><div><p>&#8211; A Pedagogia do Oprimido: implica\u00e7\u00f5es dos fundamentos s\u00f3cio-pol\u00edticos de Paulo Freire na forma\u00e7\u00e3o m\u00e9dica<br \/>&#8211; Desenvolvimento de docentes e de preceptores a partir da reflex\u00e3o-cr\u00edtica freireana<br \/>&#8211; Encontros, desencontros e possibilidades das teorias pedag\u00f3gicas no campo da educa\u00e7\u00e3o m\u00e9dica<br \/>&#8211; Extens\u00e3o, educa\u00e7\u00e3o e comunica\u00e7\u00e3o popular em sa\u00fade<br \/>&#8211; 100 anos de ensino libertador: reflexos na medicina da era Covid-19<\/p><p><b>EIXO II \u2013 Forma\u00e7\u00e3o social, pol\u00edtica e cidad\u00e3 na medicina brasileira<br \/><\/b><br \/>&#8211; Uma perspectiva hist\u00f3rica da educa\u00e7\u00e3o m\u00e9dica: como chegamos aqui?<br \/>&#8211; \u00c9tica em educa\u00e7\u00e3o: aproxima\u00e7\u00f5es e desafios com a \u00e9tica m\u00e9dica e de sa\u00fade no SUS<br \/>&#8211; A defesa da ci\u00eancia, dos direitos e da cidadania: \u201cmais vacina, menos cloroquina\u201d no ensino m\u00e9dico<br \/>&#8211; Cidadania e pol\u00edtica no ambiente acad\u00eamico e no curr\u00edculo: existe espa\u00e7o para isso?<br \/>&#8211; Entre a apatia e a sobrecarga: os estudantes e professores est\u00e3o se envolvendo com a universidade?<br \/>&#8211; A resid\u00eancia como padr\u00e3o-ouro: quais os projetos para a forma\u00e7\u00e3o de especialistas no Brasil?<\/p><p><b>EIXO III \u2013 Releitura curricular em tempos de pandemia<br \/><\/b><br \/>&#8211; Curriculariza\u00e7\u00e3o da extens\u00e3o universit\u00e1ria<br \/>&#8211; Interdisciplinaridade e interprofissionalidade na forma\u00e7\u00e3o do m\u00e9dico<br \/>&#8211; Telemedicina, telessa\u00fade e teleassist\u00eancia na matriz curricular de medicina<br \/>&#8211; O que \u00e9 um curr\u00edculo m\u00e9dico para o s\u00e9culo 21? A pandemia nos deixou mais perto dele?<br \/>&#8211; Dimensionando o ensino h\u00edbrido na educa\u00e7\u00e3o m\u00e9dica: quais os legados da pandemia de Covid-19?<br \/>&#8211; Para onde vai o ensino m\u00e9dico p\u00fablico? Os cortes or\u00e7ament\u00e1rios em educa\u00e7\u00e3o e pesquisa<br \/>&#8211; Simula\u00e7\u00e3o cl\u00ednica e seu papel na forma\u00e7\u00e3o do m\u00e9dico<br \/>&#8211; Das matrizes de compet\u00eancia \u00e0 forma\u00e7\u00e3o nos cen\u00e1rios de pr\u00e1tica: como andam as resid\u00eancias?<\/p><p><b>EIXO IV \u2013 Avalia\u00e7\u00e3o no processo de ensinar e aprender<br \/><\/b><br \/>&#8211; Avalia\u00e7\u00e3o em tempos de pandemia<br \/>&#8211; Avalia\u00e7\u00e3o institucional, exames de licenciamento e acredita\u00e7\u00e3o<br \/>&#8211; O Teste do Progresso e a necessidade de uma avalia\u00e7\u00e3o cont\u00ednua<br \/>&#8211; O olhar do egresso para o curso: construindo novos processos avaliativos<br \/>&#8211; Fortalecendo horizontes qualitativos nos processos de avalia\u00e7\u00e3o<br \/>&#8211; Avalia\u00e7\u00e3o de docentes e preceptores<br \/><b><br \/>EIXO V \u2013 Cuidado como ato pedag\u00f3gico e coletivo<br \/><\/b><br \/>&#8211; Sa\u00fade mental e pandemia: como estamos nos cuidando?<br \/>&#8211; Como a centralidade do cuidado vai al\u00e9m da medicina biocentrada?<br \/>&#8211; Espiritualidade, religi\u00e3o e cuidado<br \/>&#8211; Pandemia e isolamento: ensinar cuidado a dist\u00e2ncia \u00e9 poss\u00edvel?<br \/>&#8211; Viol\u00eancia institucional e curr\u00edculo oculto<br \/>&#8211; Racismo estrutural, preconceitos e educa\u00e7\u00e3o m\u00e9dica<br \/>&#8211; Com a palavra o paciente: o que pensa quem n\u00f3s cuidamos?<\/p><\/div>\t\t\t\t\t<\/div>\n\t\t\t\t\t\t<\/div>\n\t\t\t\t<\/div>\n\t\t\t\t<div class=\"elementor-element elementor-element-1e64017 elementor-widget elementor-widget-spacer\" data-id=\"1e64017\" data-element_type=\"widget\" data-widget_type=\"spacer.default\">\n\t\t\t\t<div class=\"elementor-widget-container\">\n\t\t\t\t\t<div class=\"elementor-spacer\">\n\t\t\t<div class=\"elementor-spacer-inner\"><\/div>\n\t\t<\/div>\n\t\t\t\t<\/div>\n\t\t\t\t<\/div>\n\t\t\t\t\t\t<\/div>\n\t\t\t\t\t<\/div>\n\t\t<\/div>\n\t\t\t\t\t\t\t\t<\/div>\n\t\t\t\t\t<\/div>\n\t\t<\/section>\n\t\t\t\t\t\t<\/div>\n\t\t\t\t\t\t<\/div>\n\t\t\t\t\t<\/div>\n\t\t","protected":false},"excerpt":{"rendered":"<p>PROGRAMA\u00c7\u00c3O O 59\u00ba Congresso Brasileiro de Educa\u00e7\u00e3o M\u00e9dica contar\u00e1 com mais uma grande inova\u00e7\u00e3o na sua programa\u00e7\u00e3o! O Est\u00fadio Paulo Freire ir\u00e1 possibilitar atividades mais interativas e participativas entre os palestrantes e o p\u00fablico do congresso. Contaremos com parte da programa\u00e7\u00e3o ao vivo em est\u00fadio com participa\u00e7\u00e3o s\u00edncrona de debatedores por todo o Brasil. Confira [&hellip;]<\/p>\n","protected":false},"author":1,"featured_media":0,"parent":0,"menu_order":3,"comment_status":"closed","ping_status":"closed","template":"elementor_header_footer","meta":[],"_links":{"self":[{"href":"https:\/\/cobem.com.br\/2021\/wp-json\/wp\/v2\/pages\/339"}],"collection":[{"href":"https:\/\/cobem.com.br\/2021\/wp-json\/wp\/v2\/pages"}],"about":[{"href":"https:\/\/cobem.com.br\/2021\/wp-json\/wp\/v2\/types\/page"}],"author":[{"embeddable":true,"href":"https:\/\/cobem.com.br\/2021\/wp-json\/wp\/v2\/users\/1"}],"replies":[{"embeddable":true,"href":"https:\/\/cobem.com.br\/2021\/wp-json\/wp\/v2\/comments?post=339"}],"version-history":[{"count":76,"href":"https:\/\/cobem.com.br\/2021\/wp-json\/wp\/v2\/pages\/339\/revisions"}],"predecessor-version":[{"id":1102,"href":"https:\/\/cobem.com.br\/2021\/wp-json\/wp\/v2\/pages\/339\/revisions\/1102"}],"wp:attachment":[{"href":"https:\/\/cobem.com.br\/2021\/wp-json\/wp\/v2\/media?parent=339"}],"curies":[{"name":"wp","href":"https:\/\/api.w.org\/{rel}","templated":true}]}}