{"id":1273,"date":"2021-09-24T10:56:58","date_gmt":"2021-09-24T13:56:58","guid":{"rendered":"https:\/\/cobem.com.br\/2021\/?page_id=1273"},"modified":"2021-09-24T11:05:16","modified_gmt":"2021-09-24T14:05:16","slug":"mocoes","status":"publish","type":"page","link":"https:\/\/cobem.com.br\/2021\/o-cobem\/mocoes\/","title":{"rendered":"Mo\u00e7\u00f5es"},"content":{"rendered":"\t\t<div data-elementor-type=\"wp-page\" data-elementor-id=\"1273\" class=\"elementor elementor-1273\" data-elementor-settings=\"[]\">\n\t\t\t\t\t\t<div class=\"elementor-inner\">\n\t\t\t\t\t\t\t<div class=\"elementor-section-wrap\">\n\t\t\t\t\t\t\t<section class=\"elementor-section elementor-top-section elementor-element elementor-element-420c082 elementor-section-height-min-height elementor-section-items-top elementor-section-boxed elementor-section-height-default\" data-id=\"420c082\" data-element_type=\"section\" data-settings=\"{&quot;background_background&quot;:&quot;classic&quot;}\">\n\t\t\t\t\t\t<div class=\"elementor-container elementor-column-gap-default\">\n\t\t\t\t\t\t\t<div class=\"elementor-row\">\n\t\t\t\t\t<div class=\"elementor-column elementor-col-100 elementor-top-column elementor-element elementor-element-3365024\" data-id=\"3365024\" data-element_type=\"column\">\n\t\t\t<div class=\"elementor-column-wrap elementor-element-populated\">\n\t\t\t\t\t\t\t<div class=\"elementor-widget-wrap\">\n\t\t\t\t\t\t<div class=\"elementor-element elementor-element-cb49f57 elementor-widget elementor-widget-heading\" data-id=\"cb49f57\" data-element_type=\"widget\" data-widget_type=\"heading.default\">\n\t\t\t\t<div class=\"elementor-widget-container\">\n\t\t\t<h2 class=\"elementor-heading-title elementor-size-default\">MO\u00c7\u00d5ES<\/h2>\t\t<\/div>\n\t\t\t\t<\/div>\n\t\t\t\t\t\t<\/div>\n\t\t\t\t\t<\/div>\n\t\t<\/div>\n\t\t\t\t\t\t\t\t<\/div>\n\t\t\t\t\t<\/div>\n\t\t<\/section>\n\t\t\t\t<section class=\"elementor-section elementor-top-section elementor-element elementor-element-f62d6f9 elementor-section-boxed elementor-section-height-default elementor-section-height-default\" data-id=\"f62d6f9\" data-element_type=\"section\" data-settings=\"{&quot;background_background&quot;:&quot;classic&quot;}\">\n\t\t\t\t\t\t<div class=\"elementor-container elementor-column-gap-default\">\n\t\t\t\t\t\t\t<div class=\"elementor-row\">\n\t\t\t\t\t<div class=\"elementor-column elementor-col-100 elementor-top-column elementor-element elementor-element-f16c5a4\" data-id=\"f16c5a4\" data-element_type=\"column\">\n\t\t\t<div class=\"elementor-column-wrap elementor-element-populated\">\n\t\t\t\t\t\t\t<div class=\"elementor-widget-wrap\">\n\t\t\t\t\t\t<div class=\"elementor-element elementor-element-774fd2e elementor-widget elementor-widget-heading\" data-id=\"774fd2e\" data-element_type=\"widget\" data-widget_type=\"heading.default\">\n\t\t\t\t<div class=\"elementor-widget-container\">\n\t\t\t<h2 class=\"elementor-heading-title elementor-size-default\">MO\u00c7\u00d5ES DO 59\u00ba COBEM\n<\/h2>\t\t<\/div>\n\t\t\t\t<\/div>\n\t\t\t\t<div class=\"elementor-element elementor-element-a304a24 elementor-widget elementor-widget-text-editor\" data-id=\"a304a24\" data-element_type=\"widget\" data-widget_type=\"text-editor.default\">\n\t\t\t\t<div class=\"elementor-widget-container\">\n\t\t\t\t\t\t\t\t<div class=\"elementor-text-editor elementor-clearfix\">\n\t\t\t\t<p style=\"text-align: left;\">Veja as mo\u00e7\u00f5es aprovadas no 59\u00ba Cobem<\/p><ul><li><span style=\"color: #ff6600;\"><a style=\"color: #ff6600;\" href=\"https:\/\/cobem.com.br\/2021\/wp-content\/uploads\/2021\/09\/2-MOCAO_CONTRA_A_IMPLEMENTACAO_DE_UM_EXAME_DE_LICENCIAMENTO_EM_MEDICINA_NO_BRASIL.pdf\" target=\"_blank\" rel=\"noopener\">MO\u00c7\u00c3O CONTRA A IMPLEMENTAC\u0327A\u0303O DE UM EXAME DE LICENCIAMENTO EM MEDICINA NO BRASIL<\/a><\/span><\/li><li><span style=\"color: #ff6600;\"><a style=\"color: #ff6600;\" href=\"https:\/\/cobem.com.br\/2021\/wp-content\/uploads\/2021\/09\/3-MOCAO_CONTRA_A_BANALIZACAO_DA_EXTENSA\u0303O_UNIVERSITA\u0301RIA.pdf\" target=\"_blank\" rel=\"noopener\">MO\u00c7\u00c3O CONTRA A BANALIZAC\u0327A\u0303O DA EXTENSA\u0303O UNIVERSITA\u0301RIA<\/a><\/span><\/li><li><span style=\"color: #ff6600;\"><a style=\"color: #ff6600;\" href=\"https:\/\/cobem.com.br\/2021\/wp-content\/uploads\/2021\/09\/4-Mocao-Cotas-59-COBEM.pdf\" target=\"_blank\" rel=\"noopener\">MO\u00c7\u00c3O PARA A RENOVA\u00c7\u00c3O E AMPLIA\u00c7\u00c3O DA LEI N. 12.711<\/a><\/span><\/li><\/ul>\t\t\t\t\t<\/div>\n\t\t\t\t\t\t<\/div>\n\t\t\t\t<\/div>\n\t\t\t\t<div class=\"elementor-element elementor-element-1e64017 elementor-widget elementor-widget-spacer\" data-id=\"1e64017\" data-element_type=\"widget\" data-widget_type=\"spacer.default\">\n\t\t\t\t<div class=\"elementor-widget-container\">\n\t\t\t\t\t<div class=\"elementor-spacer\">\n\t\t\t<div class=\"elementor-spacer-inner\"><\/div>\n\t\t<\/div>\n\t\t\t\t<\/div>\n\t\t\t\t<\/div>\n\t\t\t\t\t\t<\/div>\n\t\t\t\t\t<\/div>\n\t\t<\/div>\n\t\t\t\t\t\t\t\t<\/div>\n\t\t\t\t\t<\/div>\n\t\t<\/section>\n\t\t\t\t\t\t<\/div>\n\t\t\t\t\t\t<\/div>\n\t\t\t\t\t<\/div>\n\t\t","protected":false},"excerpt":{"rendered":"<p>MO\u00c7\u00d5ES MO\u00c7\u00d5ES DO 59\u00ba COBEM Veja as mo\u00e7\u00f5es aprovadas no 59\u00ba Cobem MO\u00c7\u00c3O CONTRA A IMPLEMENTAC\u0327A\u0303O DE UM EXAME DE LICENCIAMENTO EM MEDICINA NO BRASIL MO\u00c7\u00c3O CONTRA A BANALIZAC\u0327A\u0303O DA EXTENSA\u0303O UNIVERSITA\u0301RIA MO\u00c7\u00c3O PARA A RENOVA\u00c7\u00c3O E AMPLIA\u00c7\u00c3O DA LEI N. 12.711<\/p>\n","protected":false},"author":1,"featured_media":0,"parent":181,"menu_order":1,"comment_status":"closed","ping_status":"closed","template":"elementor_header_footer","meta":[],"_links":{"self":[{"href":"https:\/\/cobem.com.br\/2021\/wp-json\/wp\/v2\/pages\/1273"}],"collection":[{"href":"https:\/\/cobem.com.br\/2021\/wp-json\/wp\/v2\/pages"}],"about":[{"href":"https:\/\/cobem.com.br\/2021\/wp-json\/wp\/v2\/types\/page"}],"author":[{"embeddable":true,"href":"https:\/\/cobem.com.br\/2021\/wp-json\/wp\/v2\/users\/1"}],"replies":[{"embeddable":true,"href":"https:\/\/cobem.com.br\/2021\/wp-json\/wp\/v2\/comments?post=1273"}],"version-history":[{"count":7,"href":"https:\/\/cobem.com.br\/2021\/wp-json\/wp\/v2\/pages\/1273\/revisions"}],"predecessor-version":[{"id":1284,"href":"https:\/\/cobem.com.br\/2021\/wp-json\/wp\/v2\/pages\/1273\/revisions\/1284"}],"up":[{"embeddable":true,"href":"https:\/\/cobem.com.br\/2021\/wp-json\/wp\/v2\/pages\/181"}],"wp:attachment":[{"href":"https:\/\/cobem.com.br\/2021\/wp-json\/wp\/v2\/media?parent=1273"}],"curies":[{"name":"wp","href":"https:\/\/api.w.org\/{rel}","templated":true}]}}